{"id":100,"date":"2015-04-22T11:20:43","date_gmt":"2015-04-22T10:20:43","guid":{"rendered":"http:\/\/localhost\/wordpress\/?page_id=100"},"modified":"2015-04-22T11:20:43","modified_gmt":"2015-04-22T10:20:43","slug":"etiquettes","status":"publish","type":"page","link":"https:\/\/prooptic.axess.fr\/?page_id=100","title":{"rendered":"Etiquettes"},"content":{"rendered":"<h2 style=\"text-align: justify;\">I. S\u00e9lection des \u00e9tiquettes \u00e0 imprimer<\/h2>\n<p style=\"text-align: justify;\">________________________________________________________________________________________________________________________________________________________________________________<\/p>\n<p style=\"text-align: justify;\">Cette option permet d&rsquo;imprimer des \u00e9tiquettes pour tous les articles de stock. Chaque \u00e9tiquette imprim\u00e9e contiendra le code de l&rsquo;article ainsi que son prix. Il est bien s\u00fbr possible d\u2019adapter le format des \u00e9tiquettes en fonction de l\u2019imprimante et des supports.<\/p>\n<p style=\"text-align: justify;\">Pour afficher les \u00e9tiquettes en attente d&rsquo;impression ainsi que celles d\u00e9j\u00e0 \u00e9dit\u00e9es, s\u00e9lectionner l&rsquo;<strong><em>onglet Stocks<\/em><\/strong> puis <strong><em>Etiquettes<\/em><\/strong> et enfin <strong><em>Affichage\u00a0<\/em><\/strong>:<\/p>\n<p><center><img decoding=\"async\" loading=\"lazy\" src=\"http:\/\/www.prooptic-idm.com\/wiki\/wp-content\/uploads\/sites\/3\/2015\/04\/menu-etq-affichage.png\" alt=\"menu-etq-affichage\" width=\"800\" height=\"235\" \/><\/center><\/p>\n<p style=\"text-align: justify;\"> L&rsquo;\u00e9cran permet de visualiser les <strong><em>\u00e9tiquettes en attente d&rsquo;impression<\/em><\/strong>. Il y a \u00e9galement la possibilit\u00e9 de <strong><em>r\u00e9imprimer des \u00e9tiquettes d\u00e9j\u00e0 \u00e9dit\u00e9es<\/em><\/strong>\u00a0:<\/p>\n<p><center><img decoding=\"async\" loading=\"lazy\" src=\"http:\/\/www.prooptic-idm.com\/wiki\/wp-content\/uploads\/sites\/3\/2015\/04\/affichage-etq.png\" alt=\"affichage-etq\" width=\"800\" height=\"562\" \/><\/center><\/p>\n<p style=\"text-align: justify;\"><strong><em> Cette liste est aliment\u00e9e automatiquement \u00e0 chaque saisie de marchandise<\/em><\/strong> dans le fichier stock. Pour chaque nouvel article rentr\u00e9, le nombre d&rsquo;\u00e9tiquettes correspondant \u00e0 la quantit\u00e9 en stock de l&rsquo;article sera mis en attente d\u2019impression.<\/p>\n<h2 style=\"text-align: justify;\">II. Impression<\/h2>\n<p style=\"text-align: justify;\">________________________________________________________________________________________________________________________________________________________________________________<\/p>\n<p style=\"text-align: justify;\">Une fois la s\u00e9lection des \u00e9tiquettes effectu\u00e9e, cliquez sur l&rsquo;<strong><em>icone Edition<\/em><\/strong> pour acc\u00e9der \u00e0 l\u2019\u00e9cran permettant de pr\u00e9ciser les \u00e9tiquettes \u00e0 imprimer\u00a0:<\/p>\n<p><center><img decoding=\"async\" loading=\"lazy\" src=\"http:\/\/www.prooptic-idm.com\/wiki\/wp-content\/uploads\/sites\/3\/2015\/04\/impression-etq.png\" alt=\"impression-etq\" width=\"800\" height=\"229\" \/><\/center><\/p>\n<p style=\"text-align: justify;\"> L&rsquo;\u00e9cran suivant permettra d&rsquo;<strong><em>\u00e9diter les \u00e9tiquettes correspondantes<\/em><\/strong> \u00e0 la marque et \u00e0 la famille en attente <strong><em>dans le menu Affichage<\/em><\/strong>\u00a0:<\/p>\n<p><center><img decoding=\"async\" loading=\"lazy\" src=\"http:\/\/www.prooptic-idm.com\/wiki\/wp-content\/uploads\/sites\/3\/2015\/04\/choix-marque-etq.png\" alt=\"choix-marque-etq\" width=\"441\" height=\"243\" \/><\/center><\/p>\n<ul style=\"text-align: justify;\">\n<li><strong><em>Dans le cas d&rsquo;une imprimante standard A4, il faudra pr\u00e9ciser le nombre de lignes\/colonnes \u00e0 sauter<\/em><\/strong>\n<ul>\n<li>Ce point est particuli\u00e8rement important lorsque l\u2019impression doit \u00eatre faite sur une feuille d&rsquo;\u00e9tiquettes d\u00e9j\u00e0 entam\u00e9e. Un aper\u00e7u \u00e0 l\u2019\u00e9cran est possible en cochant la case\u00a0Aper\u00e7u avant impression avant de cliquer sur le <strong><em>bouton Valider<\/em><\/strong>.<\/li>\n<\/ul>\n<\/li>\n<\/ul>\n<p><center><img decoding=\"async\" loading=\"lazy\" src=\"http:\/\/www.prooptic-idm.com\/wiki\/wp-content\/uploads\/sites\/3\/2015\/04\/saut-ligne-etq.png\" alt=\"saut-ligne-etq\" width=\"441\" height=\"243\" \/><\/center><\/p>\n<p style=\"text-align: justify;\"> Une fois l&rsquo;impression termin\u00e9e, une bo\u00eete de dialogue appara\u00eet demandant si l&rsquo;op\u00e9ration s&rsquo;est correctement d\u00e9roul\u00e9e\u00a0:<\/p>\n<p><center><img decoding=\"async\" loading=\"lazy\" src=\"http:\/\/www.prooptic-idm.com\/wiki\/wp-content\/uploads\/sites\/3\/2015\/04\/boite-suppr.png\" alt=\"boite-suppr\" width=\"496\" height=\"169\" \/><\/center><\/p>\n<p style=\"text-align: justify;\"> R\u00e9pondre <strong><em>Oui lorsque l\u2019impression des \u00e9tiquettes s\u2019est faite correctement<\/em><\/strong> et pour que les \u00e9tiquettes en question soient retir\u00e9es de la liste des \u00e9tiquettes \u00e0 imprimer.<\/p>\n<p style=\"text-align: justify;\">R\u00e9pondre <strong><em>Non lorsque l\u2019impression ne s\u2019est pas faite correctement<\/em><\/strong>\u00a0: les \u00e9tiquettes imprim\u00e9es seront consid\u00e9r\u00e9es comme nulles et resteront dans la liste des \u00e9tiquettes \u00e0 imprimer. Leur impression pourra donc \u00eatre effectu\u00e9e ult\u00e9rieurement mais seront <strong><em>coch\u00e9es Edit\u00e9es dans le menu Affichage<\/em><\/strong>.<\/p>\n","protected":false},"excerpt":{"rendered":"<p>I. S\u00e9lection des \u00e9tiquettes \u00e0 imprimer ________________________________________________________________________________________________________________________________________________________________________________ Cette option permet d&rsquo;imprimer des \u00e9tiquettes pour tous les articles de stock. Chaque \u00e9tiquette imprim\u00e9e contiendra le code de l&rsquo;article ainsi que son prix. Il est bien s\u00fbr possible d\u2019adapter le format des \u00e9tiquettes en fonction de l\u2019imprimante et des supports. Pour afficher les \u00e9tiquettes en attente d&rsquo;impression &hellip; <a href=\"https:\/\/prooptic.axess.fr\/?page_id=100\" class=\"more-link\">Continuer la lecture de <span class=\"screen-reader-text\">Etiquettes<\/span><\/a><\/p>\n","protected":false},"author":1,"featured_media":0,"parent":94,"menu_order":0,"comment_status":"closed","ping_status":"open","template":"","meta":[],"_links":{"self":[{"href":"https:\/\/prooptic.axess.fr\/index.php?rest_route=\/wp\/v2\/pages\/100"}],"collection":[{"href":"https:\/\/prooptic.axess.fr\/index.php?rest_route=\/wp\/v2\/pages"}],"about":[{"href":"https:\/\/prooptic.axess.fr\/index.php?rest_route=\/wp\/v2\/types\/page"}],"author":[{"embeddable":true,"href":"https:\/\/prooptic.axess.fr\/index.php?rest_route=\/wp\/v2\/users\/1"}],"replies":[{"embeddable":true,"href":"https:\/\/prooptic.axess.fr\/index.php?rest_route=%2Fwp%2Fv2%2Fcomments&post=100"}],"version-history":[{"count":0,"href":"https:\/\/prooptic.axess.fr\/index.php?rest_route=\/wp\/v2\/pages\/100\/revisions"}],"up":[{"embeddable":true,"href":"https:\/\/prooptic.axess.fr\/index.php?rest_route=\/wp\/v2\/pages\/94"}],"wp:attachment":[{"href":"https:\/\/prooptic.axess.fr\/index.php?rest_route=%2Fwp%2Fv2%2Fmedia&parent=100"}],"curies":[{"name":"wp","href":"https:\/\/api.w.org\/{rel}","templated":true}]}}