{"id":102,"date":"2015-04-22T11:23:01","date_gmt":"2015-04-22T10:23:01","guid":{"rendered":"http:\/\/localhost\/wordpress\/?page_id=102"},"modified":"2015-04-22T11:23:01","modified_gmt":"2015-04-22T10:23:01","slug":"inventaire","status":"publish","type":"page","link":"https:\/\/prooptic.axess.fr\/?page_id=102","title":{"rendered":"Inventaire"},"content":{"rendered":"<p style=\"text-align: left;\">L&rsquo;acc\u00e8s au menu se fait \u00e0 partir de l&rsquo;<strong>onglet<em> \u00ab\u00a0Stock\u00a0\u00bb<\/em><\/strong> puis l&rsquo;<strong> ic\u00f4ne<\/strong> \u00ab\u00a0<em><strong>Divers\u00a0\u00bb<\/strong><\/em> et enfin \u00ab\u00a0<strong><em>Gestion des i<strong>nventaires\u00a0\u00bb<\/strong>\u00a0<\/em><\/strong>:<img decoding=\"async\" loading=\"lazy\" src=\"http:\/\/prooptic.axess.fr\/wp-content\/uploads\/2020\/12\/1-GESTION-DES-INVENTAIRES-1030x295.png\" alt=\"\" width=\"660\" height=\"189\" \/><\/p>\n<h2 style=\"text-align: left;\">I. Inventaire complet<\/h2>\n<p style=\"text-align: justify;\">Cliquer sur <strong><em>D\u00e9marrer\u00a0<\/em><\/strong>:<img decoding=\"async\" loading=\"lazy\" src=\"http:\/\/www.prooptic-idm.com\/wiki\/wp-content\/uploads\/sites\/3\/2015\/04\/btn-demarrer-inventaire.png\" alt=\"btn-demarrer-inventaire\" width=\"686\" height=\"309\" \/><\/p>\n<p style=\"text-align: justify;\"><strong><em> Validez<\/em> <\/strong>ensuite la fen\u00eatre suivante pour d\u00e9buter l&rsquo;inventaire complet (<strong>\/!<\/strong> Pensez \u00e0 renseigner la <strong><em>date qui correspond \u00e0 la fin de votre exercice comptable<\/em> \/!<\/strong>) :<img decoding=\"async\" loading=\"lazy\" src=\"http:\/\/prooptic.axess.fr\/wp-content\/uploads\/2015\/04\/prepa-inventaire-date.png\" alt=\"prepa-inventaire-date\" width=\"633\" height=\"417\" \/><\/p>\n<p style=\"text-align: justify;\">A savoir que l&rsquo;option<strong><em> G\u00e9n\u00e9ration des \u00e9tiquettes<\/em> <\/strong>permet de r\u00e9- \u00e9tiqueter tous les articles qui font partie de l&rsquo;inventaire :<img decoding=\"async\" loading=\"lazy\" src=\"http:\/\/prooptic.axess.fr\/wp-content\/uploads\/2015\/04\/coche-generation-etiq.png\" alt=\"coche-generation-etiq\" width=\"633\" height=\"204\" \/><\/p>\n<p style=\"text-align: justify;\">Saisissez les articles un \u00e0 un\u00a0:<\/p>\n<ul style=\"text-align: justify;\">\n<li>soit en rentrant le <strong><em>code \u00e9tiquette<\/em><\/strong><\/li>\n<li>soit en <strong><em>scannant le code barre<\/em><\/strong> avec une douchette<\/li>\n<\/ul>\n<table border=\"2\">\n<tbody>\n<tr>\n<td><strong>\u00a0\u00a0\u00a0\u00a0\u00a0\u00a0\u00a0\u00a0\u00a0\u00a0\u00a0\u00a0\u00a0\u00a0\u00a0\u00a0\u00a0\u00a0\u00a0\u00a0\u00a0\u00a0\u00a0\u00a0\u00a0\u00a0\u00a0\u00a0\u00a0\u00a0\u00a0\u00a0\u00a0\u00a0\u00a0\u00a0\u00a0\u00a0\u00a0\u00a0\u00a0\u00a0\u00a0\u00a0\u00a0\u00a0\u00a0\u00a0\u00a0\u00a0\u00a0\u00a0\u00a0\u00a0\u00a0\u00a0\u00a0\u00a0\u00a0\u00a0\u00a0\u00a0\u00a0\u00a0\u00a0\u00a0\u00a0\u00a0\u00a0\u00a0\u00a0\u00a0\u00a0\u00a0\u00a0\u00a0\u00a0\u00a0\u00a0\u00a0\u00a0\u00a0\u00a0\u00a0\u00a0\u00a0\u00a0\u00a0\u00a0\u00a0\u00a0\u00a0\u00a0\u00a0\u00a0\u00a0\u00a0\u00a0\u00a0\u00a0\u00a0\u00a0\u00a0\u00a0\u00a0\u00a0\u00a0\u00a0\u00a0\u00a0\u00a0\u00a0\u00a0\u00a0\u00a0\u00a0\u00a0\u00a0\u00a0\u00a0\u00a0\u00a0\u00a0\u00a0\u00a0\u00a0\u00a0\u00a0\u00a0\u00a0\u00a0\u00a0\u00a0\u00a0\u00a0\u00a0\u00a0\u00a0\u00a0\u00a0\u00a0\u00a0\u00a0\u00a0\u00a0\u00a0\u00a0\u00a0\u00a0\u00a0\u00a0\u00a0\u00a0\u00a0\u00a0\u00a0\u00a0\u00a0\u00a0\u00a0\u00a0\u00a0\u00a0\u00a0\u00a0\u00a0\u00a0\u00a0\u00a0\u00a0\u00a0\u00a0\u00a0\u00a0\u00a0\u00a0\u00a0\u00a0\u00a0\u00a0\u00a0\u00a0\u00a0\u00a0\u00a0\u00a0\u00a0\u00a0\u00a0\u00a0\u00a0\u00a0\u00a0\u00a0\u00a0\u00a0\u00a0\u00a0\u00a0\u00a0\u00a0\u00a0\u00a0\u00a0\u00a0\u00a0\u00a0\u00a0\u00a0\u00a0\u00a0\u00a0\u00a0\u00a0\u00a0\u00a0\u00a0\u00a0\u00a0\u00a0\u00a0\u00a0\u00a0\u00a0\u00a0\u00a0\u00a0\u00a0\u00a0\u00a0\u00a0\u00a0\u00a0\u00a0\u00a0\u00a0\u00a0\u00a0\u00a0\u00a0\u00a0\u00a0\u00a0\u00a0 En cas de mauvaise lecture avec une douchette (par exemple, si celle-ci affiche des symboles \u00e0 la place des chiffres), il <\/strong><strong><img decoding=\"async\" src=\"https:\/\/thibautraine.files.wordpress.com\/2011\/10\/00106906-photo-panneau-attention-point-d-exclamation.jpg?w=150&amp;h=132\" alt=\"Afficher l'image d'origine\" \/><\/strong><strong>est conseill\u00e9 d&rsquo;appuyer sur la touche Majuscule (verrouillage) et de faire un nouvel essai<\/strong><\/td>\n<\/tr>\n<\/tbody>\n<\/table>\n<p style=\"text-align: justify;\"><strong><em>Rentrez la quantit\u00e9 constat\u00e9e et valider<\/em><\/strong> pour passer \u00e0 l&rsquo;article suivant\u00a0:<img decoding=\"async\" loading=\"lazy\" src=\"http:\/\/prooptic.axess.fr\/wp-content\/uploads\/2018\/06\/saisie-dun-article.png\" alt=\"\" width=\"834\" height=\"143\" \/><\/p>\n<p style=\"text-align: justify;\"> Une fois la saisie termin\u00e9e, les articles apparaissent dans le tableau en dessous tout en <strong><em>surlignant en rouge les diff\u00e9rences constat\u00e9es<\/em><\/strong>\u00a0:<img decoding=\"async\" loading=\"lazy\" src=\"http:\/\/www.prooptic-idm.com\/wiki\/wp-content\/uploads\/sites\/3\/2015\/04\/tableau-saisie-invent.png\" alt=\"tableau-saisie-invent\" width=\"800\" height=\"509\" \/><\/p>\n<p style=\"text-align: justify;\">Vous avez la possibilit\u00e9 de visualiser la liste des <strong>articles r\u00e9serv\u00e9s<\/strong> (articles qui font l\u2019objet d\u2019une fiche technique mais qui sont encore comptabilis\u00e9 dans le stock car non factur\u00e9s) :<img decoding=\"async\" loading=\"lazy\" src=\"http:\/\/prooptic.axess.fr\/wp-content\/uploads\/2018\/06\/liste-des-articles-reserves.png\" alt=\"\" width=\"845\" height=\"145\" \/><br \/>Vous avez alors la possibilit\u00e9 de les comptabiliser automatiquement dans votre stock en cliquant sur <strong><em>Int\u00e9grer les articles r\u00e9serv\u00e9s dans l\u2019inventaire<\/em><\/strong> :<img decoding=\"async\" loading=\"lazy\" src=\"http:\/\/prooptic.axess.fr\/wp-content\/uploads\/2018\/06\/integrer-les-articles-reserves-1030x205.png\" alt=\"\" width=\"734\" height=\"146\" \/><\/p>\n<p style=\"text-align: justify;\"><strong><em> Remarque\u00a0<\/em><\/strong>: il n&rsquo;est pas n\u00e9cessaire de r\u00e9aliser l&rsquo;inventaire en une seule fois, <strong><em>celui-ci peut \u00eatre compl\u00e9t\u00e9 sur plusieurs jours puisqu&rsquo;il est sauvegard\u00e9 en temps r\u00e9el<\/em><\/strong>. De plus, l&rsquo;inventaire peut \u00eatre r\u00e9alis\u00e9 sur <strong><em>plusieurs postes de fa\u00e7on simultan\u00e9e<\/em><\/strong>.<\/p>\n<table style=\"border-color: #000000;\" border=\"2\">\n<tbody>\n<tr>\n<td>\n<p style=\"text-align: justify;\"><strong>Il est \u00e9galement important de pr\u00e9ciser que si l&rsquo;inventaire est commenc\u00e9 avant la date de fin d&rsquo;exercice,\u00a0tous les\u00a0<img decoding=\"async\" src=\"https:\/\/thibautraine.files.wordpress.com\/2011\/10\/00106906-photo-panneau-attention-point-d-exclamation.jpg?w=150&amp;h=132\" alt=\"Afficher l'image d'origine\" \/>mouvements (stock ou vente) doivent \u00eatre indiqu\u00e9s\u00a0au niveau\u00a0de l&rsquo;inventaire physique.<\/strong><\/p>\n<p style=\"text-align: justify;\"><strong>Dans le cas d&rsquo;une vente : l&rsquo;article en question doit \u00eatre saisi en quantit\u00e9 n\u00e9gative (en fonction du nombre de ventes).<\/strong><\/p>\n<p style=\"text-align: justify;\"><strong>Dans le cas d&rsquo;une entr\u00e9e en stock : l&rsquo;article en question doit \u00eatre saisi en quantit\u00e9 positive\u00a0dans l&rsquo;inventaire.<\/strong><\/p>\n<\/td>\n<\/tr>\n<\/tbody>\n<\/table>\n<p style=\"text-align: justify;\"> La prochaine \u00e9tape est la v\u00e9rification des anomalies, pour cela, <strong><em>fermez la fen\u00eatre pr\u00e9c\u00e9dente<\/em><\/strong> et <strong><em>s\u00e9lectionnez Anomalies<\/em><\/strong>\u00a0:<img decoding=\"async\" loading=\"lazy\" src=\"http:\/\/www.prooptic-idm.com\/wiki\/wp-content\/uploads\/sites\/3\/2015\/04\/btn-anomalies.png\" alt=\"btn-anomalies\" width=\"686\" height=\"307\" \/><\/p>\n<p style=\"text-align: justify;\">Valider la fen\u00eatre qui s&rsquo;affiche :<img decoding=\"async\" loading=\"lazy\" src=\"http:\/\/prooptic.axess.fr\/wp-content\/uploads\/2015\/04\/btn-valider-anomalies.png\" alt=\"btn-valider-anomalies\" width=\"581\" height=\"186\" \/><\/p>\n<p style=\"text-align: justify;\">La liste des anomalies appara\u00eet alors\u00a0:<img decoding=\"async\" loading=\"lazy\" src=\"http:\/\/www.prooptic-idm.com\/wiki\/wp-content\/uploads\/sites\/3\/2015\/04\/liste-anomalies.png\" alt=\"liste-anomalies\" width=\"800\" height=\"604\" \/><\/p>\n<p style=\"text-align: justify;\"> Il est donc possible de <strong><em>corriger les anomalies avec une diff\u00e9rence positive<\/em><\/strong>. Pour cela, s\u00e9lectionnez <strong><em>Corriger sur la ligne d\u00e9sir\u00e9e<\/em><\/strong>\u00a0:<img decoding=\"async\" loading=\"lazy\" src=\"http:\/\/www.prooptic-idm.com\/wiki\/wp-content\/uploads\/sites\/3\/2015\/04\/btn-corriger-invent.png\" alt=\"btn-corriger-invent\" width=\"800\" height=\"98\" \/><\/p>\n<p style=\"text-align: justify;\"> Confirmez ensuite en cliquant sur <strong><em>Oui\u00a0<\/em><\/strong>:<img decoding=\"async\" loading=\"lazy\" src=\"http:\/\/www.prooptic-idm.com\/wiki\/wp-content\/uploads\/sites\/3\/2015\/04\/popup-corrige-anom.png\" alt=\"popup-corrige-anom\" width=\"496\" height=\"169\" \/><\/p>\n<p style=\"text-align: justify;\"> Une fois les diff\u00e9rences positives corrig\u00e9es, il est possible de r\u00e9aliser une \u00e9dition en cliquant sur <strong><em>Imprimer\u00a0<\/em><\/strong>:<img decoding=\"async\" loading=\"lazy\" src=\"http:\/\/www.prooptic-idm.com\/wiki\/wp-content\/uploads\/sites\/3\/2015\/04\/btn-imp-anomalies.png\" alt=\"btn-imp-anomalies\" width=\"800\" height=\"126\" \/><\/p>\n<p style=\"text-align: justify;\"> Pour passer \u00e0 la derni\u00e8re \u00e9tape, la cl\u00f4ture,<strong><em> fermez la fen\u00eatre pr\u00e9c\u00e9dente<\/em><\/strong> et cliquez sur <strong><em>Cl\u00f4turer\u00a0<\/em><\/strong>:<img decoding=\"async\" loading=\"lazy\" src=\"http:\/\/www.prooptic-idm.com\/wiki\/wp-content\/uploads\/sites\/3\/2015\/04\/btn-cloturer.png\" alt=\"btn-cloturer\" width=\"686\" height=\"319\" \/><\/p>\n<p style=\"text-align: justify;\"> Cette derni\u00e8re fen\u00eatre va permettre de <strong><em>valider d\u00e9finitivement l&rsquo;inventaire et de remplacer le stock th\u00e9orique par le stock physique<\/em><\/strong>\u00a0:<img decoding=\"async\" loading=\"lazy\" src=\"http:\/\/www.prooptic-idm.com\/wiki\/wp-content\/uploads\/sites\/3\/2015\/04\/fenetre-cloture-inv.png\" alt=\"fenetre-cloture-inv\" width=\"800\" height=\"604\" \/><\/p>\n<p style=\"text-align: justify;\"> Enfin, vous pouvez imprimer l&rsquo;inventaire gr\u00e2ce au bouton \u00ab\u00a0<em><strong>Imprimer\u00a0\u00bb<\/strong> sur la partie gauche <\/em>:<img decoding=\"async\" loading=\"lazy\" src=\"http:\/\/www.prooptic-idm.com\/wiki\/wp-content\/uploads\/sites\/3\/2015\/04\/btn-imprimer-inventaire.png\" alt=\"btn-imprimer-inventaire\" width=\"686\" height=\"324\" \/>Le fichier PDF de votre inventaire s&rsquo;affiche alors \u00e0 l&rsquo;\u00e9cran, vous pouvez choisir de l&rsquo;imprimer, de l&rsquo;enregistrer ou de l&rsquo;envoyer par mail.<\/p>\n<h2 style=\"text-align: left;\">II. Inventaire partiel<\/h2>\n<p style=\"text-align: justify;\">L&rsquo;int\u00e9r\u00eat d&rsquo;un inventaire partiel est d&rsquo;en <strong><em>r\u00e9aliser un seulement sur une marque ou sur une famille<\/em><\/strong>.<\/p>\n<p style=\"text-align: justify;\">Cliquer sur <strong><em>D\u00e9marrer\u00a0<\/em><\/strong>:<img decoding=\"async\" loading=\"lazy\" src=\"http:\/\/www.prooptic-idm.com\/wiki\/wp-content\/uploads\/sites\/3\/2015\/04\/btn-demarrer-inventaire.png\" alt=\"btn-demarrer-inventaire\" width=\"686\" height=\"309\" \/><\/p>\n<p style=\"text-align: justify;\"><strong><em> Cocher ensuite Inventaire partiel<\/em><\/strong>, choisissez une marque et une famille\u00a0:<img decoding=\"async\" loading=\"lazy\" src=\"http:\/\/www.prooptic-idm.com\/wiki\/wp-content\/uploads\/sites\/3\/2015\/04\/valid-inv-partiel.png\" alt=\"valid-inv-partiel\" width=\"465\" height=\"287\" \/><\/p>\n<p style=\"text-align: justify;\"> La suite de la proc\u00e9dure est exactement la <strong><em>m\u00eame que celle pour l&rsquo;inventaire complet<\/em><\/strong>.<\/p>\n<h2>III. Reprendre un inventaire<\/h2>\n<p style=\"text-align: justify;\">Pour reprendre un inventaire d\u00e9j\u00e0 commenc\u00e9, <strong><em>s\u00e9lectionnez-le<\/em><\/strong> dans la liste pour cliquez sur <strong><em>Continuer\u00a0<\/em><\/strong>:<img decoding=\"async\" loading=\"lazy\" src=\"http:\/\/www.prooptic-idm.com\/wiki\/wp-content\/uploads\/sites\/3\/2015\/04\/btn-continuer-invent.png\" alt=\"btn-continuer-invent\" width=\"686\" height=\"303\" \/><\/p>\n","protected":false},"excerpt":{"rendered":"<p>L&rsquo;acc\u00e8s au menu se fait \u00e0 partir de l&rsquo;onglet \u00ab\u00a0Stock\u00a0\u00bb puis l&rsquo; ic\u00f4ne \u00ab\u00a0Divers\u00a0\u00bb et enfin \u00ab\u00a0Gestion des inventaires\u00a0\u00bb\u00a0: I. Inventaire complet Cliquer sur D\u00e9marrer\u00a0: Validez ensuite la fen\u00eatre suivante pour d\u00e9buter l&rsquo;inventaire complet (\/! Pensez \u00e0 renseigner la date qui correspond \u00e0 la fin de votre exercice comptable \/!) : A savoir que l&rsquo;option &hellip; <a href=\"https:\/\/prooptic.axess.fr\/?page_id=102\" class=\"more-link\">Continuer la lecture de <span class=\"screen-reader-text\">Inventaire<\/span><\/a><\/p>\n","protected":false},"author":1,"featured_media":0,"parent":94,"menu_order":0,"comment_status":"closed","ping_status":"open","template":"","meta":[],"_links":{"self":[{"href":"https:\/\/prooptic.axess.fr\/index.php?rest_route=\/wp\/v2\/pages\/102"}],"collection":[{"href":"https:\/\/prooptic.axess.fr\/index.php?rest_route=\/wp\/v2\/pages"}],"about":[{"href":"https:\/\/prooptic.axess.fr\/index.php?rest_route=\/wp\/v2\/types\/page"}],"author":[{"embeddable":true,"href":"https:\/\/prooptic.axess.fr\/index.php?rest_route=\/wp\/v2\/users\/1"}],"replies":[{"embeddable":true,"href":"https:\/\/prooptic.axess.fr\/index.php?rest_route=%2Fwp%2Fv2%2Fcomments&post=102"}],"version-history":[{"count":0,"href":"https:\/\/prooptic.axess.fr\/index.php?rest_route=\/wp\/v2\/pages\/102\/revisions"}],"up":[{"embeddable":true,"href":"https:\/\/prooptic.axess.fr\/index.php?rest_route=\/wp\/v2\/pages\/94"}],"wp:attachment":[{"href":"https:\/\/prooptic.axess.fr\/index.php?rest_route=%2Fwp%2Fv2%2Fmedia&parent=102"}],"curies":[{"name":"wp","href":"https:\/\/api.w.org\/{rel}","templated":true}]}}