{"id":1024,"date":"2015-05-12T14:52:10","date_gmt":"2015-05-12T13:52:10","guid":{"rendered":"http:\/\/localhost\/wiki\/?page_id=1024"},"modified":"2015-05-12T14:52:10","modified_gmt":"2015-05-12T13:52:10","slug":"lexique-des-rejets","status":"publish","type":"page","link":"https:\/\/prooptic.axess.fr\/?page_id=1024","title":{"rendered":"Lexique des rejets"},"content":{"rendered":"<p style=\"text-align: justify;\">La mise \u00e0 disposition de ce lexique ne change en rien la proc\u00e9dure habituelle de traitement des rejets. Avant de les exploiter, vous devez attendre de recevoir le courrier (ou le courriel) de la CPAM, qui vous sera adress\u00e9 apr\u00e8s chaque transmission comportant un rejet.<\/p>\n<p style=\"text-align: center;\"><strong><a href=\"http:\/\/prooptic.axess.fr\/wp-content\/uploads\/2015\/05\/traite_DOCAMOAMC.pdf\">Acc\u00e9dez au lexique<\/a><\/strong><\/p>\n<p>\u00a0<\/p>\n","protected":false},"excerpt":{"rendered":"<p>La mise \u00e0 disposition de ce lexique ne change en rien la proc\u00e9dure habituelle de traitement des rejets. Avant de les exploiter, vous devez attendre de recevoir le courrier (ou le courriel) de la CPAM, qui vous sera adress\u00e9 apr\u00e8s chaque transmission comportant un rejet. Acc\u00e9dez au lexique \u00a0<\/p>\n","protected":false},"author":1,"featured_media":0,"parent":0,"menu_order":0,"comment_status":"closed","ping_status":"open","template":"","meta":[],"_links":{"self":[{"href":"https:\/\/prooptic.axess.fr\/index.php?rest_route=\/wp\/v2\/pages\/1024"}],"collection":[{"href":"https:\/\/prooptic.axess.fr\/index.php?rest_route=\/wp\/v2\/pages"}],"about":[{"href":"https:\/\/prooptic.axess.fr\/index.php?rest_route=\/wp\/v2\/types\/page"}],"author":[{"embeddable":true,"href":"https:\/\/prooptic.axess.fr\/index.php?rest_route=\/wp\/v2\/users\/1"}],"replies":[{"embeddable":true,"href":"https:\/\/prooptic.axess.fr\/index.php?rest_route=%2Fwp%2Fv2%2Fcomments&post=1024"}],"version-history":[{"count":0,"href":"https:\/\/prooptic.axess.fr\/index.php?rest_route=\/wp\/v2\/pages\/1024\/revisions"}],"wp:attachment":[{"href":"https:\/\/prooptic.axess.fr\/index.php?rest_route=%2Fwp%2Fv2%2Fmedia&parent=1024"}],"curies":[{"name":"wp","href":"https:\/\/api.w.org\/{rel}","templated":true}]}}