{"id":108,"date":"2015-04-22T11:23:54","date_gmt":"2015-04-22T10:23:54","guid":{"rendered":"http:\/\/localhost\/wordpress\/?page_id=108"},"modified":"2025-10-07T10:30:30","modified_gmt":"2025-10-07T08:30:30","slug":"gestion-des-montures-edi","status":"publish","type":"page","link":"https:\/\/prooptic.axess.fr\/?page_id=108","title":{"rendered":"Gestion des montures EDI"},"content":{"rendered":"<h2 style=\"text-align: justify;\">I.\u00a0Entr\u00e9e en stock<\/h2>\n<p style=\"text-align: justify;\">________________________________________________________________________________________________________________________________________________________________________________<\/p>\n<p style=\"text-align: justify;\">L&rsquo;acc\u00e8s au menu se fait \u00e0 partir de l&rsquo;<strong><em>onglet Stock<\/em><\/strong> puis <strong><em>Gestion des montures EDI<\/em><\/strong> :<\/p>\n<p><img decoding=\"async\" loading=\"lazy\" class=\"alignnone wp-image-4773 size-full\" src=\"https:\/\/prooptic.axess.fr\/wp-content\/uploads\/2025\/10\/Capture-decran-2025-10-07-095504.png\" alt=\"\" width=\"821\" height=\"122\" srcset=\"https:\/\/prooptic.axess.fr\/wp-content\/uploads\/2025\/10\/Capture-decran-2025-10-07-095504.png 821w, https:\/\/prooptic.axess.fr\/wp-content\/uploads\/2025\/10\/Capture-decran-2025-10-07-095504-300x45.png 300w, https:\/\/prooptic.axess.fr\/wp-content\/uploads\/2025\/10\/Capture-decran-2025-10-07-095504-768x114.png 768w\" sizes=\"(max-width: 821px) 100vw, 821px\" \/><\/p>\n<p style=\"text-align: justify;\">Un module facilitant la recherche de montures appara\u00eet :<\/p>\n<p><img decoding=\"async\" loading=\"lazy\" class=\"alignnone wp-image-4774 size-full\" src=\"https:\/\/prooptic.axess.fr\/wp-content\/uploads\/2025\/10\/Capture-decran-2025-10-07-095835.png\" alt=\"\" width=\"1014\" height=\"271\" srcset=\"https:\/\/prooptic.axess.fr\/wp-content\/uploads\/2025\/10\/Capture-decran-2025-10-07-095835.png 1014w, https:\/\/prooptic.axess.fr\/wp-content\/uploads\/2025\/10\/Capture-decran-2025-10-07-095835-300x80.png 300w, https:\/\/prooptic.axess.fr\/wp-content\/uploads\/2025\/10\/Capture-decran-2025-10-07-095835-768x205.png 768w\" sizes=\"(max-width: 1014px) 100vw, 1014px\" \/><\/p>\n<p style=\"text-align: justify;\">Cliquer ensuite sur <strong><em>Afficher<\/em> <\/strong>pour que le catalogue s\u00e9lectionn\u00e9 fasse appara\u00eetre les montures.<\/p>\n<p style=\"text-align: justify;\">Il faut d\u00e9sormais associer une marque venant du catalogue \u00e0 une marque dans votre stock (c&rsquo;est-\u00e0-dire que toutes les montures cr\u00e9\u00e9es pointeront directement dans la marque associ\u00e9e) .<\/p>\n<p style=\"text-align: justify;\">Pour cela, cliquer sur le <strong><em>bouton Marque du stock<\/em><\/strong> :<\/p>\n<p><img decoding=\"async\" loading=\"lazy\" class=\"alignnone wp-image-4775 size-full\" src=\"https:\/\/prooptic.axess.fr\/wp-content\/uploads\/2025\/10\/Capture-decran-2025-10-07-095835-1.png\" alt=\"\" width=\"1014\" height=\"300\" srcset=\"https:\/\/prooptic.axess.fr\/wp-content\/uploads\/2025\/10\/Capture-decran-2025-10-07-095835-1.png 1014w, https:\/\/prooptic.axess.fr\/wp-content\/uploads\/2025\/10\/Capture-decran-2025-10-07-095835-1-300x89.png 300w, https:\/\/prooptic.axess.fr\/wp-content\/uploads\/2025\/10\/Capture-decran-2025-10-07-095835-1-768x227.png 768w\" sizes=\"(max-width: 1014px) 100vw, 1014px\" \/><\/p>\n<p style=\"text-align: justify;\">Le menu suivant s&rsquo;affiche et permet de s\u00e9lectionner la marque du stock \u00e0 faire correspondre\u00a0et <strong><em>cliquer sur le bouton d&rsquo;association<\/em><\/strong> \u00e0 droite :<\/p>\n<p><img decoding=\"async\" loading=\"lazy\" class=\"alignnone wp-image-4776 size-full\" src=\"https:\/\/prooptic.axess.fr\/wp-content\/uploads\/2025\/10\/Capture-decran-2025-10-07-100343.png\" alt=\"\" width=\"390\" height=\"774\" srcset=\"https:\/\/prooptic.axess.fr\/wp-content\/uploads\/2025\/10\/Capture-decran-2025-10-07-100343.png 390w, https:\/\/prooptic.axess.fr\/wp-content\/uploads\/2025\/10\/Capture-decran-2025-10-07-100343-151x300.png 151w\" sizes=\"(max-width: 390px) 100vw, 390px\" \/><\/p>\n<p style=\"text-align: justify;\">\n<p style=\"text-align: justify;\">Si besoin, <strong><em>la marque peut \u00eatre cr\u00e9\u00e9e directement<\/em><\/strong> en cliquant sur le bouton correspondant.<br \/>\nDe plus, si <strong><em>un ou plusieurs coefficient(s) sont indiqu\u00e9s<\/em><\/strong>, ils appara\u00eetront dans le menu au bas de la fen\u00eatre.<\/p>\n<p style=\"text-align: justify;\">La popup suivante propose de <strong><em>calculer automatiquement le prix stock en se basant sur les coefficients<\/em><\/strong>, cliquer alors sur <strong><em>Oui<\/em><\/strong>.<\/p>\n<p style=\"text-align: justify;\">Si par contre, il y a un <strong><em>prix de vente catalogue indiqu\u00e9<\/em><\/strong>, cliquer sur <strong><em>Non <\/em><\/strong>:<\/p>\n<p style=\"text-align: justify;\"><img decoding=\"async\" loading=\"lazy\" src=\"http:\/\/prooptic.axess.fr\/wp-content\/uploads\/2015\/04\/popup-calcul-mont-edi.png\" alt=\"popup-calcul-mont-edi\" width=\"478\" height=\"184\" \/><\/p>\n<p style=\"text-align: justify;\">Le <strong><em>prix calcul\u00e9<\/em><\/strong> est alors mis \u00e0 jour :<\/p>\n<p><img decoding=\"async\" loading=\"lazy\" class=\"alignnone wp-image-4777 size-full\" src=\"https:\/\/prooptic.axess.fr\/wp-content\/uploads\/2025\/10\/Capture-decran-2025-10-07-100614.png\" alt=\"\" width=\"1012\" height=\"425\" srcset=\"https:\/\/prooptic.axess.fr\/wp-content\/uploads\/2025\/10\/Capture-decran-2025-10-07-100614.png 1012w, https:\/\/prooptic.axess.fr\/wp-content\/uploads\/2025\/10\/Capture-decran-2025-10-07-100614-300x126.png 300w, https:\/\/prooptic.axess.fr\/wp-content\/uploads\/2025\/10\/Capture-decran-2025-10-07-100614-768x323.png 768w\" sizes=\"(max-width: 1012px) 100vw, 1012px\" \/><\/p>\n<p style=\"text-align: justify;\">Si <strong><em>les prix du stock ne sont pas corrects ou \u00e0 0<\/em><\/strong>, cliquer sur le bouton\u00a0\u00e0 gauche <strong><em>Mettre \u00e0 jour les prix du stock<\/em><\/strong> :<\/p>\n<p><img decoding=\"async\" loading=\"lazy\" class=\"alignnone wp-image-4778 size-full\" src=\"https:\/\/prooptic.axess.fr\/wp-content\/uploads\/2025\/10\/Capture-decran-2025-10-07-101533.png\" alt=\"\" width=\"1014\" height=\"275\" srcset=\"https:\/\/prooptic.axess.fr\/wp-content\/uploads\/2025\/10\/Capture-decran-2025-10-07-101533.png 1014w, https:\/\/prooptic.axess.fr\/wp-content\/uploads\/2025\/10\/Capture-decran-2025-10-07-101533-300x81.png 300w, https:\/\/prooptic.axess.fr\/wp-content\/uploads\/2025\/10\/Capture-decran-2025-10-07-101533-768x208.png 768w\" sizes=\"(max-width: 1014px) 100vw, 1014px\" \/><\/p>\n<p>Positionnez vous ensuite sur la ligne de la monture \u00e0 rentrer en stock et cliquez sur le <strong><em>bouton Cr\u00e9er<\/em><\/strong> :<\/p>\n<p><img decoding=\"async\" loading=\"lazy\" class=\"alignnone wp-image-4779 size-full\" src=\"https:\/\/prooptic.axess.fr\/wp-content\/uploads\/2025\/10\/Capture-decran-2025-10-07-101800.png\" alt=\"\" width=\"1015\" height=\"495\" srcset=\"https:\/\/prooptic.axess.fr\/wp-content\/uploads\/2025\/10\/Capture-decran-2025-10-07-101800.png 1015w, https:\/\/prooptic.axess.fr\/wp-content\/uploads\/2025\/10\/Capture-decran-2025-10-07-101800-300x146.png 300w, https:\/\/prooptic.axess.fr\/wp-content\/uploads\/2025\/10\/Capture-decran-2025-10-07-101800-768x375.png 768w\" sizes=\"(max-width: 1015px) 100vw, 1015px\" \/><\/p>\n<p>Un <strong><em>code stock<\/em><\/strong> est alors g\u00e9n\u00e9r\u00e9 ainsi que <strong><em>son prix<\/em><\/strong> :<\/p>\n<p><img decoding=\"async\" loading=\"lazy\" class=\"alignnone wp-image-4780 size-full\" src=\"https:\/\/prooptic.axess.fr\/wp-content\/uploads\/2025\/10\/Capture-decran-2025-10-07-102014.png\" alt=\"\" width=\"1011\" height=\"404\" srcset=\"https:\/\/prooptic.axess.fr\/wp-content\/uploads\/2025\/10\/Capture-decran-2025-10-07-102014.png 1011w, https:\/\/prooptic.axess.fr\/wp-content\/uploads\/2025\/10\/Capture-decran-2025-10-07-102014-300x120.png 300w, https:\/\/prooptic.axess.fr\/wp-content\/uploads\/2025\/10\/Capture-decran-2025-10-07-102014-768x307.png 768w\" sizes=\"(max-width: 1011px) 100vw, 1011px\" \/><\/p>\n<h2 style=\"text-align: justify;\">II.\u00a0Calcul du prix 2\u00e8me paire<\/h2>\n<p style=\"text-align: justify;\">________________________________________________________________________________________________________________________________________________________________________________<\/p>\n<p style=\"text-align: justify;\">Pour d\u00e9finir un prix 2\u00e8me paire, positionnez vous \u00e0 un endroit quelconque au niveau du tableau et faites un clic droit puis <strong><em>Gestion\/Affichage des prix 2\u00e8me paire<\/em><\/strong> :<\/p>\n<p><img decoding=\"async\" loading=\"lazy\" class=\"alignnone wp-image-4781 size-full\" src=\"https:\/\/prooptic.axess.fr\/wp-content\/uploads\/2025\/10\/Capture-decran-2025-10-07-102539.png\" alt=\"\" width=\"992\" height=\"214\" srcset=\"https:\/\/prooptic.axess.fr\/wp-content\/uploads\/2025\/10\/Capture-decran-2025-10-07-102539.png 992w, https:\/\/prooptic.axess.fr\/wp-content\/uploads\/2025\/10\/Capture-decran-2025-10-07-102539-300x65.png 300w, https:\/\/prooptic.axess.fr\/wp-content\/uploads\/2025\/10\/Capture-decran-2025-10-07-102539-768x166.png 768w\" sizes=\"(max-width: 992px) 100vw, 992px\" \/><\/p>\n<p style=\"text-align: justify;\">Indiquez ensuite le prix optique\/solaire :<\/p>\n<p><img decoding=\"async\" loading=\"lazy\" class=\"alignnone wp-image-4782 size-full\" src=\"https:\/\/prooptic.axess.fr\/wp-content\/uploads\/2025\/10\/Capture-decran-2025-10-07-102642.png\" alt=\"\" width=\"475\" height=\"178\" srcset=\"https:\/\/prooptic.axess.fr\/wp-content\/uploads\/2025\/10\/Capture-decran-2025-10-07-102642.png 475w, https:\/\/prooptic.axess.fr\/wp-content\/uploads\/2025\/10\/Capture-decran-2025-10-07-102642-300x112.png 300w\" sizes=\"(max-width: 475px) 100vw, 475px\" \/><\/p>\n<p style=\"text-align: justify;\">R\u00e9pondez <strong><em>Oui<\/em><\/strong> :<\/p>\n<p><img decoding=\"async\" loading=\"lazy\" src=\"http:\/\/prooptic.axess.fr\/wp-content\/uploads\/2015\/04\/popup-recalcul-2p-edi.png\" alt=\"popup-recalcul-2p-edi\" width=\"473\" height=\"154\" \/><\/p>\n<p>Refaire un clic droit libre sur le tableau puis <strong><em>Appliquer le prix 2\u00e8me paire \u00e0 tout le tableau<\/em><\/strong> :<\/p>\n<p><img decoding=\"async\" loading=\"lazy\" class=\"alignnone wp-image-4783 size-full\" src=\"https:\/\/prooptic.axess.fr\/wp-content\/uploads\/2025\/10\/Capture-decran-2025-10-07-102739.png\" alt=\"\" width=\"989\" height=\"215\" srcset=\"https:\/\/prooptic.axess.fr\/wp-content\/uploads\/2025\/10\/Capture-decran-2025-10-07-102739.png 989w, https:\/\/prooptic.axess.fr\/wp-content\/uploads\/2025\/10\/Capture-decran-2025-10-07-102739-300x65.png 300w, https:\/\/prooptic.axess.fr\/wp-content\/uploads\/2025\/10\/Capture-decran-2025-10-07-102739-768x167.png 768w\" sizes=\"(max-width: 989px) 100vw, 989px\" \/><\/p>\n<p>Les <strong><em>prix en 2\u00e8me paire<\/em><\/strong> sont alors<strong><em> calcul\u00e9s<\/em><\/strong>\u00a0et afficheront ce prix lors d&rsquo;une saisie en offre commerciale :<\/p>\n<p><img decoding=\"async\" loading=\"lazy\" class=\"alignnone wp-image-4784 size-full\" src=\"https:\/\/prooptic.axess.fr\/wp-content\/uploads\/2025\/10\/Capture-decran-2025-10-07-102844.png\" alt=\"\" width=\"995\" height=\"449\" srcset=\"https:\/\/prooptic.axess.fr\/wp-content\/uploads\/2025\/10\/Capture-decran-2025-10-07-102844.png 995w, https:\/\/prooptic.axess.fr\/wp-content\/uploads\/2025\/10\/Capture-decran-2025-10-07-102844-300x135.png 300w, https:\/\/prooptic.axess.fr\/wp-content\/uploads\/2025\/10\/Capture-decran-2025-10-07-102844-768x347.png 768w\" sizes=\"(max-width: 995px) 100vw, 995px\" \/><\/p>\n","protected":false},"excerpt":{"rendered":"<p>I.\u00a0Entr\u00e9e en stock ________________________________________________________________________________________________________________________________________________________________________________ L&rsquo;acc\u00e8s au menu se fait \u00e0 partir de l&rsquo;onglet Stock puis Gestion des montures EDI : Un module facilitant la recherche de montures appara\u00eet : Cliquer ensuite sur Afficher pour que le catalogue s\u00e9lectionn\u00e9 fasse appara\u00eetre les montures. Il faut d\u00e9sormais associer une marque venant du catalogue \u00e0 une marque dans &hellip; <a href=\"https:\/\/prooptic.axess.fr\/?page_id=108\" class=\"more-link\">Continuer la lecture de <span class=\"screen-reader-text\">Gestion des montures EDI<\/span><\/a><\/p>\n","protected":false},"author":1,"featured_media":0,"parent":94,"menu_order":0,"comment_status":"closed","ping_status":"open","template":"","meta":[],"_links":{"self":[{"href":"https:\/\/prooptic.axess.fr\/index.php?rest_route=\/wp\/v2\/pages\/108"}],"collection":[{"href":"https:\/\/prooptic.axess.fr\/index.php?rest_route=\/wp\/v2\/pages"}],"about":[{"href":"https:\/\/prooptic.axess.fr\/index.php?rest_route=\/wp\/v2\/types\/page"}],"author":[{"embeddable":true,"href":"https:\/\/prooptic.axess.fr\/index.php?rest_route=\/wp\/v2\/users\/1"}],"replies":[{"embeddable":true,"href":"https:\/\/prooptic.axess.fr\/index.php?rest_route=%2Fwp%2Fv2%2Fcomments&post=108"}],"version-history":[{"count":2,"href":"https:\/\/prooptic.axess.fr\/index.php?rest_route=\/wp\/v2\/pages\/108\/revisions"}],"predecessor-version":[{"id":4785,"href":"https:\/\/prooptic.axess.fr\/index.php?rest_route=\/wp\/v2\/pages\/108\/revisions\/4785"}],"up":[{"embeddable":true,"href":"https:\/\/prooptic.axess.fr\/index.php?rest_route=\/wp\/v2\/pages\/94"}],"wp:attachment":[{"href":"https:\/\/prooptic.axess.fr\/index.php?rest_route=%2Fwp%2Fv2%2Fmedia&parent=108"}],"curies":[{"name":"wp","href":"https:\/\/api.w.org\/{rel}","templated":true}]}}