{"id":122,"date":"2015-04-22T11:28:07","date_gmt":"2015-04-22T10:28:07","guid":{"rendered":"http:\/\/localhost\/wordpress\/?page_id=122"},"modified":"2015-04-22T11:28:07","modified_gmt":"2015-04-22T10:28:07","slug":"pointage-tp-securite-sociale","status":"publish","type":"page","link":"https:\/\/prooptic.axess.fr\/?page_id=122","title":{"rendered":"Pointage TP S\u00e9curit\u00e9 Sociale"},"content":{"rendered":"<p style=\"text-align: justify;\">Pour pouvoir encaisser la part S\u00e9curit\u00e9 Sociale d&rsquo;un dossier client, s\u00e9lectionner tout d&rsquo;abord l&rsquo;<strong><em>onglet Sant\u00e9<\/em><\/strong> puis l&rsquo;<strong><em>icone Pointage RO<\/em><\/strong>\u00a0:<\/p>\n<p><center><img decoding=\"async\" loading=\"lazy\" src=\"http:\/\/www.prooptic-idm.com\/wiki\/wp-content\/uploads\/sites\/3\/2015\/04\/menu-pointage-ro.png\" alt=\"menu-pointage-ro\" width=\"489\" height=\"116\" \/><\/center><\/p>\n<h2>I. Affichage<\/h2>\n<p>____________________________________________________________________________________________________________________________________________________<\/p>\n<p style=\"text-align: justify;\">Un tableau s&rsquo;affiche ensuite avec la liste des clients en attente de pointage\u00a0:<\/p>\n<p><center><img decoding=\"async\" loading=\"lazy\" src=\"http:\/\/www.prooptic-idm.com\/wiki\/wp-content\/uploads\/sites\/3\/2015\/04\/tableau-ro.png\" alt=\"tableau-ro\" width=\"800\" height=\"606\" \/><\/center><\/p>\n<p style=\"text-align: justify;\"> Il est possible d&rsquo;<strong><em>organiser le tableau<\/em><\/strong> en le triant par caisse primaire\u00a0:<\/p>\n<p><center><img decoding=\"async\" loading=\"lazy\" src=\"http:\/\/www.prooptic-idm.com\/wiki\/wp-content\/uploads\/sites\/3\/2015\/04\/tri-cpam.png\" alt=\"tri-cpam\" width=\"696\" height=\"325\" \/><\/center><\/p>\n<p style=\"text-align: justify;\"> ou en <strong><em>cliquant sur le libell\u00e9 Caisse Primaire<\/em><\/strong> pour l&rsquo;afficher par ordre alphab\u00e9tique\u00a0:<\/p>\n<p><center><img decoding=\"async\" loading=\"lazy\" src=\"http:\/\/www.prooptic-idm.com\/wiki\/wp-content\/uploads\/sites\/3\/2015\/04\/tri-alpha-ro.png\" alt=\"tri-alpha-ro\" width=\"696\" height=\"246\" \/><\/center><\/p>\n<h2>II. Encaissement<\/h2>\n<p>____________________________________________________________________________________________________________________________________________________<\/p>\n<p style=\"text-align: justify;\">Pour ensuite encaisser un ou plusieurs dossier(s), <strong><em>s\u00e9lectionner la ou les ligne(s) concern\u00e9e(s) en les cochant dans la derni\u00e8re colonne<\/em><\/strong>\u00a0:<\/p>\n<p><center><img decoding=\"async\" loading=\"lazy\" src=\"http:\/\/www.prooptic-idm.com\/wiki\/wp-content\/uploads\/sites\/3\/2015\/04\/coche-pointage-ro.png\" alt=\"coche-pointage-ro\" width=\"690\" height=\"311\" \/><\/center><\/p>\n<p style=\"text-align: justify;\"> Indiquer ensuite le mode de r\u00e8glement et deux options sont alors disponibles\u00a0:<\/p>\n<p><center><img decoding=\"async\" loading=\"lazy\" src=\"http:\/\/www.prooptic-idm.com\/wiki\/wp-content\/uploads\/sites\/3\/2015\/04\/btn-poitnage-ro.png\" alt=\"btn-poitnage-ro\" width=\"800\" height=\"245\" \/><\/center><\/p>\n<ul style=\"text-align: justify;\">\n<li>soit le <strong><em>nombre de lignes point\u00e9es = nombre de lignes dans la caisse<\/em><\/strong><\/li>\n<li>soit le <strong><em>r\u00e8glement appara\u00eet de fa\u00e7on global dans la caisse<\/em><\/strong><\/li>\n<\/ul>\n<p style=\"text-align: justify;\">Enfin, une fois l&rsquo;option choisie, r\u00e9pondez <strong><em>Oui\u00a0<\/em><\/strong>:<\/p>\n<p><center><img decoding=\"async\" loading=\"lazy\" src=\"http:\/\/www.prooptic-idm.com\/wiki\/wp-content\/uploads\/sites\/3\/2015\/04\/confirm-ro.png\" alt=\"confirm-ro\" width=\"298\" height=\"154\" \/><\/center><\/p>\n<p style=\"text-align: justify;\"><strong><em> La ligne client dispara\u00eetra du tableau consid\u00e9rant que la part S\u00e9curit\u00e9 Sociale a \u00e9t\u00e9 r\u00e9gl\u00e9e.<\/em><\/strong><\/p>\n","protected":false},"excerpt":{"rendered":"<p>Pour pouvoir encaisser la part S\u00e9curit\u00e9 Sociale d&rsquo;un dossier client, s\u00e9lectionner tout d&rsquo;abord l&rsquo;onglet Sant\u00e9 puis l&rsquo;icone Pointage RO\u00a0: I. Affichage ____________________________________________________________________________________________________________________________________________________ Un tableau s&rsquo;affiche ensuite avec la liste des clients en attente de pointage\u00a0: Il est possible d&rsquo;organiser le tableau en le triant par caisse primaire\u00a0: ou en cliquant sur le libell\u00e9 Caisse Primaire &hellip; <a href=\"https:\/\/prooptic.axess.fr\/?page_id=122\" class=\"more-link\">Continuer la lecture de <span class=\"screen-reader-text\">Pointage TP S\u00e9curit\u00e9 Sociale<\/span><\/a><\/p>\n","protected":false},"author":1,"featured_media":0,"parent":118,"menu_order":0,"comment_status":"closed","ping_status":"open","template":"","meta":[],"_links":{"self":[{"href":"https:\/\/prooptic.axess.fr\/index.php?rest_route=\/wp\/v2\/pages\/122"}],"collection":[{"href":"https:\/\/prooptic.axess.fr\/index.php?rest_route=\/wp\/v2\/pages"}],"about":[{"href":"https:\/\/prooptic.axess.fr\/index.php?rest_route=\/wp\/v2\/types\/page"}],"author":[{"embeddable":true,"href":"https:\/\/prooptic.axess.fr\/index.php?rest_route=\/wp\/v2\/users\/1"}],"replies":[{"embeddable":true,"href":"https:\/\/prooptic.axess.fr\/index.php?rest_route=%2Fwp%2Fv2%2Fcomments&post=122"}],"version-history":[{"count":0,"href":"https:\/\/prooptic.axess.fr\/index.php?rest_route=\/wp\/v2\/pages\/122\/revisions"}],"up":[{"embeddable":true,"href":"https:\/\/prooptic.axess.fr\/index.php?rest_route=\/wp\/v2\/pages\/118"}],"wp:attachment":[{"href":"https:\/\/prooptic.axess.fr\/index.php?rest_route=%2Fwp%2Fv2%2Fmedia&parent=122"}],"curies":[{"name":"wp","href":"https:\/\/api.w.org\/{rel}","templated":true}]}}