{"id":124,"date":"2015-04-22T11:29:42","date_gmt":"2015-04-22T10:29:42","guid":{"rendered":"http:\/\/localhost\/wordpress\/?page_id=124"},"modified":"2015-04-22T11:29:42","modified_gmt":"2015-04-22T10:29:42","slug":"calculs-des-parts-securite-sociale-et-complementaire","status":"publish","type":"page","link":"https:\/\/prooptic.axess.fr\/?page_id=124","title":{"rendered":"Calculs des Parts S\u00e9curit\u00e9 Sociale et Compl\u00e9mentaire"},"content":{"rendered":"<p style=\"text-align: justify;\">Quand la fiche du client est correctement compl\u00e9t\u00e9e ainsi que le devis ou la fiche technique cr\u00e9e , cliquer sur <strong><em>Modifier<\/em><\/strong> pour acc\u00e9der \u00e0 l&rsquo;\u00e9cran de saisie de la monture et des verres\u00a0:<\/p>\n<p><center><img decoding=\"async\" loading=\"lazy\" src=\"http:\/\/www.prooptic-idm.com\/wiki\/wp-content\/uploads\/sites\/3\/2015\/04\/btn-modifier-partsTP.png\" alt=\"btn-modifier-partsTP\" width=\"800\" height=\"594\" \/><\/center><\/p>\n<p style=\"text-align: justify;\"> S\u00e9lectionner ensuite l&rsquo;<strong><em>onglet S\u00e9curit\u00e9 Sociale\/Mutuelles<\/em><\/strong>\u00a0:<\/p>\n<p><center><img decoding=\"async\" loading=\"lazy\" src=\"http:\/\/www.prooptic-idm.com\/wiki\/wp-content\/uploads\/sites\/3\/2015\/04\/onglet-secu-mut.png\" alt=\"onglet-secu-mut\" width=\"800\" height=\"597\" \/><\/center><\/p>\n<p style=\"text-align: justify;\"> L&rsquo;\u00e9cran qui appara\u00eet reprend le <strong><em>d\u00e9tail des articles vendus<\/em><\/strong> ainsi que les <strong><em>codes LPP associ\u00e9s<\/em><\/strong>\u00a0:<\/p>\n<p><center><img decoding=\"async\" loading=\"lazy\" src=\"http:\/\/www.prooptic-idm.com\/wiki\/wp-content\/uploads\/sites\/3\/2015\/04\/tableau-lpp.png\" alt=\"tableau-lpp\" width=\"800\" height=\"202\" \/><\/center><\/p>\n<p style=\"text-align: justify;\"> Le dernier bloc permet de cocher ou non les <strong><em>tiers-payants S\u00e9curit\u00e9 Sociale et mutuelle<\/em><\/strong> et de visualiser le <strong><em>reste \u00e0 charge<\/em><\/strong> du client\u00a0:<\/p>\n<p><center><img decoding=\"async\" loading=\"lazy\" src=\"http:\/\/www.prooptic-idm.com\/wiki\/wp-content\/uploads\/sites\/3\/2015\/04\/tableau-tp.png\" alt=\"tableau-tp\" width=\"800\" height=\"78\" \/><\/center><\/p>\n<p style=\"text-align: justify;\"> Pour rentrer les montants correspondants au tiers-payant mutuelle, on clique sur le <strong><em>bouton Saisie des montants<\/em><\/strong>\u00a0:<\/p>\n<p><center><img decoding=\"async\" loading=\"lazy\" src=\"http:\/\/www.prooptic-idm.com\/wiki\/wp-content\/uploads\/sites\/3\/2015\/04\/btn-saisie-montants.png\" alt=\"btn-saisie-montants\" width=\"501\" height=\"20\" \/><\/center><\/p>\n<p style=\"text-align: justify;\"> La fen\u00eatre qui appara\u00eet permet alors de saisir les montants de remboursements\u00a0:<\/p>\n<p><center><img decoding=\"async\" loading=\"lazy\" src=\"http:\/\/www.prooptic-idm.com\/wiki\/wp-content\/uploads\/sites\/3\/2015\/04\/fenetre-saisie-tp.png\" alt=\"fenetre-saisie-tp\" width=\"555\" height=\"285\" \/><\/center><\/p>\n<p style=\"text-align: justify;\"> Terminer l&rsquo;op\u00e9ration en cliquant sur le <strong><em>bouton Valider<\/em><\/strong>.<\/p>\n<p style=\"text-align: justify;\">Enfin, pour v\u00e9rifier que tous les montants sont coh\u00e9rents, faire une <strong><em>v\u00e9rification dans l&rsquo;onglet Financier<\/em><\/strong> de la fiche technique\u00a0:<\/p>\n<p><center><img decoding=\"async\" loading=\"lazy\" src=\"http:\/\/www.prooptic-idm.com\/wiki\/wp-content\/uploads\/sites\/3\/2015\/04\/tableau-financier-tp.png\" alt=\"tableau-financier-tp\" width=\"628\" height=\"190\" \/><\/center><\/p>\n<p style=\"text-align: justify;\">\u00a0<\/p>\n","protected":false},"excerpt":{"rendered":"<p>Quand la fiche du client est correctement compl\u00e9t\u00e9e ainsi que le devis ou la fiche technique cr\u00e9e , cliquer sur Modifier pour acc\u00e9der \u00e0 l&rsquo;\u00e9cran de saisie de la monture et des verres\u00a0: S\u00e9lectionner ensuite l&rsquo;onglet S\u00e9curit\u00e9 Sociale\/Mutuelles\u00a0: L&rsquo;\u00e9cran qui appara\u00eet reprend le d\u00e9tail des articles vendus ainsi que les codes LPP associ\u00e9s\u00a0: Le dernier &hellip; <a href=\"https:\/\/prooptic.axess.fr\/?page_id=124\" class=\"more-link\">Continuer la lecture de <span class=\"screen-reader-text\">Calculs des Parts S\u00e9curit\u00e9 Sociale et Compl\u00e9mentaire<\/span><\/a><\/p>\n","protected":false},"author":1,"featured_media":0,"parent":118,"menu_order":0,"comment_status":"closed","ping_status":"open","template":"","meta":[],"_links":{"self":[{"href":"https:\/\/prooptic.axess.fr\/index.php?rest_route=\/wp\/v2\/pages\/124"}],"collection":[{"href":"https:\/\/prooptic.axess.fr\/index.php?rest_route=\/wp\/v2\/pages"}],"about":[{"href":"https:\/\/prooptic.axess.fr\/index.php?rest_route=\/wp\/v2\/types\/page"}],"author":[{"embeddable":true,"href":"https:\/\/prooptic.axess.fr\/index.php?rest_route=\/wp\/v2\/users\/1"}],"replies":[{"embeddable":true,"href":"https:\/\/prooptic.axess.fr\/index.php?rest_route=%2Fwp%2Fv2%2Fcomments&post=124"}],"version-history":[{"count":0,"href":"https:\/\/prooptic.axess.fr\/index.php?rest_route=\/wp\/v2\/pages\/124\/revisions"}],"up":[{"embeddable":true,"href":"https:\/\/prooptic.axess.fr\/index.php?rest_route=\/wp\/v2\/pages\/118"}],"wp:attachment":[{"href":"https:\/\/prooptic.axess.fr\/index.php?rest_route=%2Fwp%2Fv2%2Fmedia&parent=124"}],"curies":[{"name":"wp","href":"https:\/\/api.w.org\/{rel}","templated":true}]}}