{"id":1433,"date":"2015-11-18T17:49:43","date_gmt":"2015-11-18T16:49:43","guid":{"rendered":"http:\/\/www.prooptic-idm.com\/wiki\/wiki15\/?page_id=1433"},"modified":"2015-11-18T17:49:43","modified_gmt":"2015-11-18T16:49:43","slug":"coordonnees-des-caisses-primaires","status":"publish","type":"page","link":"https:\/\/prooptic.axess.fr\/?page_id=1433","title":{"rendered":"Coordonn\u00e9es des caisses primaires"},"content":{"rendered":"<p style=\"text-align: justify;\">Ci-dessous, le lien permet d&rsquo;acc\u00e9der au site et de pouvoir rechercher une caisse primaire pour v\u00e9rifier ses coordonn\u00e9es et ses diff\u00e9rents param\u00e9trages.<\/p>\n<p style=\"text-align: center;\"><strong><a href=\"http:\/\/www.sesam-vitale.fr\/web\/sesam-vitale\/adresses-des-centres-payeurs-es\">Liste des caisses primaires<\/a><\/strong><\/p>\n<p>\u00a0<\/p>\n","protected":false},"excerpt":{"rendered":"<p>Ci-dessous, le lien permet d&rsquo;acc\u00e9der au site et de pouvoir rechercher une caisse primaire pour v\u00e9rifier ses coordonn\u00e9es et ses diff\u00e9rents param\u00e9trages. Liste des caisses primaires \u00a0<\/p>\n","protected":false},"author":1,"featured_media":0,"parent":0,"menu_order":0,"comment_status":"closed","ping_status":"closed","template":"","meta":[],"_links":{"self":[{"href":"https:\/\/prooptic.axess.fr\/index.php?rest_route=\/wp\/v2\/pages\/1433"}],"collection":[{"href":"https:\/\/prooptic.axess.fr\/index.php?rest_route=\/wp\/v2\/pages"}],"about":[{"href":"https:\/\/prooptic.axess.fr\/index.php?rest_route=\/wp\/v2\/types\/page"}],"author":[{"embeddable":true,"href":"https:\/\/prooptic.axess.fr\/index.php?rest_route=\/wp\/v2\/users\/1"}],"replies":[{"embeddable":true,"href":"https:\/\/prooptic.axess.fr\/index.php?rest_route=%2Fwp%2Fv2%2Fcomments&post=1433"}],"version-history":[{"count":0,"href":"https:\/\/prooptic.axess.fr\/index.php?rest_route=\/wp\/v2\/pages\/1433\/revisions"}],"wp:attachment":[{"href":"https:\/\/prooptic.axess.fr\/index.php?rest_route=%2Fwp%2Fv2%2Fmedia&parent=1433"}],"curies":[{"name":"wp","href":"https:\/\/api.w.org\/{rel}","templated":true}]}}