{"id":148,"date":"2015-04-22T13:16:00","date_gmt":"2015-04-22T12:16:00","guid":{"rendered":"http:\/\/localhost\/wordpress\/?page_id=148"},"modified":"2015-04-22T13:16:00","modified_gmt":"2015-04-22T12:16:00","slug":"envoi-de-sms","status":"publish","type":"page","link":"https:\/\/prooptic.axess.fr\/?page_id=148","title":{"rendered":"Envoi de SMS"},"content":{"rendered":"<h2 style=\"text-align: justify;\">I. G\u00e9n\u00e9ralit\u00e9s<\/h2>\n<p>____________________________________________________________________________________________________________________________________________________<\/p>\n<p style=\"text-align: justify;\">Les SMS (ou Texto) permettent de contacter facilement et rapidement un client. Cette m\u00e9thode peut \u00eatre utilis\u00e9e par exemple pour l&rsquo;avertir que sa monture est pr\u00eate plut\u00f4t que de lui t\u00e9l\u00e9phoner. C&rsquo;est \u00e0 la fois <em><strong>plus rapide et moins cher pour l\u2019utilisateur<\/strong><\/em> et <strong><em>plus commode pour le client<\/em><\/strong>.<\/p>\n<p style=\"text-align: justify;\">Le compte SMS du magasin se recharge en achetant <strong><em>des lots<\/em><\/strong>\u00a0: 500, 1000, 5000 ou 10000 SMS. (Nous consulter pour plus d&rsquo;informations) <br \/>Ce manuel se contentera de d\u00e9crire <strong><em>la marche \u00e0 suivre pour envoyer un SMS<\/em> <\/strong>depuis Prooptic V5.<\/p>\n<p style=\"text-align: justify;\">Les SMS envoy\u00e9s <strong><em>passent par le r\u00e9seau Internet<\/em><\/strong> avant d&rsquo;arriver sur le t\u00e9l\u00e9phone mobile du correspondant, la connexion Internet est donc n\u00e9cessaire pour pouvoir utiliser ce service.<\/p>\n<h2 style=\"text-align: justify;\">II. Param\u00e9trage SMS<\/h2>\n<p>____________________________________________________________________________________________________________________________________________________<\/p>\n<p style=\"text-align: justify;\">Le service SMS est <strong><em>directement int\u00e9gr\u00e9 \u00e0 Prooptic V5<\/em><\/strong> et il n&rsquo;y a rien de particulier \u00e0 faire pour l&rsquo;utiliser. Cependant, il est possible de r\u00e9gler certains param\u00e8tres. Pour cela, s\u00e9lectionner l&rsquo;<strong><em>onglet Clients<\/em><\/strong> puis <strong><em>Texte des SMS<\/em><\/strong>\u00a0:<\/p>\n<p><center><img decoding=\"async\" loading=\"lazy\" src=\"http:\/\/www.prooptic-idm.com\/wiki\/wp-content\/uploads\/sites\/3\/2015\/04\/menu-sms.png\" alt=\"menu-sms\" width=\"654\" height=\"117\" \/><\/center><\/p>\n<p style=\"text-align: justify;\">Il est alors possible de <strong><em>pr\u00e9-param\u00e9trer plusieurs textes<\/em><\/strong> \u00e0 envoyer\u00a0:<\/p>\n<p><center><img decoding=\"async\" loading=\"lazy\" src=\"http:\/\/www.prooptic-idm.com\/wiki\/wp-content\/uploads\/sites\/3\/2015\/04\/param-sms.png\" alt=\"param-sms\" width=\"543\" height=\"608\" \/><\/center><\/p>\n<h2 style=\"text-align: justify;\">III. Utilisation sous Prooptic V5<\/h2>\n<p>____________________________________________________________________________________________________________________________________________________<\/p>\n<p style=\"text-align: justify;\">Le plus simple pour envoyer un message est de le faire depuis la fiche du client en cliquant sur le <strong><em>bouton SMS<\/em><\/strong> en haut \u00e0 droite\u00a0:<\/p>\n<p><center><img decoding=\"async\" loading=\"lazy\" src=\"http:\/\/www.prooptic-idm.com\/wiki\/wp-content\/uploads\/sites\/3\/2015\/04\/client-sms.png\" alt=\"client-sms\" width=\"800\" height=\"594\" \/><\/center><\/p>\n<p style=\"text-align: justify;\">Il suffit alors de r\u00e9diger le message (ou d&rsquo;en s\u00e9lectionner un pr\u00e9-param\u00e9tr\u00e9) et de cliquer sur le <strong><em>bouton Envoyer<\/em><\/strong> pour envoyer le SMS au num\u00e9ro indiqu\u00e9 sur la fiche client\u00a0:<\/p>\n<p><center><img decoding=\"async\" loading=\"lazy\" src=\"http:\/\/www.prooptic-idm.com\/wiki\/wp-content\/uploads\/sites\/3\/2015\/04\/envoi-sms.png\" alt=\"envoi-sms\" width=\"653\" height=\"514\" \/><\/center><\/p>\n<p style=\"text-align: justify;\">Le <strong><em>bloc\u00a0Cr\u00e9dit SMS<\/em><\/strong> disponibles permet de s\u2019informer sur la <strong><em>quantit\u00e9 de SMS qui peuvent \u00eatre envoy\u00e9s<\/em><\/strong>.<\/p>\n<p style=\"text-align: justify;\">Il est \u00e9galement possible de consulter le solde SMS \u00e0 l&rsquo;ouverture de Prooptic V5 gr\u00e2ce \u00e0 la notification\u00a0:<\/p>\n<p><center><img decoding=\"async\" loading=\"lazy\" src=\"http:\/\/www.prooptic-idm.com\/wiki\/wp-content\/uploads\/sites\/3\/2015\/04\/notif-sms.png\" alt=\"notif-sms\" width=\"242\" height=\"80\" \/><\/center><\/p>\n<p>\u00a0<\/p>\n","protected":false},"excerpt":{"rendered":"<p>I. G\u00e9n\u00e9ralit\u00e9s ____________________________________________________________________________________________________________________________________________________ Les SMS (ou Texto) permettent de contacter facilement et rapidement un client. Cette m\u00e9thode peut \u00eatre utilis\u00e9e par exemple pour l&rsquo;avertir que sa monture est pr\u00eate plut\u00f4t que de lui t\u00e9l\u00e9phoner. C&rsquo;est \u00e0 la fois plus rapide et moins cher pour l\u2019utilisateur et plus commode pour le client. Le compte SMS du &hellip; <a href=\"https:\/\/prooptic.axess.fr\/?page_id=148\" class=\"more-link\">Continuer la lecture de <span class=\"screen-reader-text\">Envoi de SMS<\/span><\/a><\/p>\n","protected":false},"author":1,"featured_media":0,"parent":138,"menu_order":0,"comment_status":"closed","ping_status":"open","template":"","meta":[],"_links":{"self":[{"href":"https:\/\/prooptic.axess.fr\/index.php?rest_route=\/wp\/v2\/pages\/148"}],"collection":[{"href":"https:\/\/prooptic.axess.fr\/index.php?rest_route=\/wp\/v2\/pages"}],"about":[{"href":"https:\/\/prooptic.axess.fr\/index.php?rest_route=\/wp\/v2\/types\/page"}],"author":[{"embeddable":true,"href":"https:\/\/prooptic.axess.fr\/index.php?rest_route=\/wp\/v2\/users\/1"}],"replies":[{"embeddable":true,"href":"https:\/\/prooptic.axess.fr\/index.php?rest_route=%2Fwp%2Fv2%2Fcomments&post=148"}],"version-history":[{"count":0,"href":"https:\/\/prooptic.axess.fr\/index.php?rest_route=\/wp\/v2\/pages\/148\/revisions"}],"up":[{"embeddable":true,"href":"https:\/\/prooptic.axess.fr\/index.php?rest_route=\/wp\/v2\/pages\/138"}],"wp:attachment":[{"href":"https:\/\/prooptic.axess.fr\/index.php?rest_route=%2Fwp%2Fv2%2Fmedia&parent=148"}],"curies":[{"name":"wp","href":"https:\/\/api.w.org\/{rel}","templated":true}]}}