{"id":1509,"date":"2016-01-25T14:07:26","date_gmt":"2016-01-25T13:07:26","guid":{"rendered":"http:\/\/www.prooptic-idm.com\/wiki\/wiki15\/?page_id=1509"},"modified":"2016-01-25T14:07:26","modified_gmt":"2016-01-25T13:07:26","slug":"selection-multi-criteres","status":"publish","type":"page","link":"https:\/\/prooptic.axess.fr\/?page_id=1509","title":{"rendered":"Mailing"},"content":{"rendered":"<h2 style=\"text-align: justify;\">I.\u00a0Qu&rsquo;est ce que le Mailing ?<\/h2>\n<p style=\"text-align: justify;\">________________________________________________________________________________________________________________________________________________________________________________<\/p>\n<p style=\"text-align: justify;\">La fonction mailing permet, au travers de nombreux crit\u00e8res de s\u00e9lection ou d\u2019exclusion, de ne s\u00e9lectionner que certains clients dans le fichier client total, en vue d\u2019un <em><strong>envoi courrier, SMS, mail<\/strong><\/em>, etc.\u00a0ou simplement pour visualiser \u00e0 l\u2019\u00e9cran la liste des clients r\u00e9pondant \u00e0 des\u00a0caract\u00e9ristiques pr\u00e9cises. <\/p>\n<p style=\"text-align: justify;\">L\u2019acc\u00e8s \u00e0 cette fonction se fait \u00e0 partir de l&rsquo;<strong><em>onglet Clien<\/em><em>t<\/em><\/strong> puis <strong><em>Multi-Crit\u00e8res<\/em><\/strong>\u00a0:<\/p>\n<p style=\"text-align: justify;\"><img decoding=\"async\" loading=\"lazy\" src=\"http:\/\/prooptic.axess.fr\/wp-content\/uploads\/2016\/01\/menu-multi-crit.png\" alt=\"menu-multi-crit\" width=\"548\" height=\"152\" \/><\/p>\n<p style=\"text-align: justify;\"> L\u2019\u00e9cran obtenu par ce point permet l\u2019acc\u00e8s \u00e0 l&rsquo;ajout d&rsquo;une nouvelle s\u00e9lection et au chargement d\u2019une ancienne sauvegarde de crit\u00e8res :<\/p>\n<p style=\"text-align: justify;\"><img decoding=\"async\" loading=\"lazy\" src=\"http:\/\/prooptic.axess.fr\/wp-content\/uploads\/2016\/01\/ecran-ajout-supp-multi.png\" alt=\"ecran-ajout-supp-multi\" width=\"800\" height=\"150\" \/><\/p>\n<p style=\"text-align: justify;\">L&rsquo;\u00e9cran principal d&rsquo;ajout permet \u00e0 la fois \u00e0 l\u2019\u00e9cran des param\u00e9trages, aux crit\u00e8res de s\u00e9lection et d\u2019exclusion et \u00e0 la sauvegarde des crit\u00e8res saisis . Chacun de ces points sera d\u00e9taill\u00e9 dans les paragraphes suivants. <\/p>\n<h2 style=\"text-align: justify;\">II.\u00a0Les crit\u00e8res d&rsquo;inclusions et d&rsquo;exclusions<\/h2>\n<p style=\"text-align: justify;\">________________________________________________________________________________________________________________________________________________________________________________<\/p>\n<p style=\"text-align: justify;\">Deux onglets sont pr\u00e9sents pour affiner dans un premier temps la recherche en fonction de <strong><em>l&rsquo;inclusion et\/ou de l&rsquo;exclusion<\/em><\/strong>. Positionnez vous sur l&rsquo;un des onglets puis cliquer sur le <strong><em>bouton Ajouter<\/em><\/strong> :<\/p>\n<p style=\"text-align: justify;\"><img decoding=\"async\" loading=\"lazy\" src=\"http:\/\/prooptic.axess.fr\/wp-content\/uploads\/2016\/01\/btn-ajout-inc-exc-multi.png\" alt=\"btn-ajout-inc-exc-multi\" width=\"302\" height=\"199\" \/><\/p>\n<p style=\"text-align: justify;\">Deux options s&rsquo;offrent \u00e0 vous\u00a0\u00a0:<\/p>\n<ul>\n<li style=\"text-align: justify;\">soit au niveau de l&rsquo;identit\u00e9 du client (\u00e2ge, moyen de contact, etc.) :<\/li>\n<\/ul>\n<p><img decoding=\"async\" loading=\"lazy\" src=\"http:\/\/prooptic.axess.fr\/wp-content\/uploads\/2016\/01\/critere-fiche-multi.png\" alt=\"critere-fiche-multi\" width=\"726\" height=\"199\" \/><\/p>\n<ul>\n<li style=\"text-align: justify;\">soit au niveau d&rsquo;un\u00a0dossier (date de visite, monture, etc.)\u00a0:<\/li>\n<\/ul>\n<p><img decoding=\"async\" loading=\"lazy\" src=\"http:\/\/prooptic.axess.fr\/wp-content\/uploads\/2016\/01\/critere-dossier-multi.png\" alt=\"critere-dossier-multi\" width=\"726\" height=\"199\" \/><\/p>\n<p style=\"text-align: justify;\">Validez ensuite la saisie du crit\u00e8re\u00a0 :<\/p>\n<p style=\"text-align: justify;\"><img decoding=\"async\" loading=\"lazy\" src=\"http:\/\/prooptic.axess.fr\/wp-content\/uploads\/2016\/01\/valid-saisie-critere.png\" alt=\"valid-saisie-critere\" width=\"327\" height=\"219\" \/><\/p>\n<p style=\"text-align: justify;\">La liste des <strong><em>crit\u00e8res s\u00e9lectionn\u00e9s<\/em><\/strong> (en fonction de l&rsquo;onglet Inclusion\/Exclusion) s&rsquo;affiche ainsi que le <strong><em>nombre de clients extraits<\/em><\/strong> :<\/p>\n<p style=\"text-align: justify;\"><img decoding=\"async\" loading=\"lazy\" src=\"http:\/\/prooptic.axess.fr\/wp-content\/uploads\/2016\/01\/nb-clients-criteres-multi.png\" alt=\"nb-clients-criteres-multi\" width=\"800\" height=\"219\" \/><\/p>\n<p style=\"text-align: justify;\">Le tableau final de la s\u00e9lection s&rsquo;affiche dans l&rsquo;<strong><em>onglet R\u00e9sultat<\/em><\/strong> :<\/p>\n<p style=\"text-align: justify;\"><img decoding=\"async\" loading=\"lazy\" src=\"http:\/\/www.prooptic-idm.com\/wiki\/wp-content\/uploads\/sites\/3\/2016\/01\/resultat-multi-e1453738565971.png\" alt=\"resultat-multi\" width=\"800\" height=\"338\" \/><\/p>\n<p style=\"text-align: justify;\">Il est possible de supprimer certaines lignes du tableau en cliquant sur le <strong><em>bouton Enlever<\/em><\/strong> sur la droite :<\/p>\n<p style=\"text-align: justify;\"><img decoding=\"async\" loading=\"lazy\" src=\"http:\/\/prooptic.axess.fr\/wp-content\/uploads\/2016\/01\/btn-enlever-multi.png\" alt=\"btn-enlever-multi\" width=\"800\" height=\"338\" \/><\/p>\n<h2 style=\"text-align: justify;\">III.\u00a0Relance d&rsquo;une s\u00e9lection<\/h2>\n<p style=\"text-align: justify;\">________________________________________________________________________________________________________________________________________________________________________________<\/p>\n<p style=\"text-align: justify;\">Pour affiner la s\u00e9lection, il suffit de cliquer sur l&rsquo;<strong><em>onglet Construction de la s\u00e9lection<\/em><\/strong> :<\/p>\n<p style=\"text-align: justify;\"><img decoding=\"async\" loading=\"lazy\" src=\"http:\/\/prooptic.axess.fr\/wp-content\/uploads\/2016\/01\/onglet-construct.png\" alt=\"onglet-construct\" width=\"462\" height=\"198\" \/><\/p>\n<p style=\"text-align: justify;\">Rajouter ou supprimer certains crit\u00e8res, puis cliquer sur le <strong><em>bouton Relancer<\/em><\/strong> :<\/p>\n<p style=\"text-align: justify;\"><img decoding=\"async\" loading=\"lazy\" src=\"http:\/\/prooptic.axess.fr\/wp-content\/uploads\/2016\/01\/btn-relancer-multi.png\" alt=\"btn-relancer-multi\" width=\"800\" height=\"155\" \/><\/p>\n<h2 style=\"text-align: left;\">IV. Sauvegarde et chargement d&rsquo;une s\u00e9lection<\/h2>\n<p style=\"text-align: justify;\">________________________________________________________________________________________________________________________________________________________________________________<\/p>\n<p style=\"text-align: justify;\">Il est possible de conserver en m\u00e9moire la liste des crit\u00e8res de s\u00e9lection ou d\u2019exclusion, ceci afin de pouvoir relancer les m\u00eames crit\u00e8res ult\u00e9rieurement. Cette fonction est surtout utile lorsqu\u2019un mailing est fait par exemple tous les mois avec les m\u00eames crit\u00e8res, pour \u00e9viter de ressaisir tous les crit\u00e8res manuellement \u00e0 chaque fois : il suffit en effet de recharger le mailing sauvegard\u00e9 et de rafra\u00eechir l\u2019affichage des clients s\u00e9lectionn\u00e9s. <\/p>\n<p style=\"text-align: justify;\">Pour <strong><em>sauvegarder la s\u00e9lection<\/em><\/strong>, indiquer <strong><em>un titre<\/em><\/strong> en haut de la fen\u00eatre et <strong><em>Valider<\/em><\/strong> :<\/p>\n<p style=\"text-align: justify;\"><img decoding=\"async\" loading=\"lazy\" src=\"http:\/\/prooptic.axess.fr\/wp-content\/uploads\/2016\/01\/save-multi.png\" alt=\"save-multi\" width=\"800\" height=\"154\" \/><\/p>\n<p style=\"text-align: justify;\">Pour <strong><em>charger une s\u00e9lection<\/em><\/strong>, mettez la en surbrillance puis faites <strong><em>Modifier<\/em><\/strong> et <strong><em>Relancer<\/em> <\/strong>:<\/p>\n<p style=\"text-align: justify;\"><img decoding=\"async\" loading=\"lazy\" src=\"http:\/\/prooptic.axess.fr\/wp-content\/uploads\/2016\/01\/btn-modif-multi.png\" alt=\"btn-modif-multi\" width=\"416\" height=\"192\" \/><\/p>\n<h2 style=\"text-align: justify;\">V.\u00a0Export de la s\u00e9lection<\/h2>\n<p style=\"text-align: justify;\">________________________________________________________________________________________________________________________________________________________________________________<\/p>\n<p style=\"text-align: justify;\">Plusieurs options sont disponibles en utilisant le <strong><em>clique-droit de la souris sur le tableau final :<\/em><\/strong><\/p>\n<p style=\"text-align: justify;\"><img decoding=\"async\" loading=\"lazy\" src=\"http:\/\/prooptic.axess.fr\/wp-content\/uploads\/2016\/01\/options-tableau-multi.png\" alt=\"options-tableau-multi\" width=\"205\" height=\"171\" \/><\/p>\n<p style=\"text-align: justify;\">Concernant\u00a0l&rsquo;extraction, deux options en d\u00e9pendent :<\/p>\n<ul>\n<li style=\"text-align: justify;\"><strong><em>Envoyer<\/em><\/strong> : choix entre l&rsquo;envoi SMS direct ou un fichier Excel \u00e0 un prestataire ou sauvegarde en local<\/li>\n<li style=\"text-align: justify;\"><strong><em>Imprimer<\/em><\/strong> : impression des \u00e9tiquettes ou un courrier type.<\/li>\n<\/ul>\n","protected":false},"excerpt":{"rendered":"<p>I.\u00a0Qu&rsquo;est ce que le Mailing ? ________________________________________________________________________________________________________________________________________________________________________________ La fonction mailing permet, au travers de nombreux crit\u00e8res de s\u00e9lection ou d\u2019exclusion, de ne s\u00e9lectionner que certains clients dans le fichier client total, en vue d\u2019un envoi courrier, SMS, mail, etc.\u00a0ou simplement pour visualiser \u00e0 l\u2019\u00e9cran la liste des clients r\u00e9pondant \u00e0 des\u00a0caract\u00e9ristiques pr\u00e9cises. L\u2019acc\u00e8s \u00e0 cette &hellip; <a href=\"https:\/\/prooptic.axess.fr\/?page_id=1509\" class=\"more-link\">Continuer la lecture de <span class=\"screen-reader-text\">Mailing<\/span><\/a><\/p>\n","protected":false},"author":1,"featured_media":0,"parent":0,"menu_order":0,"comment_status":"closed","ping_status":"closed","template":"","meta":[],"_links":{"self":[{"href":"https:\/\/prooptic.axess.fr\/index.php?rest_route=\/wp\/v2\/pages\/1509"}],"collection":[{"href":"https:\/\/prooptic.axess.fr\/index.php?rest_route=\/wp\/v2\/pages"}],"about":[{"href":"https:\/\/prooptic.axess.fr\/index.php?rest_route=\/wp\/v2\/types\/page"}],"author":[{"embeddable":true,"href":"https:\/\/prooptic.axess.fr\/index.php?rest_route=\/wp\/v2\/users\/1"}],"replies":[{"embeddable":true,"href":"https:\/\/prooptic.axess.fr\/index.php?rest_route=%2Fwp%2Fv2%2Fcomments&post=1509"}],"version-history":[{"count":0,"href":"https:\/\/prooptic.axess.fr\/index.php?rest_route=\/wp\/v2\/pages\/1509\/revisions"}],"wp:attachment":[{"href":"https:\/\/prooptic.axess.fr\/index.php?rest_route=%2Fwp%2Fv2%2Fmedia&parent=1509"}],"curies":[{"name":"wp","href":"https:\/\/api.w.org\/{rel}","templated":true}]}}