{"id":159,"date":"2015-04-22T13:23:29","date_gmt":"2015-04-22T12:23:29","guid":{"rendered":"http:\/\/localhost\/wordpress\/?page_id=159"},"modified":"2015-04-22T13:23:29","modified_gmt":"2015-04-22T12:23:29","slug":"vente-etat","status":"publish","type":"page","link":"https:\/\/prooptic.axess.fr\/?page_id=159","title":{"rendered":"Vente \u00e9tat"},"content":{"rendered":"<h2>I. Acc\u00e8s \u00e0 l\u2019\u00e9cran de vente<\/h2>\n<p style=\"text-align: justify;\">________________________________________________________________________________________________________________________________________________________________________________<\/p>\n<p style=\"text-align: justify;\">L\u2019\u00e9cran de vente est accessible en choisissant l\u2019ic\u00f4ne <em><strong>Vente<\/strong><\/em> \u00e0 partir de l\u2019onglet <strong><em>Quotidien<\/em><\/strong> ou <strong><em>Caisse<\/em><\/strong> :<\/p>\n<p><center><img decoding=\"async\" loading=\"lazy\" src=\"http:\/\/prooptic.axess.fr\/wp-content\/uploads\/2019\/02\/barre-de-menu-1.png\" alt=\"\" width=\"821\" height=\"160\" \/><\/center><\/p>\n<h2 id=\"informations-client\" style=\"text-align: justify;\">II. Informations client<\/h2>\n<p style=\"text-align: justify;\">________________________________________________________________________________________________________________________________________________________________________________<\/p>\n<p style=\"text-align: justify;\"><strong><u>ATTENTION\u00a0:<\/u><\/strong><strong> Si vous voulez imprimer une facture \u00e0 l\u2019issu de votre vente, il est imp\u00e9ratif d\u2019associer votre vente \u00e0 un client sinon vous aurez uniquement la possibilit\u00e9\u00a0d\u2019imprimer un ticket de caisse.<\/strong><\/p>\n<p style=\"text-align: justify;\">Les quatre boutons de la section <b>Client<\/b> permettent d&rsquo;interagir avec les donn\u00e9es du client.<\/p>\n<ul style=\"text-align: justify;\">\n<li>Le premier bouton affiche une saisie rapide d&rsquo;une nouvelle fiche client (nom, pr\u00e9nom obligatoires).<\/li>\n<li>Le second bouton affiche la liste des clients de la base de donn\u00e9es du magasin.<\/li>\n<li>Le troisi\u00e8me bouton permet d&rsquo;afficher la fiche du client pr\u00e9alablement s\u00e9lectionn\u00e9.<\/li>\n<li>Le quatri\u00e8me bouton annule l&rsquo;affectation de la vente au client.<\/li>\n<\/ul>\n<p><center><a style=\"color: #000000;\" href=\"http:\/\/www.prooptic-idm.com\/wiki\/wp-content\/uploads\/sites\/3\/2015\/04\/client-vente-etat.png\"><img decoding=\"async\" loading=\"lazy\" src=\"http:\/\/www.prooptic-idm.com\/wiki\/wp-content\/uploads\/sites\/3\/2015\/04\/client-vente-etat.png\" alt=\"client-vente-etat\" width=\"607\" height=\"82\" \/><\/a><\/center><\/p>\n<h2 id=\"saisie-des-articles\" style=\"text-align: justify;\">III. Saisie des articles<\/h2>\n<p style=\"text-align: justify;\">________________________________________________________________________________________________________________________________________________________________________________<\/p>\n<p><center><img decoding=\"async\" loading=\"lazy\" src=\"http:\/\/prooptic.axess.fr\/wp-content\/uploads\/2019\/02\/vente-etat-1030x778.png\" alt=\"\" width=\"734\" height=\"554\" \/><\/center><\/p>\n<p style=\"text-align: justify;\">La mani\u00e8re la plus rapide de saisir les articles vendus est d\u2019indiquer leur code EAN dans la case \u00ab\u00a0<strong>R\u00e9f\u00e9rence<\/strong>\u00a0\u00bb. Si le code correspond \u00e0 un article du stock, sa r\u00e9f\u00e9rence et son prix se reportent automatiquement dans les lignes de vente.<\/p>\n<p style=\"text-align: justify;\">Si le code de l\u2019article n\u2019est pas connu, il est possible d\u2019inscrire manuellement les r\u00e9f\u00e9rences dans la zone <strong>LIbell\u00e9<\/strong> et le prix dans la zone <strong>PU.B (Prix Unitaire Brut)<\/strong><\/p>\n<p style=\"text-align: justify;\">La quantit\u00e9 vendue est renseign\u00e9e par d\u00e9faut \u00e0 1. Il est bien s\u00fbr possible de la modifier si n\u00e9cessaire. Une remise en montant (<strong>R.M<\/strong>) ou en pourcentage (<strong>R.P<\/strong>) peut \u00eatre appliqu\u00e9e par article et le prix Net <strong>(PU.N)<\/strong> est automatiquement calcul\u00e9. <\/p>\n<p style=\"text-align: justify;\">En cliquant sur <a style=\"color: #000000;\" href=\"http:\/\/www.prooptic-idm.com\/wiki\/wp-content\/uploads\/sites\/3\/2015\/04\/btn-valider.png\"><img decoding=\"async\" loading=\"lazy\" src=\"http:\/\/www.prooptic-idm.com\/wiki\/wp-content\/uploads\/sites\/3\/2015\/04\/btn-valider.png\" alt=\"btn-valider\" width=\"58\" height=\"52\" \/><\/a>, la ligne d\u2019article est valid\u00e9e et ins\u00e9r\u00e9e dans le tableau en dessous.<\/p>\n<p><center><img decoding=\"async\" loading=\"lazy\" src=\"http:\/\/prooptic.axess.fr\/wp-content\/uploads\/2018\/06\/liste-des-articles.png\" alt=\"\" width=\"862\" height=\"81\" \/><\/center><\/p>\n<p>A chaque validation de ligne, le total est automatiquement mis \u00e0 jour.<\/p>\n<p style=\"text-align: justify;\">\u00a0<\/p>\n<h2 id=\"saisie-du-paiement\" style=\"text-align: justify;\">IV. Saisie du paiement<\/h2>\n<p style=\"text-align: justify;\">________________________________________________________________________________________________________________________________________________________________________________<\/p>\n<p style=\"text-align: justify;\">Quand tous les articles de la vente sont saisis, vous pouvez soit\u00a0:<\/p>\n<ul style=\"text-align: justify;\">\n<li>Valider votre vente sans l\u2019encaisser avec le bouton\u00a0<img decoding=\"async\" loading=\"lazy\" src=\"http:\/\/prooptic.axess.fr\/wp-content\/uploads\/2018\/06\/bouton-valider-sans-encaisser.png\" alt=\"\" width=\"109\" height=\"56\" \/> .<\/li>\n<\/ul>\n<p style=\"text-align: justify;\">(Votre vente est alors valid\u00e9e mais non r\u00e9gl\u00e9e. Elle appara\u00eetra dans la liste des d\u00fbs clients et vous pourrez l\u2019encaisser ult\u00e9rieurement)<\/p>\n<ul style=\"text-align: justify;\">\n<li>Encaisser votre vente avec le bouton <img decoding=\"async\" loading=\"lazy\" src=\"http:\/\/prooptic.axess.fr\/wp-content\/uploads\/2018\/06\/bouton-encaisser.png\" alt=\"\" width=\"151\" height=\"56\" \/><\/li>\n<\/ul>\n<p><img decoding=\"async\" loading=\"lazy\" src=\"http:\/\/prooptic.axess.fr\/wp-content\/uploads\/2018\/06\/fenetre-encaissement-1030x775.png\" alt=\"\" width=\"734\" height=\"552\" \/><\/p>\n<p style=\"text-align: justify;\">Le montant total \u00e0 encaisser est indiqu\u00e9 en rouge. Vous pouvez enregistrer plusieurs r\u00e8glements avec diff\u00e9rents modes de r\u00e8glement (Ch\u00e8que, CB, Esp\u00e8ce\u2026).<\/p>\n<p style=\"text-align: justify;\">Sp\u00e9cifiez le mode de r\u00e8glement au moyen des boutons et renseigner le montant correspondant.\u00a0\u00a0\u00a0<\/p>\n<p style=\"text-align: justify;\"><img decoding=\"async\" loading=\"lazy\" src=\"http:\/\/prooptic.axess.fr\/wp-content\/uploads\/2018\/06\/mode-de-reglement.png\" alt=\"\" width=\"165\" height=\"190\" \/><img decoding=\"async\" loading=\"lazy\" src=\"http:\/\/prooptic.axess.fr\/wp-content\/uploads\/2018\/06\/saisie-dun-reglement.png\" alt=\"\" width=\"456\" height=\"165\" \/>\u00a0\u00a0\u00a0\u00a0\u00a0\u00a0\u00a0\u00a0 \u00a0\u00a0\u00a0\u00a0\u00a0\u00a0\u00a0\u00a0 \u00a0\u00a0\u00a0\u00a0\u00a0\u00a0\u00a0<\/p>\n<p style=\"text-align: justify;\">Validez votre r\u00e8glement en cliquant sur <img decoding=\"async\" loading=\"lazy\" src=\"http:\/\/prooptic.axess.fr\/wp-content\/uploads\/2018\/06\/btn-valider.png\" alt=\"\" width=\"58\" height=\"52\" \/>\u00a0\u00a0et le montant restant d\u00fb se met automatiquement \u00e0 jour.<\/p>\n<p style=\"text-align: justify;\">Le bouton\u00a0<img decoding=\"async\" loading=\"lazy\" src=\"http:\/\/prooptic.axess.fr\/wp-content\/uploads\/2018\/06\/bouton-solder-la-vente.png\" alt=\"\" width=\"188\" height=\"66\" \/>\u00a0 permet de renseigner dans la zone <strong>Montant<\/strong> l\u2019int\u00e9gralit\u00e9 du restant d\u00fb.<\/p>\n<p style=\"text-align: justify;\">Le bouton\u00a0<img decoding=\"async\" loading=\"lazy\" src=\"http:\/\/prooptic.axess.fr\/wp-content\/uploads\/2018\/06\/bouton-remiser-le-solde.png\" alt=\"\" width=\"186\" height=\"67\" \/>\u00a0 permet de faire une remise du restant d\u00fb au client. Cela se traduit par une ligne n\u00e9gative de remise dans le le chiffre d\u2019affaire de la journ\u00e9e.<\/p>\n<p style=\"text-align: justify;\">\u00a0<\/p>\n<h2 id=\"impression-de-documents\" style=\"text-align: justify;\">V. Impression de documents<\/h2>\n<p style=\"text-align: justify;\">________________________________________________________________________________________________________________________________________________________________________________<\/p>\n<p style=\"text-align: justify;\">Si le client le souhaite, il est possible d\u2019imprimer la facture et\/ou le ticket correspondant \u00e0 la vente\u00a0:<\/p>\n<p style=\"text-align: justify;\"><img decoding=\"async\" loading=\"lazy\" src=\"http:\/\/prooptic.axess.fr\/wp-content\/uploads\/2018\/06\/imprimer-la-facture.png\" alt=\"\" width=\"287\" height=\"532\" \/><\/p>\n<p style=\"text-align: justify;\">Seul un ticket peut \u00eatre imprim\u00e9 si la vente n\u2019est pas affect\u00e9e \u00e0 un client r\u00e9f\u00e9renc\u00e9. Ces documents reprendront le montant total de la vente, le ou les r\u00e8glements d\u00e9j\u00e0 effectu\u00e9s et le solde.<\/p>\n","protected":false},"excerpt":{"rendered":"<p>I. Acc\u00e8s \u00e0 l\u2019\u00e9cran de vente ________________________________________________________________________________________________________________________________________________________________________________ L\u2019\u00e9cran de vente est accessible en choisissant l\u2019ic\u00f4ne Vente \u00e0 partir de l\u2019onglet Quotidien ou Caisse : II. Informations client ________________________________________________________________________________________________________________________________________________________________________________ ATTENTION\u00a0: Si vous voulez imprimer une facture \u00e0 l\u2019issu de votre vente, il est imp\u00e9ratif d\u2019associer votre vente \u00e0 un client sinon vous aurez uniquement la possibilit\u00e9\u00a0d\u2019imprimer &hellip; <a href=\"https:\/\/prooptic.axess.fr\/?page_id=159\" class=\"more-link\">Continuer la lecture de <span class=\"screen-reader-text\">Vente \u00e9tat<\/span><\/a><\/p>\n","protected":false},"author":1,"featured_media":0,"parent":151,"menu_order":0,"comment_status":"closed","ping_status":"open","template":"","meta":[],"_links":{"self":[{"href":"https:\/\/prooptic.axess.fr\/index.php?rest_route=\/wp\/v2\/pages\/159"}],"collection":[{"href":"https:\/\/prooptic.axess.fr\/index.php?rest_route=\/wp\/v2\/pages"}],"about":[{"href":"https:\/\/prooptic.axess.fr\/index.php?rest_route=\/wp\/v2\/types\/page"}],"author":[{"embeddable":true,"href":"https:\/\/prooptic.axess.fr\/index.php?rest_route=\/wp\/v2\/users\/1"}],"replies":[{"embeddable":true,"href":"https:\/\/prooptic.axess.fr\/index.php?rest_route=%2Fwp%2Fv2%2Fcomments&post=159"}],"version-history":[{"count":0,"href":"https:\/\/prooptic.axess.fr\/index.php?rest_route=\/wp\/v2\/pages\/159\/revisions"}],"up":[{"embeddable":true,"href":"https:\/\/prooptic.axess.fr\/index.php?rest_route=\/wp\/v2\/pages\/151"}],"wp:attachment":[{"href":"https:\/\/prooptic.axess.fr\/index.php?rest_route=%2Fwp%2Fv2%2Fmedia&parent=159"}],"curies":[{"name":"wp","href":"https:\/\/api.w.org\/{rel}","templated":true}]}}