{"id":165,"date":"2015-04-22T13:25:13","date_gmt":"2015-04-22T12:25:13","guid":{"rendered":"http:\/\/localhost\/wordpress\/?page_id=165"},"modified":"2015-04-22T13:25:13","modified_gmt":"2015-04-22T12:25:13","slug":"modifications-et-corrections","status":"publish","type":"page","link":"https:\/\/prooptic.axess.fr\/?page_id=165","title":{"rendered":"Annulation d&rsquo;un r\u00e8glement"},"content":{"rendered":"<p style=\"text-align: justify;\">Dor\u00e9navant, il n&rsquo;est pas possible de modifier directement un journal de caisse. Cependant, dans certains cas, des rectifications (indiqu\u00e9es sur le journal de la journ\u00e9e en cours) peuvent \u00eatre faites.\u00a0<\/p>\n<p style=\"text-align: justify;\">Pour cela, il suffit de s\u00e9lectionner l\u2019<em><strong>onglet Caisse<\/strong><\/em> puis <strong><em>R\u00e8glements <\/em><\/strong>(dans la partie <em>Interventions<\/em>)\u00a0:<\/p>\n<p><center><a href=\"http:\/\/www.prooptic-idm.com\/wiki\/wp-content\/uploads\/sites\/3\/2015\/04\/menu-interv-reg.png\"><img decoding=\"async\" loading=\"lazy\" src=\"http:\/\/www.prooptic-idm.com\/wiki\/wp-content\/uploads\/sites\/3\/2015\/04\/menu-interv-reg.png\" alt=\"menu-interv-reg\" width=\"800\" height=\"101\" \/><\/a><\/center><\/p>\n<p style=\"text-align: justify;\"> Cette option permet un acc\u00e8s direct \u00e0 un r\u00e8glement \u00ab\u00a0brut\u00a0\u00bb\u00a0; il est simplement possible de l&rsquo;annuler.<\/p>\n<p style=\"text-align: justify;\">On recherche ensuite le ou les r\u00e8glement(s) selon <em><strong>plusieurs crit\u00e8res<\/strong><\/em>\u00a0:<\/p>\n<p><center><a href=\"http:\/\/www.prooptic-idm.com\/wiki\/wp-content\/uploads\/sites\/3\/2015\/04\/fenetre-interv-reg.png\"><img decoding=\"async\" loading=\"lazy\" src=\"http:\/\/www.prooptic-idm.com\/wiki\/wp-content\/uploads\/sites\/3\/2015\/04\/fenetre-interv-reg.png\" alt=\"fenetre-interv-reg\" width=\"800\" height=\"192\" \/><\/a><\/center><\/p>\n<p style=\"text-align: justify;\"> Il faut alors<em><strong> cocher la case correspondante au crit\u00e8re<\/strong><\/em> en d\u00e9but de ligne puis entrer les dates, le nom du client, etc.<\/p>\n<p style=\"text-align: justify;\">D\u00e8s lors que les crit\u00e8res sont saisis, on clique sur le bouton <a href=\"http:\/\/www.prooptic-idm.com\/wiki\/wp-content\/uploads\/sites\/3\/2015\/04\/btn-afficher-reg.png\"><img decoding=\"async\" loading=\"lazy\" src=\"http:\/\/www.prooptic-idm.com\/wiki\/wp-content\/uploads\/sites\/3\/2015\/04\/btn-afficher-reg.png\" alt=\"btn-afficher-reg\" width=\"174\" height=\"71\" \/><\/a><\/p>\n<p><strong><img decoding=\"async\" loading=\"lazy\" src=\"http:\/\/www.prooptic-idm.com\/wiki\/wp-content\/uploads\/sites\/3\/2017\/12\/annulation-recette-1030x775.png\" alt=\"\" width=\"734\" height=\"552\" \/><\/strong><\/p>\n<p>Deux choix sont possibles\u00a0:<\/p>\n<p><img decoding=\"async\" loading=\"lazy\" src=\"http:\/\/prooptic.axess.fr\/wp-content\/uploads\/2017\/12\/choix-annulation.png\" alt=\"\" width=\"570\" height=\"208\" \/><\/p>\n<ul>\n<li><strong>Annuler ce r\u00e8glement\u00a0: <\/strong><\/li>\n<\/ul>\n<ul>\n<li>Une ligne n\u00e9gative se g\u00e9n\u00e8re dans les encaissements en date du jour de l\u2019annulation<\/li>\n<\/ul>\n<p><img decoding=\"async\" loading=\"lazy\" src=\"http:\/\/prooptic.axess.fr\/wp-content\/uploads\/2017\/12\/caisseclientapres-annulation.png\" alt=\"\" width=\"725\" height=\"250\" \/><\/p>\n<p>Dans cet exemple, le ch\u00e8que a \u00e9t\u00e9 saisi le 13\/12\/2017 et a \u00e9t\u00e9 annul\u00e9 le 15\/12\/2017.<\/p>\n<p><strong>Le journal du 13\/12\/2017 n\u2019est pas impact\u00e9\u00a0par cette annulation, il n\u2019est donc pas n\u00e9cessaire de le r\u00e9\u00e9diter.\u00a0\u00a0\u00a0\u00a0\u00a0\u00a0\u00a0\u00a0\u00a0\u00a0\u00a0\u00a0 <\/strong><\/p>\n<p>L\u2019annulation de cette recette appara\u00eetra dans le tableau des annulations de recettes du 15\/12\/2017.<\/p>\n<ul>\n<li><strong>Annuler ce r\u00e8glement\u00a0et en saisir un autre : <\/strong>\n<ul>\n<li>Une ligne d\u2019annulation se g\u00e9n\u00e8re dans les encaissements<\/li>\n<li>La fen\u00eatre d\u2019encaissement appara\u00eet et permet de ressaisir votre r\u00e8glement<\/li>\n<\/ul>\n<\/li>\n<\/ul>\n<ul>\n<li>Si le r\u00e8glement annul\u00e9 concerne une part client, le d\u00fb remonte dans la caisse du client<\/li>\n<li>Si le r\u00e8glement annul\u00e9 concerne un tiers payant, celui-ci remonte dans les tiers payant en attente.<\/li>\n<\/ul>\n","protected":false},"excerpt":{"rendered":"<p>Dor\u00e9navant, il n&rsquo;est pas possible de modifier directement un journal de caisse. Cependant, dans certains cas, des rectifications (indiqu\u00e9es sur le journal de la journ\u00e9e en cours) peuvent \u00eatre faites.\u00a0 Pour cela, il suffit de s\u00e9lectionner l\u2019onglet Caisse puis R\u00e8glements (dans la partie Interventions)\u00a0: Cette option permet un acc\u00e8s direct \u00e0 un r\u00e8glement \u00ab\u00a0brut\u00a0\u00bb\u00a0; il &hellip; <a href=\"https:\/\/prooptic.axess.fr\/?page_id=165\" class=\"more-link\">Continuer la lecture de <span class=\"screen-reader-text\">Annulation d&rsquo;un r\u00e8glement<\/span><\/a><\/p>\n","protected":false},"author":1,"featured_media":0,"parent":151,"menu_order":0,"comment_status":"closed","ping_status":"open","template":"","meta":[],"_links":{"self":[{"href":"https:\/\/prooptic.axess.fr\/index.php?rest_route=\/wp\/v2\/pages\/165"}],"collection":[{"href":"https:\/\/prooptic.axess.fr\/index.php?rest_route=\/wp\/v2\/pages"}],"about":[{"href":"https:\/\/prooptic.axess.fr\/index.php?rest_route=\/wp\/v2\/types\/page"}],"author":[{"embeddable":true,"href":"https:\/\/prooptic.axess.fr\/index.php?rest_route=\/wp\/v2\/users\/1"}],"replies":[{"embeddable":true,"href":"https:\/\/prooptic.axess.fr\/index.php?rest_route=%2Fwp%2Fv2%2Fcomments&post=165"}],"version-history":[{"count":0,"href":"https:\/\/prooptic.axess.fr\/index.php?rest_route=\/wp\/v2\/pages\/165\/revisions"}],"up":[{"embeddable":true,"href":"https:\/\/prooptic.axess.fr\/index.php?rest_route=\/wp\/v2\/pages\/151"}],"wp:attachment":[{"href":"https:\/\/prooptic.axess.fr\/index.php?rest_route=%2Fwp%2Fv2%2Fmedia&parent=165"}],"curies":[{"name":"wp","href":"https:\/\/api.w.org\/{rel}","templated":true}]}}