{"id":1749,"date":"2016-12-07T15:34:06","date_gmt":"2016-12-07T14:34:06","guid":{"rendered":"http:\/\/www.prooptic-idm.com\/wiki\/wiki15\/?page_id=1749"},"modified":"2016-12-07T15:34:06","modified_gmt":"2016-12-07T14:34:06","slug":"grilles-kalivia","status":"publish","type":"page","link":"https:\/\/prooptic.axess.fr\/?page_id=1749","title":{"rendered":"Grilles Kalivia"},"content":{"rendered":"<p style=\"text-align: justify;\"><img decoding=\"async\" loading=\"lazy\" class=\"wp-image-1754 aligncenter\" src=\"http:\/\/prooptic.axess.fr\/wp-content\/uploads\/2016\/12\/Kalivia-300x190-1.jpg\" alt=\"kalivia-300x190\" width=\"229\" height=\"145\" \/><\/p>\n<p style=\"text-align: justify;\"><span style=\"font-size: 12pt;\">Selon les <strong><em>conventions sign\u00e9es<\/em><\/strong> par l&rsquo;opticien, des <strong><em>remises sont affect\u00e9es<\/em><\/strong> selon le <strong><em>fournisseur<\/em> <\/strong>et le <strong><em>type de verre<\/em><\/strong>.<\/span><\/p>\n<p style=\"text-align: justify;\"><span style=\"font-size: 12pt;\">Le param\u00e9trage se fait comme suit :<\/span><\/p>\n<p style=\"text-align: justify;\"><span style=\"font-size: 12pt;\">Cliquer dans un premier temps sur l&rsquo;<strong><em>onglet Sant\u00e9<\/em><\/strong> puis <strong><em>G\u00e9n\u00e9raux<\/em> <\/strong>:<\/span><\/p>\n<p><img decoding=\"async\" loading=\"lazy\" class=\"size-full wp-image-1750 aligncenter\" src=\"http:\/\/prooptic.axess.fr\/wp-content\/uploads\/2016\/12\/menu-generaux-sante.png\" alt=\"menu-generaux-sante\" width=\"800\" height=\"116\" srcset=\"https:\/\/prooptic.axess.fr\/wp-content\/uploads\/2016\/12\/menu-generaux-sante.png 800w, https:\/\/prooptic.axess.fr\/wp-content\/uploads\/2016\/12\/menu-generaux-sante-300x44.png 300w, https:\/\/prooptic.axess.fr\/wp-content\/uploads\/2016\/12\/menu-generaux-sante-768x111.png 768w\" sizes=\"(max-width: 800px) 100vw, 800px\" \/><\/p>\n<p style=\"text-align: justify;\"><span style=\"font-size: 12pt;\">Puis, dans la partie inf\u00e9rieure, remplir le tableau correspondant \u00e0 la convention et enregistrer :<\/span><\/p>\n<p><img decoding=\"async\" loading=\"lazy\" class=\"size-full wp-image-1751 aligncenter\" src=\"http:\/\/prooptic.axess.fr\/wp-content\/uploads\/2016\/12\/taux-grille-kalivia.png\" alt=\"taux-grille-kalivia\" width=\"800\" height=\"270\" srcset=\"https:\/\/prooptic.axess.fr\/wp-content\/uploads\/2016\/12\/taux-grille-kalivia.png 800w, https:\/\/prooptic.axess.fr\/wp-content\/uploads\/2016\/12\/taux-grille-kalivia-300x101.png 300w, https:\/\/prooptic.axess.fr\/wp-content\/uploads\/2016\/12\/taux-grille-kalivia-768x259.png 768w\" sizes=\"(max-width: 800px) 100vw, 800px\" \/><\/p>\n<p style=\"text-align: justify;\"><span style=\"font-size: 12pt;\">Les remises s&rsquo;affecteront directement lors d&rsquo;une recherche de verres.<\/span><\/p>\n","protected":false},"excerpt":{"rendered":"<p>Selon les conventions sign\u00e9es par l&rsquo;opticien, des remises sont affect\u00e9es selon le fournisseur et le type de verre. Le param\u00e9trage se fait comme suit : Cliquer dans un premier temps sur l&rsquo;onglet Sant\u00e9 puis G\u00e9n\u00e9raux : Puis, dans la partie inf\u00e9rieure, remplir le tableau correspondant \u00e0 la convention et enregistrer : Les remises s&rsquo;affecteront directement &hellip; <a href=\"https:\/\/prooptic.axess.fr\/?page_id=1749\" class=\"more-link\">Continuer la lecture de <span class=\"screen-reader-text\">Grilles Kalivia<\/span><\/a><\/p>\n","protected":false},"author":1,"featured_media":0,"parent":0,"menu_order":0,"comment_status":"closed","ping_status":"closed","template":"","meta":[],"_links":{"self":[{"href":"https:\/\/prooptic.axess.fr\/index.php?rest_route=\/wp\/v2\/pages\/1749"}],"collection":[{"href":"https:\/\/prooptic.axess.fr\/index.php?rest_route=\/wp\/v2\/pages"}],"about":[{"href":"https:\/\/prooptic.axess.fr\/index.php?rest_route=\/wp\/v2\/types\/page"}],"author":[{"embeddable":true,"href":"https:\/\/prooptic.axess.fr\/index.php?rest_route=\/wp\/v2\/users\/1"}],"replies":[{"embeddable":true,"href":"https:\/\/prooptic.axess.fr\/index.php?rest_route=%2Fwp%2Fv2%2Fcomments&post=1749"}],"version-history":[{"count":0,"href":"https:\/\/prooptic.axess.fr\/index.php?rest_route=\/wp\/v2\/pages\/1749\/revisions"}],"wp:attachment":[{"href":"https:\/\/prooptic.axess.fr\/index.php?rest_route=%2Fwp%2Fv2%2Fmedia&parent=1749"}],"curies":[{"name":"wp","href":"https:\/\/api.w.org\/{rel}","templated":true}]}}