{"id":181,"date":"2015-04-22T13:32:39","date_gmt":"2015-04-22T12:32:39","guid":{"rendered":"http:\/\/localhost\/wordpress\/?page_id=181"},"modified":"2015-04-22T13:32:39","modified_gmt":"2015-04-22T12:32:39","slug":"messages-de-retour-pec","status":"publish","type":"page","link":"https:\/\/prooptic.axess.fr\/?page_id=181","title":{"rendered":"Messages de retour PEC"},"content":{"rendered":"<table id=\"tablepress-1\" role=\"grid\" aria-describedby=\"tablepress-1_info\">\n<thead>\n<tr role=\"row\">\n<th tabindex=\"0\" colspan=\"1\" rowspan=\"1\" aria-controls=\"tablepress-1\" aria-label=\"MESSAGES RE\u00c7US SUR PROOPTIC: activer pour trier la colonne par ordre croissant\"><center>MESSAGES RE\u00c7US SUR PROOPTIC<\/center><\/th>\n<th tabindex=\"0\" colspan=\"1\" rowspan=\"1\" aria-controls=\"tablepress-1\" aria-label=\"&amp;gt;&amp;gt; CORRECTIONS A APPORTER: activer pour trier la colonne par ordre croissant\"><center>&gt;&gt; CORRECTIONS A APPORTER<\/center><\/th>\n<\/tr>\n<\/thead>\n<tbody>\n<tr role=\"row\">\n<td>&#8211; Vous n&rsquo;avez plus l&rsquo;autorisation de faire de demandes pour ce b\u00e9n\u00e9ficiaire.<br \/>&#8211; Le b\u00e9n\u00e9ficiaire des soins a d\u00e9j\u00e0 b\u00e9n\u00e9fici\u00e9 d&rsquo;une prise en charge.<br \/>&#8211; Le nombre de demandes pour ce b\u00e9n\u00e9ficiaire est atteint : veuillez r\u00e9it\u00e9rer votre demande dans plusieurs jours.<br \/>&#8211; Une prise en charge est d\u00e9j\u00e0 en cours pour le b\u00e9n\u00e9ficiaire des soins.<\/td>\n<td><em>Trop de demandes de PEC ou de demandes de cotation faites pour ce jour.<br \/><\/em><\/td>\n<\/tr>\n<tr role=\"row\">\n<td>&#8211; Votre demande est en cours d&rsquo;analyse par l&rsquo;assureur, une r\u00e9ponse vous sera faite sous 48 heures.<br \/>&#8211; Pour des raisons techniques (XX), votre PEC ne peut aboutir &#8230;<\/td>\n<td><em>PEC en traitement chez la mutuelle.<\/em><\/td>\n<\/tr>\n<tr role=\"row\">\n<td>Une erreur ne permet pas de r\u00e9pondre \u00e0 votre demande (XX), veuillez contacter votre assureur.<\/td>\n<td><em>Probl\u00e8me dans l&rsquo;analyse du flux chez l&rsquo;assureur.<\/em><\/td>\n<\/tr>\n<tr role=\"row\">\n<td>Traitement PEC impossible : &#8230;<\/td>\n<td><em>&#8211; Le login ou le mot de passe AREA sont mal renseign\u00e9s. Veuillez nous contacter.<br \/>&#8211; Le FINESS est mal renseign\u00e9.<br \/>&#8211; La mutuelle destinataire a un probl\u00e8me technique. R\u00e9essayer le lendemain.<br \/>&#8211; Le num\u00e9ro SIRET doit \u00eatre sur 14 chiffres : pas d&rsquo;espace ni de tiret.<br \/>&#8211; Probl\u00e8me au niveau des renseignements fabricant, monture, nez etc..<\/em><\/td>\n<\/tr>\n<tr role=\"row\">\n<td>Taux RO saisi diff\u00e9rent du taux de base.<\/td>\n<td><em>Le taux de remboursement est incorrect..<\/em><\/td>\n<\/tr>\n<tr role=\"row\">\n<td>&#8211; Service ferm\u00e9 pour l&rsquo;opticien ou service ferm\u00e9. L&rsquo;acc\u00e8s au portail PEC Almerys n&rsquo;est pas autoris\u00e9.<br \/>&#8211; Le service PEC n&rsquo;a pas \u00e9t\u00e9 souscrit par l&rsquo;OC.<\/td>\n<td><em>&#8211; Message envoy\u00e9 par la mutuelle, \u00e0 relancer le lendemain.<br \/>&#8211; Le PS n&rsquo;a pas saisi son email.<br \/>&#8211; Le PS n&rsquo;a pas saisi le m\u00eame email que lors de son inscription.<br \/>&#8211; Le param\u00e9trage du logiciel PS stipule que l&#8217;email n&rsquo;est pas envoy\u00e9 dans le flux. &#8211; T\u00e9l\u00e9phonez \u00e0 la mutuelle.<br \/>&#8211; La convention entre vous et la mutuelle est en cours soit est \u00e0 faire.<\/em><\/td>\n<\/tr>\n<tr role=\"row\">\n<td>&#8211; Service CBTP indisponible.<br \/>&#8211; Probl\u00e8me technique d&rsquo;acc\u00e8s aux donn\u00e9es.<br \/>&#8211; Erreur du serveur distant.<br \/>&#8211; Pour des raisons techniques (XX), votre PEC ne peut aboutir.<br \/>&#8211; Pour des raisons d&rsquo;ordre administratif, nous ne pouvons \u00e9mettre de PEC&#8230;<br \/>&#8211; Votre demande n&rsquo;a pas pu aboutir.<br \/>&#8211; CB-PEC a constat\u00e9 une autre erreur technique.<\/td>\n<td><em>Le serveur de la mutuelle n&rsquo;est pas disponible, r\u00e9essayez plus tard.<\/em><\/td>\n<\/tr>\n<tr role=\"row\">\n<td>Num\u00e9ro prescripteur non valide.<\/td>\n<td><em>V\u00e9rifiez si le num\u00e9ro est bien sur 9 chiffres.<\/em><\/td>\n<\/tr>\n<tr role=\"row\">\n<td>Num\u00e9ro de destinataire \u00ab\u00a0non conforme\u00a0\u00bb.<\/td>\n<td><em>La r\u00e9f\u00e9rence de dossier AMC est absente ou incorrecte.<\/em><\/td>\n<\/tr>\n<tr role=\"row\">\n<td>Les verres ne sont pas pr\u00e9vus pour cette correction.<\/td>\n<td><em>&#8211; Faire la demande par fax pour les grandes corrections.<br \/>&#8211; Utiliser le mod\u00e8le de fax fourni sur le portail Web de Carte Blanche.<\/em><\/td>\n<\/tr>\n<\/tbody>\n<\/table>\n<table id=\"tablepress-1\" role=\"grid\" aria-describedby=\"tablepress-1_info\">\n<tbody>\n<tr role=\"row\">\n<td>&#8211; Le num\u00e9ro ADELI\/FINESS n&rsquo;est pas accr\u00e9dit\u00e9.<br \/>&#8211; Le service OptoAMC n&rsquo;est autoris\u00e9 que pour les PS autoris\u00e9s.<\/td>\n<td><em>&#8211; V\u00e9rifier votre convention avec la mutuelle.<br \/>&#8211; Vous n&rsquo;avez pas de convention avec la mutuelle. Il faut la pr\u00e9venir que vous faites des PEC \u00e9lectroniques.<\/em><\/td>\n<\/tr>\n<tr role=\"row\">\n<td>Le contr\u00f4le de l&rsquo;\u00e2ge et du code LPP a \u00e9chou\u00e9 (b\u00e9n\u00e9ficaire inconnu ou non trouv\u00e9)<\/td>\n<td><em>G\u00e9n\u00e9ralement le client est un enfant : bien v\u00e9rifier si il est assur\u00e9 par son p\u00e8re ou sa m\u00e8re \u00e0 la mutuelle.<\/em><\/td>\n<\/tr>\n<tr role=\"row\">\n<td>&#8211; La vision de la lentille de l&rsquo;\u00e9quipement optique pour la r\u00e9f\u00e9rence liaison 1 est obligatoire.<br \/>&#8211; Le code LPP de l&rsquo;\u00e9quipement optique pour la r\u00e9f\u00e9rence liaison 1 est obligatoire.<br \/>&#8211; Fabricant \u00e9quipement pour le code liaison XXX est requis ou fabricant de l&rsquo;\u00e9quipement optique pour la r\u00e9f\u00e9rence liaison XXX est obligatoire ou encore un seul ID \u00e9quipement pour le code liaison XXX.<\/td>\n<td><em>&#8211; Dans la cat\u00e9gorie \u00ab\u00a0lentille\u00a0\u00bb, il manque le type de vision.<br \/>&#8211; Il manque un code LPP dans la fiche client.<br \/>&#8211; Probl\u00e8me sur le catalogue choisi : le mettre \u00e0 jour, si il est \u00e0 jour contactez la mutuelle.<\/em><\/td>\n<\/tr>\n<tr role=\"row\">\n<td>&#8211; La prise en charge demand\u00e9e ne peut \u00eatre accord\u00e9e.<br \/>&#8211; L&rsquo;inscription de cette personne est soumise \u00e0 un d\u00e9lai d&rsquo;attente en cours, ce qui ne permet pas la PEC.<br \/>&#8211; Demande de prise en charge refus\u00e9e : droits non ouverts.<\/td>\n<td><em>&#8211; Demandez \u00e0 l&rsquo;assur\u00e9 de contacter l&rsquo;assureur afin de v\u00e9rifier si son contrat est valide.<br \/>&#8211; Le b\u00e9n\u00e9ficiaire n&rsquo;a pas encore de droit ouvert car il y a un d\u00e9lai d&rsquo;adh\u00e9sion minimum.<\/em><\/td>\n<\/tr>\n<tr role=\"row\">\n<td>&#8211; La date de prescription est sup\u00e9rieure \u00e0 36 mois ou \u00e0 12 mois\u2026<br \/>&#8211; La date d&rsquo;ordonnance est sup\u00e9rieure \u00e0 la date du jour.<\/td>\n<td><em>La date d&rsquo;ordonnance est erron\u00e9e.<\/em><\/td>\n<\/tr>\n<tr role=\"row\">\n<td>&#8211; Information manquante dans le message.<br \/>&#8211; Information manquante ou erron\u00e9e : identit\u00e9 ADELI incorrecte.<\/td>\n<td><em>&#8211; Le num\u00e9ro d&rsquo;adh\u00e9rent de la mutuelle n&rsquo;a pas 8 caract\u00e8res ou vous avez oubli\u00e9 de le renseigner ou il est erron\u00e9.<br \/>&#8211; Erreur sur le num\u00e9ro FINESS ou ce num\u00e9ro est faux.<\/em><\/td>\n<\/tr>\n<tr role=\"row\">\n<td>&#8211; Fabricant \u00e9quipement pour le code liaison XXXXX est requis ou fabricant de l&rsquo;\u00e9quipement optique pour la r\u00e9f\u00e9rence liaison XXXXX est obligatoire ou encore un seul ID \u00e9quipement pour le code liaison XXXXX est requis.<br \/>&#8211; Verre ou lentille non r\u00e9f\u00e9renc\u00e9 ou code EDI erron\u00e9.<br \/>&#8211; Verres ou lentilles propos\u00e9s incoh\u00e9rents.<\/td>\n<td><em>Bug au niveau du catalogue verre ou lentille : mettre \u00e0 jour vos catalogues sinon, contactez la mutuelle.<\/em><\/td>\n<\/tr>\n<tr role=\"row\">\n<td>Erreur m\u00e9tier, demande mal format\u00e9e. java.lang. StringIndexOutOfBoundsException<\/td>\n<td><em>Le num\u00e9ro SS transmis est incorrect : v\u00e9rifier qu&rsquo;il contient bien 13+2 chiffres.<\/em><\/td>\n<\/tr>\n<tr role=\"row\">\n<td>Erreur m\u00e9tier, demande mal format\u00e9e. java.lang. NullPointerException<\/td>\n<td><em>C&rsquo;est une erreur m\u00e9tier ou bien une demande mal format\u00e9e. L\u2019erreur est du c\u00f4t\u00e9 de la mutuelle. Essayez de relancer.<\/em><\/td>\n<\/tr>\n<tr role=\"row\">\n<td>&#8211; Demande non conforme avec la grille tarifaire.<br \/>&#8211; D\u00e9passement grille tarifaire.<br \/>&#8211; Le montant de l&rsquo;option ne respecte pas l&rsquo;accord tarifaire.<br \/>&#8211; Le montant global du verre ou de la lentille ne respecte pas l&rsquo;accord tarifaire.<br \/>&#8211; Non-respect des accords tarifaires, veuillez v\u00e9rifier vos tarifs.<\/td>\n<\/tr>\n<\/tbody>\n<\/table>\n<table id=\"tablepress-1\" role=\"grid\" aria-describedby=\"tablepress-1_info\">\n<tbody>\n<tr role=\"row\">\n<td>Cette m\u00eame requ\u00eate est d\u00e9j\u00e0 en cours d\u2019ex\u00e9cution.<\/td>\n<td><em>T\u00e9l\u00e9phonez \u00e0 la mutuelle car c&rsquo;est une erreur de leur part.<br \/><\/em><\/td>\n<\/tr>\n<tr role=\"row\">\n<td>&#8211; Cas non traitable dans CBPEC. Veuillez contacter l&rsquo;assureur pour r\u00e9aliser la prise en charge.<br \/>&#8211; Cas sp\u00e9cifique \u00e0 \u00e9tudier pour opticien Carte Blanche Partenaires.<\/td>\n<td><em>T\u00e9l\u00e9phonez ou faxez \u00e0 la mutuelle car le traitement est impossible.<\/em><\/td>\n<\/tr>\n<tr role=\"row\">\n<td>Cadre d&rsquo;exercice inconnu.<\/td>\n<td><em>Param\u00e9trage du num\u00e9ro FINESS, num\u00e9ro ADELI mis \u00e0 la place du FINESS, ou incoh\u00e9rence FINESS\/SIRET.<\/em><\/td>\n<\/tr>\n<tr role=\"row\">\n<td>&#8211; Aucun b\u00e9n\u00e9ficiaire trouv\u00e9.<br \/>&#8211; B\u00e9n\u00e9ficiaire inconnu.<br \/>&#8211; Les crit\u00e8res saisis ne permettent pas d&rsquo;identifier le b\u00e9n\u00e9ficiaire.<br \/>&#8211; Erreur pendant la recherche b\u00e9n\u00e9ficiaire.<br \/>&#8211; Erreur de saisie.<br \/>&#8211; Erreur d&rsquo;identification de l&rsquo;assur\u00e9 social ou assur\u00e9 social inconnu.<br \/>&#8211; Erreur d\u2019identification du b\u00e9n\u00e9ficiaire ou b\u00e9n\u00e9ficiaire inconnu.<br \/>&#8211; Erreur m\u00e9tier, demande mal format\u00e9e.<br \/>&#8211; Le contr\u00f4le de l&rsquo;\u00e2ge et du code LPP a \u00e9chou\u00e9.<br \/>&#8211; Le num\u00e9ro SS de l&rsquo;ouvrant droits est obligatoire.<\/td>\n<td><em>&#8211; V\u00e9rifiez que le nom, pr\u00e9nom, num\u00e9ro SS, date de naissance du client sont identiques dans votre fiche et sur la carte d&rsquo;adh\u00e9rent (carte mutuelle). V\u00e9rifiez aussi le nom de l&rsquo;adh\u00e9rent principal sur la carte mutuelle.<br \/>&#8211; Il manque le num\u00e9ro d&rsquo;adh\u00e9rent.<br \/>&#8211; L&rsquo;adh\u00e9rent n&rsquo;est pas trouv\u00e9 dans la base de donn\u00e9es de la mutuelle.<br \/>&#8211; Le num\u00e9ro SS est incorrect : v\u00e9rifiez qu&rsquo;il soit sur 13+2 chiffres.<br \/>&#8211; L&rsquo;erreur vient de la mutuelle, r\u00e9essayez plus tard.<br \/>&#8211; Voir aussi votre code RC, CRAM, DASS ou le m\u00e9decin ou mauvaise mutuelle.<\/em><\/td>\n<\/tr>\n<tr role=\"row\">\n<td>Annulation interdite.<\/td>\n<td><em>La mutuelle n\u2019autorise pas les annulations.<\/em><\/td>\n<\/tr>\n<tr role=\"row\">\n<td>Analyse par la mutuelle (lentille ou verre non r\u00e9f\u00e9renc\u00e9(e)), r\u00e9ponse \u00e0 consulter dans CBPEC sous 48h.<\/td>\n<td><em>&#8211; La mutuelle ne connait pas cette lentille ou ce verre la PEC est en cours de traitement.<br \/>&#8211; Choix de la lentille ou du verre hors grille tarifaire Carte Blanche, visualisez l&rsquo;\u00e9tat dans les prochains jours pour obtenir la r\u00e9ponse d\u00e9finitive. Autrement annulez la demande et choisir une autre lentille ou verre.<\/em><\/td>\n<\/tr>\n<tr role=\"row\">\n<td>&#8211; Acc\u00e8s au portail pas autoris\u00e9.<br \/>&#8211; Le num\u00e9ro assureur (XXXXXX) n&rsquo;est pas connu.<\/td>\n<td><em>Erreur de choix dans la liste des mutuelles entre deux : par exemple : LMG ALMERYS ou LMG CARTE BLANCHE<\/em><\/td>\n<\/tr>\n<\/tbody>\n<\/table>\n<p>\u00a0<\/p>\n","protected":false},"excerpt":{"rendered":"<p>MESSAGES RE\u00c7US SUR PROOPTIC &gt;&gt; CORRECTIONS A APPORTER &#8211; Vous n&rsquo;avez plus l&rsquo;autorisation de faire de demandes pour ce b\u00e9n\u00e9ficiaire.&#8211; Le b\u00e9n\u00e9ficiaire des soins a d\u00e9j\u00e0 b\u00e9n\u00e9fici\u00e9 d&rsquo;une prise en charge.&#8211; Le nombre de demandes pour ce b\u00e9n\u00e9ficiaire est atteint : veuillez r\u00e9it\u00e9rer votre demande dans plusieurs jours.&#8211; Une prise en charge est d\u00e9j\u00e0 en &hellip; <a href=\"https:\/\/prooptic.axess.fr\/?page_id=181\" class=\"more-link\">Continuer la lecture de <span class=\"screen-reader-text\">Messages de retour PEC<\/span><\/a><\/p>\n","protected":false},"author":1,"featured_media":0,"parent":141,"menu_order":0,"comment_status":"closed","ping_status":"open","template":"","meta":[],"_links":{"self":[{"href":"https:\/\/prooptic.axess.fr\/index.php?rest_route=\/wp\/v2\/pages\/181"}],"collection":[{"href":"https:\/\/prooptic.axess.fr\/index.php?rest_route=\/wp\/v2\/pages"}],"about":[{"href":"https:\/\/prooptic.axess.fr\/index.php?rest_route=\/wp\/v2\/types\/page"}],"author":[{"embeddable":true,"href":"https:\/\/prooptic.axess.fr\/index.php?rest_route=\/wp\/v2\/users\/1"}],"replies":[{"embeddable":true,"href":"https:\/\/prooptic.axess.fr\/index.php?rest_route=%2Fwp%2Fv2%2Fcomments&post=181"}],"version-history":[{"count":0,"href":"https:\/\/prooptic.axess.fr\/index.php?rest_route=\/wp\/v2\/pages\/181\/revisions"}],"up":[{"embeddable":true,"href":"https:\/\/prooptic.axess.fr\/index.php?rest_route=\/wp\/v2\/pages\/141"}],"wp:attachment":[{"href":"https:\/\/prooptic.axess.fr\/index.php?rest_route=%2Fwp%2Fv2%2Fmedia&parent=181"}],"curies":[{"name":"wp","href":"https:\/\/api.w.org\/{rel}","templated":true}]}}