{"id":1828,"date":"2017-02-21T16:16:04","date_gmt":"2017-02-21T15:16:04","guid":{"rendered":"http:\/\/www.prooptic-idm.com\/wiki\/wiki15\/?page_id=1828"},"modified":"2017-02-21T16:16:04","modified_gmt":"2017-02-21T15:16:04","slug":"decloturer","status":"publish","type":"page","link":"https:\/\/prooptic.axess.fr\/?page_id=1828","title":{"rendered":"D\u00e9cloturer"},"content":{"rendered":"<p>Il est possible que par erreur, la caisse du jour soit valid\u00e9e et emp\u00eache les encaissements d&rsquo;\u00eatre r\u00e9alis\u00e9s.\u00a0<\/p>\n<p>Pour d\u00e9cloturer la caisse du jour, il suffit de se rendre sur l&rsquo;<strong><em>onglet Caisse<\/em><\/strong> puis le <strong><em>bouton D\u00e9cloture<\/em><em>r<\/em><\/strong> :<\/p>\n<p><img decoding=\"async\" loading=\"lazy\" src=\"http:\/\/prooptic.axess.fr\/wp-content\/uploads\/2017\/02\/menu-decloturer.png\" alt=\"\" width=\"800\" height=\"116\" \/><\/p>\n<p>Le <strong><em>bouton Caisse<\/em><\/strong> sera de nouveau accessible :<\/p>\n<p><img decoding=\"async\" loading=\"lazy\" src=\"http:\/\/prooptic.axess.fr\/wp-content\/uploads\/2017\/02\/menu-caisse-declot.png\" alt=\"\" width=\"602\" height=\"155\" \/><\/p>\n<p>\u00a0<\/p>\n","protected":false},"excerpt":{"rendered":"<p>Il est possible que par erreur, la caisse du jour soit valid\u00e9e et emp\u00eache les encaissements d&rsquo;\u00eatre r\u00e9alis\u00e9s.\u00a0 Pour d\u00e9cloturer la caisse du jour, il suffit de se rendre sur l&rsquo;onglet Caisse puis le bouton D\u00e9cloturer : Le bouton Caisse sera de nouveau accessible : \u00a0<\/p>\n","protected":false},"author":1,"featured_media":0,"parent":0,"menu_order":0,"comment_status":"closed","ping_status":"closed","template":"","meta":[],"_links":{"self":[{"href":"https:\/\/prooptic.axess.fr\/index.php?rest_route=\/wp\/v2\/pages\/1828"}],"collection":[{"href":"https:\/\/prooptic.axess.fr\/index.php?rest_route=\/wp\/v2\/pages"}],"about":[{"href":"https:\/\/prooptic.axess.fr\/index.php?rest_route=\/wp\/v2\/types\/page"}],"author":[{"embeddable":true,"href":"https:\/\/prooptic.axess.fr\/index.php?rest_route=\/wp\/v2\/users\/1"}],"replies":[{"embeddable":true,"href":"https:\/\/prooptic.axess.fr\/index.php?rest_route=%2Fwp%2Fv2%2Fcomments&post=1828"}],"version-history":[{"count":0,"href":"https:\/\/prooptic.axess.fr\/index.php?rest_route=\/wp\/v2\/pages\/1828\/revisions"}],"wp:attachment":[{"href":"https:\/\/prooptic.axess.fr\/index.php?rest_route=%2Fwp%2Fv2%2Fmedia&parent=1828"}],"curies":[{"name":"wp","href":"https:\/\/api.w.org\/{rel}","templated":true}]}}