{"id":1835,"date":"2017-02-22T11:01:09","date_gmt":"2017-02-22T10:01:09","guid":{"rendered":"http:\/\/www.prooptic-idm.com\/wiki\/wiki15\/?page_id=1835"},"modified":"2017-02-22T11:01:09","modified_gmt":"2017-02-22T10:01:09","slug":"fusionner-2-fiches-clients","status":"publish","type":"page","link":"https:\/\/prooptic.axess.fr\/?page_id=1835","title":{"rendered":"Fusionner 2 fiches clients"},"content":{"rendered":"<p style=\"text-align: justify;\">Il se peut que dans votre base de donn\u00e9es il y est deux r\u00e9f\u00e9rences pour le m\u00eame client (doublon).<\/p>\n<p style=\"text-align: justify;\">Par exemple, on peut avoir d&rsquo;un cot\u00e9, des informations S\u00e9curit\u00e9 Sociale et d&rsquo;un autre cot\u00e9, avoir cr\u00e9e une fiche lunette.<\/p>\n<p style=\"text-align: justify;\">Il est alors possible de <strong><em>regrouper ces informations sur une seule et m\u00eame fiche client<\/em><\/strong>.<\/p>\n<p style=\"text-align: justify;\">Il faut se rendre sur l&rsquo;<strong><em>onglet Outils<\/em><\/strong> puis <strong><em>Copie de deux fiches clients<\/em><\/strong> :<\/p>\n<p style=\"text-align: justify;\"><img decoding=\"async\" loading=\"lazy\" src=\"http:\/\/prooptic.axess.fr\/wp-content\/uploads\/2017\/02\/menu-fusion.png\" alt=\"\" width=\"800\" height=\"138\" \/><\/p>\n<p style=\"text-align: justify;\">L&rsquo;affichage propose ensuite de <strong><em>d\u00e9finir la premi\u00e8re fiche<\/em><\/strong> (qui va \u00eatre amen\u00e9e \u00e0 dispara\u00eetre) pour <strong><em>copier les donn\u00e9es sur la seconde fiche<\/em><\/strong> (qui elle va rester en ayant les donn\u00e9es compl\u00e9t\u00e9es par la premi\u00e8re) :\u00a0<\/p>\n<p style=\"text-align: justify;\"><img decoding=\"async\" loading=\"lazy\" src=\"http:\/\/prooptic.axess.fr\/wp-content\/uploads\/2017\/02\/menu-fusion-a-b.png\" alt=\"\" width=\"697\" height=\"234\" \/><\/p>\n","protected":false},"excerpt":{"rendered":"<p>Il se peut que dans votre base de donn\u00e9es il y est deux r\u00e9f\u00e9rences pour le m\u00eame client (doublon). Par exemple, on peut avoir d&rsquo;un cot\u00e9, des informations S\u00e9curit\u00e9 Sociale et d&rsquo;un autre cot\u00e9, avoir cr\u00e9e une fiche lunette. Il est alors possible de regrouper ces informations sur une seule et m\u00eame fiche client. Il &hellip; <a href=\"https:\/\/prooptic.axess.fr\/?page_id=1835\" class=\"more-link\">Continuer la lecture de <span class=\"screen-reader-text\">Fusionner 2 fiches clients<\/span><\/a><\/p>\n","protected":false},"author":1,"featured_media":0,"parent":0,"menu_order":0,"comment_status":"closed","ping_status":"closed","template":"","meta":[],"_links":{"self":[{"href":"https:\/\/prooptic.axess.fr\/index.php?rest_route=\/wp\/v2\/pages\/1835"}],"collection":[{"href":"https:\/\/prooptic.axess.fr\/index.php?rest_route=\/wp\/v2\/pages"}],"about":[{"href":"https:\/\/prooptic.axess.fr\/index.php?rest_route=\/wp\/v2\/types\/page"}],"author":[{"embeddable":true,"href":"https:\/\/prooptic.axess.fr\/index.php?rest_route=\/wp\/v2\/users\/1"}],"replies":[{"embeddable":true,"href":"https:\/\/prooptic.axess.fr\/index.php?rest_route=%2Fwp%2Fv2%2Fcomments&post=1835"}],"version-history":[{"count":0,"href":"https:\/\/prooptic.axess.fr\/index.php?rest_route=\/wp\/v2\/pages\/1835\/revisions"}],"wp:attachment":[{"href":"https:\/\/prooptic.axess.fr\/index.php?rest_route=%2Fwp%2Fv2%2Fmedia&parent=1835"}],"curies":[{"name":"wp","href":"https:\/\/api.w.org\/{rel}","templated":true}]}}