{"id":1857,"date":"2017-03-22T14:45:21","date_gmt":"2017-03-22T13:45:21","guid":{"rendered":"http:\/\/www.prooptic-idm.com\/wiki\/wiki15\/?page_id=1857"},"modified":"2017-03-22T14:45:21","modified_gmt":"2017-03-22T13:45:21","slug":"export-comptable","status":"publish","type":"page","link":"https:\/\/prooptic.axess.fr\/?page_id=1857","title":{"rendered":"Export Comptable"},"content":{"rendered":"<p style=\"text-align: justify;\">Le logiciel IDM Optic permet d\u2019<strong><em>exporter les \u00e9l\u00e9ments de la caisse<\/em><\/strong> dans le but de les int\u00e9grer dans un logiciel de comptabilit\u00e9.<\/p>\n<p style=\"text-align: justify;\">Il faut pour cela param\u00e9trer le logiciel et lui <strong><em>associer les diff\u00e9rents comptes comptables et journaux<\/em><\/strong> que vous utilisez dans votre logiciel de comptabilit\u00e9.\u00a0<\/p>\n<h2 style=\"text-align: justify;\">I. Cr\u00e9ation des comptes comptables<\/h2>\n<p style=\"text-align: justify;\">Dans l\u2019<strong><em>onglet R\u00e9glages logiciel <\/em><\/strong>s\u00e9lectionnez <strong><em>Comptes<\/em><\/strong> pour ouvrir la liste des comptes :<img decoding=\"async\" loading=\"lazy\" src=\"http:\/\/prooptic.axess.fr\/wp-content\/uploads\/2020\/07\/reglages-comptes-export-comptable.png\" alt=\"\" width=\"938\" height=\"140\" \/><\/p>\n<p style=\"text-align: justify;\"><img decoding=\"async\" loading=\"lazy\" src=\"http:\/\/prooptic.axess.fr\/wp-content\/uploads\/2017\/03\/fenetre-comptes.png\" alt=\"\" width=\"537\" height=\"781\" \/>Cliquez sur le <strong><em>bouton Ajouter<\/em><\/strong> pour renseigner chacun de vos comptes comptables\u00a0dans la liste (Client, TVA, Vente, Banque, Remises\u2026) :<img decoding=\"async\" loading=\"lazy\" src=\"http:\/\/prooptic.axess.fr\/wp-content\/uploads\/2017\/03\/ajout-comptes.png\" alt=\"\" width=\"621\" height=\"582\" \/><\/p>\n<h2 style=\"text-align: justify;\">II. Association des comptes comptables<\/h2>\n<p style=\"text-align: justify;\">Dans l\u2019<strong><em>onglet Caisse<\/em><\/strong> s\u00e9lectionnez <strong><em>G\u00e9n\u00e9raux<\/em><\/strong> :<\/p>\n<p style=\"text-align: justify;\"><img decoding=\"async\" loading=\"lazy\" src=\"http:\/\/prooptic.axess.fr\/wp-content\/uploads\/2017\/03\/menu-generaux-caisse.png\" alt=\"\" width=\"1018\" height=\"119\" \/>Cliquez ensuite sur l\u2019<strong><em>onglet Comptabilit\u00e9 \/ Mode<\/em><\/strong> :<img decoding=\"async\" loading=\"lazy\" src=\"http:\/\/prooptic.axess.fr\/wp-content\/uploads\/2018\/06\/param-caisse-1030x774.png\" alt=\"\" width=\"734\" height=\"552\" \/><\/p>\n<p style=\"text-align: justify;\">Vous allez pouvoir renseigner ici vos <strong><em>diff\u00e9rents codes journaux (vente, caisse, banque)<\/em><\/strong> ainsi que les comptes Client par d\u00e9faut, Compte client pour les ventes en l\u2019\u00e9tat et compte d\u2019acompte.<\/p>\n<table style=\"height: 213px; width: 100%; border-collapse: collapse; border-style: solid;\" border=\"5\">\n<tbody>\n<tr style=\"height: 213px;\">\n<td style=\"width: 100%; height: 213px;\">\n<p><img decoding=\"async\" loading=\"lazy\" src=\"http:\/\/prooptic.axess.fr\/wp-content\/uploads\/2018\/06\/code-client-auto.png\" alt=\"\" width=\"779\" height=\"91\" \/><\/p>\n<p>Il est possible de g\u00e9n\u00e9rer automatiquement un compte client dans votre journal en sp\u00e9cifiant \u00e9ventuellement un pr\u00e9fixe qui sera concat\u00e9n\u00e9 \u00e0 la (ou aux) premi\u00e8re(s) lettre(s) du nom du client.<\/p>\n<\/td>\n<\/tr>\n<\/tbody>\n<\/table>\n<table style=\"border-collapse: collapse; width: 100%;\" border=\"1\">\n<tbody>\n<tr>\n<td style=\"width: 100%;\">\n<p><img decoding=\"async\" loading=\"lazy\" src=\"http:\/\/prooptic.axess.fr\/wp-content\/uploads\/2018\/06\/repart-compte-tp-export-compt.png\" alt=\"\" width=\"412\" height=\"111\" \/><\/p>\n<p>Vous pouvez r\u00e9partir les comptes tiers en 3 (compte tiers\/compte AMO\/compte AMC). Il faut alors renseigner les compte AMO et AMC \u00e0 utiliser.<\/p>\n<\/td>\n<\/tr>\n<\/tbody>\n<\/table>\n<table style=\"border-collapse: collapse; width: 100%;\" border=\"1\">\n<tbody>\n<tr>\n<td style=\"width: 100%;\">\n<p><img decoding=\"async\" loading=\"lazy\" src=\"http:\/\/prooptic.axess.fr\/wp-content\/uploads\/2018\/06\/rgpd-export-comptable.png\" alt=\"\" width=\"597\" height=\"50\" \/><\/p>\n<p>Dans le cadre des normes RGPD (protection des donn\u00e9es), vous pouvez choisir le mode de s\u00e9curisation \u00e0 utiliser.<\/p>\n<\/td>\n<\/tr>\n<\/tbody>\n<\/table>\n<p style=\"text-align: justify;\"><img decoding=\"async\" loading=\"lazy\" src=\"http:\/\/prooptic.axess.fr\/wp-content\/uploads\/2017\/03\/coche-detail-rem.png\" alt=\"\" width=\"241\" height=\"16\" \/><\/p>\n<p style=\"text-align: justify;\">=&gt; Si cette option est coch\u00e9e, les remises appliqu\u00e9es \u00e0 une vente seront attribu\u00e9es \u00e0 un compte de remise (sinon c\u2019est le prix remis\u00e9 qui sera renseign\u00e9 dans le compte de vente)<\/p>\n<p style=\"text-align: justify;\"><img decoding=\"async\" loading=\"lazy\" src=\"http:\/\/prooptic.axess.fr\/wp-content\/uploads\/2017\/03\/coche-regroup-ventes.png\" alt=\"\" width=\"292\" height=\"17\" \/>=&gt; Si cette option est coch\u00e9e, les lignes de caisses dont le montant est inf\u00e9rieur \u00e0 76 \u20ac\u00a0seront regroup\u00e9es en une seule ligne d\u2019\u00e9criture.<\/p>\n<p style=\"text-align: justify;\"><img decoding=\"async\" loading=\"lazy\" src=\"http:\/\/prooptic.axess.fr\/wp-content\/uploads\/2017\/03\/coche-gen-un-journ.png\" alt=\"\" width=\"133\" height=\"17\" \/>=&gt; Si cette option est coch\u00e9e, le logiciel g\u00e9n\u00e9rera un seul journal sinon vous pourrez visualiser chacun de vos journaux s\u00e9par\u00e9ment (ventes, caisse, banque).<\/p>\n<p style=\"text-align: justify;\"><img decoding=\"async\" loading=\"lazy\" src=\"http:\/\/prooptic.axess.fr\/wp-content\/uploads\/2017\/03\/coche-gen-un-fichier.png\" alt=\"\" width=\"128\" height=\"19\" \/>=&gt; Si cette option est coch\u00e9e, lors de l\u2019export des donn\u00e9es, le logiciel cr\u00e9era un seul fichier Excel, dans le cas contraire, 3 fichiers seront g\u00e9n\u00e9r\u00e9s.<\/p>\n<p style=\"text-align: justify;\">S\u00e9lectionnez ensuite <em><strong>Ventilations<\/strong><\/em> dans l\u2019<strong><em>onglet Caisse<\/em><\/strong> :\u00a0<br \/><img decoding=\"async\" loading=\"lazy\" src=\"http:\/\/prooptic.axess.fr\/wp-content\/uploads\/2021\/07\/Caisse-Ventilations-700x172.png\" alt=\"\" width=\"700\" height=\"172\" \/><\/p>\n<p style=\"text-align: justify;\"><img decoding=\"async\" loading=\"lazy\" src=\"http:\/\/prooptic.axess.fr\/wp-content\/uploads\/2017\/03\/modif-rayon-comptes.png\" alt=\"\" width=\"571\" height=\"573\" \/>\u00a0\u00a0\u00a0\u00a0\u00a0\u00a0\u00a0\u00a0<\/p>\n<p style=\"text-align: justify;\">Vous allez pouvoir associer dans cette fen\u00eatre le compte comptable correspondant \u00e0 chacun des diff\u00e9rents rayons existants dans votre logiciel.<\/p>\n<p style=\"text-align: justify;\">De plus, si vous avez coch\u00e9 <img decoding=\"async\" loading=\"lazy\" src=\"http:\/\/prooptic.axess.fr\/wp-content\/uploads\/2017\/03\/coche-detail-rem-journ.png\" alt=\"\" width=\"241\" height=\"16\" \/>dans l\u2019<strong><em>onglet G\u00e9n\u00e9raux<\/em><\/strong> du <strong><em>menu Caisse<\/em><\/strong>, vous devez sp\u00e9cifier un compte de remise.<\/p>\n<p style=\"text-align: justify;\">S\u00e9lectionnez ensuite <strong><em>Modes de r\u00e8glements<\/em><\/strong> dans l\u2019<strong><em>onglet Caisse<\/em><\/strong> :<img decoding=\"async\" loading=\"lazy\" src=\"http:\/\/prooptic.axess.fr\/wp-content\/uploads\/2017\/03\/menu-mode-reglements.png\" alt=\"\" width=\"1019\" height=\"117\" \/>\u00a0\u00a0\u00a0\u00a0\u00a0\u00a0\u00a0\u00a0<img decoding=\"async\" loading=\"lazy\" src=\"http:\/\/prooptic.axess.fr\/wp-content\/uploads\/2017\/03\/num-compte-reglmt.png\" alt=\"\" width=\"679\" height=\"719\" \/><\/p>\n<p style=\"text-align: justify;\">Vous allez pouvoir associer dans cette fen\u00eatre le compte comptable correspondant \u00e0 chacun des modes de r\u00e8glements.<\/p>\n<p style=\"text-align: justify;\">S\u00e9lectionnez ensuite <em><strong>TVA<\/strong> <\/em>dans l\u2019<strong><em>onglet Param\u00e8tres<\/em><\/strong> :<img decoding=\"async\" loading=\"lazy\" src=\"http:\/\/prooptic.axess.fr\/wp-content\/uploads\/2017\/03\/menu-tva.png\" alt=\"\" width=\"879\" height=\"123\" \/><\/p>\n<p style=\"text-align: justify;\"><img decoding=\"async\" loading=\"lazy\" src=\"http:\/\/prooptic.axess.fr\/wp-content\/uploads\/2017\/03\/menu-compte-tva.png\" alt=\"\" width=\"527\" height=\"629\" \/>Vous allez pouvoir associer dans cette fen\u00eatre le compte comptable correspondant \u00e0 chacun des taux de TVA.<\/p>\n<h2 style=\"text-align: justify;\">III. Export des donn\u00e9es<\/h2>\n<p style=\"text-align: justify;\">Dans l\u2019<strong><em>onglet Caisse<\/em><\/strong> s\u00e9lectionnez <strong><em>Divers<\/em> <\/strong>puis <strong><em>Journal Comptable<\/em><\/strong> :<img decoding=\"async\" loading=\"lazy\" src=\"http:\/\/www.prooptic-idm.com\/wiki\/wp-content\/uploads\/sites\/3\/2017\/03\/menu-journ-compta-1030x559.png\" alt=\"\" width=\"734\" height=\"398\" \/><\/p>\n<p style=\"text-align: justify;\"><img decoding=\"async\" loading=\"lazy\" src=\"http:\/\/www.prooptic-idm.com\/wiki\/wp-content\/uploads\/sites\/3\/2017\/03\/fenetre-compta-1030x778.png\" alt=\"\" width=\"734\" height=\"554\" \/>Dans le cas ou certaines lignes apparaissent en rouge, cela signifie qu\u2019il manque une association \u00e0 un compte comptable sur la ligne concern\u00e9e.<\/p>\n<p style=\"text-align: justify;\">Tant qu\u2019il reste des lignes surlign\u00e9es en rouge, il est impossible de lancer l\u2019export.<\/p>\n<p style=\"text-align: justify;\">Lorsque vous n\u2019avez plus de ligne surlign\u00e9e en rouge, le <strong><em>bouton Exporter les \u00e9critures<\/em><\/strong> devient alors accessible et lorsque vous cliquez dessus vous pourrez sp\u00e9cifier l\u2019emplacement d\u2019export de vos fichiers.<\/p>\n<p style=\"text-align: justify;\">De plus, si vous avez renseign\u00e9\u00a0l\u2019adresse mail de votre comptable dans les param\u00e8tres de votre magasin, l\u2019option <img decoding=\"async\" loading=\"lazy\" src=\"http:\/\/prooptic.axess.fr\/wp-content\/uploads\/2017\/03\/coche-mail-comtpable.png\" alt=\"\" width=\"97\" height=\"28\" \/>\u00a0appara\u00eetra et vous pouvez \u00e9galement envoyer vos fichiers par mail :<img decoding=\"async\" loading=\"lazy\" src=\"http:\/\/prooptic.axess.fr\/wp-content\/uploads\/2017\/03\/menu-rech-dossier.png\" alt=\"\" width=\"363\" height=\"310\" \/>Apr\u00e8s avoir valid\u00e9 par OK, une nouvelle fen\u00eatre s\u2019ouvre et vous affichera les fichiers g\u00e9n\u00e9r\u00e9s :<img decoding=\"async\" loading=\"lazy\" src=\"http:\/\/prooptic.axess.fr\/wp-content\/uploads\/2017\/03\/menu-dossiers-gene-compta.png\" alt=\"\" width=\"583\" height=\"527\" \/>Dans le cas o\u00f9 vous avez coch\u00e9 <img decoding=\"async\" loading=\"lazy\" src=\"http:\/\/prooptic.axess.fr\/wp-content\/uploads\/2017\/03\/coche-mail-comtpable.png\" alt=\"\" width=\"97\" height=\"28\" \/>\u00a0, la fen\u00eatre d\u2019envoi de mail s\u2019ouvre automatiquement avec l\u2019adresse de votre comptable pr\u00e9 remplie ainsi que vos fichiers g\u00e9n\u00e9r\u00e9s en pi\u00e8ce jointe et vous pouvez alors les envoyer directement par mail :<img decoding=\"async\" loading=\"lazy\" src=\"http:\/\/www.prooptic-idm.com\/wiki\/wp-content\/uploads\/sites\/3\/2017\/03\/mail-compta-1030x778.png\" alt=\"\" width=\"734\" height=\"554\" \/><\/p>\n","protected":false},"excerpt":{"rendered":"<p>Le logiciel IDM Optic permet d\u2019exporter les \u00e9l\u00e9ments de la caisse dans le but de les int\u00e9grer dans un logiciel de comptabilit\u00e9. Il faut pour cela param\u00e9trer le logiciel et lui associer les diff\u00e9rents comptes comptables et journaux que vous utilisez dans votre logiciel de comptabilit\u00e9.\u00a0 I. Cr\u00e9ation des comptes comptables Dans l\u2019onglet R\u00e9glages logiciel &hellip; <a href=\"https:\/\/prooptic.axess.fr\/?page_id=1857\" class=\"more-link\">Continuer la lecture de <span class=\"screen-reader-text\">Export Comptable<\/span><\/a><\/p>\n","protected":false},"author":1,"featured_media":0,"parent":0,"menu_order":0,"comment_status":"closed","ping_status":"closed","template":"","meta":[],"_links":{"self":[{"href":"https:\/\/prooptic.axess.fr\/index.php?rest_route=\/wp\/v2\/pages\/1857"}],"collection":[{"href":"https:\/\/prooptic.axess.fr\/index.php?rest_route=\/wp\/v2\/pages"}],"about":[{"href":"https:\/\/prooptic.axess.fr\/index.php?rest_route=\/wp\/v2\/types\/page"}],"author":[{"embeddable":true,"href":"https:\/\/prooptic.axess.fr\/index.php?rest_route=\/wp\/v2\/users\/1"}],"replies":[{"embeddable":true,"href":"https:\/\/prooptic.axess.fr\/index.php?rest_route=%2Fwp%2Fv2%2Fcomments&post=1857"}],"version-history":[{"count":0,"href":"https:\/\/prooptic.axess.fr\/index.php?rest_route=\/wp\/v2\/pages\/1857\/revisions"}],"wp:attachment":[{"href":"https:\/\/prooptic.axess.fr\/index.php?rest_route=%2Fwp%2Fv2%2Fmedia&parent=1857"}],"curies":[{"name":"wp","href":"https:\/\/api.w.org\/{rel}","templated":true}]}}