{"id":1907,"date":"2017-04-20T14:26:48","date_gmt":"2017-04-20T12:26:48","guid":{"rendered":"http:\/\/www.prooptic-idm.com\/wiki\/wiki15\/?page_id=1907"},"modified":"2017-04-20T14:26:48","modified_gmt":"2017-04-20T12:26:48","slug":"cmu","status":"publish","type":"page","link":"https:\/\/prooptic.axess.fr\/?page_id=1907","title":{"rendered":"CMU"},"content":{"rendered":"<p style=\"text-align: justify;\">Il y plusieurs m\u00e9thodes pour pouvoir facturer un dossier CMU.<\/p>\n<p style=\"text-align: justify;\">Dans un premier temps, il faut penser \u00e0 v\u00e9rifier l&rsquo;<strong><em>onglet Financier<\/em><\/strong> :<\/p>\n<p style=\"text-align: justify;\"><img decoding=\"async\" loading=\"lazy\" src=\"http:\/\/prooptic.axess.fr\/wp-content\/uploads\/2017\/04\/onglet-financier-cmu.png\" alt=\"\" width=\"800\" height=\"439\" \/><\/p>\n<p style=\"text-align: justify;\">Et v\u00e9rifier qu&rsquo;au moment de la facturation les <strong><em>cases T\u00e9l\u00e9transmission &#8211; S\u00e9curit\u00e9 Sociale \/ CMU soient coch\u00e9es<\/em><\/strong> :<\/p>\n<p style=\"text-align: justify;\"><img decoding=\"async\" loading=\"lazy\" src=\"http:\/\/prooptic.axess.fr\/wp-content\/uploads\/2017\/04\/case-cmu-fact.png\" alt=\"\" width=\"359\" height=\"253\" \/><\/p>\n<p style=\"text-align: justify;\">Dans le cas o\u00f9 la CMU n&rsquo;est pas lue ou que le client ne dispose pas de sa carte Vitale, un message indiquant qu&rsquo;<strong><em>une attestation doit \u00eatre fournie par le client<\/em><\/strong> pour justifier de ses droits :<\/p>\n<h2><img decoding=\"async\" loading=\"lazy\" src=\"http:\/\/prooptic.axess.fr\/wp-content\/uploads\/2017\/04\/message-attestation-cmu.png\" alt=\"\" width=\"462\" height=\"169\" \/><\/h2>\n<h2>I.\u00a0Facturation avec carte Vitale<\/h2>\n<p>____________________________________________________________________________________________________________________________________________________<\/p>\n<p style=\"text-align: justify;\">Il est possible que certaines fois un cadre apparaisse concernant des informations compl\u00e9mentaires \u00e0 remplir.<\/p>\n<p style=\"text-align: justify;\">Le premier listing est d\u00e9j\u00e0 rempli <strong><em>avec le code 4<\/em><\/strong>.<\/p>\n<p style=\"text-align: justify;\">Il faut \u00e9galement v\u00e9rifier la validit\u00e9 des droits. Pour cela, il est important de les indiquer si ils ne sont pas affich\u00e9s.<\/p>\n<p style=\"text-align: justify;\">Il faut que la <strong><em>date d&rsquo;ordonnance soit comprise dans le cr\u00e9neau de validit\u00e9<\/em><\/strong> (par exemple une ordonnance de <em><strong>2016<\/strong><\/em>, on peut rentrer le cr\u00e9neau <strong><em>01\/01\/2016 au 31\/12\/2017<\/em><\/strong>) :<\/p>\n<h2><img decoding=\"async\" loading=\"lazy\" src=\"http:\/\/prooptic.axess.fr\/wp-content\/uploads\/2017\/04\/cadre-cmu-vitale.png\" alt=\"\" width=\"800\" height=\"543\" \/><\/h2>\n<p style=\"text-align: justify;\">On clique ensuite sur le <em><strong>bouton Appliquer<\/strong><\/em> et le <strong><em>bouton Continuer<\/em><\/strong> appara\u00eetra en haut a droite :<\/p>\n<h2><img decoding=\"async\" loading=\"lazy\" src=\"http:\/\/prooptic.axess.fr\/wp-content\/uploads\/2017\/04\/cadre-cmu-vitale-ok.png\" alt=\"\" width=\"800\" height=\"543\" \/><\/h2>\n<h2>\u00a0<\/h2>\n<h2>II.\u00a0Facturation sans carte Vitale (ou droits pas \u00e0 jour)<\/h2>\n<p>____________________________________________________________________________________________________________________________________________________<\/p>\n<p style=\"text-align: justify;\">Si le client <strong><em>ne poss\u00e8de pas sa carte Vitale<\/em><\/strong> au moment de la facturation ou que la <strong><em>CMU n&rsquo;est pas pr\u00e9sente<\/em><\/strong> sur la carte Vitale, il faut \u00e9galement remplir un cadre de compl\u00e9ment d&rsquo;informations.<\/p>\n<p style=\"text-align: justify;\">Le premier listing doit \u00eatre rempli en utilisant <strong><em>le code 2<\/em><\/strong>.<\/p>\n<p style=\"text-align: justify;\">Pr\u00e9ciser \u00e9galement dans le code MUTNUM : <strong>99999997 <\/strong>si la CMU est g\u00e9r\u00e9e par la CPAM (sinon mettre <strong>88888888<\/strong> : pour les organismes priv\u00e9s, <strong>75689893<\/strong> : CMU Compl\u00e9mentaire d&rsquo;Etat)<\/p>\n<p style=\"text-align: justify;\">Il faut \u00e9galement indiquer\u00a0la validit\u00e9 des droits, pour cela, il faut que la <strong><em>date d&rsquo;ordonnance soit comprise dans le cr\u00e9neau de validit\u00e9<\/em><\/strong> (par exemple une ordonnance de <em><strong>2016<\/strong><\/em>, on peut rentrer le cr\u00e9neau <strong><em>01\/01\/2016 au 31\/12\/2017<\/em><\/strong>) :<\/p>\n<p><img decoding=\"async\" loading=\"lazy\" src=\"http:\/\/prooptic.axess.fr\/wp-content\/uploads\/2017\/04\/cadre-cmu-no-vitale.png\" alt=\"\" width=\"800\" height=\"543\" \/><\/p>\n<p style=\"text-align: justify;\">On clique ensuite sur le <em><strong>bouton Appliquer<\/strong><\/em> et le <strong><em>bouton Continuer<\/em><\/strong> appara\u00eetra en haut a droite :<\/p>\n<p style=\"text-align: justify;\"><img decoding=\"async\" loading=\"lazy\" src=\"http:\/\/prooptic.axess.fr\/wp-content\/uploads\/2017\/04\/cadre-cmu-no-vitale-ok.png\" alt=\"\" width=\"800\" height=\"543\" \/><\/p>\n","protected":false},"excerpt":{"rendered":"<p>Il y plusieurs m\u00e9thodes pour pouvoir facturer un dossier CMU. Dans un premier temps, il faut penser \u00e0 v\u00e9rifier l&rsquo;onglet Financier : Et v\u00e9rifier qu&rsquo;au moment de la facturation les cases T\u00e9l\u00e9transmission &#8211; S\u00e9curit\u00e9 Sociale \/ CMU soient coch\u00e9es : Dans le cas o\u00f9 la CMU n&rsquo;est pas lue ou que le client ne dispose &hellip; <a href=\"https:\/\/prooptic.axess.fr\/?page_id=1907\" class=\"more-link\">Continuer la lecture de <span class=\"screen-reader-text\">CMU<\/span><\/a><\/p>\n","protected":false},"author":1,"featured_media":0,"parent":0,"menu_order":0,"comment_status":"closed","ping_status":"closed","template":"","meta":[],"_links":{"self":[{"href":"https:\/\/prooptic.axess.fr\/index.php?rest_route=\/wp\/v2\/pages\/1907"}],"collection":[{"href":"https:\/\/prooptic.axess.fr\/index.php?rest_route=\/wp\/v2\/pages"}],"about":[{"href":"https:\/\/prooptic.axess.fr\/index.php?rest_route=\/wp\/v2\/types\/page"}],"author":[{"embeddable":true,"href":"https:\/\/prooptic.axess.fr\/index.php?rest_route=\/wp\/v2\/users\/1"}],"replies":[{"embeddable":true,"href":"https:\/\/prooptic.axess.fr\/index.php?rest_route=%2Fwp%2Fv2%2Fcomments&post=1907"}],"version-history":[{"count":0,"href":"https:\/\/prooptic.axess.fr\/index.php?rest_route=\/wp\/v2\/pages\/1907\/revisions"}],"wp:attachment":[{"href":"https:\/\/prooptic.axess.fr\/index.php?rest_route=%2Fwp%2Fv2%2Fmedia&parent=1907"}],"curies":[{"name":"wp","href":"https:\/\/api.w.org\/{rel}","templated":true}]}}