{"id":1957,"date":"2017-06-01T10:24:11","date_gmt":"2017-06-01T08:24:11","guid":{"rendered":"http:\/\/www.prooptic-idm.com\/wiki\/wiki15\/?page_id=1957"},"modified":"2017-06-01T10:24:11","modified_gmt":"2017-06-01T08:24:11","slug":"edition-de-stock","status":"publish","type":"page","link":"https:\/\/prooptic.axess.fr\/?page_id=1957","title":{"rendered":"\u00c9dition de stock"},"content":{"rendered":"<p>L&rsquo;acc\u00e8s se fait \u00e0 partir de l&rsquo;<strong><em>onglet Stock<\/em><\/strong> puis <strong><em>Affichage Edition<\/em><\/strong> :<\/p>\n<p style=\"text-align: justify;\"><img decoding=\"async\" loading=\"lazy\" src=\"http:\/\/prooptic.axess.fr\/wp-content\/uploads\/2017\/06\/menu-edition-stock.png\" alt=\"\" width=\"667\" height=\"149\" \/><\/p>\n<p style=\"text-align: justify;\">Dans un premier temps, le menu de s\u00e9lection se place sur la partie sup\u00e9rieure de la fen\u00eatre :<\/p>\n<p style=\"text-align: justify;\"><img decoding=\"async\" loading=\"lazy\" src=\"http:\/\/prooptic.axess.fr\/wp-content\/uploads\/2018\/05\/selection-filtres.png\" alt=\"\" width=\"823\" height=\"263\" \/><\/p>\n<p style=\"text-align: justify;\">En ce qui concerne les filtres, il est possible de r\u00e9cup\u00e9rer une marque et\/ou une famille et \u00e9galement de g\u00e9rer des filtres au niveau <strong><em>nom de mod\u00e8le, coloris, taille etc<\/em><\/strong>. Il n\u2019y a pas d\u2019ordre pr\u00e9cis pour les filtres.<\/p>\n<h4 style=\"text-align: justify;\">\u00a0<\/h4>\n<p style=\"text-align: justify;\">Par d\u00e9faut, l\u2019<strong><em>onglet G\u00e9n\u00e9ral<\/em><\/strong> affiche <strong><em>tout le stock<\/em><\/strong>, toutes familles confondues :<\/p>\n<h4 style=\"text-align: justify;\"><img decoding=\"async\" loading=\"lazy\" src=\"http:\/\/prooptic.axess.fr\/wp-content\/uploads\/2018\/05\/onglet-general.png\" alt=\"\" width=\"783\" height=\"284\" \/><\/h4>\n<p style=\"text-align: justify;\">Il est possible de naviguer entre les diff\u00e9rentes familles en cliquant sur les onglets correspondants et ainsi afficher les d\u00e9tails :<\/p>\n<h4 style=\"text-align: justify;\"><img decoding=\"async\" loading=\"lazy\" src=\"http:\/\/prooptic.axess.fr\/wp-content\/uploads\/2018\/05\/detail-onglet.png\" alt=\"\" width=\"715\" height=\"446\" \/><\/h4>\n<p style=\"text-align: justify;\">Un<strong><em> tri peut s\u2019effectuer<\/em><\/strong> selon la colonne en cliquant sur l\u2019intitul\u00e9, par exemple <strong><em>Mod\u00e8le par ordre alphab\u00e9tique<\/em><\/strong> :<\/p>\n<h4 style=\"text-align: justify;\"><img decoding=\"async\" loading=\"lazy\" src=\"http:\/\/prooptic.axess.fr\/wp-content\/uploads\/2018\/05\/tri-par-modele.png\" alt=\"\" width=\"780\" height=\"488\" \/><\/h4>\n<p style=\"text-align: justify;\">Enfin, au niveau de l\u2019\u00e9dition, on peut <strong><em>g\u00e9rer l\u2019affichage de certaines colonnes<\/em><\/strong> en cochant ou non leur intitul\u00e9 :<\/p>\n<h4 style=\"text-align: justify;\"><img decoding=\"async\" loading=\"lazy\" src=\"http:\/\/prooptic.axess.fr\/wp-content\/uploads\/2018\/05\/selection-colonne-edition.png\" alt=\"\" width=\"756\" height=\"473\" \/><\/h4>\n<p style=\"text-align: justify;\">Si la <strong><em>premi\u00e8re ligne est coch\u00e9e en dessous de l\u2019onglet G\u00e9n\u00e9ral ou d\u2019une famille<\/em><\/strong>, le <strong><em>nombre d\u2019\u00e9dition sera \u00e9gal au nombre d\u2019onglets affich\u00e9s et coch\u00e9s<\/em><\/strong>. Dans le cas ci-dessus, il y aura une \u00e9dition globale du stock + l\u2019\u00e9dition d\u00e9taill\u00e9e en OPTIC.<\/p>\n","protected":false},"excerpt":{"rendered":"<p>L&rsquo;acc\u00e8s se fait \u00e0 partir de l&rsquo;onglet Stock puis Affichage Edition : Dans un premier temps, le menu de s\u00e9lection se place sur la partie sup\u00e9rieure de la fen\u00eatre : En ce qui concerne les filtres, il est possible de r\u00e9cup\u00e9rer une marque et\/ou une famille et \u00e9galement de g\u00e9rer des filtres au niveau nom &hellip; <a href=\"https:\/\/prooptic.axess.fr\/?page_id=1957\" class=\"more-link\">Continuer la lecture de <span class=\"screen-reader-text\">\u00c9dition de stock<\/span><\/a><\/p>\n","protected":false},"author":1,"featured_media":0,"parent":0,"menu_order":0,"comment_status":"closed","ping_status":"closed","template":"","meta":[],"_links":{"self":[{"href":"https:\/\/prooptic.axess.fr\/index.php?rest_route=\/wp\/v2\/pages\/1957"}],"collection":[{"href":"https:\/\/prooptic.axess.fr\/index.php?rest_route=\/wp\/v2\/pages"}],"about":[{"href":"https:\/\/prooptic.axess.fr\/index.php?rest_route=\/wp\/v2\/types\/page"}],"author":[{"embeddable":true,"href":"https:\/\/prooptic.axess.fr\/index.php?rest_route=\/wp\/v2\/users\/1"}],"replies":[{"embeddable":true,"href":"https:\/\/prooptic.axess.fr\/index.php?rest_route=%2Fwp%2Fv2%2Fcomments&post=1957"}],"version-history":[{"count":0,"href":"https:\/\/prooptic.axess.fr\/index.php?rest_route=\/wp\/v2\/pages\/1957\/revisions"}],"wp:attachment":[{"href":"https:\/\/prooptic.axess.fr\/index.php?rest_route=%2Fwp%2Fv2%2Fmedia&parent=1957"}],"curies":[{"name":"wp","href":"https:\/\/api.w.org\/{rel}","templated":true}]}}