{"id":197,"date":"2015-04-22T14:55:58","date_gmt":"2015-04-22T13:55:58","guid":{"rendered":"http:\/\/localhost\/wordpress\/?page_id=197"},"modified":"2015-04-22T14:55:58","modified_gmt":"2015-04-22T13:55:58","slug":"gestionnaire-de-commandes","status":"publish","type":"page","link":"https:\/\/prooptic.axess.fr\/?page_id=197","title":{"rendered":"Gestionnaire de Commandes"},"content":{"rendered":"<p style=\"text-align: justify;\">L\u2019acc\u00e8s au gestionnaire de commandes se fait \u00e0 partir de l&rsquo;<strong><em>onglet E.D.<\/em><em>I<\/em><\/strong> puis <strong><em>Envoi des commande<\/em><\/strong>s\u00a0:<\/p>\n<p><center><img decoding=\"async\" loading=\"lazy\" src=\"http:\/\/www.prooptic-idm.com\/wiki\/wp-content\/uploads\/sites\/3\/2015\/04\/menu-commandes.png\" alt=\"menu-commandes\" width=\"837\" height=\"116\" \/><\/center><\/p>\n<p>Cet \u00e9cran permet de visualiser toutes les commandes<em> en attente<\/em> (<strong><em>manuelle<\/em><\/strong> ou <strong><em>EDI<\/em><\/strong>) :<\/p>\n<p><strong><em><img decoding=\"async\" loading=\"lazy\" src=\"http:\/\/prooptic.axess.fr\/wp-content\/uploads\/2019\/02\/liste-des-commande-1-1030x778.png\" alt=\"\" width=\"734\" height=\"554\" \/><\/em><\/strong><\/p>\n<p>Les lignes de couleur \u00a0<img decoding=\"async\" loading=\"lazy\" src=\"http:\/\/prooptic.axess.fr\/wp-content\/uploads\/2019\/02\/bleu.png\" alt=\"\" width=\"44\" height=\"19\" \/> sont les commandes manuelles (non EDI)<\/p>\n<p>Les lignes de couleur <img decoding=\"async\" loading=\"lazy\" src=\"http:\/\/prooptic.axess.fr\/wp-content\/uploads\/2019\/02\/vert.png\" alt=\"\" width=\"44\" height=\"20\" \/>\u00a0sont les commandes EDI pr\u00eates \u00e0 \u00eatre envoy\u00e9es<\/p>\n<p>Les lignes de couleur <img decoding=\"async\" loading=\"lazy\" src=\"http:\/\/prooptic.axess.fr\/wp-content\/uploads\/2019\/02\/rose.png\" alt=\"\" width=\"41\" height=\"22\" \/>\u00a0sont les commandes EDI pour lesquelles il manque un ou plusieurs param\u00e8tres.<\/p>\n<p>Les param\u00e8tres manquants sont alors sp\u00e9cifi\u00e9s dans la cadre en bas \u00e0 droite.<\/p>\n<p><u>Exemple\u00a0: <\/u><\/p>\n<p><img decoding=\"async\" loading=\"lazy\" src=\"http:\/\/prooptic.axess.fr\/wp-content\/uploads\/2019\/02\/message1.png\" alt=\"\" width=\"326\" height=\"213\" \/><\/p>\n<p><img decoding=\"async\" loading=\"lazy\" src=\"http:\/\/prooptic.axess.fr\/wp-content\/uploads\/2019\/02\/message2.png\" alt=\"\" width=\"323\" height=\"209\" \/><\/p>\n<p>Il est bon de v\u00e9rifier que les r\u00e9f\u00e9rences sont exactes\u00a0; si ce n\u2019est pas le cas, il est possible de les modifier en s\u00e9lectionnant la ligne concern\u00e9e puis de modifier les param\u00e8tres.<\/p>\n<p style=\"text-align: justify;\">\u00a0<\/p>\n<h2>I. Commandes manuelles<\/h2>\n<p>________________________________________________________________________________________________________________________________________________________________________________<\/p>\n<p style=\"text-align: justify;\">Lorsque la commande souhait\u00e9e est s\u00e9lectionn\u00e9e, cliquer sur le <strong><em>bouton Imprimer<\/em><\/strong> pour voir appara\u00eetre l\u2019aper\u00e7u avant impression du bon de commande (sinon impression directe) correspondant\u00a0:<\/p>\n<p><center><img decoding=\"async\" loading=\"lazy\" src=\"http:\/\/www.prooptic-idm.com\/wiki\/wp-content\/uploads\/sites\/3\/2015\/04\/bon-commande-client.png\" alt=\"bon-commande-client\" width=\"798\" height=\"543\" \/><\/center><\/p>\n<p style=\"text-align: justify;\">Il ne reste plus qu&rsquo;\u00e0 l&rsquo;<strong><em>imprimer pour le faxer<\/em><\/strong> manuellement ou \u00e9ventuellement le faxer via l\u2019ordinateur.<br \/>Lorsque le bon de commande a \u00e9t\u00e9 correctement envoy\u00e9, un message appara\u00eet pour savoir si l\u2019on consid\u00e8re cette commande comme \u00e9tant sold\u00e9e. Dans ce cas la commande dispara\u00eetra de la liste.<\/p>\n<p><img decoding=\"async\" loading=\"lazy\" src=\"http:\/\/prooptic.axess.fr\/wp-content\/uploads\/2019\/02\/popup_fenetre_soldee.png\" alt=\"\" width=\"366\" height=\"154\" \/><\/p>\n<p>Il est \u00e9galement possible de solder une commande en cliquant sur le bouton <strong><em>Solder<\/em><\/strong> de la ligne.<\/p>\n<p><img decoding=\"async\" loading=\"lazy\" src=\"http:\/\/prooptic.axess.fr\/wp-content\/uploads\/2019\/02\/bouton-solder.png\" alt=\"\" width=\"3932\" height=\"90\" \/><\/p>\n<h2>II. Commandes EDI<\/h2>\n<p>________________________________________________________________________________________________________________________________________________________________________________<\/p>\n<p style=\"text-align: justify;\"><strong><em>Attention\u00a0<\/em><\/strong>: Les commandes EDI sont des commandes envoy\u00e9es directement au fournisseur par Internet. L\u2019utilisation des commandes EDI est un service gratuit pour lequel il faut simplement demander l\u2019ouverture d\u2019un compte.<\/p>\n<p>Par d\u00e9faut, toutes les commandes EDI de couleur verte sont consid\u00e9r\u00e9es comme <strong><em>A envoyer<\/em><\/strong> (case de la colonne A envoyer coch\u00e9e). Il est possible de d\u00e9cocher certaines lignes si on ne d\u00e9sire pas les commander par EDI (penser alors \u00e0 les solder de mani\u00e8re \u00e0 les faire dispara\u00eetre de la liste) ou si l\u2019on ne d\u00e9sire pas les commander tout de suite.<\/p>\n<p>Cliquer sur <strong><em>Envoyer<\/em><\/strong> pour lancer l\u2019envoi en commande de toutes les lignes s\u00e9lectionn\u00e9es.<\/p>\n<p><img decoding=\"async\" loading=\"lazy\" src=\"http:\/\/prooptic.axess.fr\/wp-content\/uploads\/2019\/02\/envoyer-1030x551.png\" alt=\"\" width=\"734\" height=\"393\" \/><\/p>\n<p>Lorsque l\u2019envoi de la commande est pass\u00e9, celles-ci sont directement transf\u00e9r\u00e9es dans le tableau de <strong><em>Suivi des lots<\/em><\/strong>.<\/p>\n<h2>III. Aper\u00e7u du suivi des lots<\/h2>\n<p>________________________________________________________________________________________________________________________________________________________________________________<\/p>\n<p style=\"text-align: justify;\">Pour consulter la liste des commandes, il suffit de cliquer sur l&rsquo;<strong><em>onglet E.D.I<\/em><\/strong> puis <strong><em>Suivi des Lots<\/em><\/strong>\u00a0:<\/p>\n<p><center><img decoding=\"async\" loading=\"lazy\" src=\"http:\/\/www.prooptic-idm.com\/wiki\/wp-content\/uploads\/sites\/3\/2015\/04\/suivi-lots.png\" alt=\"suivi-lots\" width=\"602\" height=\"116\" \/><\/center><\/p>\n<p style=\"text-align: justify;\">L&rsquo;\u00e9tat des lots est alors affich\u00e9 en signalant si la commande est \u00e0 disposition du fournisseur :<\/p>\n<p><center><img decoding=\"async\" loading=\"lazy\" src=\"http:\/\/prooptic.axess.fr\/wp-content\/uploads\/2019\/02\/etat-lotv2.png\" alt=\"\" width=\"814\" height=\"781\" \/><\/center><\/p>\n<p style=\"text-align: justify;\">Il est possible de supprimer cet historique des commandes en cliquant sur le <strong><em>bouton Effacer.<\/em><\/strong><\/p>\n","protected":false},"excerpt":{"rendered":"<p>L\u2019acc\u00e8s au gestionnaire de commandes se fait \u00e0 partir de l&rsquo;onglet E.D.I puis Envoi des commandes\u00a0: Cet \u00e9cran permet de visualiser toutes les commandes en attente (manuelle ou EDI) : Les lignes de couleur \u00a0 sont les commandes manuelles (non EDI) Les lignes de couleur \u00a0sont les commandes EDI pr\u00eates \u00e0 \u00eatre envoy\u00e9es Les lignes &hellip; <a href=\"https:\/\/prooptic.axess.fr\/?page_id=197\" class=\"more-link\">Continuer la lecture de <span class=\"screen-reader-text\">Gestionnaire de Commandes<\/span><\/a><\/p>\n","protected":false},"author":1,"featured_media":0,"parent":0,"menu_order":0,"comment_status":"closed","ping_status":"open","template":"","meta":[],"_links":{"self":[{"href":"https:\/\/prooptic.axess.fr\/index.php?rest_route=\/wp\/v2\/pages\/197"}],"collection":[{"href":"https:\/\/prooptic.axess.fr\/index.php?rest_route=\/wp\/v2\/pages"}],"about":[{"href":"https:\/\/prooptic.axess.fr\/index.php?rest_route=\/wp\/v2\/types\/page"}],"author":[{"embeddable":true,"href":"https:\/\/prooptic.axess.fr\/index.php?rest_route=\/wp\/v2\/users\/1"}],"replies":[{"embeddable":true,"href":"https:\/\/prooptic.axess.fr\/index.php?rest_route=%2Fwp%2Fv2%2Fcomments&post=197"}],"version-history":[{"count":0,"href":"https:\/\/prooptic.axess.fr\/index.php?rest_route=\/wp\/v2\/pages\/197\/revisions"}],"wp:attachment":[{"href":"https:\/\/prooptic.axess.fr\/index.php?rest_route=%2Fwp%2Fv2%2Fmedia&parent=197"}],"curies":[{"name":"wp","href":"https:\/\/api.w.org\/{rel}","templated":true}]}}