{"id":199,"date":"2015-04-22T14:56:11","date_gmt":"2015-04-22T13:56:11","guid":{"rendered":"http:\/\/localhost\/wordpress\/?page_id=199"},"modified":"2015-04-22T14:56:11","modified_gmt":"2015-04-22T13:56:11","slug":"suivi-des-lots","status":"publish","type":"page","link":"https:\/\/prooptic.axess.fr\/?page_id=199","title":{"rendered":"Suivi des lots"},"content":{"rendered":"<p style=\"text-align: justify;\">Le suivi des lots va permettre de <strong><em>v\u00e9rifier l&rsquo;\u00e9tat des commandes EDI<\/em><\/strong> gr\u00e2ce auquel vous verrez directement si les commandes sont bien exp\u00e9di\u00e9es et bien mises \u00e0 disposition du fournisseur.<\/p>\n<p style=\"text-align: justify;\">L&rsquo;acc\u00e8s se fait \u00e0 partir de l&rsquo;<strong><em>onglet E.D.I<\/em><\/strong> puis <strong><em>Suivi des lots<\/em><\/strong>\u00a0:<\/p>\n<p><center><img decoding=\"async\" loading=\"lazy\" src=\"http:\/\/www.prooptic-idm.com\/wiki\/wp-content\/uploads\/sites\/3\/2015\/04\/menu-suivi-lots.png\" alt=\"menu-suivi-lots\" width=\"445\" height=\"118\" \/><\/center><\/p>\n<p style=\"text-align: justify;\"> La fen\u00eatre suivante permet d&rsquo;une part de <strong><em>visualiser l&rsquo;\u00e9tat de chaque commande<\/em><\/strong>, mais \u00e9galement de <strong><em>conserver un historique <\/em><\/strong>de chaque commande pass\u00e9e\u00a0:<\/p>\n<p><center><img decoding=\"async\" loading=\"lazy\" src=\"http:\/\/www.prooptic-idm.com\/wiki\/wp-content\/uploads\/sites\/3\/2015\/04\/fenetre-suivi-lots.png\" alt=\"fenetre-suivi-lots\" width=\"800\" height=\"764\" \/><\/center><\/p>\n<p style=\"text-align: justify;\"> Il est \u00e9galement possible de <strong><em>visualiser le d\u00e9tail d&rsquo;une commande<\/em><\/strong> en double-cliquant sur la ligne concern\u00e9e\u00a0:<\/p>\n<p><center><img decoding=\"async\" loading=\"lazy\" src=\"http:\/\/www.prooptic-idm.com\/wiki\/wp-content\/uploads\/sites\/3\/2015\/04\/selection-ligne-suivi-lots.png\" alt=\"selection-ligne-suivi-lots\" width=\"799\" height=\"250\" \/><\/center><\/p>\n<p style=\"text-align: justify;\"> On acc\u00e8de alors au d\u00e9tail du lot avec chaque fiche client ainsi que les verres associ\u00e9s (et monture si celles-ci ont \u00e9t\u00e9 command\u00e9es par EDI)\u00a0:<\/p>\n<p><center><img decoding=\"async\" loading=\"lazy\" src=\"http:\/\/www.prooptic-idm.com\/wiki\/wp-content\/uploads\/sites\/3\/2015\/04\/detail-suivi-lots.png\" alt=\"detail-suivi-lots\" width=\"800\" height=\"574\" \/><\/center><\/p>\n<p style=\"text-align: justify;\"> Pour actualiser l&rsquo;\u00e9tat d&rsquo;un ou plusieurs lot(s), cliquez sur le <strong><em>bouton Relever le courrier<\/em><\/strong>\u00a0:<\/p>\n<p><center><img decoding=\"async\" loading=\"lazy\" src=\"http:\/\/www.prooptic-idm.com\/wiki\/wp-content\/uploads\/sites\/3\/2015\/04\/btn-relever-courrier.png\" alt=\"btn-relever-courrier\" width=\"800\" height=\"402\" \/><\/center><\/p>\n<p style=\"text-align: justify;\"> Une fen\u00eatre appara\u00eet affichant les lots r\u00e9cemment exp\u00e9di\u00e9s\u00a0:<\/p>\n<p><center><img decoding=\"async\" loading=\"lazy\" src=\"http:\/\/www.prooptic-idm.com\/wiki\/wp-content\/uploads\/sites\/3\/2015\/04\/actu-suivi-lots.png\" alt=\"actu-suivi-lots\" width=\"731\" height=\"393\" \/><\/center><\/p>\n<p style=\"text-align: justify;\"> Un \u00e9tat est ensuite affich\u00e9 dans la fen\u00eatre qui suit (par exemple\u00a0: commande r\u00e9cup\u00e9r\u00e9e fournisseur)\u00a0:<\/p>\n<p><center><img decoding=\"async\" loading=\"lazy\" src=\"http:\/\/www.prooptic-idm.com\/wiki\/wp-content\/uploads\/sites\/3\/2015\/04\/compte-rendu-courrier.png\" alt=\"compte-rendu-courrier\" width=\"699\" height=\"730\" \/><\/center><\/p>\n<p style=\"text-align: justify;\">\u00a0<\/p>\n","protected":false},"excerpt":{"rendered":"<p>Le suivi des lots va permettre de v\u00e9rifier l&rsquo;\u00e9tat des commandes EDI gr\u00e2ce auquel vous verrez directement si les commandes sont bien exp\u00e9di\u00e9es et bien mises \u00e0 disposition du fournisseur. L&rsquo;acc\u00e8s se fait \u00e0 partir de l&rsquo;onglet E.D.I puis Suivi des lots\u00a0: La fen\u00eatre suivante permet d&rsquo;une part de visualiser l&rsquo;\u00e9tat de chaque commande, mais &hellip; <a href=\"https:\/\/prooptic.axess.fr\/?page_id=199\" class=\"more-link\">Continuer la lecture de <span class=\"screen-reader-text\">Suivi des lots<\/span><\/a><\/p>\n","protected":false},"author":1,"featured_media":0,"parent":0,"menu_order":0,"comment_status":"closed","ping_status":"open","template":"","meta":[],"_links":{"self":[{"href":"https:\/\/prooptic.axess.fr\/index.php?rest_route=\/wp\/v2\/pages\/199"}],"collection":[{"href":"https:\/\/prooptic.axess.fr\/index.php?rest_route=\/wp\/v2\/pages"}],"about":[{"href":"https:\/\/prooptic.axess.fr\/index.php?rest_route=\/wp\/v2\/types\/page"}],"author":[{"embeddable":true,"href":"https:\/\/prooptic.axess.fr\/index.php?rest_route=\/wp\/v2\/users\/1"}],"replies":[{"embeddable":true,"href":"https:\/\/prooptic.axess.fr\/index.php?rest_route=%2Fwp%2Fv2%2Fcomments&post=199"}],"version-history":[{"count":0,"href":"https:\/\/prooptic.axess.fr\/index.php?rest_route=\/wp\/v2\/pages\/199\/revisions"}],"wp:attachment":[{"href":"https:\/\/prooptic.axess.fr\/index.php?rest_route=%2Fwp%2Fv2%2Fmedia&parent=199"}],"curies":[{"name":"wp","href":"https:\/\/api.w.org\/{rel}","templated":true}]}}