{"id":235,"date":"2015-04-23T16:32:03","date_gmt":"2015-04-23T15:32:03","guid":{"rendered":"http:\/\/localhost\/wordpress\/?page_id=235"},"modified":"2015-04-23T16:32:03","modified_gmt":"2015-04-23T15:32:03","slug":"principes-de-base","status":"publish","type":"page","link":"https:\/\/prooptic.axess.fr\/?page_id=235","title":{"rendered":"Principes de base"},"content":{"rendered":"<h2>I. Utilisation du menu<\/h2>\n<p style=\"text-align: justify;\">____________________________________________________________________________________________________________________________________________________<\/p>\n<p style=\"text-align: justify;\">La barre des onglets est reprise en haut de la fen\u00eatre d&rsquo;application. Comme d\u00e9j\u00e0 indiqu\u00e9, toutes les fonctions du programme y sont accessibles.<\/p>\n<p style=\"text-align: justify;\">Pour acc\u00e9der \u00e0 un menu, la mani\u00e8re la plus \u00e9vidente est de d\u00e9placer le curseur dessus et de cliquer avec le bouton gauche de la souris. Le menu s&rsquo;ouvre alors, pr\u00e9sentant la liste des sous-menus disponibles.<\/p>\n<p style=\"text-align: justify;\">Il est \u00e0 noter que certaines options pr\u00e9sentent une petite fl\u00e8che \u00e0 c\u00f4t\u00e9 de leur nom\u00a0: ceci indique que l&rsquo;option pr\u00e9sente une s\u00e9rie de sous-options, accessible une fois l&rsquo;option principale s\u00e9lectionn\u00e9e. Par exemple, pour acc\u00e9der au fichier des r\u00e8glements diff\u00e9r\u00e9s, il faut cliquer sur l&rsquo;<strong><em>onglet Caisse<\/em><\/strong>, puis sur l\u2019<strong><em>ic\u00f4ne Listes Divers<\/em><\/strong> et enfin sur la sous-option <strong><em>Liste des r\u00e8glements diff\u00e9r\u00e9s<\/em><\/strong>.<\/p>\n<p><center><img decoding=\"async\" loading=\"lazy\" src=\"http:\/\/www.prooptic-idm.com\/wiki\/wp-content\/uploads\/sites\/3\/2015\/04\/liste-fleche.png\" alt=\"liste-fleche\" width=\"800\" height=\"129\" \/><\/center><\/p>\n<h2 style=\"text-align: justify;\">II. D\u00e9placement de champs en champs<\/h2>\n<p style=\"text-align: justify;\">____________________________________________________________________________________________________________________________________________________<\/p>\n<p style=\"text-align: justify;\">Lors de l\u2019acc\u00e8s \u00e0 un \u00e9cran de donn\u00e9es, il faut le compl\u00e9ter en parcourant les diff\u00e9rents champs qui le composent. Un champ repr\u00e9sente une entit\u00e9 unique, par exemple, la fiche client contiendra le champ Nom, le champ Pr\u00e9nom, le champ Adresse, etc. Cela est mat\u00e9rialis\u00e9 par une case blanche \u00e9ditable sur la fiche\u00a0:<\/p>\n<p><center><img decoding=\"async\" loading=\"lazy\" src=\"http:\/\/www.prooptic-idm.com\/wiki\/wp-content\/uploads\/sites\/3\/2015\/04\/champs.png\" alt=\"champs\" width=\"496\" height=\"200\" \/><\/center><\/p>\n<p style=\"text-align: justify;\">Pour se d\u00e9placer entre les diff\u00e9rents champs d&rsquo;un \u00e9cran, il est possible d\u2019utiliser soit la souris (pratique pour se d\u00e9placer rapidement sur un champ \u00e9loign\u00e9 du champ actif), soit la touche tabulation. La <strong><em>touche tabulation<\/em><\/strong> est la touche marqu\u00e9e de deux fl\u00e8ches invers\u00e9es tout \u00e0 gauche du clavier. Cette touche est appel\u00e9e la <strong><em>touche Tab<\/em><\/strong> en abr\u00e9g\u00e9.<\/p>\n<p><center><img decoding=\"async\" loading=\"lazy\" src=\"http:\/\/www.prooptic-idm.com\/wiki\/wp-content\/uploads\/sites\/3\/2015\/04\/tab.gif\" alt=\"tab\" width=\"80\" height=\"49\" \/><\/center><\/p>\n<p style=\"text-align: justify;\">La touche Tab sert \u00e0 se d\u00e9placer de <strong><em>champ en champ<\/em><\/strong>, ce qui est g\u00e9n\u00e9ralement le cas lors de la saisie d&rsquo;une nouvelle fiche, par exemple.<\/p>\n<h2 style=\"text-align: justify;\">III. Utilisation des onglets<\/h2>\n<p style=\"text-align: justify;\">____________________________________________________________________________________________________________________________________________________<\/p>\n<p style=\"text-align: justify;\">Beaucoup d&rsquo;\u00e9crans contiennent <strong><em>diff\u00e9rents onglets<\/em><\/strong>. En effet, pour des raisons \u00e9videntes de place, il n&rsquo;est pas toujours possible d&rsquo;afficher toutes les informations d&rsquo;une fiche sur un seul \u00e9cran. Les diff\u00e9rentes parties de la fiche sont alors accessibles via des onglets. Il suffit de cliquer dessus pour y acc\u00e9der.<\/p>\n<p><center><img decoding=\"async\" loading=\"lazy\" src=\"http:\/\/www.prooptic-idm.com\/wiki\/wp-content\/uploads\/sites\/3\/2015\/04\/onglets-client.png\" alt=\"onglets-client\" width=\"913\" height=\"44\" \/><\/center><\/p>\n<h2 style=\"text-align: justify;\">IV. Tri alphab\u00e9tique dans un tableau<\/h2>\n<p style=\"text-align: justify;\">____________________________________________________________________________________________________________________________________________________<\/p>\n<p style=\"text-align: justify;\">Pour faciliter la recherche d&rsquo;une r\u00e9f\u00e9rence dans un tableau, il s&rsquo;av\u00e8re utile certaines fois de pouvoir trier les lignes par ordre alphab\u00e9tique. Pour cela, cliquer sur le titre de la colonne pour que celle-ci soit tri\u00e9e par ordre alphab\u00e9tique au premier clic ou par ordre inverse au deuxi\u00e8me clic\u00a0:<\/p>\n<p><center><img decoding=\"async\" loading=\"lazy\" src=\"http:\/\/www.prooptic-idm.com\/wiki\/wp-content\/uploads\/sites\/3\/2015\/04\/tri-alpha.png\" alt=\"tri-alpha\" width=\"800\" height=\"309\" \/><\/center><\/p>\n","protected":false},"excerpt":{"rendered":"<p>I. Utilisation du menu ____________________________________________________________________________________________________________________________________________________ La barre des onglets est reprise en haut de la fen\u00eatre d&rsquo;application. Comme d\u00e9j\u00e0 indiqu\u00e9, toutes les fonctions du programme y sont accessibles. Pour acc\u00e9der \u00e0 un menu, la mani\u00e8re la plus \u00e9vidente est de d\u00e9placer le curseur dessus et de cliquer avec le bouton gauche de la souris. Le &hellip; <a href=\"https:\/\/prooptic.axess.fr\/?page_id=235\" class=\"more-link\">Continuer la lecture de <span class=\"screen-reader-text\">Principes de base<\/span><\/a><\/p>\n","protected":false},"author":1,"featured_media":0,"parent":0,"menu_order":0,"comment_status":"closed","ping_status":"open","template":"","meta":[],"_links":{"self":[{"href":"https:\/\/prooptic.axess.fr\/index.php?rest_route=\/wp\/v2\/pages\/235"}],"collection":[{"href":"https:\/\/prooptic.axess.fr\/index.php?rest_route=\/wp\/v2\/pages"}],"about":[{"href":"https:\/\/prooptic.axess.fr\/index.php?rest_route=\/wp\/v2\/types\/page"}],"author":[{"embeddable":true,"href":"https:\/\/prooptic.axess.fr\/index.php?rest_route=\/wp\/v2\/users\/1"}],"replies":[{"embeddable":true,"href":"https:\/\/prooptic.axess.fr\/index.php?rest_route=%2Fwp%2Fv2%2Fcomments&post=235"}],"version-history":[{"count":0,"href":"https:\/\/prooptic.axess.fr\/index.php?rest_route=\/wp\/v2\/pages\/235\/revisions"}],"wp:attachment":[{"href":"https:\/\/prooptic.axess.fr\/index.php?rest_route=%2Fwp%2Fv2%2Fmedia&parent=235"}],"curies":[{"name":"wp","href":"https:\/\/api.w.org\/{rel}","templated":true}]}}