{"id":237,"date":"2015-04-23T16:32:25","date_gmt":"2015-04-23T15:32:25","guid":{"rendered":"http:\/\/localhost\/wordpress\/?page_id=237"},"modified":"2015-04-23T16:32:25","modified_gmt":"2015-04-23T15:32:25","slug":"messages-derreur-prooptic","status":"publish","type":"page","link":"https:\/\/prooptic.axess.fr\/?page_id=237","title":{"rendered":"Messages d&rsquo;erreur Prooptic"},"content":{"rendered":"<h2>I. Erreur Tcanal\/Galss<\/h2>\n<p>____________________________________________________________________________________________________________________________________________________<\/p>\n<p><center><img decoding=\"async\" loading=\"lazy\" src=\"http:\/\/www.prooptic-idm.com\/wiki\/wp-content\/uploads\/sites\/3\/2015\/04\/erreur-galss.png\" alt=\"erreur-galss\" width=\"492\" height=\"184\" \/><\/center><\/p>\n<table>\n<tbody>\n<tr>\n<td>\n<p><em><strong>EXPLICATION\u00a0<\/strong><\/em>: c&rsquo;est un d\u00e9faut de communication entre Prooptic et le lecteur de carte vitale.<\/p>\n<p><strong><em>SOLUTION\u00a0<\/em><\/strong>:<\/p>\n<p>V\u00e9rifier dans un premier temps le num\u00e9ro COM attribu\u00e9 au lecteur de carte vitale, pour cela cliquer sur D\u00e9marrer puis P\u00e9riph\u00e9riques et imprimantes\u00a0:<\/p>\n<p><center><img decoding=\"async\" loading=\"lazy\" src=\"http:\/\/www.prooptic-idm.com\/wiki\/wp-content\/uploads\/sites\/3\/2015\/04\/w7_peripheriques.png\" alt=\"w7_peripheriques\" width=\"501\" height=\"242\" \/><\/center><\/p>\n<p>Notez ensuite le num\u00e9ro du port COM correspondant au lecteur de carte vitale (principalement reconnu en XIRING USB CDC 0B)\u00a0:<\/p>\n<p><center><img decoding=\"async\" loading=\"lazy\" src=\"http:\/\/www.prooptic-idm.com\/wiki\/wp-content\/uploads\/sites\/3\/2015\/04\/num-com.png\" alt=\"num-com\" width=\"678\" height=\"349\" \/><\/center><\/p>\n<p>Fermez la fen\u00eatre et rendez-vous dans <strong><em>Ordinateur<\/em> <\/strong>(ou <strong><em>Poste de travail<\/em><\/strong>)<\/p>\n<p>Double-cliquez sur le <strong><em>lecteur C:<\/em><\/strong>\u00a0:<\/p>\n<p><center><img decoding=\"async\" loading=\"lazy\" src=\"http:\/\/www.prooptic-idm.com\/wiki\/wp-content\/uploads\/sites\/3\/2015\/04\/lecteur-c.png\" alt=\"lecteur-c\" width=\"554\" height=\"165\" \/><\/center><\/p>\n<p>Descendez jusqu&rsquo;au <strong><em>dossier Windows<\/em><\/strong>\u00a0:<\/p>\n<p><center><img decoding=\"async\" loading=\"lazy\" src=\"http:\/\/www.prooptic-idm.com\/wiki\/wp-content\/uploads\/sites\/3\/2015\/04\/dossier-windows.png\" alt=\"dossier-windows\" width=\"378\" height=\"636\" \/><\/center><\/p>\n<p>Ouvrez le fichier <strong><em>galss.ini<\/em><\/strong>\u00a0:<\/p>\n<p><center><img decoding=\"async\" loading=\"lazy\" src=\"http:\/\/www.prooptic-idm.com\/wiki\/wp-content\/uploads\/sites\/3\/2015\/04\/fichier-galss.png\" alt=\"fichier-galss\" width=\"563\" height=\"602\" \/><\/center><\/p>\n<p>V\u00e9rifiez alors la ligne <strong><em>Index<\/em><\/strong>, celle-ci doit \u00eatre \u00e9gale au <strong><em>m\u00eame num\u00e9ro COM<\/em><\/strong> constat\u00e9 pr\u00e9c\u00e9demment dans les <strong><em>p\u00e9riph\u00e9riques et imprimantes<\/em><\/strong>\u00a0:<\/p>\n<p><center><img decoding=\"async\" loading=\"lazy\" src=\"http:\/\/www.prooptic-idm.com\/wiki\/wp-content\/uploads\/sites\/3\/2015\/04\/ligne-index-galss.png\" alt=\"ligne-index-galss\" width=\"756\" height=\"311\" \/><\/center><\/p>\n<p><strong><em>RED\u00c9MARRER enfin le PC.<\/em><\/strong><\/p>\n<\/td>\n<\/tr>\n<\/tbody>\n<\/table>\n<h2>II. Erreur DataReader<\/h2>\n<p>____________________________________________________________________________________________________________________________________________________<\/p>\n<p><center><img decoding=\"async\" loading=\"lazy\" src=\"http:\/\/www.prooptic-idm.com\/wiki\/wp-content\/uploads\/sites\/3\/2015\/04\/data-reader.png\" alt=\"data-reader\" width=\"455\" height=\"176\" \/><\/center><\/p>\n<table style=\"height: 207px;\" width=\"914\">\n<tbody>\n<tr>\n<td>\n<p><em><b>EXPLICATION<\/b>\u00a0<\/em>: une erreur inattendue s&rsquo;est produite dans Prooptic. Le processus est bloqu\u00e9.<br \/><em><b>SOLUTION<\/b>\u00a0<\/em>:Faire un <strong><em>clic-droit sur la barre des t\u00e2ches dans une zone vide<\/em><\/strong>\u00a0:<\/p>\n<p><center><img decoding=\"async\" loading=\"lazy\" src=\"http:\/\/www.prooptic-idm.com\/wiki\/wp-content\/uploads\/sites\/3\/2015\/04\/menu_gest_taches.png\" alt=\"menu_gest_taches\" width=\"340\" height=\"230\" \/><\/center><\/p>\n<p> Acc\u00e9der ensuite \u00e0 l&rsquo;<strong><em>onglet Processus<\/em><\/strong>\u00a0:<\/p>\n<p><center><img decoding=\"async\" loading=\"lazy\" src=\"http:\/\/www.prooptic-idm.com\/wiki\/wp-content\/uploads\/sites\/3\/2015\/04\/tri-proc.png\" alt=\"tri-proc\" width=\"511\" height=\"497\" \/><\/center><\/p>\n<p> Rechercher la ligne <strong><em>ProopticV5.exe<\/em><\/strong>\u00a0: pour plus de facilit\u00e9, il est possible de <strong><em>trier par nom les processus<\/em><\/strong> en cliquant sur le nom de la colonne\u00a0:<\/p>\n<p><center><img decoding=\"async\" loading=\"lazy\" src=\"http:\/\/www.prooptic-idm.com\/wiki\/wp-content\/uploads\/sites\/3\/2015\/04\/tri-proc.png\" alt=\"tri-proc\" width=\"511\" height=\"497\" \/><\/center><\/p>\n<p> Une fois la ligne en surbrillance, cliquer sur <strong><em>Arr\u00eater le processus<\/em><\/strong>\u00a0:<\/p>\n<p><center><img decoding=\"async\" loading=\"lazy\" src=\"http:\/\/www.prooptic-idm.com\/wiki\/wp-content\/uploads\/sites\/3\/2015\/04\/arret-proc.png\" alt=\"arret-proc\" width=\"497\" height=\"215\" \/><\/center><\/p>\n<p> Enfin, confirmer l&rsquo;arr\u00eat\u00a0:<\/p>\n<p><center><img decoding=\"async\" loading=\"lazy\" src=\"http:\/\/www.prooptic-idm.com\/wiki\/wp-content\/uploads\/sites\/3\/2015\/04\/confirm-arret-proc.png\" alt=\"confirm-arret-proc\" width=\"366\" height=\"221\" \/><\/center><\/p>\n<p><strong><em> FERMER la fen\u00eatre et RELANCER Prooptic.<\/em><\/strong><\/p>\n<\/td>\n<\/tr>\n<\/tbody>\n<\/table>\n<p>[\/vc_column_text][\/vc_column][\/vc_row]<\/p>\n","protected":false},"excerpt":{"rendered":"<p>I. Erreur Tcanal\/Galss ____________________________________________________________________________________________________________________________________________________ EXPLICATION\u00a0: c&rsquo;est un d\u00e9faut de communication entre Prooptic et le lecteur de carte vitale. SOLUTION\u00a0: V\u00e9rifier dans un premier temps le num\u00e9ro COM attribu\u00e9 au lecteur de carte vitale, pour cela cliquer sur D\u00e9marrer puis P\u00e9riph\u00e9riques et imprimantes\u00a0: Notez ensuite le num\u00e9ro du port COM correspondant au lecteur de carte vitale &hellip; <a href=\"https:\/\/prooptic.axess.fr\/?page_id=237\" class=\"more-link\">Continuer la lecture de <span class=\"screen-reader-text\">Messages d&rsquo;erreur Prooptic<\/span><\/a><\/p>\n","protected":false},"author":1,"featured_media":0,"parent":0,"menu_order":0,"comment_status":"closed","ping_status":"open","template":"","meta":[],"_links":{"self":[{"href":"https:\/\/prooptic.axess.fr\/index.php?rest_route=\/wp\/v2\/pages\/237"}],"collection":[{"href":"https:\/\/prooptic.axess.fr\/index.php?rest_route=\/wp\/v2\/pages"}],"about":[{"href":"https:\/\/prooptic.axess.fr\/index.php?rest_route=\/wp\/v2\/types\/page"}],"author":[{"embeddable":true,"href":"https:\/\/prooptic.axess.fr\/index.php?rest_route=\/wp\/v2\/users\/1"}],"replies":[{"embeddable":true,"href":"https:\/\/prooptic.axess.fr\/index.php?rest_route=%2Fwp%2Fv2%2Fcomments&post=237"}],"version-history":[{"count":0,"href":"https:\/\/prooptic.axess.fr\/index.php?rest_route=\/wp\/v2\/pages\/237\/revisions"}],"wp:attachment":[{"href":"https:\/\/prooptic.axess.fr\/index.php?rest_route=%2Fwp%2Fv2%2Fmedia&parent=237"}],"curies":[{"name":"wp","href":"https:\/\/api.w.org\/{rel}","templated":true}]}}