{"id":239,"date":"2015-04-23T16:33:37","date_gmt":"2015-04-23T15:33:37","guid":{"rendered":"http:\/\/localhost\/wordpress\/?page_id=239"},"modified":"2015-04-23T16:33:37","modified_gmt":"2015-04-23T15:33:37","slug":"offres-commerciales","status":"publish","type":"page","link":"https:\/\/prooptic.axess.fr\/?page_id=239","title":{"rendered":"Offres Commerciales"},"content":{"rendered":"<p style=\"text-align: justify;\">Le param\u00e9trage des offres commerciales va permettre d&rsquo;ajouter \u00e0 une paire principale\u00a0:<\/p>\n<ul style=\"text-align: justify;\">\n<li><strong><em>une seconde paire<\/em><\/strong><\/li>\n<li><strong><em>une offre limit\u00e9e dans le temps, etc.<\/em><\/strong><\/li>\n<\/ul>\n<p style=\"text-align: justify;\">L&rsquo;avantage principal est que la <strong><em>s\u00e9lection sera restreinte<\/em><\/strong> au moment du choix des verres et que les <strong><em>prix s&rsquo;afficheront directement en fonction du param\u00e9trage<\/em><\/strong> de l&rsquo;offre commerciale.<\/p>\n<h2>I. Pr\u00e9-s\u00e9lection des verres<\/h2>\n<p>____________________________________________________________________________________________________________________________________________________<\/p>\n<p style=\"text-align: justify;\">Dans un premier temps, il faut effectuer une s\u00e9lection de verres qui seront concern\u00e9s par une ou plusieurs offre(s) commerciale(s).<br \/> Pour cela, on acc\u00e8de au <strong><em>Tarif G\u00e9n\u00e9ral<\/em><\/strong> \u00e0 partir de l&rsquo;<strong><em>onglet Tarifs<\/em><\/strong>\u00a0:<\/p>\n<p><center><img decoding=\"async\" loading=\"lazy\" src=\"http:\/\/www.prooptic-idm.com\/wiki\/wp-content\/uploads\/sites\/3\/2015\/04\/menu-tarifs-verres.png\" alt=\"menu-tarifs-verres\" width=\"603\" height=\"118\" \/><\/center><\/p>\n<p style=\"text-align: justify;\"> On s\u00e9lectionne ensuite le fournisseur, le type de verre et autres crit\u00e8res.<br \/> Le but est d&rsquo;\u00e9purer au maximum la liste pour s\u00e9lectionner de fa\u00e7on simple les verres qui seront concern\u00e9s.<\/p>\n<p><center><img decoding=\"async\" loading=\"lazy\" src=\"http:\/\/www.prooptic-idm.com\/wiki\/wp-content\/uploads\/sites\/3\/2015\/04\/liste-verres-offre-co.png\" alt=\"liste-verres-offre-co\" width=\"800\" height=\"604\" \/><\/center><\/p>\n<p style=\"text-align: justify;\">L&rsquo;objectif va \u00eatre de cocher les verres concern\u00e9s gr\u00e2ce \u00e0 la <strong><em>colonne Offre<\/em><\/strong>\u00a0:<\/p>\n<p><center><img decoding=\"async\" loading=\"lazy\" src=\"http:\/\/www.prooptic-idm.com\/wiki\/wp-content\/uploads\/sites\/3\/2015\/04\/liste-coche-offre-co.png\" alt=\"liste-coche-offre-co\" width=\"800\" height=\"604\" \/><\/center><\/p>\n<p style=\"text-align: justify;\">Ainsi, ces verres figureront dans la liste lors de l&rsquo;affectation des verres \u00e0 une offre commerciale.<\/p>\n<h2>II. Param\u00e9trage des offres<\/h2>\n<p>____________________________________________________________________________________________________________________________________________________<\/p>\n<p style=\"text-align: justify;\">L&rsquo;acc\u00e8s au menu se fait par l&rsquo;interm\u00e9diaire de l&rsquo;<strong><em>onglet Tarifs<\/em><\/strong> puis <strong><em>Offres Commerciales<\/em><\/strong>\u00a0:<\/p>\n<p><center><img decoding=\"async\" loading=\"lazy\" src=\"http:\/\/www.prooptic-idm.com\/wiki\/wp-content\/uploads\/sites\/3\/2015\/04\/onglet-offres-co.png\" alt=\"onglet-offres-co\" width=\"603\" height=\"117\" \/><\/center><\/p>\n<p style=\"text-align: justify;\">La liste des offres commerciales appara\u00eet alors si certaines ont d\u00e9j\u00e0 \u00e9t\u00e9 param\u00e9tr\u00e9es\u00a0:<\/p>\n<p><center><img decoding=\"async\" loading=\"lazy\" src=\"http:\/\/www.prooptic-idm.com\/wiki\/wp-content\/uploads\/sites\/3\/2015\/04\/liste-offres-co.png\" alt=\"liste-offres-co\" width=\"607\" height=\"719\" \/><\/center><\/p>\n<p style=\"text-align: justify;\">Pour en ajouter une nouvelle, cliquer sur le <strong><em>bouton Ajouter<\/em><\/strong>\u00a0:<\/p>\n<p><center><img decoding=\"async\" loading=\"lazy\" src=\"http:\/\/www.prooptic-idm.com\/wiki\/wp-content\/uploads\/sites\/3\/2015\/04\/btn-ajouter-offre-co.png\" alt=\"btn-ajouter-offre-co\" width=\"607\" height=\"719\" \/><\/center><\/p>\n<p style=\"text-align: justify;\">Cette fen\u00eatre va permettre de param\u00e9trer l&rsquo;offre commerciale selon plusieurs crit\u00e8res\u00a0:<\/p>\n<p><center><img decoding=\"async\" loading=\"lazy\" src=\"http:\/\/www.prooptic-idm.com\/wiki\/wp-content\/uploads\/sites\/3\/2015\/04\/saisie-offre-co.png\" alt=\"saisie-offre-co\" width=\"755\" height=\"565\" \/><\/center><\/p>\n<ul style=\"text-align: justify;\">\n<li>la <strong><em>ligne code<\/em><\/strong> correspond au <strong><em>libell\u00e9 court<\/em><\/strong> de l&rsquo;offre<\/li>\n<li>le <strong><em>nom<\/em> <\/strong>est le <strong><em>libell\u00e9 long<\/em><\/strong><\/li>\n<li>en fonction de l&rsquo;offre <strong><em>cocher ou non si celle-ci est rembours\u00e9e<\/em><\/strong> par la S\u00e9curit\u00e9 Sociale<\/li>\n<li>le <strong><em>niveau de commande<\/em><\/strong> permet de pr\u00e9ciser si cela concerne une deuxi\u00e8me paire (par exemple)<\/li>\n<li>une <strong><em>date doit \u00eatre pr\u00e9cis\u00e9e<\/em><\/strong>\u00a0: si celle-ci est valable ind\u00e9finiment, entrer la date du jour puis 31\/12\/2099<\/li>\n<\/ul>\n<p style=\"text-align: justify;\">Ensuite, plusieurs possibilit\u00e9s concernant les prix\u00a0:<\/p>\n<ul style=\"text-align: justify;\">\n<li>en cochant la <strong><em>premi\u00e8re ligne<\/em><\/strong>, cela permettra de <strong><em>d\u00e9finir un prix sur chaque verre qui sera prioritaire par rapport \u00e0 son tarif existant<\/em><\/strong>\n<ul>\n<li>dans le <strong><em>cas contraire<\/em><\/strong>, il est possible d&rsquo;<strong><em>indiquer une remise sur les verres en pourcentage ou en montant<\/em><\/strong><\/li>\n<\/ul>\n<\/li>\n<li>choisir de <strong><em>cocher ou non si le prix des suppl\u00e9ments est compris\u00a0dans l&rsquo;offre<\/em><\/strong><\/li>\n<li>la ligne suivante permet de <strong><em>d\u00e9finir un prix pour la monture qui sera prioritaire par rapport \u00e0 son prix actuel<\/em><\/strong>\n<ul>\n<li>dans le cas contraire, il est possible d&rsquo;<strong><em>indiquer une remise sur la monture en pourcentage ou en montant<\/em><\/strong><\/li>\n<\/ul>\n<\/li>\n<\/ul>\n<p style=\"text-align: justify;\">En ce qui concerne le rayon, <strong><em>OC &#8211; OFFRES COMMERCIALES<\/em><\/strong> est principalement utilis\u00e9.<\/p>\n<p style=\"text-align: justify;\">Il y a la possibilit\u00e9 d&rsquo;<strong><em>imprimer ou non le libell\u00e9 commercial sur les documents clients<\/em><\/strong> (qui est \u00e0 renseigner dans la case qui suit), ainsi que de distinguer les co\u00fbts suppl\u00e9mentaires \u00e0 l&rsquo;offre sur les documents clients.<br \/> Enfin, on renseigne le <strong><em>code action commerciale<\/em><\/strong> (2\u00b0 paire, forfait, pack, etc.)<\/p>\n<h2>III. Affectation des verres \u00e0 une offre commerciale<\/h2>\n<p>____________________________________________________________________________________________________________________________________________________<\/p>\n<p style=\"text-align: justify;\">On passe ensuite \u00e0 la partie concernant les verres \u00e0 affecter \u00e0 une offre commerciale, pour cela, cliquer sur le <strong><em>bouton Gestion des verres pour les offres co<\/em><\/strong>.\u00a0:<\/p>\n<p><center><img decoding=\"async\" loading=\"lazy\" src=\"http:\/\/www.prooptic-idm.com\/wiki\/wp-content\/uploads\/sites\/3\/2015\/04\/btn-gestion-verre-offre.png\" alt=\"btn-gestion-verre-offre\" width=\"607\" height=\"719\" \/><\/center><\/p>\n<p style=\"text-align: justify;\">On s\u00e9lectionner dans un premier temps le <strong><em>fournisseur\u00a0<\/em><\/strong>:<\/p>\n<p><center><img decoding=\"async\" loading=\"lazy\" src=\"http:\/\/www.prooptic-idm.com\/wiki\/wp-content\/uploads\/sites\/3\/2015\/04\/fourn-offre-co.png\" alt=\"fourn-offre-co\" width=\"800\" height=\"144\" \/><\/center><\/p>\n<p style=\"text-align: justify;\">Puis, <strong><em>l&rsquo;offre<\/em><\/strong> qu&rsquo;on souhaite param\u00e9trer\u00a0:<\/p>\n<p><center><img decoding=\"async\" loading=\"lazy\" src=\"http:\/\/www.prooptic-idm.com\/wiki\/wp-content\/uploads\/sites\/3\/2015\/04\/liste-offre-assoc.png\" alt=\"liste-offre-assoc\" width=\"800\" height=\"199\" \/><\/center><\/p>\n<p style=\"text-align: justify;\">Un tableau s&rsquo;affiche ensuite avec les verres qui ont \u00e9t\u00e9 pr\u00e9-s\u00e9lectionn\u00e9s dans la partie Tarif G\u00e9n\u00e9ral\u00a0:<\/p>\n<p><center><img decoding=\"async\" loading=\"lazy\" src=\"http:\/\/www.prooptic-idm.com\/wiki\/wp-content\/uploads\/sites\/3\/2015\/04\/tableau-assoc-offre.png\" alt=\"tableau-assoc-offre\" width=\"800\" height=\"501\" \/><\/center><\/p>\n<p style=\"text-align: justify;\">On coche les verres que l&rsquo;on souhaite associer \u00e0 l&rsquo;offre gr\u00e2ce \u00e0 la <strong><em>colonne Associer<\/em><\/strong>\u00a0:<\/p>\n<p><center><img decoding=\"async\" loading=\"lazy\" src=\"http:\/\/www.prooptic-idm.com\/wiki\/wp-content\/uploads\/sites\/3\/2015\/04\/coche-assoc-offre.png\" alt=\"coche-assoc-offre\" width=\"800\" height=\"501\" \/><\/center><\/p>\n<p style=\"text-align: justify;\">Enfin, on clique sur <strong><em>Enregistrer<\/em><\/strong> pour que la manipulation soit prise en compte\u00a0:<\/p>\n<p><center><img decoding=\"async\" loading=\"lazy\" src=\"http:\/\/www.prooptic-idm.com\/wiki\/wp-content\/uploads\/sites\/3\/2015\/04\/btn-enregistrer-assoc-offre.png\" alt=\"btn-enregistrer-assoc-offre\" width=\"800\" height=\"501\" \/><\/center><\/p>\n<p style=\"text-align: justify;\">\u00a0<\/p>\n","protected":false},"excerpt":{"rendered":"<p>Le param\u00e9trage des offres commerciales va permettre d&rsquo;ajouter \u00e0 une paire principale\u00a0: une seconde paire une offre limit\u00e9e dans le temps, etc. L&rsquo;avantage principal est que la s\u00e9lection sera restreinte au moment du choix des verres et que les prix s&rsquo;afficheront directement en fonction du param\u00e9trage de l&rsquo;offre commerciale. I. Pr\u00e9-s\u00e9lection des verres ____________________________________________________________________________________________________________________________________________________ Dans &hellip; <a href=\"https:\/\/prooptic.axess.fr\/?page_id=239\" class=\"more-link\">Continuer la lecture de <span class=\"screen-reader-text\">Offres Commerciales<\/span><\/a><\/p>\n","protected":false},"author":1,"featured_media":0,"parent":0,"menu_order":0,"comment_status":"closed","ping_status":"open","template":"","meta":[],"_links":{"self":[{"href":"https:\/\/prooptic.axess.fr\/index.php?rest_route=\/wp\/v2\/pages\/239"}],"collection":[{"href":"https:\/\/prooptic.axess.fr\/index.php?rest_route=\/wp\/v2\/pages"}],"about":[{"href":"https:\/\/prooptic.axess.fr\/index.php?rest_route=\/wp\/v2\/types\/page"}],"author":[{"embeddable":true,"href":"https:\/\/prooptic.axess.fr\/index.php?rest_route=\/wp\/v2\/users\/1"}],"replies":[{"embeddable":true,"href":"https:\/\/prooptic.axess.fr\/index.php?rest_route=%2Fwp%2Fv2%2Fcomments&post=239"}],"version-history":[{"count":0,"href":"https:\/\/prooptic.axess.fr\/index.php?rest_route=\/wp\/v2\/pages\/239\/revisions"}],"wp:attachment":[{"href":"https:\/\/prooptic.axess.fr\/index.php?rest_route=%2Fwp%2Fv2%2Fmedia&parent=239"}],"curies":[{"name":"wp","href":"https:\/\/api.w.org\/{rel}","templated":true}]}}