{"id":243,"date":"2015-04-23T16:34:21","date_gmt":"2015-04-23T15:34:21","guid":{"rendered":"http:\/\/localhost\/wordpress\/?page_id=243"},"modified":"2015-04-23T16:34:21","modified_gmt":"2015-04-23T15:34:21","slug":"import-de-catalogues","status":"publish","type":"page","link":"https:\/\/prooptic.axess.fr\/?page_id=243","title":{"rendered":"Import de catalogues"},"content":{"rendered":"<p>L&rsquo;importation des catalogues est d\u00e9sormais int\u00e9gr\u00e9e au logiciel (la m\u00e9thode ci-dessous est toujours fonctionnelle).<\/p>\n<h2>I.\u00a0Int\u00e9gration \u00e0 partir du logiciel<br \/><\/h2>\n<p>____________________________________________________________________________________________________________________________________________________<\/p>\n<p>Ce nouveau menu de gestion des catalogues va vous permettre de r\u00e9cup\u00e9rer des catalogues disponibles depuis la plateforme Eyes-Road. Il ne sera plus n\u00e9cessaire de s&rsquo;identifier sur le site puis d&rsquo;ajouter les catalogues \u00e0 t\u00e9l\u00e9charger.<\/p>\n<p>L&rsquo;acc\u00e8s au menu se fait \u00e0 partir de l&rsquo;<strong>onglet EDI<\/strong> puis <strong>Suivi des catalogues<\/strong> :<\/p>\n<p><img decoding=\"async\" loading=\"lazy\" src=\"http:\/\/www.prooptic-idm.com\/wiki\/wp-content\/uploads\/2017\/07\/menu-suivi-cat.png\" alt=\"\" width=\"721\" height=\"148\" \/><\/p>\n<p>Les diff\u00e9rentes sections s&rsquo;affichent :<\/p>\n<p><img decoding=\"async\" loading=\"lazy\" src=\"http:\/\/www.prooptic-idm.com\/wiki\/wp-content\/uploads\/2017\/07\/fenetre-suivi-cat.png\" alt=\"\" width=\"800\" height=\"275\" \/><\/p>\n<p>Concernant la <strong>section FAVORIS<\/strong>, chaque catalogue peut \u00eatre coch\u00e9 avec la case correspondante :<\/p>\n<p><img decoding=\"async\" loading=\"lazy\" src=\"http:\/\/www.prooptic-idm.com\/wiki\/wp-content\/uploads\/2017\/07\/favoris-cat.png\" alt=\"\" width=\"682\" height=\"212\" \/><\/p>\n<p>Ainsi les catalogues apparaitront dans la <strong>premi\u00e8re section<\/strong> :<\/p>\n<p><img decoding=\"async\" loading=\"lazy\" src=\"http:\/\/www.prooptic-idm.com\/wiki\/wp-content\/uploads\/2017\/07\/fenetre-favoris.png\" alt=\"\" width=\"697\" height=\"180\" \/><\/p>\n<p>Appuyez ensuite sur le bouton <strong>T\u00e9l\u00e9charger<\/strong> sur la ligne correspondante et le t\u00e9l\u00e9chargement se lancera :<\/p>\n<p><img decoding=\"async\" loading=\"lazy\" src=\"http:\/\/www.prooptic-idm.com\/wiki\/wp-content\/uploads\/2017\/07\/telechargement-cat-suivi.png\" alt=\"\" width=\"723\" height=\"387\" \/><\/p>\n<p><img decoding=\"async\" loading=\"lazy\" src=\"http:\/\/www.prooptic-idm.com\/wiki\/wp-content\/uploads\/2017\/06\/Logo256-1.png\" alt=\"\" width=\"25\" height=\"25\" \/>La traduction s&rsquo;effectuera \u00e0 partir du menu habituel de <strong>gestion des catalogues<\/strong>.<\/p>\n<p>Plusieurs catalogues peuvent \u00eatre t\u00e9l\u00e9charg\u00e9s de fa\u00e7on simultan\u00e9e. Pour cela, s\u00e9lectionner la <strong>case T\u00e9l\u00e9chargement group\u00e9<\/strong> :<\/p>\n<p><img decoding=\"async\" loading=\"lazy\" src=\"http:\/\/www.prooptic-idm.com\/wiki\/wp-content\/uploads\/2017\/07\/case-tel-groupe-cat.png\" alt=\"\" width=\"688\" height=\"108\" \/><\/p>\n<p>Les catalogues vont ainsi s&rsquo;afficher dans le <strong>tableau \u00e0 droite<\/strong> :<\/p>\n<p><img decoding=\"async\" loading=\"lazy\" src=\"http:\/\/www.prooptic-idm.com\/wiki\/wp-content\/uploads\/2017\/07\/tab-cat-tel-suivi.png\" alt=\"\" width=\"800\" height=\"180\" \/><\/p>\n<p>Cliquez enfin sur le<strong> bouton T\u00e9l\u00e9charger les catalogues en attente<\/strong> :<\/p>\n<p><img decoding=\"async\" loading=\"lazy\" src=\"http:\/\/www.prooptic-idm.com\/wiki\/wp-content\/uploads\/2017\/07\/btn-tel-cat-attente.png\" alt=\"\" width=\"800\" height=\"454\" \/><\/p>\n<h2>II. Plateforme Web<br \/><\/h2>\n<p>____________________________________________________________________________________________________________________________________________________<\/p>\n<p>Cette plateforme g\u00e8re tous les catalogues EDI (verres, lentilles, montures). Elle va vous permettre un envoi direct sur Prooptic V5 pour ensuite les r\u00e9ceptionner et les traduire.<\/p>\n<h3>a. Inscription\/connexion sur Eyes-Road<\/h3>\n<p>__________________________________________________________________________<\/p>\n<p>Pour acc\u00e9der au site web, cliquer sur le <strong><em>logo Eyes Road<\/em><\/strong> pr\u00e9sent sur l&rsquo;interface principale de Prooptic V5 :<\/p>\n<p><img decoding=\"async\" loading=\"lazy\" src=\"http:\/\/www.prooptic-idm.com\/wiki\/wp-content\/uploads\/2015\/10\/logo-er.png\" alt=\"logo-er\" width=\"756\" height=\"621\" \/><\/p>\n<p>Une fois le portail ouvert, s\u00e9lectionner <strong><em>Inscription<\/em><\/strong> (si ce n&rsquo;est pas votre premi\u00e8re connexion, s\u00e9lectionner <strong><em>Connexion<\/em><\/strong> en rentrant votre identifiant et mot de passe) :<\/p>\n<p><img decoding=\"async\" loading=\"lazy\" src=\"http:\/\/www.prooptic-idm.com\/wiki\/wp-content\/uploads\/2015\/10\/portail-er.png\" alt=\"portail-er\" width=\"1012\" height=\"616\" \/><\/p>\n<p>Remplissez ensuite les diff\u00e9rents champs vous concernant cliquez sur <strong><em>Rechercher mon magasin<\/em><\/strong> :<\/p>\n<p><img decoding=\"async\" loading=\"lazy\" src=\"http:\/\/www.prooptic-idm.com\/wiki\/wp-content\/uploads\/2015\/10\/form-inscription-er.png\" alt=\"form-inscription-er\" width=\"800\" height=\"544\" \/><\/p>\n<p>S\u00e9lectionner ensuite votre magasin :<\/p>\n<p><img decoding=\"async\" loading=\"lazy\" src=\"http:\/\/www.prooptic-idm.com\/wiki\/wp-content\/uploads\/2015\/10\/select-mag-er.png\" alt=\"select-mag-er\" width=\"800\" height=\"217\" \/><\/p>\n<p>Valider la fen\u00eatre :<\/p>\n<p><img decoding=\"async\" loading=\"lazy\" src=\"http:\/\/www.prooptic-idm.com\/wiki\/wp-content\/uploads\/2015\/10\/confirm-mag.png\" alt=\"confirm-mag\" width=\"601\" height=\"347\" \/><\/p>\n<p>Enfin, confirmer le magasin en entrant un num\u00e9ro de compte chez un fournisseur :<\/p>\n<p><img decoding=\"async\" loading=\"lazy\" src=\"http:\/\/www.prooptic-idm.com\/wiki\/wp-content\/uploads\/2015\/10\/valid-compte-mag.png\" alt=\"valid-compte-mag\" width=\"800\" height=\"239\" \/><\/p>\n<h3>b. Envoi des catalogues<\/h3>\n<p>__________________________________________________________________________<\/p>\n<p>Une fois arriv\u00e9 sur la page du magasin, cliquer sur <strong><em>Envoi de catalogues<\/em><\/strong> :<\/p>\n<p><img decoding=\"async\" loading=\"lazy\" src=\"http:\/\/www.prooptic-idm.com\/wiki\/wp-content\/uploads\/2015\/10\/btn-envoi-cat.png\" alt=\"btn-envoi-cat\" width=\"800\" height=\"428\" \/><\/p>\n<p>Il est possible de naviguer entre les catalogues verres, lentilles et montures gr\u00e2ce aux boutons situ\u00e9s au-dessus du tableau :<\/p>\n<p><img decoding=\"async\" loading=\"lazy\" src=\"http:\/\/www.prooptic-idm.com\/wiki\/wp-content\/uploads\/2015\/10\/btn-navig-er.png\" alt=\"btn-navig-er\" width=\"800\" height=\"223\" \/><\/p>\n<p>Pour mettre les catalogues dans le panier, cliquer sur le <strong><em>logo panier avec le + en vert<\/em><\/strong> :<\/p>\n<p><img decoding=\"async\" loading=\"lazy\" src=\"http:\/\/www.prooptic-idm.com\/wiki\/wp-content\/uploads\/2015\/10\/btn-panier-er.png\" alt=\"btn-panier-er\" width=\"800\" height=\"383\" \/><\/p>\n<p>Il est possible d&rsquo;en ajouter plusieurs \u00e0 la fois. Une fois la s\u00e9lection termin\u00e9e, valider votre panier.<\/p>\n<h3>c. R\u00e9ception des catalogues<\/h3>\n<p>__________________________________________________________________________<\/p>\n<p>Pour r\u00e9ceptionner le catalogue, cliquer sur l&rsquo;<strong><em>onglet E.D.I<\/em><\/strong> puis <strong><em>Lire le courrier<\/em><\/strong> :<\/p>\n<p><img decoding=\"async\" loading=\"lazy\" src=\"http:\/\/www.prooptic-idm.com\/wiki\/wp-content\/uploads\/2015\/10\/menu-courrier.png\" alt=\"menu-courrier\" width=\"655\" height=\"149\" \/><\/p>\n<p>Une moulinette va alors se mettre \u00e0 charger et afficher\u00a0le ou les catalogue(s) envoy\u00e9(s) :<\/p>\n<p><img decoding=\"async\" loading=\"lazy\" src=\"http:\/\/www.prooptic-idm.com\/wiki\/wp-content\/uploads\/2015\/10\/moulientte-edi.png\" alt=\"moulientte-edi\" width=\"731\" height=\"393\" \/><\/p>\n<p>Cocher le ou les catalogue(s) concern\u00e9(s) puis <strong><em>R\u00e9ceptionner les catalogues<\/em><\/strong> :<\/p>\n<p><img decoding=\"async\" loading=\"lazy\" src=\"http:\/\/www.prooptic-idm.com\/wiki\/wp-content\/uploads\/2015\/10\/reception-cat.png\" alt=\"reception-cat\" width=\"699\" height=\"435\" \/><\/p>\n<p>Une nouvelle moulinette appara\u00eet et les catalogues se t\u00e9l\u00e9chargent (le temps de t\u00e9l\u00e9chargement peut varier selon la connexion) :<\/p>\n<p><img decoding=\"async\" loading=\"lazy\" src=\"http:\/\/www.prooptic-idm.com\/wiki\/wp-content\/uploads\/2015\/10\/moulinette-recep.png\" alt=\"moulinette-recep\" width=\"727\" height=\"391\" \/><\/p>\n<p>Le catalogue est alors disponible pour la traduction dans l&rsquo;<strong><em>onglet E.DI<\/em><\/strong>. puis <strong><em>Catalogue<\/em> <\/strong>:<\/p>\n<p><img decoding=\"async\" loading=\"lazy\" src=\"http:\/\/www.prooptic-idm.com\/wiki\/wp-content\/uploads\/2015\/10\/menu-cat.png\" alt=\"menu-cat\" width=\"656\" height=\"151\" \/><\/p>\n<p>Il suffit de le mettre en surbrillance puis de cliquer sur <strong><em>Traduire les catalogues <\/em><\/strong>(le temps de traduction peut varier selon la vitesse du disque)\u00a0:<\/p>\n<p><img decoding=\"async\" loading=\"lazy\" src=\"http:\/\/www.prooptic-idm.com\/wiki\/wp-content\/uploads\/2015\/10\/trad-cat.png\" alt=\"trad-cat\" width=\"796\" height=\"331\" \/><\/p>\n<p>\u00a0<\/p>\n","protected":false},"excerpt":{"rendered":"<p>L&rsquo;importation des catalogues est d\u00e9sormais int\u00e9gr\u00e9e au logiciel (la m\u00e9thode ci-dessous est toujours fonctionnelle). I.\u00a0Int\u00e9gration \u00e0 partir du logiciel ____________________________________________________________________________________________________________________________________________________ Ce nouveau menu de gestion des catalogues va vous permettre de r\u00e9cup\u00e9rer des catalogues disponibles depuis la plateforme Eyes-Road. Il ne sera plus n\u00e9cessaire de s&rsquo;identifier sur le site puis d&rsquo;ajouter les catalogues \u00e0 t\u00e9l\u00e9charger. &hellip; <a href=\"https:\/\/prooptic.axess.fr\/?page_id=243\" class=\"more-link\">Continuer la lecture de <span class=\"screen-reader-text\">Import de catalogues<\/span><\/a><\/p>\n","protected":false},"author":1,"featured_media":0,"parent":0,"menu_order":0,"comment_status":"closed","ping_status":"open","template":"","meta":[],"_links":{"self":[{"href":"https:\/\/prooptic.axess.fr\/index.php?rest_route=\/wp\/v2\/pages\/243"}],"collection":[{"href":"https:\/\/prooptic.axess.fr\/index.php?rest_route=\/wp\/v2\/pages"}],"about":[{"href":"https:\/\/prooptic.axess.fr\/index.php?rest_route=\/wp\/v2\/types\/page"}],"author":[{"embeddable":true,"href":"https:\/\/prooptic.axess.fr\/index.php?rest_route=\/wp\/v2\/users\/1"}],"replies":[{"embeddable":true,"href":"https:\/\/prooptic.axess.fr\/index.php?rest_route=%2Fwp%2Fv2%2Fcomments&post=243"}],"version-history":[{"count":0,"href":"https:\/\/prooptic.axess.fr\/index.php?rest_route=\/wp\/v2\/pages\/243\/revisions"}],"wp:attachment":[{"href":"https:\/\/prooptic.axess.fr\/index.php?rest_route=%2Fwp%2Fv2%2Fmedia&parent=243"}],"curies":[{"name":"wp","href":"https:\/\/api.w.org\/{rel}","templated":true}]}}