{"id":247,"date":"2015-04-23T16:35:25","date_gmt":"2015-04-23T15:35:25","guid":{"rendered":"http:\/\/localhost\/wordpress\/?page_id=247"},"modified":"2015-04-23T16:35:25","modified_gmt":"2015-04-23T15:35:25","slug":"consulter-un-tarif-lentilles","status":"publish","type":"page","link":"https:\/\/prooptic.axess.fr\/?page_id=247","title":{"rendered":"Consulter un tarif lentilles"},"content":{"rendered":"<p style=\"text-align: justify;\">Pour obtenir la liste des lentilles d&rsquo;un fournisseur, cliquez sur l&rsquo;<strong><em>onglet Tarifs<\/em><\/strong> puis <strong><em>Tarif\/Lentilles<\/em><\/strong> pour y acc\u00e9der.<\/p>\n<p><center><img decoding=\"async\" loading=\"lazy\" src=\"http:\/\/www.prooptic-idm.com\/wiki\/wp-content\/uploads\/sites\/3\/2015\/04\/menu-lentilles.png\" alt=\"menu-lentilles\" width=\"605\" height=\"117\" \/><\/center><\/p>\n<p style=\"text-align: justify;\"> S\u00e9lectionner ensuite un <strong><em>fournisseur<\/em> <\/strong>pour que la liste des r\u00e9f\u00e9rences de lentilles apparaisse dans la fen\u00eatre principale\u00a0:<\/p>\n<p><center><img decoding=\"async\" loading=\"lazy\" src=\"http:\/\/www.prooptic-idm.com\/wiki\/wp-content\/uploads\/sites\/3\/2015\/04\/afficher-lentilles.png\" alt=\"afficher-lentilles\" width=\"800\" height=\"569\" \/><\/center><\/p>\n<h2>Consulter le d\u00e9tail d&rsquo;une lentille<\/h2>\n<p>____________________________________________________________________________________________________________________________________________________<\/p>\n<p style=\"text-align: justify;\">La consultation d\u2019une lentille de la liste se fait en utilisant le <strong><em>bouton Fabrication<\/em><\/strong> de la barre lat\u00e9rale\u00a0:<\/p>\n<p><center><img decoding=\"async\" loading=\"lazy\" src=\"http:\/\/www.prooptic-idm.com\/wiki\/wp-content\/uploads\/sites\/3\/2015\/04\/btn-fabr-lentilles.png\" alt=\"btn-fabr-lentilles\" width=\"800\" height=\"569\" \/><\/center><\/p>\n<p style=\"text-align: justify;\"> Les donn\u00e9es d\u00e9taill\u00e9es de la lentille apparaissent ensuite.<br \/> On peut consulter tout d&rsquo;abord les g\u00e9n\u00e9ralit\u00e9s de la lentille\u00a0:<\/p>\n<p><center><img decoding=\"async\" loading=\"lazy\" src=\"http:\/\/www.prooptic-idm.com\/wiki\/wp-content\/uploads\/sites\/3\/2015\/04\/detail-lentille.png\" alt=\"detail-lentille\" width=\"800\" height=\"536\" \/><\/center><\/p>\n<p style=\"text-align: justify;\"> Puis, l\u2019<strong><em>onglet Informations\/Tarifs<\/em><\/strong> permet d&rsquo;afficher les <strong><em>d\u00e9tails tarifaires<\/em><\/strong> ainsi que des <strong><em>informations compl\u00e9mentaires<\/em><\/strong>\u00a0:<\/p>\n<p><center><img decoding=\"async\" loading=\"lazy\" src=\"http:\/\/www.prooptic-idm.com\/wiki\/wp-content\/uploads\/sites\/3\/2015\/04\/onglet-info-tarif-lentille.png\" alt=\"onglet-info-tarif-lentille\" width=\"800\" height=\"536\" \/><\/center><\/p>\n<p>\u00a0<\/p>\n","protected":false},"excerpt":{"rendered":"<p>Pour obtenir la liste des lentilles d&rsquo;un fournisseur, cliquez sur l&rsquo;onglet Tarifs puis Tarif\/Lentilles pour y acc\u00e9der. S\u00e9lectionner ensuite un fournisseur pour que la liste des r\u00e9f\u00e9rences de lentilles apparaisse dans la fen\u00eatre principale\u00a0: Consulter le d\u00e9tail d&rsquo;une lentille ____________________________________________________________________________________________________________________________________________________ La consultation d\u2019une lentille de la liste se fait en utilisant le bouton Fabrication de &hellip; <a href=\"https:\/\/prooptic.axess.fr\/?page_id=247\" class=\"more-link\">Continuer la lecture de <span class=\"screen-reader-text\">Consulter un tarif lentilles<\/span><\/a><\/p>\n","protected":false},"author":1,"featured_media":0,"parent":0,"menu_order":0,"comment_status":"closed","ping_status":"open","template":"","meta":[],"_links":{"self":[{"href":"https:\/\/prooptic.axess.fr\/index.php?rest_route=\/wp\/v2\/pages\/247"}],"collection":[{"href":"https:\/\/prooptic.axess.fr\/index.php?rest_route=\/wp\/v2\/pages"}],"about":[{"href":"https:\/\/prooptic.axess.fr\/index.php?rest_route=\/wp\/v2\/types\/page"}],"author":[{"embeddable":true,"href":"https:\/\/prooptic.axess.fr\/index.php?rest_route=\/wp\/v2\/users\/1"}],"replies":[{"embeddable":true,"href":"https:\/\/prooptic.axess.fr\/index.php?rest_route=%2Fwp%2Fv2%2Fcomments&post=247"}],"version-history":[{"count":0,"href":"https:\/\/prooptic.axess.fr\/index.php?rest_route=\/wp\/v2\/pages\/247\/revisions"}],"wp:attachment":[{"href":"https:\/\/prooptic.axess.fr\/index.php?rest_route=%2Fwp%2Fv2%2Fmedia&parent=247"}],"curies":[{"name":"wp","href":"https:\/\/api.w.org\/{rel}","templated":true}]}}