{"id":249,"date":"2015-04-23T16:35:45","date_gmt":"2015-04-23T15:35:45","guid":{"rendered":"http:\/\/localhost\/wordpress\/?page_id=249"},"modified":"2015-04-23T16:35:45","modified_gmt":"2015-04-23T15:35:45","slug":"sauvegarde","status":"publish","type":"page","link":"https:\/\/prooptic.axess.fr\/?page_id=249","title":{"rendered":"Sauvegarde"},"content":{"rendered":"<p style=\"text-align: justify;\">La sauvegarde (ou backup) permet de pouvoir r\u00e9cup\u00e9rer les donn\u00e9es si le PC venait \u00e0 subir des dommages (plantage du syst\u00e8me, disque dur endommag\u00e9, virus, vol, etc.).<\/p>\n<p style=\"text-align: justify;\">Il est important de faire des sauvegardes <em><b>r\u00e9guli\u00e8rement<\/b> <\/em>afin d&rsquo;\u00eatre s\u00fbr de ne pas perdre le travail effectu\u00e9. Il est conseill\u00e9 d&rsquo;effectuer une sauvegarde <em><b>tous les jours<\/b><\/em> et une sauvegarde suppl\u00e9mentaire toutes les semaines ou apr\u00e8s chaque modification importante de la base de donn\u00e9es (saisie d&rsquo;un grand nombre de fiches par exemple). Il est \u00e9galement plus prudent de garder <em><b>plusieurs jeux<\/b> <\/em>de sauvegardes en cas de probl\u00e8me avec l&rsquo;une ou l&rsquo;autre copie.<\/p>\n<h2 style=\"text-align: justify;\">I. Effectuer une copie de s\u00e9curit\u00e9<\/h2>\n<p>____________________________________________________________________________________________________________________________________________________<\/p>\n<p style=\"text-align: justify;\">La sauvegarde se fait sur un lecteur externe de grande capacit\u00e9 (clef USB, disque dur externe, etc.) et parall\u00e8lement dans un r\u00e9pertoire local.<\/p>\n<p style=\"text-align: justify;\">Le param\u00e9trage du type de support utilis\u00e9 se fait au niveau de l\u2019<strong><em>\u00eecone Options<\/em><\/strong>\u00a0:<\/p>\n<p><center><img decoding=\"async\" loading=\"lazy\" src=\"http:\/\/www.prooptic-idm.com\/wiki\/wp-content\/uploads\/sites\/3\/2015\/04\/icone-options.png\" alt=\"icone-options\" width=\"824\" height=\"112\" \/><\/center><center><img decoding=\"async\" loading=\"lazy\" src=\"http:\/\/www.prooptic-idm.com\/wiki\/wp-content\/uploads\/sites\/3\/2015\/04\/lettre-save.png\" alt=\"lettre-save\" width=\"821\" height=\"324\" \/><\/center><\/p>\n<p style=\"text-align: justify;\"> Une fois la configuration des options de sauvegarde effectu\u00e9e, la sauvegarde des donn\u00e9es peut \u00eatre lanc\u00e9e \u00e0 partir de l&rsquo;<strong><em>\u00eecone Sauvegarder<\/em><\/strong>\u00a0:<\/p>\n<p><center><img decoding=\"async\" loading=\"lazy\" src=\"http:\/\/www.prooptic-idm.com\/wiki\/wp-content\/uploads\/sites\/3\/2015\/04\/menu-save.png\" alt=\"menu-save\" width=\"827\" height=\"113\" \/><\/center><\/p>\n<p style=\"text-align: justify;\"> <b>Astuce<\/b>\u00a0: il est vivement conseill\u00e9 de marquer sur l&rsquo;\u00e9tiquette du support la date de la copie afin de pouvoir la retrouver facilement en cas de restauration.<br \/> Pour proc\u00e9der \u00e0 la sauvegarde des donn\u00e9es, cliquer sur le bouton <b>Sauvegarder maintenant<\/b> de l\u2019onglet <b>Sauvegarde<\/b>\u00a0:<\/p>\n<p><center><img decoding=\"async\" loading=\"lazy\" src=\"http:\/\/www.prooptic-idm.com\/wiki\/wp-content\/uploads\/sites\/3\/2015\/04\/save.png\" alt=\"save\" width=\"474\" height=\"222\" \/><\/center><\/p>\n<p style=\"text-align: justify;\"> Selon les param\u00e8tres indiqu\u00e9s, le programme compressera les donn\u00e9es et copiera sur votre support de sauvegarde. Une fois l&rsquo;op\u00e9ration termin\u00e9e, le support peut \u00eatre retir\u00e9 et rang\u00e9 en lieu s\u00fbr.<\/p>\n<h2 style=\"text-align: justify;\">II. Restaurer une copie de s\u00e9curit\u00e9<\/h2>\n<p>____________________________________________________________________________________________________________________________________________________<\/p>\n<p style=\"text-align: justify;\">Pour restaurer une sauvegarde, il suffit de placer le support contenant la copie dans le lecteur et de cliquer sur le <strong><em>bouton Restaurer<\/em><\/strong>\u00a0:<\/p>\n<p><center><img decoding=\"async\" loading=\"lazy\" src=\"http:\/\/www.prooptic-idm.com\/wiki\/wp-content\/uploads\/sites\/3\/2015\/04\/menu-restore.png\" alt=\"menu-restore\" width=\"828\" height=\"112\" \/><\/center><\/p>\n<p style=\"text-align: justify;\">S\u00e9lectionner ensuite le type de restauration puis cliquer sur <strong><em>Restaurer\u00a0<\/em><\/strong>:<\/p>\n<p><center><img decoding=\"async\" loading=\"lazy\" src=\"http:\/\/www.prooptic-idm.com\/wiki\/wp-content\/uploads\/sites\/3\/2015\/04\/type-restore.png\" alt=\"type-restore\" width=\"474\" height=\"222\" \/><\/center><\/p>\n<p style=\"text-align: justify;\"><strong><em> ATTENTION\u00a0<\/em><\/strong>: le fait de restaurer une copie de s\u00e9curit\u00e9 \u00e9crase la base de donn\u00e9es en place. Ne pas proc\u00e9der \u00e0 cette op\u00e9ration sans raison valable.<\/p>\n<p style=\"text-align: justify;\">En cas de doute sur la proc\u00e9dure \u00e0 effectuer, ou si un probl\u00e8me se pose pour la sauvegarde des donn\u00e9es, il est toujours possible de contacter le support technique.<\/p>\n","protected":false},"excerpt":{"rendered":"<p>La sauvegarde (ou backup) permet de pouvoir r\u00e9cup\u00e9rer les donn\u00e9es si le PC venait \u00e0 subir des dommages (plantage du syst\u00e8me, disque dur endommag\u00e9, virus, vol, etc.). Il est important de faire des sauvegardes r\u00e9guli\u00e8rement afin d&rsquo;\u00eatre s\u00fbr de ne pas perdre le travail effectu\u00e9. Il est conseill\u00e9 d&rsquo;effectuer une sauvegarde tous les jours et &hellip; <a href=\"https:\/\/prooptic.axess.fr\/?page_id=249\" class=\"more-link\">Continuer la lecture de <span class=\"screen-reader-text\">Sauvegarde<\/span><\/a><\/p>\n","protected":false},"author":1,"featured_media":0,"parent":0,"menu_order":0,"comment_status":"closed","ping_status":"open","template":"","meta":[],"_links":{"self":[{"href":"https:\/\/prooptic.axess.fr\/index.php?rest_route=\/wp\/v2\/pages\/249"}],"collection":[{"href":"https:\/\/prooptic.axess.fr\/index.php?rest_route=\/wp\/v2\/pages"}],"about":[{"href":"https:\/\/prooptic.axess.fr\/index.php?rest_route=\/wp\/v2\/types\/page"}],"author":[{"embeddable":true,"href":"https:\/\/prooptic.axess.fr\/index.php?rest_route=\/wp\/v2\/users\/1"}],"replies":[{"embeddable":true,"href":"https:\/\/prooptic.axess.fr\/index.php?rest_route=%2Fwp%2Fv2%2Fcomments&post=249"}],"version-history":[{"count":0,"href":"https:\/\/prooptic.axess.fr\/index.php?rest_route=\/wp\/v2\/pages\/249\/revisions"}],"wp:attachment":[{"href":"https:\/\/prooptic.axess.fr\/index.php?rest_route=%2Fwp%2Fv2%2Fmedia&parent=249"}],"curies":[{"name":"wp","href":"https:\/\/api.w.org\/{rel}","templated":true}]}}