{"id":251,"date":"2015-04-23T16:35:57","date_gmt":"2015-04-23T15:35:57","guid":{"rendered":"http:\/\/localhost\/wordpress\/?page_id=251"},"modified":"2015-04-23T16:35:57","modified_gmt":"2015-04-23T15:35:57","slug":"agenda","status":"publish","type":"page","link":"https:\/\/prooptic.axess.fr\/?page_id=251","title":{"rendered":"Agenda"},"content":{"rendered":"<p style=\"text-align: justify;\">Le logiciel Prooptic V.5 contient un agenda \u00e9lectronique qui permet de planifier les rendez-vous. Le syst\u00e8me peut \u00eatre param\u00e9tr\u00e9 pour pr\u00e9venir de l&rsquo;imminence d&rsquo;un rendez-vous.<\/p>\n<p style=\"text-align: justify;\">Cet agenda est accessible \u00e0 tout moment en s\u00e9lectionnant l&rsquo;<strong><em>onglet Agenda<\/em><\/strong> puis en cliquant sur l&rsquo;<strong><em>icone Agenda<\/em><\/strong>\u00a0:<\/p>\n<p><center><img decoding=\"async\" loading=\"lazy\" src=\"http:\/\/www.prooptic-idm.com\/wiki\/wp-content\/uploads\/sites\/3\/2015\/04\/menu-agenda.png\" alt=\"menu-agenda\" width=\"600\" height=\"114\" \/><\/center><\/p>\n<h2>Utilisation<\/h2>\n<p>______________________________________________________________________________________________________________________________________________<\/p>\n<p style=\"text-align: justify;\">L\u2019agenda peut se pr\u00e9senter sous la forme d\u2019un planning sur une journ\u00e9e, une semaine ou un mois, ce qui permet de visualiser d\u2019un coup d\u2019\u0153il tous les rendez-vous\u00a0:<\/p>\n<p><center><img decoding=\"async\" loading=\"lazy\" src=\"http:\/\/www.prooptic-idm.com\/wiki\/wp-content\/uploads\/sites\/3\/2015\/04\/vue-semaine.png\" alt=\"vue-semaine\" width=\"800\" height=\"500\" \/><\/center><\/p>\n<p style=\"text-align: justify;\"> La journ\u00e9e en cours est affich\u00e9e par d\u00e9faut mais il est bien entendu possible d\u2019en choisir une autre en utilisant les boutons suivant et pr\u00e9c\u00e9dent pr\u00e9vus \u00e0 cet effet\u00a0:<\/p>\n<p><center><img decoding=\"async\" loading=\"lazy\" src=\"http:\/\/www.prooptic-idm.com\/wiki\/wp-content\/uploads\/sites\/3\/2015\/04\/suiv-prec-btn.png\" alt=\"suiv-prec-btn\" width=\"800\" height=\"528\" \/><\/center><\/p>\n<p style=\"text-align: justify;\"> ou en s\u00e9lectionnant directement une journ\u00e9e dans le calendrier\u00a0:<\/p>\n<p><center><img decoding=\"async\" loading=\"lazy\" src=\"http:\/\/www.prooptic-idm.com\/wiki\/wp-content\/uploads\/sites\/3\/2015\/04\/calendrier-agenda.png\" alt=\"calendrier-agenda\" width=\"247\" height=\"159\" \/><\/center><\/p>\n<p style=\"text-align: justify;\"> Pour ajouter un nouveau rendez-vous, il suffit de cliquer sur le bouton <img decoding=\"async\" loading=\"lazy\" src=\"http:\/\/www.prooptic-idm.com\/wiki\/wp-content\/uploads\/sites\/3\/2015\/04\/btn-ajout-agenda.png\" alt=\"btn-ajout-agenda\" width=\"61\" height=\"57\" \/>\u00a0puis de s\u00e9lectionner une date et une heure dans le planning. Un nouveau formulaire appara\u00eet permettant d\u2019introduire le tiers concern\u00e9 (client, mutuelle, fournisseur etc.), l\u2019objet du rendez-vous, le vendeur concern\u00e9 et un \u00e9ventuel commentaire\u00a0:<\/p>\n<p><center><img decoding=\"async\" loading=\"lazy\" src=\"http:\/\/www.prooptic-idm.com\/wiki\/wp-content\/uploads\/sites\/3\/2015\/04\/formulaire-rdv.png\" alt=\"formulaire-rdv\" width=\"291\" height=\"500\" \/><\/center><\/p>\n<p style=\"text-align: justify;\"> Pour enregistrer ce rendez-vous, cliquer sur <strong><em>Valider<\/em><\/strong>. Pour consulter ou modifier ces donn\u00e9es ult\u00e9rieurement, il suffira de cliquer \u00e0 nouveau sur la case correspondante dans le planning.<\/p>\n<p style=\"text-align: justify;\">La suppression d\u2019un rendez-vous se fait simplement en le s\u00e9lectionnant et en cliquant sur le <strong><em>bouton Supprimer<\/em><\/strong>. Il est possible de g\u00e9rer plusieurs rendez-vous pour une m\u00eame date et heure.<\/p>\n<p style=\"text-align: justify;\">Les rendez-vous de livraisons et de montage saisis depuis la fiche d\u2019un client lors de la saisie d&rsquo;une visite apparaissent sur ce m\u00eame planning ainsi qu&rsquo;en notification sur la page d&rsquo;accueil de Prooptic V.5<\/p>\n","protected":false},"excerpt":{"rendered":"<p>Le logiciel Prooptic V.5 contient un agenda \u00e9lectronique qui permet de planifier les rendez-vous. Le syst\u00e8me peut \u00eatre param\u00e9tr\u00e9 pour pr\u00e9venir de l&rsquo;imminence d&rsquo;un rendez-vous. Cet agenda est accessible \u00e0 tout moment en s\u00e9lectionnant l&rsquo;onglet Agenda puis en cliquant sur l&rsquo;icone Agenda\u00a0: Utilisation ______________________________________________________________________________________________________________________________________________ L\u2019agenda peut se pr\u00e9senter sous la forme d\u2019un planning sur une &hellip; <a href=\"https:\/\/prooptic.axess.fr\/?page_id=251\" class=\"more-link\">Continuer la lecture de <span class=\"screen-reader-text\">Agenda<\/span><\/a><\/p>\n","protected":false},"author":1,"featured_media":0,"parent":0,"menu_order":0,"comment_status":"closed","ping_status":"open","template":"","meta":[],"_links":{"self":[{"href":"https:\/\/prooptic.axess.fr\/index.php?rest_route=\/wp\/v2\/pages\/251"}],"collection":[{"href":"https:\/\/prooptic.axess.fr\/index.php?rest_route=\/wp\/v2\/pages"}],"about":[{"href":"https:\/\/prooptic.axess.fr\/index.php?rest_route=\/wp\/v2\/types\/page"}],"author":[{"embeddable":true,"href":"https:\/\/prooptic.axess.fr\/index.php?rest_route=\/wp\/v2\/users\/1"}],"replies":[{"embeddable":true,"href":"https:\/\/prooptic.axess.fr\/index.php?rest_route=%2Fwp%2Fv2%2Fcomments&post=251"}],"version-history":[{"count":0,"href":"https:\/\/prooptic.axess.fr\/index.php?rest_route=\/wp\/v2\/pages\/251\/revisions"}],"wp:attachment":[{"href":"https:\/\/prooptic.axess.fr\/index.php?rest_route=%2Fwp%2Fv2%2Fmedia&parent=251"}],"curies":[{"name":"wp","href":"https:\/\/api.w.org\/{rel}","templated":true}]}}