{"id":2517,"date":"2018-06-05T15:11:24","date_gmt":"2018-06-05T13:11:24","guid":{"rendered":"http:\/\/www.prooptic-idm.com\/wiki\/wiki15\/?page_id=2517"},"modified":"2018-06-05T15:11:24","modified_gmt":"2018-06-05T13:11:24","slug":"mouvements-de-stock","status":"publish","type":"page","link":"https:\/\/prooptic.axess.fr\/?page_id=2517","title":{"rendered":"Mouvements de stock"},"content":{"rendered":"<p style=\"text-align: justify;\">Le module de consultation des mouvements de stock est accessible depuis le menu <strong><em>Stock\u2026Mouvements.<\/em><\/strong><\/p>\n<p><img decoding=\"async\" loading=\"lazy\" src=\"http:\/\/prooptic.axess.fr\/wp-content\/uploads\/2019\/02\/barre-de-menu.png\" alt=\"\" width=\"1006\" height=\"137\" \/><\/p>\n<p style=\"text-align: justify;\">Il permet de consulter les entr\u00e9es \/ sorties de stock pour un distributeur et\/ou une marque et\/ou une famille de produits sur une plage de dates donn\u00e9es.<\/p>\n<p style=\"text-align: justify;\">Si vous ne sp\u00e9cifiez pas de marque ou de famille, la liste affichera le cumul des entr\u00e9es\/sorties par marque ou par famille dans les exemples comme ci-dessous.<\/p>\n<p style=\"text-align: justify;\"><img decoding=\"async\" loading=\"lazy\" src=\"http:\/\/prooptic.axess.fr\/wp-content\/uploads\/2019\/02\/marque-1030x439.png\" alt=\"\" width=\"734\" height=\"313\" \/><\/p>\n<p style=\"text-align: justify;\"><img decoding=\"async\" loading=\"lazy\" src=\"http:\/\/prooptic.axess.fr\/wp-content\/uploads\/2019\/02\/famille-1030x457.png\" alt=\"\" width=\"734\" height=\"326\" \/>Si une marque et une famille sont renseign\u00e9s, la liste affichera le d\u00e9tail des articles correspondants \u00e0 ces crit\u00e8res. Il est possible de filtrer ces mouvements sur une plage de dates donn\u00e9es.<\/p>\n<p style=\"text-align: justify;\"><img decoding=\"async\" loading=\"lazy\" src=\"http:\/\/prooptic.axess.fr\/wp-content\/uploads\/2019\/02\/marque-et-famille-1030x775.png\" alt=\"\" width=\"734\" height=\"552\" \/><\/p>\n<p style=\"text-align: justify;\">Si vous double-cliquez sur une ligne d\u2019article, vous aurez le d\u00e9tail des entr\u00e9es et des sorties de stock pour cet article.<\/p>\n<p><img decoding=\"async\" loading=\"lazy\" src=\"http:\/\/prooptic.axess.fr\/wp-content\/uploads\/2019\/02\/detail-1030x775.png\" alt=\"\" width=\"734\" height=\"552\" \/><\/p>\n","protected":false},"excerpt":{"rendered":"<p>Le module de consultation des mouvements de stock est accessible depuis le menu Stock\u2026Mouvements. Il permet de consulter les entr\u00e9es \/ sorties de stock pour un distributeur et\/ou une marque et\/ou une famille de produits sur une plage de dates donn\u00e9es. Si vous ne sp\u00e9cifiez pas de marque ou de famille, la liste affichera le &hellip; <a href=\"https:\/\/prooptic.axess.fr\/?page_id=2517\" class=\"more-link\">Continuer la lecture de <span class=\"screen-reader-text\">Mouvements de stock<\/span><\/a><\/p>\n","protected":false},"author":1,"featured_media":0,"parent":0,"menu_order":0,"comment_status":"closed","ping_status":"closed","template":"","meta":[],"_links":{"self":[{"href":"https:\/\/prooptic.axess.fr\/index.php?rest_route=\/wp\/v2\/pages\/2517"}],"collection":[{"href":"https:\/\/prooptic.axess.fr\/index.php?rest_route=\/wp\/v2\/pages"}],"about":[{"href":"https:\/\/prooptic.axess.fr\/index.php?rest_route=\/wp\/v2\/types\/page"}],"author":[{"embeddable":true,"href":"https:\/\/prooptic.axess.fr\/index.php?rest_route=\/wp\/v2\/users\/1"}],"replies":[{"embeddable":true,"href":"https:\/\/prooptic.axess.fr\/index.php?rest_route=%2Fwp%2Fv2%2Fcomments&post=2517"}],"version-history":[{"count":0,"href":"https:\/\/prooptic.axess.fr\/index.php?rest_route=\/wp\/v2\/pages\/2517\/revisions"}],"wp:attachment":[{"href":"https:\/\/prooptic.axess.fr\/index.php?rest_route=%2Fwp%2Fv2%2Fmedia&parent=2517"}],"curies":[{"name":"wp","href":"https:\/\/api.w.org\/{rel}","templated":true}]}}