{"id":2534,"date":"2018-06-05T16:05:13","date_gmt":"2018-06-05T14:05:13","guid":{"rendered":"http:\/\/www.prooptic-idm.com\/wiki\/wiki15\/?page_id=2534"},"modified":"2018-06-05T16:05:13","modified_gmt":"2018-06-05T14:05:13","slug":"bon-cadeau","status":"publish","type":"page","link":"https:\/\/prooptic.axess.fr\/?page_id=2534","title":{"rendered":"Bon cadeau"},"content":{"rendered":"<h2>I. Param\u00e9trage en caisse des bons cadeaux<\/h2>\n<p style=\"text-align: justify;\">Avant de pouvoir g\u00e9rer des bons cadeaux, il est indispensable de cr\u00e9er un mode de r\u00e8glement \u00ab<strong>BON CADEAU<\/strong>\u00bb en sp\u00e9cifiant qu\u2019il est de type <strong><em>Chq Kdo<\/em>\u00a0(<em>Menu Caisse\u2026Modes de r\u00e8glements<\/em>).<\/strong><img decoding=\"async\" loading=\"lazy\" src=\"http:\/\/prooptic.axess.fr\/wp-content\/uploads\/2018\/06\/creation-mode-reglement.png\" alt=\"\" width=\"682\" height=\"311\" \/><\/p>\n<p style=\"text-align: justify;\">Il faut \u00e9galement saisir une ventilation de caisse correspondant au bon cadeau (<strong>Caisse =&gt; Ventilations<\/strong>) :<br \/><img decoding=\"async\" loading=\"lazy\" src=\"http:\/\/prooptic.axess.fr\/wp-content\/uploads\/2021\/03\/Caisse-ventilations-700x130.png\" alt=\"\" width=\"700\" height=\"130\" \/><br \/><img decoding=\"async\" loading=\"lazy\" src=\"http:\/\/prooptic.axess.fr\/wp-content\/uploads\/2021\/03\/Ventilation-bon-kdo.png\" alt=\"\" width=\"589\" height=\"266\" \/><\/p>\n<h2>II. Cr\u00e9ation du bon cadeau<\/h2>\n<p style=\"text-align: justify;\">Pour cr\u00e9er un bon cadeau aller dans le menu \u00ab\u00a0<strong><em>Caisse\u00a0\u00bb\u00a0 &gt;<\/em><\/strong>ic\u00f4ne <strong><em>\u00ab\u00a0Divers\u00a0\u00bb <\/em><\/strong>puis <strong><em>\u00ab\u00a0Cartes Cadeaux\u00a0\u00bb :\u00a0\u00a0<br \/><img decoding=\"async\" loading=\"lazy\" src=\"http:\/\/prooptic.axess.fr\/wp-content\/uploads\/2021\/03\/Carte-cadeau-700x206.png\" alt=\"\" width=\"700\" height=\"206\" \/><br \/><\/em><\/strong><\/p>\n<p style=\"text-align: justify;\">Cliquez sur <strong><em>Ajouter<\/em><\/strong> pour cr\u00e9er un bon cadeau.<\/p>\n<p style=\"text-align: justify;\">S\u00e9lectionnez le client qui offre le bon cadeau :<img decoding=\"async\" loading=\"lazy\" src=\"http:\/\/prooptic.axess.fr\/wp-content\/uploads\/2018\/06\/client-select-bon-kdo.png\" alt=\"\" width=\"708\" height=\"416\" \/><\/p>\n<p style=\"text-align: justify;\">Renseignez ensuite le montant et le nom du b\u00e9n\u00e9ficiaire de ce bon. Il est \u00e9galement possible de sp\u00e9cifier une date limite de validit\u00e9 de ce bon. Cliquez sur <strong><em>Enregistrer<\/em><\/strong>.<\/p>\n<p style=\"text-align: justify;\"><img decoding=\"async\" loading=\"lazy\" src=\"http:\/\/prooptic.axess.fr\/wp-content\/uploads\/2018\/06\/confirmation-creation-carte-cadeau.png\" alt=\"\" width=\"466\" height=\"169\" \/>Confirmez la cr\u00e9ation du bon en cliquant sur <strong><em>Oui.<\/em><\/strong><\/p>\n<p style=\"text-align: justify;\">Vous allez ensuite encaisser le r\u00e8glement de ce bon cadeau et \u00e9ventuellement imprimer une facture.<\/p>\n<p style=\"text-align: justify;\">Enfin, \u00e0 l\u2019issu de l\u2019encaissement vous pouvez imprimer le bon cadeau. Ce bon est identifi\u00e9 par une r\u00e9f\u00e9rence (CKDO9 dans l\u2019exemple).<img decoding=\"async\" loading=\"lazy\" src=\"http:\/\/prooptic.axess.fr\/wp-content\/uploads\/2018\/06\/impression-carte-cadeau.png\" alt=\"\" width=\"747\" height=\"411\" \/><\/p>\n<h2 id=\"informations-client\">III. Utilisation du bon cadeau<\/h2>\n<p style=\"text-align: justify;\">Lorsque le b\u00e9n\u00e9ficiaire du bon cadeau r\u00e9alise son achat, lors de l\u2019encaissement, il faut utiliser le mode de r\u00e8glement <strong>\u00abBON CADEAU\u00bb<\/strong> cr\u00e9\u00e9 au pr\u00e9alable.<img decoding=\"async\" loading=\"lazy\" src=\"http:\/\/prooptic.axess.fr\/wp-content\/uploads\/2018\/06\/encaissement-bon-cadeau-1030x775.png\" alt=\"\" width=\"734\" height=\"552\" \/>Saisissez alors la r\u00e9f\u00e9rence du bon cadeau \u00e0 utiliser (CKDO9 dans l\u2019exemple) et Validez.<img decoding=\"async\" loading=\"lazy\" src=\"http:\/\/prooptic.axess.fr\/wp-content\/uploads\/2018\/06\/saisie-carte-cadeau.png\" alt=\"\" width=\"563\" height=\"130\" \/><\/p>\n<p style=\"text-align: justify;\"><img decoding=\"async\" loading=\"lazy\" src=\"http:\/\/prooptic.axess.fr\/wp-content\/uploads\/2018\/06\/confirmation-utilisataion-carte-cadeau.png\" alt=\"\" width=\"333\" height=\"244\" \/>Si le montant de l\u2019achat est sup\u00e9rieur ou \u00e9gal au bon cadeau, ce dernier sera sold\u00e9. Dans le cas contraire, il restera la diff\u00e9rence \u00e0 utiliser sur ce bon.<\/p>\n","protected":false},"excerpt":{"rendered":"<p>I. Param\u00e9trage en caisse des bons cadeaux Avant de pouvoir g\u00e9rer des bons cadeaux, il est indispensable de cr\u00e9er un mode de r\u00e8glement \u00abBON CADEAU\u00bb en sp\u00e9cifiant qu\u2019il est de type Chq Kdo\u00a0(Menu Caisse\u2026Modes de r\u00e8glements). Il faut \u00e9galement saisir une ventilation de caisse correspondant au bon cadeau (Caisse =&gt; Ventilations) : II. Cr\u00e9ation du &hellip; <a href=\"https:\/\/prooptic.axess.fr\/?page_id=2534\" class=\"more-link\">Continuer la lecture de <span class=\"screen-reader-text\">Bon cadeau<\/span><\/a><\/p>\n","protected":false},"author":1,"featured_media":0,"parent":0,"menu_order":0,"comment_status":"closed","ping_status":"closed","template":"","meta":[],"_links":{"self":[{"href":"https:\/\/prooptic.axess.fr\/index.php?rest_route=\/wp\/v2\/pages\/2534"}],"collection":[{"href":"https:\/\/prooptic.axess.fr\/index.php?rest_route=\/wp\/v2\/pages"}],"about":[{"href":"https:\/\/prooptic.axess.fr\/index.php?rest_route=\/wp\/v2\/types\/page"}],"author":[{"embeddable":true,"href":"https:\/\/prooptic.axess.fr\/index.php?rest_route=\/wp\/v2\/users\/1"}],"replies":[{"embeddable":true,"href":"https:\/\/prooptic.axess.fr\/index.php?rest_route=%2Fwp%2Fv2%2Fcomments&post=2534"}],"version-history":[{"count":0,"href":"https:\/\/prooptic.axess.fr\/index.php?rest_route=\/wp\/v2\/pages\/2534\/revisions"}],"wp:attachment":[{"href":"https:\/\/prooptic.axess.fr\/index.php?rest_route=%2Fwp%2Fv2%2Fmedia&parent=2534"}],"curies":[{"name":"wp","href":"https:\/\/api.w.org\/{rel}","templated":true}]}}