{"id":255,"date":"2015-04-23T16:36:21","date_gmt":"2015-04-23T15:36:21","guid":{"rendered":"http:\/\/localhost\/wordpress\/?page_id=255"},"modified":"2015-04-23T16:36:21","modified_gmt":"2015-04-23T15:36:21","slug":"generalites-2","status":"publish","type":"page","link":"https:\/\/prooptic.axess.fr\/?page_id=255","title":{"rendered":"G\u00e9n\u00e9ralit\u00e9s"},"content":{"rendered":"<p style=\"text-align: justify;\">L\u2019acc\u00e8s au module Statistiques se fait en cliquant sur le <strong><em>bouton Statistiques<\/em><\/strong> de l&rsquo;<strong><em>onglet Statistiques<\/em><\/strong>\u00a0:<\/p>\n<p><center><img decoding=\"async\" loading=\"lazy\" src=\"http:\/\/www.prooptic-idm.com\/wiki\/wp-content\/uploads\/sites\/3\/2015\/04\/icone-stats.png\" alt=\"icone-stats\" width=\"823\" height=\"111\" \/><\/center><\/p>\n<p style=\"text-align: justify;\">Ce module donne acc\u00e8s \u00e0 une s\u00e9rie de requ\u00eates pr\u00e9d\u00e9finies permettant d\u2019obtenir de nombreux renseignements sur les donn\u00e9es introduites dans Prooptic V.5. De nombreuses requ\u00eates sont possibles.<\/p>\n<p><center><img decoding=\"async\" loading=\"lazy\" src=\"http:\/\/www.prooptic-idm.com\/wiki\/wp-content\/uploads\/sites\/3\/2015\/04\/choix.png\" alt=\"choix\" width=\"383\" height=\"179\" \/><\/center><\/p>\n<p style=\"text-align: justify;\"> Le choix du \u00ab\u00a0th\u00e8me\u00a0\u00bb de la statistique recherch\u00e9e se fait dans le <strong><em>menu d\u00e9roulant<\/em><\/strong>.<\/p>\n<p style=\"text-align: justify;\">Ensuite, selon le th\u00e8me choisi, la p\u00e9riode est \u00e0 s\u00e9lectionner.<\/p>\n<p><center><img decoding=\"async\" loading=\"lazy\" src=\"http:\/\/www.prooptic-idm.com\/wiki\/wp-content\/uploads\/sites\/3\/2015\/04\/tri-date-stats.png\" alt=\"tri-date-stats\" width=\"747\" height=\"76\" \/><\/center><\/p>\n<p style=\"text-align: justify;\"> Une fois le th\u00e8me et la p\u00e9riode d\u00e9termin\u00e9e, cliquer sur le bouton <img decoding=\"async\" loading=\"lazy\" src=\"http:\/\/www.prooptic-idm.com\/wiki\/wp-content\/uploads\/sites\/3\/2015\/04\/btn-afficher.png\" alt=\"btn-afficher\" width=\"112\" height=\"39\" \/><br \/> Exemple de pr\u00e9sentation du r\u00e9sultat avec liste, dans le cas de l\u2019analyse du CA en optique\/lentilles pour la p\u00e9riode de juillet 2014\u00a0:<\/p>\n<p><center><img decoding=\"async\" loading=\"lazy\" src=\"http:\/\/www.prooptic-idm.com\/wiki\/wp-content\/uploads\/sites\/3\/2015\/04\/affichage-stats.png\" alt=\"affichage-stats\" width=\"800\" height=\"550\" \/><\/center><\/p>\n<p style=\"text-align: justify;\">\u00a0<\/p>\n","protected":false},"excerpt":{"rendered":"<p>L\u2019acc\u00e8s au module Statistiques se fait en cliquant sur le bouton Statistiques de l&rsquo;onglet Statistiques\u00a0: Ce module donne acc\u00e8s \u00e0 une s\u00e9rie de requ\u00eates pr\u00e9d\u00e9finies permettant d\u2019obtenir de nombreux renseignements sur les donn\u00e9es introduites dans Prooptic V.5. De nombreuses requ\u00eates sont possibles. Le choix du \u00ab\u00a0th\u00e8me\u00a0\u00bb de la statistique recherch\u00e9e se fait dans le menu &hellip; <a href=\"https:\/\/prooptic.axess.fr\/?page_id=255\" class=\"more-link\">Continuer la lecture de <span class=\"screen-reader-text\">G\u00e9n\u00e9ralit\u00e9s<\/span><\/a><\/p>\n","protected":false},"author":1,"featured_media":0,"parent":0,"menu_order":0,"comment_status":"closed","ping_status":"open","template":"","meta":[],"_links":{"self":[{"href":"https:\/\/prooptic.axess.fr\/index.php?rest_route=\/wp\/v2\/pages\/255"}],"collection":[{"href":"https:\/\/prooptic.axess.fr\/index.php?rest_route=\/wp\/v2\/pages"}],"about":[{"href":"https:\/\/prooptic.axess.fr\/index.php?rest_route=\/wp\/v2\/types\/page"}],"author":[{"embeddable":true,"href":"https:\/\/prooptic.axess.fr\/index.php?rest_route=\/wp\/v2\/users\/1"}],"replies":[{"embeddable":true,"href":"https:\/\/prooptic.axess.fr\/index.php?rest_route=%2Fwp%2Fv2%2Fcomments&post=255"}],"version-history":[{"count":0,"href":"https:\/\/prooptic.axess.fr\/index.php?rest_route=\/wp\/v2\/pages\/255\/revisions"}],"wp:attachment":[{"href":"https:\/\/prooptic.axess.fr\/index.php?rest_route=%2Fwp%2Fv2%2Fmedia&parent=255"}],"curies":[{"name":"wp","href":"https:\/\/api.w.org\/{rel}","templated":true}]}}