{"id":257,"date":"2015-04-23T16:36:33","date_gmt":"2015-04-23T15:36:33","guid":{"rendered":"http:\/\/localhost\/wordpress\/?page_id=257"},"modified":"2015-04-23T16:36:33","modified_gmt":"2015-04-23T15:36:33","slug":"evolution-des-ventes","status":"publish","type":"page","link":"https:\/\/prooptic.axess.fr\/?page_id=257","title":{"rendered":"Evolution des Ventes"},"content":{"rendered":"<p style=\"text-align: justify;\">Cette option permet d\u2019avoir un aper\u00e7u chiffr\u00e9 et complet de l&rsquo;\u00e9volution des ventes entre deux ann\u00e9es distinctes. Pour ce faire, il faut bien entendu disposer de donn\u00e9es pour les ann\u00e9es choisies. C&rsquo;est donc une fonction qui n\u2019est pas utile d\u00e8s la mise en place de Prooptic V.5 mais qui se r\u00e9v\u00e9lera pr\u00e9cieuse au fil des ann\u00e9es. Pour l&rsquo;utiliser, aller dans l&rsquo;<strong><em>onglet\u00a0Statistiques<\/em><\/strong> et s\u00e9lectionner l&rsquo;<strong><em>icone Statistiques\u00a0<\/em><\/strong>:<\/p>\n<p><center><img decoding=\"async\" loading=\"lazy\" src=\"http:\/\/www.prooptic-idm.com\/wiki\/wp-content\/uploads\/sites\/3\/2015\/04\/icone-stats.png\" alt=\"icone-stats\" width=\"823\" height=\"111\" \/><\/center><\/p>\n<p style=\"text-align: justify;\"> Pour acc\u00e9der \u00e0 l&rsquo;\u00e9cran de calcul de comparatif des ventes, s\u00e9lectionner l&rsquo;<strong><em>onglet Caisse<\/em><\/strong>. Choisissez ensuite les deux ann\u00e9es \u00e0 comparer puis cliquer sur <em><b>Calculer<\/b>\u00a0<\/em>:<\/p>\n<p><center><img decoding=\"async\" loading=\"lazy\" src=\"http:\/\/www.prooptic-idm.com\/wiki\/wp-content\/uploads\/sites\/3\/2015\/04\/onglet-caisse.png\" alt=\"onglet-caisse\" width=\"800\" height=\"84\" \/><\/center><\/p>\n<p style=\"text-align: justify;\"> Appara\u00eet alors le graphique ainsi que le tableau comparatif\u00a0:<\/p>\n<p><center><img decoding=\"async\" loading=\"lazy\" src=\"http:\/\/www.prooptic-idm.com\/wiki\/wp-content\/uploads\/sites\/3\/2015\/04\/stats-compare.png\" alt=\"stats-compare\" width=\"800\" height=\"604\" \/><\/center><\/p>\n<p style=\"text-align: justify;\"> Les diff\u00e9rentes onglets au-dessus du tableau permettent de s\u00e9lectionner des statistiques plus approfondies (trier par ventilation par exemple)<\/p>\n<p style=\"text-align: justify;\">Ce tableau indique pour chaque mois, le pourcentage d&rsquo;\u00e9volution du chiffre d&rsquo;affaires par rapport au m\u00eame mois de l&rsquo;ann\u00e9e pr\u00e9c\u00e9dente (ou de l&rsquo;ann\u00e9e choisie dans la liste).<\/p>\n<p style=\"text-align: justify;\">L\u2019impression du tableau se fait en cliquant sur le <strong><em>bouton Imprimer<\/em><\/strong>.<\/p>\n","protected":false},"excerpt":{"rendered":"<p>Cette option permet d\u2019avoir un aper\u00e7u chiffr\u00e9 et complet de l&rsquo;\u00e9volution des ventes entre deux ann\u00e9es distinctes. Pour ce faire, il faut bien entendu disposer de donn\u00e9es pour les ann\u00e9es choisies. C&rsquo;est donc une fonction qui n\u2019est pas utile d\u00e8s la mise en place de Prooptic V.5 mais qui se r\u00e9v\u00e9lera pr\u00e9cieuse au fil des &hellip; <a href=\"https:\/\/prooptic.axess.fr\/?page_id=257\" class=\"more-link\">Continuer la lecture de <span class=\"screen-reader-text\">Evolution des Ventes<\/span><\/a><\/p>\n","protected":false},"author":1,"featured_media":0,"parent":0,"menu_order":0,"comment_status":"closed","ping_status":"open","template":"","meta":[],"_links":{"self":[{"href":"https:\/\/prooptic.axess.fr\/index.php?rest_route=\/wp\/v2\/pages\/257"}],"collection":[{"href":"https:\/\/prooptic.axess.fr\/index.php?rest_route=\/wp\/v2\/pages"}],"about":[{"href":"https:\/\/prooptic.axess.fr\/index.php?rest_route=\/wp\/v2\/types\/page"}],"author":[{"embeddable":true,"href":"https:\/\/prooptic.axess.fr\/index.php?rest_route=\/wp\/v2\/users\/1"}],"replies":[{"embeddable":true,"href":"https:\/\/prooptic.axess.fr\/index.php?rest_route=%2Fwp%2Fv2%2Fcomments&post=257"}],"version-history":[{"count":0,"href":"https:\/\/prooptic.axess.fr\/index.php?rest_route=\/wp\/v2\/pages\/257\/revisions"}],"wp:attachment":[{"href":"https:\/\/prooptic.axess.fr\/index.php?rest_route=%2Fwp%2Fv2%2Fmedia&parent=257"}],"curies":[{"name":"wp","href":"https:\/\/api.w.org\/{rel}","templated":true}]}}