{"id":2753,"date":"2018-09-14T12:04:39","date_gmt":"2018-09-14T10:04:39","guid":{"rendered":"http:\/\/www.prooptic-idm.com\/wiki\/wiki15\/?page_id=2753"},"modified":"2018-09-14T12:04:39","modified_gmt":"2018-09-14T10:04:39","slug":"pointage-tp-mutuelle","status":"publish","type":"page","link":"https:\/\/prooptic.axess.fr\/?page_id=2753","title":{"rendered":"Pointage TP Mutuelle"},"content":{"rendered":"<p>Pour pouvoir encaisser la part compl\u00e9mentaire d&rsquo;un dossier client, s\u00e9lectionner tout d&rsquo;abord l&rsquo;<strong><em>onglet Sant\u00e9<\/em><\/strong> puis l&rsquo;<strong><em>icone Pointage RC<\/em><\/strong> :<\/p>\n<h2><img decoding=\"async\" loading=\"lazy\" src=\"http:\/\/prooptic.axess.fr\/wp-content\/uploads\/2018\/09\/menu-pointage-rc.png\" alt=\"\" width=\"500\" height=\"152\" \/><\/h2>\n<h2>I. Affichage<\/h2>\n<p>____________________________________________________________________________________________________________________________________________________<\/p>\n<p>Un tableau s&rsquo;affiche ensuite avec la liste des clients en attente de pointage\u00a0:<\/p>\n<p><img decoding=\"async\" loading=\"lazy\" src=\"http:\/\/prooptic.axess.fr\/wp-content\/uploads\/2018\/09\/tab-pointage-rc.png\" alt=\"\" width=\"800\" height=\"604\" \/><\/p>\n<p>Il est possible d&rsquo;<strong><em>organiser le tableau<\/em><\/strong> en le triant par mutuelle :<\/p>\n<p><img decoding=\"async\" loading=\"lazy\" src=\"http:\/\/prooptic.axess.fr\/wp-content\/uploads\/2018\/09\/tri-mutuelle-rc.png\" alt=\"\" width=\"720\" height=\"320\" \/><\/p>\n<p>ou en <strong><em>cliquant sur le libell\u00e9 Mutuelle<\/em><\/strong> pour l&rsquo;afficher par ordre alphab\u00e9tique\u00a0:<\/p>\n<h2><img decoding=\"async\" loading=\"lazy\" src=\"http:\/\/prooptic.axess.fr\/wp-content\/uploads\/2018\/09\/tri-croissant-mutuelle.png\" alt=\"\" width=\"719\" height=\"466\" \/><\/h2>\n<h2>II. Encaissement<\/h2>\n<p>____________________________________________________________________________________________________________________________________________________<\/p>\n<p>Pour ensuite encaisser un ou plusieurs dossier(s), <strong><em>s\u00e9lectionner la ou les ligne(s) concern\u00e9e(s) en les cochant dans la derni\u00e8re colonne<\/em><\/strong>\u00a0:<\/p>\n<p><img decoding=\"async\" loading=\"lazy\" src=\"http:\/\/prooptic.axess.fr\/wp-content\/uploads\/2018\/09\/selection-mut-rc.png\" alt=\"\" width=\"712\" height=\"639\" \/><\/p>\n<p>Indiquer ensuite le mode de r\u00e8glement et deux options sont alors disponibles <\/p>\n<p><img decoding=\"async\" loading=\"lazy\" src=\"http:\/\/prooptic.axess.fr\/wp-content\/uploads\/2018\/09\/mode-paiement-rc.png\" alt=\"\" width=\"800\" height=\"487\" \/><\/p>\n<ul>\n<li>soit le <strong><em>nombre de lignes point\u00e9es = nombre de lignes dans la caisse<\/em><\/strong><\/li>\n<li>soit le <strong><em>r\u00e8glement appara\u00eet de fa\u00e7on global dans la caisse<\/em><\/strong><\/li>\n<\/ul>\n<p>Enfin, une fois l&rsquo;option choisie, r\u00e9pondez <strong><em>Oui\u00a0<\/em><\/strong>:<\/p>\n<p><center><img decoding=\"async\" loading=\"lazy\" src=\"http:\/\/www.prooptic-idm.com\/wiki\/wp-content\/uploads\/sites\/3\/2015\/04\/confirm-ro.png\" alt=\"confirm-ro\" width=\"298\" height=\"154\" \/><\/center><\/p>\n<p><strong><em> La ligne client dispara\u00eetra du tableau consid\u00e9rant que la part compl\u00e9mentaire a \u00e9t\u00e9 r\u00e9gl\u00e9e.<\/em><\/strong><\/p>\n","protected":false},"excerpt":{"rendered":"<p>Pour pouvoir encaisser la part compl\u00e9mentaire d&rsquo;un dossier client, s\u00e9lectionner tout d&rsquo;abord l&rsquo;onglet Sant\u00e9 puis l&rsquo;icone Pointage RC : I. Affichage ____________________________________________________________________________________________________________________________________________________ Un tableau s&rsquo;affiche ensuite avec la liste des clients en attente de pointage\u00a0: Il est possible d&rsquo;organiser le tableau en le triant par mutuelle : ou en cliquant sur le libell\u00e9 Mutuelle pour &hellip; <a href=\"https:\/\/prooptic.axess.fr\/?page_id=2753\" class=\"more-link\">Continuer la lecture de <span class=\"screen-reader-text\">Pointage TP Mutuelle<\/span><\/a><\/p>\n","protected":false},"author":1,"featured_media":0,"parent":0,"menu_order":0,"comment_status":"closed","ping_status":"closed","template":"","meta":[],"_links":{"self":[{"href":"https:\/\/prooptic.axess.fr\/index.php?rest_route=\/wp\/v2\/pages\/2753"}],"collection":[{"href":"https:\/\/prooptic.axess.fr\/index.php?rest_route=\/wp\/v2\/pages"}],"about":[{"href":"https:\/\/prooptic.axess.fr\/index.php?rest_route=\/wp\/v2\/types\/page"}],"author":[{"embeddable":true,"href":"https:\/\/prooptic.axess.fr\/index.php?rest_route=\/wp\/v2\/users\/1"}],"replies":[{"embeddable":true,"href":"https:\/\/prooptic.axess.fr\/index.php?rest_route=%2Fwp%2Fv2%2Fcomments&post=2753"}],"version-history":[{"count":0,"href":"https:\/\/prooptic.axess.fr\/index.php?rest_route=\/wp\/v2\/pages\/2753\/revisions"}],"wp:attachment":[{"href":"https:\/\/prooptic.axess.fr\/index.php?rest_route=%2Fwp%2Fv2%2Fmedia&parent=2753"}],"curies":[{"name":"wp","href":"https:\/\/api.w.org\/{rel}","templated":true}]}}