{"id":2933,"date":"2019-05-02T15:18:52","date_gmt":"2019-05-02T13:18:52","guid":{"rendered":"http:\/\/www.prooptic-idm.com\/wiki\/wiki15\/?page_id=2933"},"modified":"2019-05-02T15:18:52","modified_gmt":"2019-05-02T13:18:52","slug":"integrer-un-prisme-ou-un-filtre-ryser","status":"publish","type":"page","link":"https:\/\/prooptic.axess.fr\/?page_id=2933","title":{"rendered":"Int\u00e9grer un prisme\/ ryser"},"content":{"rendered":"\n<p><br><\/p>\n<h2>I. Avec OPTOAMC<\/h2>\n<p>________________________________________________________________________________________________________________________________________________________________________________<\/p>\n<p>Pour l&rsquo;optoAMC, le prisme ou le filtre doit \u00eatre <strong>pris dans le catalogue verre<\/strong> (en tant que suppl\u00e9ment).<\/p>\n<p>Il faut bien indiquer dans un premier temps le prisme (par exemple) au niveau de l&rsquo;ordonnance :<\/p>\n<p><img decoding=\"async\" loading=\"lazy\" src=\"http:\/\/prooptic.axess.fr\/wp-content\/uploads\/2019\/05\/prisme_ordo.png\" alt=\"\" width=\"705\" height=\"485\" \/><\/p>\n<p>\u00a0<\/p>\n<p>Et sur le dossier optique :<\/p>\n<p><img decoding=\"async\" loading=\"lazy\" src=\"http:\/\/prooptic.axess.fr\/wp-content\/uploads\/2019\/05\/prisme_equipement_optique.png\" alt=\"\" width=\"800\" height=\"289\" \/><\/p>\n<p>\u00a0<\/p>\n<p>Celui-ci appara\u00eetra logiquement dans le tableau des codes LPP du dossier en cours :<\/p>\n<p><img decoding=\"async\" loading=\"lazy\" src=\"http:\/\/prooptic.axess.fr\/wp-content\/uploads\/2019\/05\/prisme_lpp_optique.png\" alt=\"\" width=\"800\" height=\"478\" \/><\/p>\n<p>\u00a0<\/p>\n<p>S&rsquo;il n&rsquo;a pas de LPP, c&rsquo;est :<\/p>\n<ol>\n<li style=\"list-style-type: none;\">\n<ol>\n<li>Soit que le catalogue est mal int\u00e9gr\u00e9.<br \/>V\u00e9rifier que la traduction du catalogue s&rsquo;est bien termin\u00e9e et que celui-ci est \u00e0 jour.<a style=\"color: #000000;\" href=\"http:\/\/www.ivoirnet.fr\/viewfaq.php?numfaq=639\" target=\"_blank\" rel=\"noopener noreferrer\"><br \/><\/a>\u00a0<\/li>\n<li>Soit il y a un probl\u00e8me diff\u00e9rent. Nous contacter dans ce cas.<\/li>\n<\/ol>\n<\/li>\n<\/ol>\n<p>\u00a0<\/p>\n<img decoding=\"async\" loading=\"lazy\" src=\"http:\/\/prooptic.axess.fr\/wp-content\/uploads\/2017\/06\/Logo256-1.png\" alt=\"\" width=\"34\" height=\"34\" \/>\n<p style=\"text-align: justify;\">Dans tous les cas, le <strong>prix du prisme<\/strong> doit \u00eatre indiqu\u00e9 dans le dossier pour <strong>obtenir le remboursement S\u00e9curit\u00e9 Sociale<\/strong><\/p>\n<p>\u00a0<\/p>\n<p>II. Sans OPTOAMC<\/p>\n<p>________________________________________________________________________________________________________________________________________________________________________________<\/p>\n<p>La proc\u00e9dure est automatis\u00e9e pour le prisme (<b>voir chapitre pr\u00e9c\u00e9dent)<\/b><\/p>\n<p>Sinon, il faut cr\u00e9er le prisme, le filtre ou l&rsquo;antiptosis \u00e0 l&rsquo;avance, dans le stock, en <strong>famille \u00ab\u00a0DIVERS\u00a0\u00bb par exemple. <\/strong>Pr\u00e9cisez ensuite le prix de vente et affecter le code LPP correspondant.<\/p>\n<p><img decoding=\"async\" loading=\"lazy\" src=\"http:\/\/prooptic.axess.fr\/wp-content\/uploads\/2019\/05\/creation_article_ryser.png\" alt=\"\" width=\"800\" height=\"602\" \/><\/p>\n<p>\u00a0<\/p>\n<p><strong>Si le code LPP n&rsquo;apparait pas dans le listing article, il faudra l&rsquo;ajouter dans le tableau des codes LPP (Onglet Sant\u00e9 =&gt; Codes LPP).<\/strong><\/p>\n<p><img decoding=\"async\" loading=\"lazy\" src=\"http:\/\/prooptic.axess.fr\/wp-content\/uploads\/2019\/05\/menu_lpp.png\" alt=\"\" width=\"800\" height=\"96\" \/><\/p>\n<p>\u00a0<\/p>\n<p><strong>Ci-dessous, la liste des produits et prestations avec code LPP :\u00a0<\/strong>\u00a0<\/p>\n<ul>\n<li><strong><strong>Prismes<\/strong><\/strong>\n<ul>\n<li>Souple &lt; 6 ans\u00a0: <strong>2227920<\/strong><\/li>\n<li>Incorpor\u00e9\u00a0&lt; 18 ans : <strong>2287862<\/strong><\/li>\n<li>Incorpor\u00e9\u00a0&gt; ou \u00e9gal \u00e0\u00a018 ans : <strong>2247905<\/strong><\/li>\n<\/ul>\n<\/li>\n<li><strong>Filtres <br \/><\/strong>\n<ul>\n<li>Filtre d&rsquo;occlusion partielle, &lt; 6 ans : <strong>2269025<\/strong><\/li>\n<li>Filtre chromatique ou UV,\u00a0&lt;\u00a018 ans : <strong>2222408<\/strong><\/li>\n<\/ul>\n<\/li>\n<\/ul>\n<p><strong>Antiptosis<\/strong><\/p>\n<ul>\n<li>Syst\u00e8me Antiptosis, &gt; ou = 18 ans :<strong> 2200795<\/strong><\/li>\n<li>Syst\u00e8me Antiptosis, &lt; 18 ans :<strong> 2293957<\/strong><\/li>\n<\/ul>\n\u00a0\n<p>\u00a0<\/p>\n<ol>\n<li><strong>Acc\u00e9der au dossier LUNETTES dans un premier temps.<\/strong>\n<p>Le suppl\u00e9ment ne sera pas reli\u00e9 au verre\u00a0et appara\u00eetra, de toute fa\u00e7on, hors \u00e9quipement, automatiquement par le logiciel.<br \/>Il\u00a0ne sera pas commandable en EDI.<\/p>\n<\/li>\n<li>Le suppl\u00e9ment doit \u00eatre saisi en <b>DIVERS <\/b>dans le dossier Lunettes\u00a0 :\n<p><img decoding=\"async\" loading=\"lazy\" src=\"http:\/\/prooptic.axess.fr\/wp-content\/uploads\/2019\/05\/ryser_equipement_optique.png\" alt=\"\" width=\"800\" height=\"604\" \/><\/p>\n<\/li>\n<li>Le ryser (dans le dossier exemple) apparaitra \u00e9galement dans le tableau des LPP<strong><img decoding=\"async\" loading=\"lazy\" src=\"http:\/\/prooptic.axess.fr\/wp-content\/uploads\/2019\/05\/lpp_ryser_dossier.png\" alt=\"\" width=\"800\" height=\"208\" \/><\/strong>\n<img decoding=\"async\" loading=\"lazy\" src=\"http:\/\/prooptic.axess.fr\/wp-content\/uploads\/2017\/06\/Logo256-1.png\" alt=\"\" width=\"34\" height=\"34\" \/>\n<\/li>\n<\/ol>\n<p style=\"text-align: justify;\">Dans tous les cas, le <strong>prix du prisme<\/strong> doit \u00eatre indiqu\u00e9 dans le dossier pour <strong>obtenir le remboursement S\u00e9curit\u00e9 Sociale.<\/strong><\/p>","protected":false},"excerpt":{"rendered":"<p>I. Avec OPTOAMC ________________________________________________________________________________________________________________________________________________________________________________ Pour l&rsquo;optoAMC, le prisme ou le filtre doit \u00eatre pris dans le catalogue verre (en tant que suppl\u00e9ment). Il faut bien indiquer dans un premier temps le prisme (par exemple) au niveau de l&rsquo;ordonnance : \u00a0 Et sur le dossier optique : \u00a0 Celui-ci appara\u00eetra logiquement dans le tableau des codes &hellip; <a href=\"https:\/\/prooptic.axess.fr\/?page_id=2933\" class=\"more-link\">Continuer la lecture de <span class=\"screen-reader-text\">Int\u00e9grer un prisme\/ ryser<\/span><\/a><\/p>\n","protected":false},"author":1,"featured_media":0,"parent":0,"menu_order":0,"comment_status":"closed","ping_status":"closed","template":"","meta":[],"_links":{"self":[{"href":"https:\/\/prooptic.axess.fr\/index.php?rest_route=\/wp\/v2\/pages\/2933"}],"collection":[{"href":"https:\/\/prooptic.axess.fr\/index.php?rest_route=\/wp\/v2\/pages"}],"about":[{"href":"https:\/\/prooptic.axess.fr\/index.php?rest_route=\/wp\/v2\/types\/page"}],"author":[{"embeddable":true,"href":"https:\/\/prooptic.axess.fr\/index.php?rest_route=\/wp\/v2\/users\/1"}],"replies":[{"embeddable":true,"href":"https:\/\/prooptic.axess.fr\/index.php?rest_route=%2Fwp%2Fv2%2Fcomments&post=2933"}],"version-history":[{"count":0,"href":"https:\/\/prooptic.axess.fr\/index.php?rest_route=\/wp\/v2\/pages\/2933\/revisions"}],"wp:attachment":[{"href":"https:\/\/prooptic.axess.fr\/index.php?rest_route=%2Fwp%2Fv2%2Fmedia&parent=2933"}],"curies":[{"name":"wp","href":"https:\/\/api.w.org\/{rel}","templated":true}]}}