{"id":3002,"date":"2019-05-20T10:38:48","date_gmt":"2019-05-20T08:38:48","guid":{"rendered":"http:\/\/www.prooptic-idm.com\/wiki\/wiki15\/?page_id=3002"},"modified":"2019-05-20T10:38:48","modified_gmt":"2019-05-20T08:38:48","slug":"decaler-un-cheque-differe","status":"publish","type":"page","link":"https:\/\/prooptic.axess.fr\/?page_id=3002","title":{"rendered":"D\u00e9caler un ch\u00e8que diff\u00e9r\u00e9"},"content":{"rendered":"<p style=\"text-align: justify;\">Dans certains cas, il peut \u00eatre utile de changer la date d&rsquo;un ch\u00e8que diff\u00e9r\u00e9, si celle-ci doit \u00eatre avanc\u00e9e ou repouss\u00e9e.<\/p>\n<p style=\"text-align: justify;\">Pour acc\u00e9der au r\u00e8glement, il faut se rendre dans un premier temps sur la <strong>fiche client<\/strong>, <strong>onglet Caisse<\/strong> et le <strong>sous-menu Encaissement<\/strong> :<\/p>\n<p><img decoding=\"async\" loading=\"lazy\" src=\"http:\/\/prooptic.axess.fr\/wp-content\/uploads\/2019\/05\/menu_encaissement_client.png\" alt=\"\" width=\"800\" height=\"334\" \/><\/p>\n<p style=\"text-align: justify;\"><strong>S\u00e9lectionnez ensuite le r\u00e8glement<\/strong> \u00e0 d\u00e9caler et une <strong>option<\/strong> apparaitra <strong>en bas \u00e0 droite \u00ab\u00a0D\u00e9caler la date de remise\u00a0\u00bb <\/strong>proposant une nouvelle <strong>date \u00e0 d\u00e9finir<\/strong> et enfin de <strong>valider<\/strong> :<\/p>\n<p style=\"text-align: justify;\"><img decoding=\"async\" loading=\"lazy\" src=\"http:\/\/prooptic.axess.fr\/wp-content\/uploads\/2019\/05\/btn_decaler_date_remise.png\" alt=\"\" width=\"800\" height=\"604\" \/><\/p>\n","protected":false},"excerpt":{"rendered":"<p>Dans certains cas, il peut \u00eatre utile de changer la date d&rsquo;un ch\u00e8que diff\u00e9r\u00e9, si celle-ci doit \u00eatre avanc\u00e9e ou repouss\u00e9e. Pour acc\u00e9der au r\u00e8glement, il faut se rendre dans un premier temps sur la fiche client, onglet Caisse et le sous-menu Encaissement : S\u00e9lectionnez ensuite le r\u00e8glement \u00e0 d\u00e9caler et une option apparaitra en &hellip; <a href=\"https:\/\/prooptic.axess.fr\/?page_id=3002\" class=\"more-link\">Continuer la lecture de <span class=\"screen-reader-text\">D\u00e9caler un ch\u00e8que diff\u00e9r\u00e9<\/span><\/a><\/p>\n","protected":false},"author":1,"featured_media":0,"parent":0,"menu_order":0,"comment_status":"closed","ping_status":"closed","template":"","meta":[],"_links":{"self":[{"href":"https:\/\/prooptic.axess.fr\/index.php?rest_route=\/wp\/v2\/pages\/3002"}],"collection":[{"href":"https:\/\/prooptic.axess.fr\/index.php?rest_route=\/wp\/v2\/pages"}],"about":[{"href":"https:\/\/prooptic.axess.fr\/index.php?rest_route=\/wp\/v2\/types\/page"}],"author":[{"embeddable":true,"href":"https:\/\/prooptic.axess.fr\/index.php?rest_route=\/wp\/v2\/users\/1"}],"replies":[{"embeddable":true,"href":"https:\/\/prooptic.axess.fr\/index.php?rest_route=%2Fwp%2Fv2%2Fcomments&post=3002"}],"version-history":[{"count":0,"href":"https:\/\/prooptic.axess.fr\/index.php?rest_route=\/wp\/v2\/pages\/3002\/revisions"}],"wp:attachment":[{"href":"https:\/\/prooptic.axess.fr\/index.php?rest_route=%2Fwp%2Fv2%2Fmedia&parent=3002"}],"curies":[{"name":"wp","href":"https:\/\/api.w.org\/{rel}","templated":true}]}}