{"id":3010,"date":"2019-05-20T13:58:41","date_gmt":"2019-05-20T11:58:41","guid":{"rendered":"http:\/\/www.prooptic-idm.com\/wiki\/wiki15\/?page_id=3010"},"modified":"2019-05-20T13:58:41","modified_gmt":"2019-05-20T11:58:41","slug":"sncf","status":"publish","type":"page","link":"https:\/\/prooptic.axess.fr\/?page_id=3010","title":{"rendered":"SNCF"},"content":{"rendered":"<p>Les assur\u00e9s au r\u00e9gime SNCF <strong>ne sont pas tous \u00e0 100%<\/strong>.<\/p>\n<ul>\n<li><strong>Les agents en activit\u00e9<\/strong>\u00a0: 60 % ou 100% des tarifs en cas de prescription dans le cadre du\u00a0 service m\u00e9dical SNCF.<\/li>\n<li><strong>Les retrait\u00e9s et\/ou ayants droit<\/strong>\u00a0: 100 % des tarifs<\/li>\n<li><strong>Les subsistants<\/strong>\u00a0: 60 % des tarifs<\/li>\n<\/ul>\n<p>Pour les agents en activit\u00e9, cela d\u00e9pend du prescripteur, s\u2019il est du service m\u00e9dical de la SNCF ou pas.<br \/>V\u00e9rifiez l\u2019information sur le site de la CPR SNCF : <a style=\"color: #000000;\" href=\"https:\/\/www.cprpsncf.fr\/les-taux\" target=\"_blank\" rel=\"noopener nofollow noreferrer\">https:\/\/www.cprpsncf.fr\/les-taux<\/a><\/p>\n<p>L\u2019ordonnance est violette s\u2019il est SNCF :<img decoding=\"async\" loading=\"lazy\" src=\"http:\/\/prooptic.axess.fr\/wp-content\/uploads\/2019\/05\/ordo_sncf.png\" sizes=\"(max-width: 800px) 100vw, 800px\" alt=\"\" width=\"800\" height=\"513\" \/><\/p>\n<p>Si le b\u00e9n\u00e9ficiaire <strong>n\u2019est pas pass\u00e9 par son service m\u00e9dical<\/strong> ou par un <strong>prescripteur SNCF<\/strong>, le taux qui s\u2019applique est le r\u00e9gime g\u00e9n\u00e9ral <strong>(60%)<\/strong>.<br \/>Plus d\u2019informations sur le site de la <a style=\"color: #000000;\" href=\"https:\/\/www.cprpsncf.fr\/les-taux\" target=\"_blank\" rel=\"noopener nofollow noreferrer\">Caisse de pr\u00e9voyance et de retraite du personnel de la SNCF<\/a>.<\/p>\n<p>Pour obtenir un remboursement 100% avec un client \u00e0 la SNCF et une ordonnance violette d\u2019un prescripteur SNCF :<\/p>\n<ol>\n<li><strong>Le client doit \u00eatre affili\u00e9 au r\u00e9gime SNCF<\/strong> (code r\u00e9gime 04) comme dans l\u2019exemple ci-dessous :\n<p><img decoding=\"async\" loading=\"lazy\" src=\"http:\/\/prooptic.axess.fr\/wp-content\/uploads\/2019\/05\/regime_04_sncf_fiche_identite.png\" sizes=\"(max-width: 800px) 100vw, 800px\" alt=\"\" width=\"800\" height=\"282\" \/><\/p>\n<p>et que le code situation soit le 401 dans la partie <strong>\u00ab\u00a0ALD et Code Situation\u00a0\u00bb<\/strong> :<img decoding=\"async\" loading=\"lazy\" src=\"http:\/\/prooptic.axess.fr\/wp-content\/uploads\/2019\/05\/code_situation_sncf-768x355.png\" sizes=\"(max-width: 734px) 100vw, 734px\" alt=\"\" width=\"734\" height=\"339\" \/>\u00a0<\/p>\n<\/li>\n<li><strong>L\u2019ordonnance violette signifie que le prescripteur est un m\u00e9decin SNCF. Il doit donc avoir la case \u00ab\u00a0Prescripteur SNCF\u00a0\u00bb coch\u00e9e :<br \/><\/strong>M\u00e9decins \/ MODIFER.\n<p><img decoding=\"async\" loading=\"lazy\" src=\"http:\/\/prooptic.axess.fr\/wp-content\/uploads\/2019\/05\/case_prescripteur_sncf.png\" sizes=\"(max-width: 773px) 100vw, 773px\" alt=\"\" width=\"773\" height=\"777\" \/>\u00a0<\/p>\n<\/li>\n<li><strong>Affecter le m\u00e9decin au dossier LUNETTES et la facturation doit afficher les informations suivantes.<\/strong> Le r\u00e9capitulatif de facture AreaFSE vous affiche toutes les informations :<br \/><img decoding=\"async\" loading=\"lazy\" src=\"http:\/\/prooptic.axess.fr\/wp-content\/uploads\/2019\/05\/signer_facture_exo_sncf-1.png\" sizes=\"(max-width: 800px) 100vw, 800px\" alt=\"\" width=\"800\" height=\"534\" \/>\u00a0<\/li>\n<li><strong>Si vous facturer en d\u00e9grad\u00e9, il faut s\u00e9lectionner le libell\u00e9 code exon\u00e9ration : \u00ab 100% toutes prestations \u00bb ce qui donnera le code d\u2019exon\u00e9ration 5.<\/strong><\/li>\n<\/ol>\n","protected":false},"excerpt":{"rendered":"<p>Les assur\u00e9s au r\u00e9gime SNCF ne sont pas tous \u00e0 100%. Les agents en activit\u00e9\u00a0: 60 % ou 100% des tarifs en cas de prescription dans le cadre du\u00a0 service m\u00e9dical SNCF. Les retrait\u00e9s et\/ou ayants droit\u00a0: 100 % des tarifs Les subsistants\u00a0: 60 % des tarifs Pour les agents en activit\u00e9, cela d\u00e9pend du &hellip; <a href=\"https:\/\/prooptic.axess.fr\/?page_id=3010\" class=\"more-link\">Continuer la lecture de <span class=\"screen-reader-text\">SNCF<\/span><\/a><\/p>\n","protected":false},"author":1,"featured_media":0,"parent":0,"menu_order":0,"comment_status":"closed","ping_status":"closed","template":"","meta":[],"_links":{"self":[{"href":"https:\/\/prooptic.axess.fr\/index.php?rest_route=\/wp\/v2\/pages\/3010"}],"collection":[{"href":"https:\/\/prooptic.axess.fr\/index.php?rest_route=\/wp\/v2\/pages"}],"about":[{"href":"https:\/\/prooptic.axess.fr\/index.php?rest_route=\/wp\/v2\/types\/page"}],"author":[{"embeddable":true,"href":"https:\/\/prooptic.axess.fr\/index.php?rest_route=\/wp\/v2\/users\/1"}],"replies":[{"embeddable":true,"href":"https:\/\/prooptic.axess.fr\/index.php?rest_route=%2Fwp%2Fv2%2Fcomments&post=3010"}],"version-history":[{"count":0,"href":"https:\/\/prooptic.axess.fr\/index.php?rest_route=\/wp\/v2\/pages\/3010\/revisions"}],"wp:attachment":[{"href":"https:\/\/prooptic.axess.fr\/index.php?rest_route=%2Fwp%2Fv2%2Fmedia&parent=3010"}],"curies":[{"name":"wp","href":"https:\/\/api.w.org\/{rel}","templated":true}]}}