{"id":3043,"date":"2019-07-01T15:33:01","date_gmt":"2019-07-01T13:33:01","guid":{"rendered":"http:\/\/www.prooptic-idm.com\/wiki\/wiki15\/?page_id=3043"},"modified":"2019-07-01T15:33:01","modified_gmt":"2019-07-01T13:33:01","slug":"cgv","status":"publish","type":"page","link":"https:\/\/prooptic.axess.fr\/?page_id=3043","title":{"rendered":"Conditions g\u00e9n\u00e9rales de vente"},"content":{"rendered":"<h2 id=\"acces-ecran-de-vente\" style=\"text-align: justify;\">I. Acc\u00e8s \u00e0 l\u2019\u00e9cran des conditions de vente<br \/><\/h2>\n<p style=\"text-align: justify;\">____________________________________________________________________________________________________________________________________________________<\/p>\n<p style=\"text-align: justify;\">L\u2019\u00e9cran de saisie des conditions g\u00e9n\u00e9rales de vente est accessible \u00e0 partir de l&rsquo;onglet <strong>Param\u00e8tres<\/strong> puis <strong>Conditions<\/strong> :<\/p>\n<p style=\"text-align: justify;\"><img decoding=\"async\" loading=\"lazy\" src=\"http:\/\/prooptic.axess.fr\/wp-content\/uploads\/2019\/07\/menu_cgv.png\" alt=\"\" width=\"800\" height=\"113\" \/><\/p>\n<h2 id=\"informations-client\" style=\"text-align: justify;\">II. Informations de saisie<br \/><\/h2>\n<p style=\"text-align: justify;\">____________________________________________________________________________________________________________________________________________________<\/p>\n<p style=\"text-align: justify;\">Plusieurs <strong>types de conditions<\/strong> sont accessibles : vente \u00e9tat, lunettes, lentilles et audio.<\/p>\n<p style=\"text-align: justify;\">S\u00e9lectionner l&rsquo;onglet choisi :<\/p>\n<p style=\"text-align: justify;\"><img decoding=\"async\" loading=\"lazy\" src=\"http:\/\/prooptic.axess.fr\/wp-content\/uploads\/2019\/07\/type_cgv.png\" alt=\"\" width=\"800\" height=\"219\" \/><\/p>\n<p style=\"text-align: justify;\">Les informations sur la partie droite commencent par le <strong>num\u00e9ro de chapitre<\/strong> \u00e0 donner obligatoirement (ordre de saisie), puis le <strong>titre<\/strong> (indiqu\u00e9 en gras) et enfin le <strong>texte du paragraphe<\/strong>.<\/p>\n<p style=\"text-align: justify;\">Appuyer sur le bouton <strong>Ajouter<\/strong> pour cr\u00e9er un nouveau chapitre.<\/p>\n<p style=\"text-align: justify;\">A la fin, n&rsquo;oubliez pas d&rsquo;enregistrer le texte en appuyant sur le bouton <strong>Enregistrer<\/strong>.<\/p>\n<p style=\"text-align: justify;\"><img decoding=\"async\" loading=\"lazy\" src=\"http:\/\/prooptic.axess.fr\/wp-content\/uploads\/2019\/07\/chapitre_cgv.png\" alt=\"\" width=\"800\" height=\"604\" \/><\/p>\n","protected":false},"excerpt":{"rendered":"<p>I. Acc\u00e8s \u00e0 l\u2019\u00e9cran des conditions de vente ____________________________________________________________________________________________________________________________________________________ L\u2019\u00e9cran de saisie des conditions g\u00e9n\u00e9rales de vente est accessible \u00e0 partir de l&rsquo;onglet Param\u00e8tres puis Conditions : II. Informations de saisie ____________________________________________________________________________________________________________________________________________________ Plusieurs types de conditions sont accessibles : vente \u00e9tat, lunettes, lentilles et audio. S\u00e9lectionner l&rsquo;onglet choisi : Les informations sur la partie droite &hellip; <a href=\"https:\/\/prooptic.axess.fr\/?page_id=3043\" class=\"more-link\">Continuer la lecture de <span class=\"screen-reader-text\">Conditions g\u00e9n\u00e9rales de vente<\/span><\/a><\/p>\n","protected":false},"author":1,"featured_media":0,"parent":0,"menu_order":0,"comment_status":"closed","ping_status":"closed","template":"","meta":[],"_links":{"self":[{"href":"https:\/\/prooptic.axess.fr\/index.php?rest_route=\/wp\/v2\/pages\/3043"}],"collection":[{"href":"https:\/\/prooptic.axess.fr\/index.php?rest_route=\/wp\/v2\/pages"}],"about":[{"href":"https:\/\/prooptic.axess.fr\/index.php?rest_route=\/wp\/v2\/types\/page"}],"author":[{"embeddable":true,"href":"https:\/\/prooptic.axess.fr\/index.php?rest_route=\/wp\/v2\/users\/1"}],"replies":[{"embeddable":true,"href":"https:\/\/prooptic.axess.fr\/index.php?rest_route=%2Fwp%2Fv2%2Fcomments&post=3043"}],"version-history":[{"count":0,"href":"https:\/\/prooptic.axess.fr\/index.php?rest_route=\/wp\/v2\/pages\/3043\/revisions"}],"wp:attachment":[{"href":"https:\/\/prooptic.axess.fr\/index.php?rest_route=%2Fwp%2Fv2%2Fmedia&parent=3043"}],"curies":[{"name":"wp","href":"https:\/\/api.w.org\/{rel}","templated":true}]}}