{"id":3055,"date":"2019-07-05T14:54:06","date_gmt":"2019-07-05T12:54:06","guid":{"rendered":"http:\/\/www.prooptic-idm.com\/wiki\/wiki15\/?page_id=3055"},"modified":"2019-07-05T14:54:06","modified_gmt":"2019-07-05T12:54:06","slug":"supprimer-une-fiche-client","status":"publish","type":"page","link":"https:\/\/prooptic.axess.fr\/?page_id=3055","title":{"rendered":"Supprimer une fiche client"},"content":{"rendered":"<p style=\"text-align: justify;\">\u00a0<\/p>\n<table style=\"width: 100%; border-collapse: collapse; border-color: #000000;\">\n<tbody>\n<tr>\n<td style=\"width: 100%;\">\n<p><strong><img decoding=\"async\" loading=\"lazy\" src=\"http:\/\/prooptic.axess.fr\/wp-content\/uploads\/2017\/06\/Logo256-1.png\" alt=\"\" width=\"89\" height=\"89\" \/><\/strong><\/p>\n<p style=\"text-align: center;\"><strong>ATTENTION : cette manipulation n\u00e9cessite des droits responsables<\/strong><\/p>\n<\/td>\n<\/tr>\n<\/tbody>\n<\/table>\n<p style=\"text-align: justify;\">Pour effectuer une suppression d&rsquo;une fiche client compl\u00e8te (<strong>identit\u00e9<\/strong>, <strong>fiches lunettes<\/strong>, <strong>documents<\/strong> etc.) il est n\u00e9cessaire d&rsquo;utiliser  le <strong>r\u00e8glement <\/strong><strong>g\u00e9n\u00e9ral sur la protection des donn\u00e9es (<em>RGPD<\/em>)<\/strong>.<\/p>\n<p style=\"text-align: justify;\">Pour cela, s\u00e9lectionner l&rsquo;onglet <strong>Outils<\/strong> puis <strong>RGPD<\/strong> et <strong>Suppression d&rsquo;une fiche client <\/strong>:<strong><br \/><\/strong><\/p>\n<p style=\"text-align: justify;\"><img decoding=\"async\" loading=\"lazy\" src=\"http:\/\/prooptic.axess.fr\/wp-content\/uploads\/2019\/07\/menu-suppression-client-rgpd-1030x271.png\" alt=\"\" width=\"734\" height=\"193\" \/><\/p>\n<p style=\"text-align: justify;\">S\u00e9lectionner ensuite le client \u00e0 supprimer :<\/p>\n<p style=\"text-align: justify;\"><img decoding=\"async\" loading=\"lazy\" src=\"http:\/\/prooptic.axess.fr\/wp-content\/uploads\/2019\/07\/selection-client-a-supprimer-1030x277.png\" alt=\"\" width=\"734\" height=\"197\" \/><\/p>\n<p>\u00a0\u00a0Il est enfin possible d&rsquo;imprimer <strong>l&rsquo;attestation de suppression<\/strong> de la fiche client :<img decoding=\"async\" loading=\"lazy\" src=\"http:\/\/prooptic.axess.fr\/wp-content\/uploads\/2019\/07\/attestation-de-suppression.jpg\" alt=\"\" width=\"909\" height=\"591\" \/><\/p>\n","protected":false},"excerpt":{"rendered":"<p>\u00a0 ATTENTION : cette manipulation n\u00e9cessite des droits responsables Pour effectuer une suppression d&rsquo;une fiche client compl\u00e8te (identit\u00e9, fiches lunettes, documents etc.) il est n\u00e9cessaire d&rsquo;utiliser le r\u00e8glement g\u00e9n\u00e9ral sur la protection des donn\u00e9es (RGPD). Pour cela, s\u00e9lectionner l&rsquo;onglet Outils puis RGPD et Suppression d&rsquo;une fiche client : S\u00e9lectionner ensuite le client \u00e0 supprimer : &hellip; <a href=\"https:\/\/prooptic.axess.fr\/?page_id=3055\" class=\"more-link\">Continuer la lecture de <span class=\"screen-reader-text\">Supprimer une fiche client<\/span><\/a><\/p>\n","protected":false},"author":1,"featured_media":0,"parent":0,"menu_order":0,"comment_status":"closed","ping_status":"closed","template":"","meta":[],"_links":{"self":[{"href":"https:\/\/prooptic.axess.fr\/index.php?rest_route=\/wp\/v2\/pages\/3055"}],"collection":[{"href":"https:\/\/prooptic.axess.fr\/index.php?rest_route=\/wp\/v2\/pages"}],"about":[{"href":"https:\/\/prooptic.axess.fr\/index.php?rest_route=\/wp\/v2\/types\/page"}],"author":[{"embeddable":true,"href":"https:\/\/prooptic.axess.fr\/index.php?rest_route=\/wp\/v2\/users\/1"}],"replies":[{"embeddable":true,"href":"https:\/\/prooptic.axess.fr\/index.php?rest_route=%2Fwp%2Fv2%2Fcomments&post=3055"}],"version-history":[{"count":0,"href":"https:\/\/prooptic.axess.fr\/index.php?rest_route=\/wp\/v2\/pages\/3055\/revisions"}],"wp:attachment":[{"href":"https:\/\/prooptic.axess.fr\/index.php?rest_route=%2Fwp%2Fv2%2Fmedia&parent=3055"}],"curies":[{"name":"wp","href":"https:\/\/api.w.org\/{rel}","templated":true}]}}