{"id":3067,"date":"2019-07-09T17:11:49","date_gmt":"2019-07-09T15:11:49","guid":{"rendered":"http:\/\/www.prooptic-idm.com\/wiki\/wiki15\/?page_id=3067"},"modified":"2019-07-09T17:11:49","modified_gmt":"2019-07-09T15:11:49","slug":"detaxe-de-facture","status":"publish","type":"page","link":"https:\/\/prooptic.axess.fr\/?page_id=3067","title":{"rendered":"D\u00e9taxe de facture"},"content":{"rendered":"<p style=\"text-align: justify;\">\u00a0<\/p>\n<p style=\"text-align: justify;\"><img decoding=\"async\" loading=\"lazy\" src=\"http:\/\/prooptic.axess.fr\/wp-content\/uploads\/2019\/07\/pablo-logo-noname.jpg\" alt=\"\" width=\"450\" height=\"300\" \/><\/p>\n<p style=\"text-align: justify;\">A compter du 1er janvier 2014, pour tout article \u00e0 caract\u00e8re touristique et dont le montant d\u00e9passe les 175\u20ac TTC, et pour les clients \u00e2g\u00e9s d&rsquo;au moins de 15 ans, de passage en France pour moins de 6 mois, vous devez remettre un<strong> bordereau de vente \u00e0 l\u2019exportation<\/strong>, que vous devrez obligatoirement \u00e9diter <strong>via l\u2019application en ligne PABLO<\/strong>, car il comporte un code barre sp\u00e9cifique.<\/p>\n<p style=\"text-align: justify;\">Ces bordereaux seront pr\u00e9sent\u00e9s par les voyageurs aux bornes \u00e9lectroniques install\u00e9es dans les ports et a\u00e9roports internationaux, ainsi qu&rsquo;en fronti\u00e8re suisse.<\/p>\n<p style=\"text-align: justify;\">Vous devez effectuer une demande aupr\u00e8s du p\u00f4le d\u2019action \u00e9conomique de la direction des douanes de votre r\u00e9gion (voir annuaire en ligne), puis vous serez invit\u00e9 \u00e0 poursuivre vos d\u00e9marches sur le site Douane gourvernement (voir : <a href=\"https:\/\/www.douane.gouv.fr\">https:\/\/www.douane.gouv.fr)<\/a> afin de cr\u00e9er un compte et de signer le formulaire d\u2019adh\u00e9sion.<\/p>\n<p style=\"text-align: justify;\">Une fois inscrit, vous pourrez cr\u00e9er vos bordereaux de vente en ligne, puis les valider et les imprimer dans l\u2019application.<\/p>\n<p style=\"text-align: justify;\">Les touristes doivent provenir des pays suivants : pays hors Union Europ\u00e9enne et les \u00e9tats tiers.<\/p>\n<p style=\"text-align: justify;\">Etats tiers : Etat non membre de l\u2019Union europ\u00e9enne.<br \/>Sont assimil\u00e9s \u00e0 des Etats tiers, car ils ne font pas partie du territoire douanier communautaire :<br \/>&#8211; les collectivit\u00e9s d&rsquo;outre-mer de la R\u00e9publique fran\u00e7aise : la Polyn\u00e9sie fran\u00e7aise, la Nouvelle Cal\u00e9donie, Wallis et Futuna, Saint Pierre et Miquelon, les Terres Australes et Antarctiques fran\u00e7aises ; Saint-Martin et Saint-Barth\u00e9l\u00e9my ;<br \/>&#8211; les territoires d&rsquo;un autre Etat membre de l&rsquo;Union europ\u00e9enne ci-apr\u00e8s : les \u00eeles anglo-normandes (Jersey, Guernesey&#8230;), la Principaut\u00e9 d\u2019Andorre, les \u00eeles F\u00e9ro\u00e9, les \u00eeles Canaries, Ceuta et Melilla, San Marin, le Vatican, Gibraltar, la partie hollandaise de Saint Martin, l\u2019\u00eele d\u2019Helgolan.<\/p>\n<p style=\"text-align: justify;\">Un cerfa papier existe en cas de proc\u00e9dure de secours, mais il doit \u00eatre demand\u00e9 \u00e0 votre service des douanes.<\/p>\n<p style=\"text-align: justify;\">Sources :<\/p>\n<p style=\"text-align: justify;\"><a style=\"color: #000000;\" href=\"http:\/\/vosdroits.service-public.fr\/professionnels-entreprises\/F20558.xhtml\" target=\"_blank\" rel=\"noopener noreferrer\">http:\/\/vosdroits.service-public.fr\/professionnels-entreprises\/F20558.xhtml<\/a><\/p>\n","protected":false},"excerpt":{"rendered":"<p>\u00a0 A compter du 1er janvier 2014, pour tout article \u00e0 caract\u00e8re touristique et dont le montant d\u00e9passe les 175\u20ac TTC, et pour les clients \u00e2g\u00e9s d&rsquo;au moins de 15 ans, de passage en France pour moins de 6 mois, vous devez remettre un bordereau de vente \u00e0 l\u2019exportation, que vous devrez obligatoirement \u00e9diter via &hellip; <a href=\"https:\/\/prooptic.axess.fr\/?page_id=3067\" class=\"more-link\">Continuer la lecture de <span class=\"screen-reader-text\">D\u00e9taxe de facture<\/span><\/a><\/p>\n","protected":false},"author":1,"featured_media":0,"parent":0,"menu_order":0,"comment_status":"closed","ping_status":"closed","template":"","meta":[],"_links":{"self":[{"href":"https:\/\/prooptic.axess.fr\/index.php?rest_route=\/wp\/v2\/pages\/3067"}],"collection":[{"href":"https:\/\/prooptic.axess.fr\/index.php?rest_route=\/wp\/v2\/pages"}],"about":[{"href":"https:\/\/prooptic.axess.fr\/index.php?rest_route=\/wp\/v2\/types\/page"}],"author":[{"embeddable":true,"href":"https:\/\/prooptic.axess.fr\/index.php?rest_route=\/wp\/v2\/users\/1"}],"replies":[{"embeddable":true,"href":"https:\/\/prooptic.axess.fr\/index.php?rest_route=%2Fwp%2Fv2%2Fcomments&post=3067"}],"version-history":[{"count":0,"href":"https:\/\/prooptic.axess.fr\/index.php?rest_route=\/wp\/v2\/pages\/3067\/revisions"}],"wp:attachment":[{"href":"https:\/\/prooptic.axess.fr\/index.php?rest_route=%2Fwp%2Fv2%2Fmedia&parent=3067"}],"curies":[{"name":"wp","href":"https:\/\/api.w.org\/{rel}","templated":true}]}}