{"id":3271,"date":"2020-02-03T17:49:43","date_gmt":"2020-02-03T16:49:43","guid":{"rendered":"http:\/\/www.prooptic-idm.com\/wiki\/wiki15\/?page_id=3271"},"modified":"2020-02-03T17:49:43","modified_gmt":"2020-02-03T16:49:43","slug":"adri","status":"publish","type":"page","link":"https:\/\/prooptic.axess.fr\/?page_id=3271","title":{"rendered":"ADRi"},"content":{"rendered":"<p style=\"text-align: justify;\">\u00a0<\/p>\n<table>\n<tbody>\n<tr>\n<td>\n<p><strong><img decoding=\"async\" loading=\"lazy\" src=\"http:\/\/prooptic.axess.fr\/wp-content\/uploads\/2017\/06\/Logo256-1.png\" alt=\"\" width=\"89\" height=\"89\" \/><\/strong><\/p>\n<p><strong>ATTENTION : l&rsquo;ADRi est un compl\u00e9ment pour r\u00e9cup\u00e9rer les donn\u00e9es S\u00e9curit\u00e9 Sociale et ne remplace pas le fait d&rsquo;avoir la carte vitale \u00e0 la facturation (si celle-ci n&rsquo;est pas pr\u00e9sente, la facturation se fera en d\u00e9grad\u00e9)<br \/><\/strong><\/p>\n<\/td>\n<\/tr>\n<\/tbody>\n<\/table>\n<ul style=\"text-align: justify;\">\n<li>Avec ADRi dans votre logiciel de facturation SESAM-Vitale, c\u2019est l\u2019assurance de facturer avec des droits \u00e0 jour !<\/li>\n<li><strong>ADRi vous permet d&rsquo;obtenir :<\/strong><br \/>les droits \u00e0 jour de vos patients notamment pour les situations sp\u00e9cifiques (CMU-C, AME, ACS, ALD, invalidit\u00e9&#8230;) en l&rsquo;absence de la carte Vitale ou en cas de carte Vitale non mise \u00e0 jour<br \/>\u2022 les coordonn\u00e9es de vos patients (adresse postale) ainsi que leur organisme d&rsquo;affiliation d&rsquo;Assurance Maladie<\/li>\n<\/ul>\n<p style=\"text-align: justify;\">Plusieurs m\u00e9thodes sont disponibles pour effectuer des v\u00e9rifications de droits clients :<\/p>\n<ul style=\"text-align: justify;\">\n<li>Si la carte vitale du client n\u2019est pas \u00e0 jour<\/li>\n<li>Si le client ne poss\u00e8de pas sa carte vitale sur lui<\/li>\n<\/ul>\n<p style=\"text-align: justify;\">Il y a \u00e9galement 2 modes d\u2019activation de l\u2019ADR :<\/p>\n<ul style=\"text-align: justify;\">\n<li>Syst\u00e9matique : l\u2019ADR intervient automatiquement lors d\u2019une lecture<\/li>\n<li>Cibl\u00e9 (par d\u00e9faut) : l\u2019ADR se d\u00e9clenche dans le cas d\u2019une carte vitale pas \u00e0 jour<\/li>\n<\/ul>\n<p style=\"text-align: justify;\">En l\u2019absence de carte vitale, il faut appuyer sur le bouton lire donn\u00e9es ADR<\/p>\n<p style=\"text-align: justify;\"><img decoding=\"async\" loading=\"lazy\" src=\"http:\/\/www.prooptic-idm.com\/wiki\/wp-content\/uploads\/2018\/05\/btn-adr-1030x487.png\" alt=\"\" width=\"734\" height=\"347\" \/><\/p>\n<p style=\"text-align: justify;\">La fen\u00eatre suivante permet de rentrer les infos du client pour qu\u2019il soit reconnu au niveau des serveurs de la S\u00e9curit\u00e9 Sociale et appuyer sur le bouton lire ADR :<\/p>\n<p style=\"text-align: justify;\"><img decoding=\"async\" loading=\"lazy\" src=\"http:\/\/www.prooptic-idm.com\/wiki\/wp-content\/uploads\/2018\/05\/fenetre-info-client-adri.png\" alt=\"\" width=\"664\" height=\"372\" \/><\/p>\n<p style=\"text-align: justify;\">La partie de couleur violette indique les donn\u00e9es ADR directement affich\u00e9es depuis les serveurs S\u00e9curit\u00e9 Sociale :<\/p>\n<h4 style=\"text-align: justify;\"><img decoding=\"async\" loading=\"lazy\" src=\"http:\/\/www.prooptic-idm.com\/wiki\/wp-content\/uploads\/2018\/05\/fenetre-adr-sans-cv.png\" alt=\"\" width=\"1029\" height=\"769\" \/><\/h4>\n<p style=\"text-align: justify;\">\u00a0<\/p>\n","protected":false},"excerpt":{"rendered":"<p>\u00a0 ATTENTION : l&rsquo;ADRi est un compl\u00e9ment pour r\u00e9cup\u00e9rer les donn\u00e9es S\u00e9curit\u00e9 Sociale et ne remplace pas le fait d&rsquo;avoir la carte vitale \u00e0 la facturation (si celle-ci n&rsquo;est pas pr\u00e9sente, la facturation se fera en d\u00e9grad\u00e9) Avec ADRi dans votre logiciel de facturation SESAM-Vitale, c\u2019est l\u2019assurance de facturer avec des droits \u00e0 jour ! &hellip; <a href=\"https:\/\/prooptic.axess.fr\/?page_id=3271\" class=\"more-link\">Continuer la lecture de <span class=\"screen-reader-text\">ADRi<\/span><\/a><\/p>\n","protected":false},"author":1,"featured_media":0,"parent":0,"menu_order":0,"comment_status":"closed","ping_status":"closed","template":"","meta":[],"_links":{"self":[{"href":"https:\/\/prooptic.axess.fr\/index.php?rest_route=\/wp\/v2\/pages\/3271"}],"collection":[{"href":"https:\/\/prooptic.axess.fr\/index.php?rest_route=\/wp\/v2\/pages"}],"about":[{"href":"https:\/\/prooptic.axess.fr\/index.php?rest_route=\/wp\/v2\/types\/page"}],"author":[{"embeddable":true,"href":"https:\/\/prooptic.axess.fr\/index.php?rest_route=\/wp\/v2\/users\/1"}],"replies":[{"embeddable":true,"href":"https:\/\/prooptic.axess.fr\/index.php?rest_route=%2Fwp%2Fv2%2Fcomments&post=3271"}],"version-history":[{"count":0,"href":"https:\/\/prooptic.axess.fr\/index.php?rest_route=\/wp\/v2\/pages\/3271\/revisions"}],"wp:attachment":[{"href":"https:\/\/prooptic.axess.fr\/index.php?rest_route=%2Fwp%2Fv2%2Fmedia&parent=3271"}],"curies":[{"name":"wp","href":"https:\/\/api.w.org\/{rel}","templated":true}]}}