{"id":3518,"date":"2020-05-12T10:55:42","date_gmt":"2020-05-12T09:55:42","guid":{"rendered":"http:\/\/www.prooptic-idm.com\/wiki\/wiki15\/?page_id=3518"},"modified":"2020-05-12T10:55:42","modified_gmt":"2020-05-12T09:55:42","slug":"creer-un-fiche-lentilles","status":"publish","type":"page","link":"https:\/\/prooptic.axess.fr\/?page_id=3518","title":{"rendered":"Cr\u00e9er une fiche lentilles"},"content":{"rendered":"<h2>I. Fiche technique\u00a0simple\u00a0<\/h2>\n<p>____________________________________________________________________________________________________________________________________________________<\/p>\n<p>Une fois les coordonn\u00e9es du client compl\u00e9t\u00e9es, et la fiche enregistr\u00e9e, l\u2019acc\u00e8s \u00e0 l\u2019\u00e9cran concernant les visites \u00ab\u00a0Lentilles\u00bb se fait en cliquant sur l\u2019<strong><em>onglet Lentilles<\/em><\/strong>\u00a0:\u00a0<\/p>\n<p><img decoding=\"async\" loading=\"lazy\" src=\"http:\/\/prooptic.axess.fr\/wp-content\/uploads\/2018\/06\/onglet-lentille-vide-1030x778.png\" alt=\"\" width=\"734\" height=\"554\" \/><\/p>\n<p>Si le fichier ne contient pas encore de visite, il faut en cr\u00e9er une \u00e0 partir du\u00a0<strong><em>bouton Nouvelle Ordonnance<\/em><\/strong>\u00a0:<\/p>\n<p><img decoding=\"async\" loading=\"lazy\" src=\"http:\/\/prooptic.axess.fr\/wp-content\/uploads\/2018\/06\/fleche-rouge-nouvelle-ordo-1030x778.png\" alt=\"\" width=\"734\" height=\"554\" \/><\/p>\n<h3>a. Saisie de la prescription<\/h3>\n<p>____________________________________________________________________________________________________________________________________________________<\/p>\n<p>La saisie commence par le\u00a0<strong><em>nom de l\u2019ophtalmologue<\/em><\/strong>\u00a0et la\u00a0<strong><em>date de prescription<\/em><\/strong>. Les m\u00e9decins saisis sont r\u00e9pertori\u00e9s dans un fichier \u00e0 part. Pour y acc\u00e9der, cliquer sur le\u00a0<strong><em>bouton avec les pointill\u00e9s \u00e0 droite du champ M\u00e9decin<\/em><\/strong>\u00a0:<\/p>\n<p><img decoding=\"async\" loading=\"lazy\" src=\"http:\/\/prooptic.axess.fr\/wp-content\/uploads\/2018\/06\/fleche-rouge-choix-medecin.png\" alt=\"\" width=\"708\" height=\"439\" \/>Il est possible \u00e0 ce niveau de compl\u00e9ter la fiche du prescripteur avec diff\u00e9rentes donn\u00e9es le concernant (num\u00e9ro d\u2019identifiant, adresse, domaine d\u2019activit\u00e9, etc.) en s\u00e9lectionnant le\u00a0<strong><em>bouton Modifier<\/em><\/strong>. Sinon, s\u00e9lectionner la ligne correspondante au m\u00e9decin puis valider en cliquant sur\u00a0<strong><em>Cette fiche<\/em><\/strong>\u00a0:<\/p>\n<p><img decoding=\"async\" loading=\"lazy\" src=\"http:\/\/prooptic.axess.fr\/wp-content\/uploads\/2018\/06\/fleche-rouge-cette-fiche-medecin-1030x778.png\" alt=\"\" width=\"734\" height=\"554\" \/><\/p>\n<p>Compl\u00e9ter ensuite les donn\u00e9es pour les deux yeux\u00a0: sph\u00e8re, cylindre, axe, addition, prisme. Aucun champ n\u2019est obligatoire, ne compl\u00e9ter que ce qui est n\u00e9cessaire.<br \/><strong><em>I<\/em><\/strong>: la recopie de l\u2019\u0153il droit vers l\u2019\u0153il gauche est possible en cliquant sur\u00a0<img decoding=\"async\" loading=\"lazy\" src=\"http:\/\/prooptic.axess.fr\/wp-content\/uploads\/2018\/06\/fleche-bas.png\" alt=\"\" width=\"18\" height=\"24\" \/><\/p>\n<p><img decoding=\"async\" loading=\"lazy\" src=\"http:\/\/prooptic.axess.fr\/wp-content\/uploads\/2018\/06\/menu-ordo-lentilles.png\" alt=\"\" width=\"775\" height=\"481\" \/><\/p>\n<p>Une fois la prescription correctement remplit, cliquez sur le\u00a0<strong><em>bouton Suivant<\/em><\/strong>\u00a0et le logiciel vous propose de scanner l\u2019ordonnance.<\/p>\n<p><img decoding=\"async\" loading=\"lazy\" src=\"http:\/\/prooptic.axess.fr\/wp-content\/uploads\/2018\/06\/scanner-ordonnance.png\" alt=\"\" width=\"254\" height=\"154\" \/><\/p>\n<p>Apr\u00e8s avoir s\u00e9lectionner votre scanner, vous pouvez num\u00e9riser votre ordonnance en cliquant sur le bouton\u00a0<strong>Scanner SCOR<\/strong>.<\/p>\n<p><img decoding=\"async\" loading=\"lazy\" src=\"http:\/\/prooptic.axess.fr\/wp-content\/uploads\/2018\/06\/fenetre-scan-ordonnance-1030x778.png\" alt=\"\" width=\"692\" height=\"522\" \/><\/p>\n<h3>b.\u00a0Affichage de la partie ordonnance<\/h3>\n<p>____________________________________________________________________________________________________________________________________________________<\/p>\n<p>La fen\u00eatre suivante affiche plusieurs informations<\/p>\n<p><img decoding=\"async\" loading=\"lazy\" src=\"http:\/\/prooptic.axess.fr\/wp-content\/uploads\/2018\/06\/menu-gen-lentille-ordo-1030x778.png\" alt=\"\" width=\"734\" height=\"554\" \/><\/p>\n<ul>\n<li>la partie centrale affiche un r\u00e9sum\u00e9 de l\u2019ordonnance saisie auparavant<\/li>\n<li>la ligne bleue dans la partie gauche permet d\u2019acc\u00e9der au r\u00e9sum\u00e9 de l\u2019ordonnance<\/li>\n<\/ul>\n<h3>c. Saisie de la fiche lentilles<\/h3>\n<p>____________________________________________________________________________________________________________________________________________________<\/p>\n<p>Pour cr\u00e9er une visite lentille, cliquer sur le\u00a0<strong><em>bouton Nouvelle Fiche<\/em><\/strong>\u00a0:<\/p>\n<p><img decoding=\"async\" loading=\"lazy\" src=\"http:\/\/prooptic.axess.fr\/wp-content\/uploads\/2018\/06\/btn-new-fiche-lent-1030x778.png\" alt=\"\" width=\"734\" height=\"554\" \/><\/p>\n<p>La fen\u00eatre suivante affiche plusieurs informations\u00a0:<\/p>\n<p><img decoding=\"async\" loading=\"lazy\" src=\"http:\/\/prooptic.axess.fr\/wp-content\/uploads\/2018\/06\/fleche-rouge-clic-nouvelle-fiche-1030x778.png\" alt=\"\" width=\"734\" height=\"554\" \/><\/p>\n<ul>\n<li>1 =&gt; le bloc 1 affiche un r\u00e9sum\u00e9 de l\u2019ordonnance saisie auparavant avec la possibilit\u00e9 de scanner l\u2019ordonnance<\/li>\n<li>2 =&gt; le bloc 2 permet de pr\u00e9ciser l\u2019acuit\u00e9 et d\u2019aller s\u00e9lectionner les lentilles n\u00e9cessaires<\/li>\n<li>Le dernier bloc permet d\u2019ajouter des commentaires sur la fiche lentille\n<ul>\n<li>pour r\u00e9cup\u00e9rer un type de lentille, s\u00e9lectionner dans un premier temps le fournisseur. Cliquer ensuite sur le bouton en pointill\u00e9s pour afficher la liste des types de lentilles.<\/li>\n<\/ul>\n<\/li>\n<\/ul>\n<p><img decoding=\"async\" loading=\"lazy\" src=\"http:\/\/prooptic.axess.fr\/wp-content\/uploads\/2018\/06\/btn-recherche-lentilles.png\" alt=\"\" width=\"856\" height=\"276\" \/>La liste appara\u00eet alors\u00a0:<\/p>\n<p><img decoding=\"async\" loading=\"lazy\" src=\"http:\/\/prooptic.axess.fr\/wp-content\/uploads\/2018\/06\/liste-lentilles.png\" alt=\"\" width=\"782\" height=\"297\" \/><\/p>\n<p><strong><em>Note\u00a0<\/em><\/strong>: il est possible d\u2019affiner la recherche en s\u00e9lectionnant le mat\u00e9riau, le mode de port et la fr\u00e9quence. Cliquer ensuite sur Afficher les lentilles.<\/p>\n<p>Cliquer ensuite sur le\u00a0<strong><em>bouton D<\/em><\/strong>\u00a0(\u0153il droit) ou\u00a0<strong><em>G<\/em><\/strong>\u00a0(\u0153il gauche) ou\u00a0<strong><em>DG<\/em><\/strong>\u00a0(les deux) sur la ligne correspondante au type de lentille d\u00e9sir\u00e9. En cliquant sur un bouton, cela re-basculera automatiquement sur la fiche lentille\u00a0:<\/p>\n<p><img decoding=\"async\" loading=\"lazy\" src=\"http:\/\/prooptic.axess.fr\/wp-content\/uploads\/2018\/06\/recap-lentille.png\" alt=\"\" width=\"778\" height=\"243\" \/><\/p>\n<p>Il est \u00e9galement possible cliquer sur\u00a0<img decoding=\"async\" loading=\"lazy\" src=\"http:\/\/prooptic.axess.fr\/wp-content\/uploads\/2018\/06\/btn-fleche-bas.png\" alt=\"\" width=\"32\" height=\"33\" \/>\u00a0pour permettre de recopier l\u2019\u0153il droit vers l\u2019\u0153il gauche (et vice-versa).<\/p>\n<p>Valider la fiche en cliquant sur Enregistrer.<\/p>\n<p><img decoding=\"async\" loading=\"lazy\" src=\"http:\/\/prooptic.axess.fr\/wp-content\/uploads\/2018\/06\/enregistrer-en-tant-que.png\" alt=\"\" width=\"248\" height=\"189\" \/><\/p>\n<p>Ensuite,\u00a0s\u00e9lectionner Enregistrer en tant que<strong><em>\u00a0Fiche technique<\/em><\/strong><\/p>\n<h2>II.\u00a0Pr\u00e9sentation globale<\/h2>\n<p>____________________________________________________________________________________________________________________________________________________<\/p>\n<p>D\u00e8s lors que le devis est transf\u00e9r\u00e9 ou que la fiche est cr\u00e9\u00e9e directement, celle-ci vient s\u2019ajouter au-dessus de la liste sur un fond rose\u00a0<strong><em>sous l\u2019intitul\u00e9 Fiche<\/em><\/strong>\u00a0:<\/p>\n<p><img decoding=\"async\" loading=\"lazy\" src=\"http:\/\/prooptic.axess.fr\/wp-content\/uploads\/2018\/06\/fleche-fiche-lentille-1030x778.png\" alt=\"\" width=\"734\" height=\"554\" \/><\/p>\n<p>Les possibilit\u00e9s sont plus nombreuses par rapport au devis. On peut d\u00e9sormais\u00a0<strong><em>commander les lentilles<\/em><\/strong>, le client peut\u00a0<strong><em>verser un acompte<\/em><\/strong>,\u00a0<strong><em>r\u00e9\u00e9diter le devis<\/em><\/strong>\u00a0et \u00e9galement\u00a0<strong><em>imprimer la fiche technique<\/em><\/strong>\u00a0:<\/p>\n<p><img decoding=\"async\" loading=\"lazy\" src=\"http:\/\/prooptic.axess.fr\/wp-content\/uploads\/2018\/06\/boutons-1030x778.png\" alt=\"\" width=\"734\" height=\"554\" \/><\/p>\n<h3>a. Versement d\u2019un acompte<\/h3>\n<p>____________________________________________________________________________________________________________________________________________________<\/p>\n<p>Il est possible d\u2019enregistrer un acompte vers\u00e9 par le client en cliquant sur le\u00a0<strong><em>bouton Acompte<\/em><\/strong>\u00a0:<\/p>\n<p><img decoding=\"async\" loading=\"lazy\" src=\"http:\/\/prooptic.axess.fr\/wp-content\/uploads\/2018\/06\/bouton-acompte-2.png\" alt=\"\" width=\"449\" height=\"84\" \/><\/p>\n<p>Dans un premier temps, il faut\u00a0<strong><em>s\u00e9lectionner le mode de paiement<\/em><\/strong>, puis\u00a0<strong><em>entrer le montant correspondant<\/em><\/strong>\u00a0et enfin\u00a0<strong><em>valider avec le bouton vert<\/em><\/strong>\u00a0:<\/p>\n<p><img decoding=\"async\" loading=\"lazy\" src=\"http:\/\/prooptic.axess.fr\/wp-content\/uploads\/2018\/06\/saisie-acompte-2.png\" alt=\"\" width=\"769\" height=\"690\" \/><\/p>\n<p>Un message appara\u00eet alors demandant si le re\u00e7u doit \u00eatre imprim\u00e9 ou non\u00a0:<\/p>\n<p><img decoding=\"async\" loading=\"lazy\" src=\"http:\/\/prooptic.axess.fr\/wp-content\/uploads\/2018\/06\/imp-acompte.png\" alt=\"\" width=\"252\" height=\"154\" \/><\/p>\n<p>Une fois l\u2019acompte valid\u00e9, la fen\u00eatre se ferme automatiquement, et il est possible de voir l\u2019acompte enregistr\u00e9 dans la partie\u00a0<strong><em>Financier\u00a0<\/em><\/strong>de la fiche technique\u00a0:<\/p>\n<p><img decoding=\"async\" loading=\"lazy\" src=\"http:\/\/prooptic.axess.fr\/wp-content\/uploads\/2018\/06\/acompte-financier.png\" alt=\"\" width=\"694\" height=\"346\" \/><\/p>\n<p>Celui-ci sera automatiquement d\u00e9duit lors de l\u2019encaissement client.<\/p>\n<h3>b. Mise en attente de commande<\/h3>\n<p>____________________________________________________________________________________________________________________________________________________<\/p>\n<p>Il est possible de g\u00e9n\u00e9rer la commande des lentilles correspondants \u00e0 la fiche technique en cliquant sur le\u00a0<strong><em>bouton Commander<\/em><\/strong>\u00a0:<\/p>\n<p><img decoding=\"async\" loading=\"lazy\" src=\"http:\/\/prooptic.axess.fr\/wp-content\/uploads\/2018\/06\/bouton-commander-2.png\" alt=\"\" width=\"446\" height=\"84\" \/><\/p>\n<p>Le tableau r\u00e9capitulatif de la commande s\u2019affiche alors avec la commande pr\u00eate \u00e0 \u00eatre envoy\u00e9e (si la ligne est verte) ainsi que son\u00a0<strong><em>type d\u2019envoi possible<\/em><\/strong>\u00a0(EDI, fax, etc.)\u00a0:<\/p>\n<p><img decoding=\"async\" loading=\"lazy\" src=\"http:\/\/prooptic.axess.fr\/wp-content\/uploads\/2018\/06\/liste-commandes-edi-1030x778.png\" alt=\"\" width=\"734\" height=\"554\" \/><\/p>\n<p>L\u2019<strong><em>onglet Commande<\/em><\/strong>\u00a0permettra ainsi de voir les informations principales li\u00e9es \u00e0 la commande des lentilles avec la possibilit\u00e9 de l\u2019\u00e9diter (et la remettre en attente si une modification est n\u00e9cessaire)\u00a0:<\/p>\n<p><img decoding=\"async\" loading=\"lazy\" src=\"http:\/\/prooptic.axess.fr\/wp-content\/uploads\/2018\/06\/onglet-commande-lentille-1030x778.png\" alt=\"\" width=\"734\" height=\"554\" \/><\/p>\n<h2>III.\u00a0Impression de la fiche technique<\/h2>\n<p>____________________________________________________________________________________________________________________________________________________<\/p>\n<p>L\u2019\u00e9dition de la fiche technique se fait \u00e0 partir du\u00a0<strong><em>bouton Fiche technique<\/em><\/strong>\u00a0(en pensant \u00e0\u00a0<strong><em>s\u00e9lectionner la ligne de la fiche correspondante<\/em><\/strong>\u00a0au pr\u00e9alable)\u00a0:<\/p>\n<p><img decoding=\"async\" loading=\"lazy\" src=\"http:\/\/prooptic.axess.fr\/wp-content\/uploads\/2018\/06\/bouton-fiche-technique-2.png\" alt=\"\" width=\"427\" height=\"86\" \/><\/p>\n<p>Une fen\u00eatre appara\u00eet proposant de cr\u00e9er\u00a0<strong><em>un aper\u00e7u avant impression<\/em><\/strong>, d\u2019<strong><em>afficher les dus clients<\/em><\/strong>\u00a0sur la fiche technique et d\u2019<strong><em>imprimer la fiche de contr\u00f4le qualit\u00e9<\/em><\/strong>\u00a0(concerne certaines normes)\u00a0:<\/p>\n<p><img decoding=\"async\" loading=\"lazy\" src=\"http:\/\/prooptic.axess.fr\/wp-content\/uploads\/2018\/06\/fenetre-impression.png\" alt=\"\" width=\"388\" height=\"278\" \/><\/p>\n<h2>IV. Facturation<\/h2>\n<p>____________________________________________________________________________________________________________________________________________________<\/p>\n<p>Lorsque tous les \u00e9l\u00e9ments ont \u00e9t\u00e9 v\u00e9rifi\u00e9s, on peut alors passer \u00e0 la facturation en cliquant sur le\u00a0<strong><em>bouton Facture<\/em><\/strong>\u00a0:<\/p>\n<p><img decoding=\"async\" loading=\"lazy\" src=\"http:\/\/prooptic.axess.fr\/wp-content\/uploads\/2018\/06\/bouton-facture-2.png\" alt=\"\" width=\"373\" height=\"84\" \/><\/p>\n<p>Sur l\u2019\u00e9cran de facturation apparaissent plusieurs options\u00a0:<\/p>\n<p><img decoding=\"async\" loading=\"lazy\" src=\"http:\/\/prooptic.axess.fr\/wp-content\/uploads\/2018\/06\/fenetre-fact-1-1030x726.png\" alt=\"\" width=\"734\" height=\"517\" \/><\/p>\n<ul>\n<li>Choisir de\u00a0<strong><em>faire le tiers-payant ou non<\/em><\/strong><\/li>\n<li><strong><em>T\u00e9l\u00e9transmettre ou non<\/em><\/strong><\/li>\n<li>Choisir les\u00a0<strong><em>d\u00e9tails \u00e0 afficher<\/em>\u00a0<\/strong>sur la facture<\/li>\n<\/ul>\n<p><strong><em>Remarque<\/em><\/strong>\u00a0: la ligne de caisse est cr\u00e9\u00e9e au moment de la facturation<\/p>\n<p>Enfin, la<strong><em>\u00a0ligne de la fiche technique est soulign\u00e9e en rouge<\/em><\/strong>\u00a0pour signaler que la\u00a0<strong><em>facture a \u00e9t\u00e9 g\u00e9n\u00e9r\u00e9e<\/em><\/strong>\u00a0et que\u00a0<strong><em>ses \u00e9l\u00e9ments ne sont plus modifiables<\/em><\/strong>. Un\u00a0<strong><em>feu rouge<\/em><\/strong>\u00a0est \u00e9galement apparu en caisse pour signaler que le\u00a0<strong><em>d\u00fb client et les parts de tiers-payant<\/em><\/strong>\u00a0sont g\u00e9n\u00e9r\u00e9s\u00a0:<\/p>\n<p><img decoding=\"async\" loading=\"lazy\" src=\"http:\/\/prooptic.axess.fr\/wp-content\/uploads\/2018\/06\/fleche-rouge-facture-et-caisse-1030x778.png\" alt=\"\" width=\"734\" height=\"554\" \/><\/p>\n","protected":false},"excerpt":{"rendered":"<p>I. Fiche technique\u00a0simple\u00a0 ____________________________________________________________________________________________________________________________________________________ Une fois les coordonn\u00e9es du client compl\u00e9t\u00e9es, et la fiche enregistr\u00e9e, l\u2019acc\u00e8s \u00e0 l\u2019\u00e9cran concernant les visites \u00ab\u00a0Lentilles\u00bb se fait en cliquant sur l\u2019onglet Lentilles\u00a0:\u00a0 Si le fichier ne contient pas encore de visite, il faut en cr\u00e9er une \u00e0 partir du\u00a0bouton Nouvelle Ordonnance\u00a0: a. Saisie de la prescription ____________________________________________________________________________________________________________________________________________________ La &hellip; <a href=\"https:\/\/prooptic.axess.fr\/?page_id=3518\" class=\"more-link\">Continuer la lecture de <span class=\"screen-reader-text\">Cr\u00e9er une fiche lentilles<\/span><\/a><\/p>\n","protected":false},"author":1,"featured_media":0,"parent":0,"menu_order":0,"comment_status":"closed","ping_status":"closed","template":"","meta":[],"_links":{"self":[{"href":"https:\/\/prooptic.axess.fr\/index.php?rest_route=\/wp\/v2\/pages\/3518"}],"collection":[{"href":"https:\/\/prooptic.axess.fr\/index.php?rest_route=\/wp\/v2\/pages"}],"about":[{"href":"https:\/\/prooptic.axess.fr\/index.php?rest_route=\/wp\/v2\/types\/page"}],"author":[{"embeddable":true,"href":"https:\/\/prooptic.axess.fr\/index.php?rest_route=\/wp\/v2\/users\/1"}],"replies":[{"embeddable":true,"href":"https:\/\/prooptic.axess.fr\/index.php?rest_route=%2Fwp%2Fv2%2Fcomments&post=3518"}],"version-history":[{"count":0,"href":"https:\/\/prooptic.axess.fr\/index.php?rest_route=\/wp\/v2\/pages\/3518\/revisions"}],"wp:attachment":[{"href":"https:\/\/prooptic.axess.fr\/index.php?rest_route=%2Fwp%2Fv2%2Fmedia&parent=3518"}],"curies":[{"name":"wp","href":"https:\/\/api.w.org\/{rel}","templated":true}]}}