{"id":3524,"date":"2020-05-12T11:03:32","date_gmt":"2020-05-12T10:03:32","guid":{"rendered":"http:\/\/www.prooptic-idm.com\/wiki\/wiki15\/?page_id=3524"},"modified":"2023-06-21T14:44:34","modified_gmt":"2023-06-21T12:44:34","slug":"architecture-de-linterface-2","status":"publish","type":"page","link":"https:\/\/prooptic.axess.fr\/?page_id=3524","title":{"rendered":"Architecture de l&rsquo;interface"},"content":{"rendered":"<p>Une fois l\u2019installation termin\u00e9e, double-cliquer sur l\u2019ic\u00f4ne IDM OPTIC sur le bureau de Windows pour d\u00e9marrer l\u2019application :<\/p>\n<p><img decoding=\"async\" loading=\"lazy\" class=\"size-full wp-image-4569 aligncenter\" src=\"http:\/\/www.prooptic-idm.com\/wiki\/wiki15\/wp-content\/uploads\/sites\/3\/2023\/06\/Application-logiciel-IDM-Optic.png\" alt=\"\" width=\"85\" height=\"98\" \/><\/p>\n<p>Si une mise \u00e0 jour est disponible, le message suivant appara\u00eet.<\/p>\n<p><img decoding=\"async\" loading=\"lazy\" src=\"http:\/\/prooptic.axess.fr\/wp-content\/uploads\/2019\/02\/mise-a-jour.jpg\" sizes=\"(max-width: 485px) 100vw, 485px\" alt=\"\" width=\"485\" height=\"169\" \/><\/p>\n<p>Cliquer sur <strong><em>Oui<\/em><\/strong> pour lancer la mise \u00e0 jour. Si vous cliquez sur <strong><em>Non<\/em><\/strong>, la mise \u00e0 jour sera repropos\u00e9e lors du prochain lancement du logiciel.<\/p>\n<p>Saisir vos identifiants de connexion<br \/>\n<img decoding=\"async\" loading=\"lazy\" class=\"alignnone size-full wp-image-4567\" src=\"http:\/\/www.prooptic-idm.com\/wiki\/wiki15\/wp-content\/uploads\/sites\/3\/2023\/06\/Ouverture-de-session.png\" alt=\"\" width=\"502\" height=\"308\" \/><\/p>\n<p>Une fen\u00eatre de chargement orange pour le lancement du module de facturation <strong><em>Area <\/em><\/strong>(module qui synchronise le logiciel IDM Optic avec la plateforme Area) appara\u00eet en haut \u00e0 droite au lancement du logiciel.<br \/>\n<img decoding=\"async\" loading=\"lazy\" class=\"size-full wp-image-4571 aligncenter\" src=\"http:\/\/www.prooptic-idm.com\/wiki\/wiki15\/wp-content\/uploads\/sites\/3\/2023\/06\/Lancement-du-module-Area.png\" alt=\"\" width=\"368\" height=\"79\" \/>Le temps de chargement de ce module d\u00e9pend des performances de votre machine et la qualit\u00e9 de votre ligne Internet.<\/p>\n<p>L\u2019\u00e9cran d\u2019accueil du logiciel appara\u00eet ensuite sur lequel plusieurs \u00e9l\u00e9ments peuvent \u00eatre distingu\u00e9s :<br \/>\n<img decoding=\"async\" loading=\"lazy\" class=\"alignnone size-medium wp-image-4575\" src=\"http:\/\/www.prooptic-idm.com\/wiki\/wiki15\/wp-content\/uploads\/sites\/3\/2023\/06\/Accueil-logiciels-optice-audio-700x528.png\" alt=\"\" width=\"700\" height=\"528\" \/><\/p>\n<p>Sommaire [<a href=\"http:\/\/www.prooptic-idm.com\/wiki\/wiki15\/architecture-de-linterface\/#\">cacher<\/a>]<\/p>\n<ul>\n<li><a href=\"http:\/\/www.prooptic-idm.com\/wiki\/wiki15\/architecture-de-linterface\/#I_Barre_drsquoinformations\">I. Barre d\u2019informations<\/a><\/li>\n<li><a href=\"http:\/\/www.prooptic-idm.com\/wiki\/wiki15\/architecture-de-linterface\/#II_Barre_drsquoonglets\">II. Barre d\u2019onglets<\/a><\/li>\n<li><a href=\"http:\/\/www.prooptic-idm.com\/wiki\/wiki15\/architecture-de-linterface\/#III_Barre_drsquoicones\">III. Barre d\u2019\u00eecones<\/a><\/li>\n<li><a href=\"http:\/\/www.prooptic-idm.com\/wiki\/wiki15\/architecture-de-linterface\/#IV_Fenetre_principale_de_lrsquoapplication\">IV. Fen\u00eatre principale de l\u2019application<\/a><\/li>\n<li><a href=\"http:\/\/www.prooptic-idm.com\/wiki\/wiki15\/architecture-de-linterface\/#V_Choix_du_magasin\">V. Choix du magasin<\/a><\/li>\n<\/ul>\n<h2><\/h2>\n<h2>I. Barre d\u2019informations<\/h2>\n<p><center><img decoding=\"async\" loading=\"lazy\" class=\"alignnone size-medium wp-image-4578\" src=\"http:\/\/www.prooptic-idm.com\/wiki\/wiki15\/wp-content\/uploads\/sites\/3\/2023\/06\/barre-dinformations-700x28.png\" alt=\"\" width=\"700\" height=\"28\" \/><\/center>Elle se situe tout en haut de la fen\u00eatre du logiciel et affiche les identifiants utilis\u00e9s pour la session ainsi que le nom du magasin et la date du jour.<\/p>\n<h2>II. Barre d\u2019onglets<\/h2>\n<p><center><img decoding=\"async\" loading=\"lazy\" src=\"http:\/\/prooptic.axess.fr\/wp-content\/uploads\/2015\/04\/menu2.png\" sizes=\"(max-width: 766px) 100vw, 766px\" alt=\"menu2\" width=\"766\" height=\"25\" \/><\/center>Elle se situe juste en dessous de la barre d\u2019informations. Elle reprend les menus principaux de l\u2019application.<\/p>\n<h2>III. Barre d\u2019\u00eecones<\/h2>\n<p><center><img decoding=\"async\" loading=\"lazy\" src=\"http:\/\/prooptic.axess.fr\/wp-content\/uploads\/2019\/02\/icones.png\" sizes=\"(max-width: 947px) 100vw, 947px\" alt=\"\" width=\"947\" height=\"88\" \/><\/center>Cette sous-partie d\u2019un onglet permet d\u2019acc\u00e9der \u00e0 une fonctionnalit\u00e9 de l\u2019application.<\/p>\n<h2>IV. Fen\u00eatre principale de l\u2019application<\/h2>\n<p><center><img decoding=\"async\" loading=\"lazy\" src=\"http:\/\/prooptic.axess.fr\/wp-content\/uploads\/2015\/04\/menu4.png\" sizes=\"(max-width: 739px) 100vw, 739px\" alt=\"menu4\" width=\"739\" height=\"334\" \/><\/center>C\u2019est dans cette fen\u00eatre que vont venir s\u2019afficher les notifications en rapport avec l\u2019activit\u00e9 du magasin.<\/p>\n<h2>V. Choix du magasin<\/h2>\n<p><center><img decoding=\"async\" loading=\"lazy\" src=\"http:\/\/www.prooptic-idm.com\/wiki\/wp-content\/uploads\/sites\/3\/2015\/04\/menu5.png\" alt=\"menu5\" width=\"93\" height=\"21\" \/><\/center>Cette partie concerne la gestion multi- magasins et permet de s\u00e9lectionner un autre magasin.<\/p>\n","protected":false},"excerpt":{"rendered":"<p>Une fois l\u2019installation termin\u00e9e, double-cliquer sur l\u2019ic\u00f4ne IDM OPTIC sur le bureau de Windows pour d\u00e9marrer l\u2019application : Si une mise \u00e0 jour est disponible, le message suivant appara\u00eet. Cliquer sur Oui pour lancer la mise \u00e0 jour. Si vous cliquez sur Non, la mise \u00e0 jour sera repropos\u00e9e lors du prochain lancement du logiciel. &hellip; <a href=\"https:\/\/prooptic.axess.fr\/?page_id=3524\" class=\"more-link\">Continuer la lecture de <span class=\"screen-reader-text\">Architecture de l&rsquo;interface<\/span><\/a><\/p>\n","protected":false},"author":1,"featured_media":0,"parent":0,"menu_order":0,"comment_status":"closed","ping_status":"closed","template":"","meta":[],"_links":{"self":[{"href":"https:\/\/prooptic.axess.fr\/index.php?rest_route=\/wp\/v2\/pages\/3524"}],"collection":[{"href":"https:\/\/prooptic.axess.fr\/index.php?rest_route=\/wp\/v2\/pages"}],"about":[{"href":"https:\/\/prooptic.axess.fr\/index.php?rest_route=\/wp\/v2\/types\/page"}],"author":[{"embeddable":true,"href":"https:\/\/prooptic.axess.fr\/index.php?rest_route=\/wp\/v2\/users\/1"}],"replies":[{"embeddable":true,"href":"https:\/\/prooptic.axess.fr\/index.php?rest_route=%2Fwp%2Fv2%2Fcomments&post=3524"}],"version-history":[{"count":5,"href":"https:\/\/prooptic.axess.fr\/index.php?rest_route=\/wp\/v2\/pages\/3524\/revisions"}],"predecessor-version":[{"id":4720,"href":"https:\/\/prooptic.axess.fr\/index.php?rest_route=\/wp\/v2\/pages\/3524\/revisions\/4720"}],"wp:attachment":[{"href":"https:\/\/prooptic.axess.fr\/index.php?rest_route=%2Fwp%2Fv2%2Fmedia&parent=3524"}],"curies":[{"name":"wp","href":"https:\/\/api.w.org\/{rel}","templated":true}]}}