{"id":3534,"date":"2020-05-12T13:22:33","date_gmt":"2020-05-12T12:22:33","guid":{"rendered":"http:\/\/www.prooptic-idm.com\/wiki\/wiki15\/?page_id=3534"},"modified":"2020-05-12T13:22:33","modified_gmt":"2020-05-12T12:22:33","slug":"initialisation","status":"publish","type":"page","link":"https:\/\/prooptic.axess.fr\/?page_id=3534","title":{"rendered":"Initialisation"},"content":{"rendered":"<p>La premi\u00e8re \u00e9tape de l\u2019utilisation de la caisse est son initialisation. Dans le cas o\u00f9 la caisse n\u2019a pas \u00e9t\u00e9 cl\u00f4tur\u00e9e la journ\u00e9e pr\u00e9c\u00e9dente, un message informe la premi\u00e8re personne qui s\u2019identifie dans Prooptic V.5\u00a0:<\/p>\n<p><center><img decoding=\"async\" loading=\"lazy\" src=\"http:\/\/www.prooptic-idm.com\/wiki\/wp-content\/uploads\/sites\/3\/2015\/04\/alerte-caisse-soir.png\" alt=\"alerte-caisse-soir\" width=\"473\" height=\"171\" \/><\/center><center><\/center><center><\/center><\/p>\n<p>\u00a0<\/p>\n<p>En validant, l\u2019application redirige l\u2019utilisateur vers la fen\u00eatre de validation (\u00e9quivalent du\u00a0<strong><em>Journal Quotidien<\/em><\/strong>\u00a0de la journ\u00e9e pr\u00e9c\u00e9dente)\u00a0:<\/p>\n<p><img decoding=\"async\" loading=\"lazy\" src=\"http:\/\/prooptic.axess.fr\/wp-content\/uploads\/2018\/05\/cloture-caisse-1030x774.png\" alt=\"\" width=\"734\" height=\"552\" \/><\/p>\n<p>\u00a0<\/p>\n<p><em><strong>Valider<\/strong>\u00a0<\/em>ensuite cet \u00e9cran gr\u00e2ce au bouton\u00a0<img decoding=\"async\" loading=\"lazy\" src=\"http:\/\/www.prooptic-idm.com\/wiki\/wp-content\/uploads\/sites\/3\/2015\/04\/btn-valider-fds-caisse.png\" alt=\"btn-valider-fds-caisse\" width=\"196\" height=\"86\" \/>\u00a0et fermer cet \u00e9cran.<\/p>\n<p>\u00a0<\/p>\n","protected":false},"excerpt":{"rendered":"<p>La premi\u00e8re \u00e9tape de l\u2019utilisation de la caisse est son initialisation. Dans le cas o\u00f9 la caisse n\u2019a pas \u00e9t\u00e9 cl\u00f4tur\u00e9e la journ\u00e9e pr\u00e9c\u00e9dente, un message informe la premi\u00e8re personne qui s\u2019identifie dans Prooptic V.5\u00a0: \u00a0 En validant, l\u2019application redirige l\u2019utilisateur vers la fen\u00eatre de validation (\u00e9quivalent du\u00a0Journal Quotidien\u00a0de la journ\u00e9e pr\u00e9c\u00e9dente)\u00a0: \u00a0 Valider\u00a0ensuite cet &hellip; <a href=\"https:\/\/prooptic.axess.fr\/?page_id=3534\" class=\"more-link\">Continuer la lecture de <span class=\"screen-reader-text\">Initialisation<\/span><\/a><\/p>\n","protected":false},"author":1,"featured_media":0,"parent":0,"menu_order":0,"comment_status":"closed","ping_status":"closed","template":"","meta":[],"_links":{"self":[{"href":"https:\/\/prooptic.axess.fr\/index.php?rest_route=\/wp\/v2\/pages\/3534"}],"collection":[{"href":"https:\/\/prooptic.axess.fr\/index.php?rest_route=\/wp\/v2\/pages"}],"about":[{"href":"https:\/\/prooptic.axess.fr\/index.php?rest_route=\/wp\/v2\/types\/page"}],"author":[{"embeddable":true,"href":"https:\/\/prooptic.axess.fr\/index.php?rest_route=\/wp\/v2\/users\/1"}],"replies":[{"embeddable":true,"href":"https:\/\/prooptic.axess.fr\/index.php?rest_route=%2Fwp%2Fv2%2Fcomments&post=3534"}],"version-history":[{"count":0,"href":"https:\/\/prooptic.axess.fr\/index.php?rest_route=\/wp\/v2\/pages\/3534\/revisions"}],"wp:attachment":[{"href":"https:\/\/prooptic.axess.fr\/index.php?rest_route=%2Fwp%2Fv2%2Fmedia&parent=3534"}],"curies":[{"name":"wp","href":"https:\/\/api.w.org\/{rel}","templated":true}]}}