{"id":3537,"date":"2020-05-12T13:23:59","date_gmt":"2020-05-12T12:23:59","guid":{"rendered":"http:\/\/www.prooptic-idm.com\/wiki\/wiki15\/?page_id=3537"},"modified":"2020-05-12T13:23:59","modified_gmt":"2020-05-12T12:23:59","slug":"edition-de-journaux","status":"publish","type":"page","link":"https:\/\/prooptic.axess.fr\/?page_id=3537","title":{"rendered":"Edition de journaux"},"content":{"rendered":"<p>L\u2019int\u00e9r\u00eat principal de la caisse est de conserver toutes les op\u00e9rations effectu\u00e9es dans un journal de caisse. Ce journal est consultable \u00e0 tout moment depuis l\u2019<em><strong>onglet<\/strong>\u00a0<strong>Caisse<\/strong>\u00a0<\/em>puis\u00a0<strong><em>Journal Quotidien<\/em><\/strong>\u00a0:<\/p>\n<p><center><img decoding=\"async\" loading=\"lazy\" src=\"http:\/\/www.prooptic-idm.com\/wiki\/wp-content\/uploads\/2015\/04\/menu-caisse.png\" sizes=\"(max-width: 800px) 100vw, 800px\" srcset=\"http:\/\/www.prooptic-idm.com\/wiki\/wp-content\/uploads\/2015\/04\/menu-caisse.png 800w, http:\/\/www.prooptic-idm.com\/wiki\/wp-content\/uploads\/2015\/04\/menu-caisse-300x35.png 300w\" alt=\"menu-caisse\" width=\"800\" height=\"94\" \/><\/center><\/p>\n<p>Par d\u00e9faut, le journal du jour est affich\u00e9. Le journal d\u00e9taill\u00e9 peut \u00eatre consult\u00e9 en s\u00e9lectionnant les diff\u00e9rents onglets correspondants.<\/p>\n<p>Sont pr\u00e9cis\u00e9es, sur le premier \u00e9cran,\u00a0<em><strong>les valeurs momentan\u00e9es en liquide de la caisse<\/strong><\/em>\u00a0:<\/p>\n<p><center><img decoding=\"async\" loading=\"lazy\" src=\"http:\/\/www.prooptic-idm.com\/wiki\/wp-content\/uploads\/2015\/04\/accueil-journal.png\" sizes=\"(max-width: 800px) 100vw, 800px\" srcset=\"http:\/\/www.prooptic-idm.com\/wiki\/wp-content\/uploads\/2015\/04\/accueil-journal.png 800w, http:\/\/www.prooptic-idm.com\/wiki\/wp-content\/uploads\/2015\/04\/accueil-journal-300x227.png 300w\" alt=\"accueil-journal\" width=\"800\" height=\"604\" \/><\/center><\/p>\n<p>Pour chaque onglet, il est possible de cocher ou non la case correspondante qui va permettre d\u2019ajouter le tableau \u00e0 l\u2019\u00e9dition.<\/p>\n<p><center><img decoding=\"async\" loading=\"lazy\" src=\"http:\/\/www.prooptic-idm.com\/wiki\/wp-content\/uploads\/2015\/04\/choix-impression.png\" sizes=\"(max-width: 849px) 100vw, 849px\" srcset=\"http:\/\/www.prooptic-idm.com\/wiki\/wp-content\/uploads\/2015\/04\/choix-impression.png 849w, http:\/\/www.prooptic-idm.com\/wiki\/wp-content\/uploads\/2015\/04\/choix-impression-300x22.png 300w\" alt=\"choix-impression\" width=\"849\" height=\"62\" \/><\/center><\/p>\n<p>Cliquer sur le bouton\u00a0<img decoding=\"async\" loading=\"lazy\" src=\"http:\/\/www.prooptic-idm.com\/wiki\/wp-content\/uploads\/2015\/04\/btn-imprimer.png\" alt=\"btn-imprimer\" width=\"108\" height=\"44\" \/>\u00a0pour lancer l\u2019impression.<\/p>\n<p><center><img decoding=\"async\" loading=\"lazy\" src=\"http:\/\/www.prooptic-idm.com\/wiki\/wp-content\/uploads\/2015\/04\/feuille-caisse.png\" sizes=\"(max-width: 800px) 100vw, 800px\" srcset=\"http:\/\/www.prooptic-idm.com\/wiki\/wp-content\/uploads\/2015\/04\/feuille-caisse.png 800w, http:\/\/www.prooptic-idm.com\/wiki\/wp-content\/uploads\/2015\/04\/feuille-caisse-300x212.png 300w\" alt=\"feuille-caisse\" width=\"800\" height=\"565\" \/><\/center><\/p>\n<p>Il est possible de lancer l\u2019impression de la feuille de caisse journali\u00e8re\u00a0:<\/p>\n<ul>\n<li>du jour en cours par d\u00e9faut,<\/li>\n<li>de la veille (double-cliquer sur une journ\u00e9e de l\u2019<em><strong>onglet Caisse<\/strong><\/em>\u00a0puis\u00a0<strong><em>Mensuel<\/em><\/strong>)<\/li>\n<li>sur une p\u00e9riode \u00e0 pr\u00e9ciser (<strong><em>onglet Caisse<\/em><\/strong>\u00a0puis\u00a0<em><strong>Journaux<\/strong><\/em>)<\/li>\n<li>du r\u00e9capitulatif mensuel (du mois en cours par d\u00e9faut\u00a0:\u00a0<em><strong>onglet Caisse<\/strong><\/em>\u00a0puis\u00a0<em><strong>Mensuel<\/strong><\/em>).<\/li>\n<\/ul>\n<p>Il est \u00e9galement possible d\u2019imprimer, \u00e0 la fin du mois, une feuille r\u00e9capitulative des op\u00e9rations du mois. Ce document reprend, pour chaque journ\u00e9e du mois demand\u00e9, le r\u00e9capitulatif des mouvements effectu\u00e9s pour chaque mode de r\u00e8glement\u00a0:<\/p>\n<p><center><img decoding=\"async\" loading=\"lazy\" src=\"http:\/\/www.prooptic-idm.com\/wiki\/wp-content\/uploads\/2015\/04\/feuille-mois.png\" sizes=\"(max-width: 800px) 100vw, 800px\" srcset=\"http:\/\/www.prooptic-idm.com\/wiki\/wp-content\/uploads\/2015\/04\/feuille-mois.png 800w, http:\/\/www.prooptic-idm.com\/wiki\/wp-content\/uploads\/2015\/04\/feuille-mois-300x213.png 300w\" alt=\"feuille-mois\" width=\"800\" height=\"567\" \/><\/center><\/p>\n<p>\u00a0<\/p>\n","protected":false},"excerpt":{"rendered":"<p>L\u2019int\u00e9r\u00eat principal de la caisse est de conserver toutes les op\u00e9rations effectu\u00e9es dans un journal de caisse. Ce journal est consultable \u00e0 tout moment depuis l\u2019onglet\u00a0Caisse\u00a0puis\u00a0Journal Quotidien\u00a0: Par d\u00e9faut, le journal du jour est affich\u00e9. Le journal d\u00e9taill\u00e9 peut \u00eatre consult\u00e9 en s\u00e9lectionnant les diff\u00e9rents onglets correspondants. Sont pr\u00e9cis\u00e9es, sur le premier \u00e9cran,\u00a0les valeurs momentan\u00e9es &hellip; <a href=\"https:\/\/prooptic.axess.fr\/?page_id=3537\" class=\"more-link\">Continuer la lecture de <span class=\"screen-reader-text\">Edition de journaux<\/span><\/a><\/p>\n","protected":false},"author":1,"featured_media":0,"parent":0,"menu_order":0,"comment_status":"closed","ping_status":"closed","template":"","meta":[],"_links":{"self":[{"href":"https:\/\/prooptic.axess.fr\/index.php?rest_route=\/wp\/v2\/pages\/3537"}],"collection":[{"href":"https:\/\/prooptic.axess.fr\/index.php?rest_route=\/wp\/v2\/pages"}],"about":[{"href":"https:\/\/prooptic.axess.fr\/index.php?rest_route=\/wp\/v2\/types\/page"}],"author":[{"embeddable":true,"href":"https:\/\/prooptic.axess.fr\/index.php?rest_route=\/wp\/v2\/users\/1"}],"replies":[{"embeddable":true,"href":"https:\/\/prooptic.axess.fr\/index.php?rest_route=%2Fwp%2Fv2%2Fcomments&post=3537"}],"version-history":[{"count":0,"href":"https:\/\/prooptic.axess.fr\/index.php?rest_route=\/wp\/v2\/pages\/3537\/revisions"}],"wp:attachment":[{"href":"https:\/\/prooptic.axess.fr\/index.php?rest_route=%2Fwp%2Fv2%2Fmedia&parent=3537"}],"curies":[{"name":"wp","href":"https:\/\/api.w.org\/{rel}","templated":true}]}}