{"id":3540,"date":"2020-05-12T13:25:25","date_gmt":"2020-05-12T12:25:25","guid":{"rendered":"http:\/\/www.prooptic-idm.com\/wiki\/wiki15\/?page_id=3540"},"modified":"2020-05-12T13:25:25","modified_gmt":"2020-05-12T12:25:25","slug":"mouvements-de-caisse","status":"publish","type":"page","link":"https:\/\/prooptic.axess.fr\/?page_id=3540","title":{"rendered":"Mouvements de caisse"},"content":{"rendered":"<p>Pour que le montant de la caisse soit toujours correct, il est n\u00e9cessaire de renseigner tout mouvement d\u2019entr\u00e9e ou de sortie de caisse.<\/p>\n<h2 id=\"rappel-des-avantages-sesam-vitale\">I. Les d\u00e9penses<\/h2>\n<p>________________________________________________________________________________________________________________________________________________________________________________<\/p>\n<p>Pour saisir un mouvement de caisse li\u00e9 \u00e0 une d\u00e9pense, il faut s\u00e9lectionner l\u2019<strong><em>onglet Caisse<\/em><\/strong>\u00a0puis\u00a0<strong><em>l\u2019ic\u00f4ne Caisse<\/em><\/strong>\u00a0:<\/p>\n<p><img decoding=\"async\" loading=\"lazy\" src=\"http:\/\/prooptic.axess.fr\/wp-content\/uploads\/2017\/02\/menu-caisse-declot.png\" sizes=\"(max-width: 602px) 100vw, 602px\" srcset=\"http:\/\/www.prooptic-idm.com\/wiki\/wp-content\/uploads\/2017\/02\/menu-caisse-declot.png 602w, http:\/\/www.prooptic-idm.com\/wiki\/wp-content\/uploads\/2017\/02\/menu-caisse-declot-300x77.png 300w\" alt=\"\" width=\"602\" height=\"155\" \/><\/p>\n<p>Cliquer ensuite sur le bouton\u00a0<strong><em>D\u00e9penses\u00a0<\/em><\/strong>:<\/p>\n<p><img decoding=\"async\" loading=\"lazy\" src=\"http:\/\/www.prooptic-idm.com\/wiki\/wiki15\/wp-content\/uploads\/sites\/3\/2018\/06\/bouton-d%C3%A9pense-1030x778.png\" alt=\"\" width=\"734\" height=\"554\" \/>\u00a0Saisissez ensuite le libell\u00e9, le montant et le qualificatif correspondant \u00e0 cette d\u00e9pense :<\/p>\n<p><img decoding=\"async\" loading=\"lazy\" src=\"http:\/\/prooptic.axess.fr\/wp-content\/uploads\/2018\/06\/sortie-espece.png\" alt=\"\" width=\"708\" height=\"257\" \/><\/p>\n<p>Cliquer sur le bouton\u00a0<strong><em>Enregistrer.<\/em><\/strong>\u00a0Une ligne de sortie d\u2019esp\u00e8ce appara\u00eetra alors dans le journal quotidien<\/p>\n<h2 id=\"rappel-des-avantages-sesam-vitale\">II. Les remises en banque d\u2019esp\u00e8ces<\/h2>\n<p>________________________________________________________________________________________________________________________________________________________________________________<\/p>\n<p>Une remise en banque d\u2019esp\u00e8ce se fait en allant dans l\u2019<strong><em>onglet Caisse<\/em><\/strong>\u00a0puis l\u2019<strong><em>ic\u00f4ne Quotidien.<\/em><\/strong><\/p>\n<p><img decoding=\"async\" loading=\"lazy\" src=\"http:\/\/prooptic.axess.fr\/wp-content\/uploads\/2018\/06\/remise-en-banque-des-especes-1030x774.png\" alt=\"\" width=\"734\" height=\"552\" \/><\/p>\n<p>Cliquer sur le bouton\u00a0<strong><em>Remise en banque des esp\u00e8ces<\/em><\/strong><\/p>\n<p><img decoding=\"async\" loading=\"lazy\" src=\"http:\/\/prooptic.axess.fr\/wp-content\/uploads\/2018\/06\/saisie-dune-remise-ne-banque.png\" alt=\"\" width=\"603\" height=\"219\" \/><\/p>\n<p>Saisissez le montant des esp\u00e8ces remis en banque et cliquer sur\u00a0<strong><em>Enregistrer.<\/em><\/strong><\/p>\n<p>Le Bouton\u00a0<strong><em>Remettre les esp\u00e8ces encaiss\u00e9s aujourd\u2019hui<\/em><\/strong>\u00a0g\u00e9n\u00e8re une remise en banque en prenant le montant des esp\u00e8ces per\u00e7us dans la journ\u00e9e.<\/p>\n<h2 id=\"rappel-des-avantages-sesam-vitale\">III. L\u2019apport d\u2019esp\u00e8ces<\/h2>\n<p>________________________________________________________________________________________________________________________________________________________________________________<\/p>\n<p>Un apport d\u2019esp\u00e8ce se fait en allant dans l\u2019<strong><em>onglet Caisse<\/em><\/strong>\u00a0puis l\u2019<strong><em>ic\u00f4ne Apport.<\/em><\/strong><\/p>\n<p><img decoding=\"async\" loading=\"lazy\" src=\"http:\/\/prooptic.axess.fr\/wp-content\/uploads\/2018\/06\/apport-despece.png\" alt=\"\" width=\"650\" height=\"236\" \/><\/p>\n<p>Saisissez le montant d\u2019esp\u00e8ce que vous apportez en caisse et cliquer sur\u00a0<strong><em>Enregistrer.<\/em><\/strong><\/p>\n<p>Une ligne de rentr\u00e9e d\u2019esp\u00e8ce appara\u00eetra dans votre journal quotidien.<\/p>\n","protected":false},"excerpt":{"rendered":"<p>Pour que le montant de la caisse soit toujours correct, il est n\u00e9cessaire de renseigner tout mouvement d\u2019entr\u00e9e ou de sortie de caisse. I. Les d\u00e9penses ________________________________________________________________________________________________________________________________________________________________________________ Pour saisir un mouvement de caisse li\u00e9 \u00e0 une d\u00e9pense, il faut s\u00e9lectionner l\u2019onglet Caisse\u00a0puis\u00a0l\u2019ic\u00f4ne Caisse\u00a0: Cliquer ensuite sur le bouton\u00a0D\u00e9penses\u00a0: \u00a0Saisissez ensuite le libell\u00e9, le montant et &hellip; <a href=\"https:\/\/prooptic.axess.fr\/?page_id=3540\" class=\"more-link\">Continuer la lecture de <span class=\"screen-reader-text\">Mouvements de caisse<\/span><\/a><\/p>\n","protected":false},"author":1,"featured_media":0,"parent":0,"menu_order":0,"comment_status":"closed","ping_status":"closed","template":"","meta":[],"_links":{"self":[{"href":"https:\/\/prooptic.axess.fr\/index.php?rest_route=\/wp\/v2\/pages\/3540"}],"collection":[{"href":"https:\/\/prooptic.axess.fr\/index.php?rest_route=\/wp\/v2\/pages"}],"about":[{"href":"https:\/\/prooptic.axess.fr\/index.php?rest_route=\/wp\/v2\/types\/page"}],"author":[{"embeddable":true,"href":"https:\/\/prooptic.axess.fr\/index.php?rest_route=\/wp\/v2\/users\/1"}],"replies":[{"embeddable":true,"href":"https:\/\/prooptic.axess.fr\/index.php?rest_route=%2Fwp%2Fv2%2Fcomments&post=3540"}],"version-history":[{"count":0,"href":"https:\/\/prooptic.axess.fr\/index.php?rest_route=\/wp\/v2\/pages\/3540\/revisions"}],"wp:attachment":[{"href":"https:\/\/prooptic.axess.fr\/index.php?rest_route=%2Fwp%2Fv2%2Fmedia&parent=3540"}],"curies":[{"name":"wp","href":"https:\/\/api.w.org\/{rel}","templated":true}]}}