{"id":3543,"date":"2020-05-12T13:27:29","date_gmt":"2020-05-12T12:27:29","guid":{"rendered":"http:\/\/www.prooptic-idm.com\/wiki\/wiki15\/?page_id=3543"},"modified":"2020-05-12T13:27:29","modified_gmt":"2020-05-12T12:27:29","slug":"liste-des-dus-clients","status":"publish","type":"page","link":"https:\/\/prooptic.axess.fr\/?page_id=3543","title":{"rendered":"Liste des dus clients"},"content":{"rendered":"<p>Cette option permet de visualiser la liste des montants encore d\u00fbs par les clients et \u00e9ventuellement de les encaisser.<br \/>Pour consulter cette liste, s\u00e9lectionner le\u00a0<strong><em>bloc<\/em><em>\u00a0Dus Clients<\/em><\/strong>\u00a0de l\u2019<strong><em>onglet Caisse<\/em><\/strong>\u00a0:<\/p>\n<p><center><img decoding=\"async\" loading=\"lazy\" src=\"http:\/\/www.prooptic-idm.com\/wiki\/wp-content\/uploads\/sites\/3\/2015\/04\/bloc-dus-clients.png\" sizes=\"(max-width: 741px) 100vw, 741px\" srcset=\"http:\/\/www.prooptic-idm.com\/wiki\/wp-content\/uploads\/2015\/04\/bloc-dus-clients.png 741w, http:\/\/www.prooptic-idm.com\/wiki\/wp-content\/uploads\/2015\/04\/bloc-dus-clients-300x136.png 300w\" alt=\"bloc-dus-clients\" width=\"741\" height=\"335\" \/><\/center><\/p>\n<p>La fen\u00eatre affiche par ordre alphab\u00e9tique la liste des factures pour le lequel il subsiste un d\u00fb (Que ce soit une part Tiers Payant ou une part client) :<\/p>\n<p><img decoding=\"async\" loading=\"lazy\" src=\"http:\/\/prooptic.axess.fr\/wp-content\/uploads\/2018\/06\/liste-des-dus-clients.png\" alt=\"\" width=\"822\" height=\"620\" \/><\/p>\n<p>\u00a0<\/p>\n<p>Cette liste vous indique par facture\u00a0:<\/p>\n<ul>\n<li>Le montant de la facture<\/li>\n<li>Le montant d\u00e9j\u00e0 r\u00e9gl\u00e9<\/li>\n<li>Le montant du tiers payant<\/li>\n<li>Le montant du solde qu\u2019il reste \u00e0 percevoir<\/li>\n<li>Le net \u00e0 payer restant par le client<\/li>\n<\/ul>\n<p>Vous pouvez trier cette liste par chacune des rubriques en cliquant sur le titre de la colonne correspondante (le symbole \u25b2 ou \u25bc indique si celle-ci est tri\u00e9e par ordre croissant ou d\u00e9croissant)\u00a0 :<\/p>\n<p><img decoding=\"async\" loading=\"lazy\" src=\"http:\/\/prooptic.axess.fr\/wp-content\/uploads\/2018\/06\/tri-colonne-1030x338.png\" alt=\"\" width=\"734\" height=\"241\" \/><\/p>\n<p>En bas de tableau, on retrouve le total du CA g\u00e9n\u00e9r\u00e9 par cette liste, le montant d\u00e9j\u00e0 r\u00e9gl\u00e9 et le solde restant \u00e0 percevoir. Ce solde est d\u00e9taill\u00e9 entre les part Tiers Payant et les parts client :<\/p>\n<p><img decoding=\"async\" loading=\"lazy\" src=\"http:\/\/prooptic.axess.fr\/wp-content\/uploads\/2018\/06\/totaux.png\" alt=\"\" width=\"385\" height=\"76\" \/><\/p>\n<p>\u00a0Le bouton\u00a0<img decoding=\"async\" loading=\"lazy\" src=\"http:\/\/www.prooptic-idm.com\/wiki\/wp-content\/uploads\/sites\/3\/2015\/04\/btn-imp-bloc-dus.png\" alt=\"btn-imp-bloc-dus\" width=\"116\" height=\"47\" \/>\u00a0permet de lancer l\u2019impression de cette liste.<\/p>\n<p>Il est \u00e9galement possible \u00e0 partir de cette fen\u00eatre de r\u00e9\u00e9diter une facture avec\u00a0<strong>Imprimer ticket ou facture\u00a0<\/strong>et de l\u2019encaisser avec le bouton\u00a0<strong>Encaisser<\/strong>\u00a0.<\/p>\n","protected":false},"excerpt":{"rendered":"<p>Cette option permet de visualiser la liste des montants encore d\u00fbs par les clients et \u00e9ventuellement de les encaisser.Pour consulter cette liste, s\u00e9lectionner le\u00a0bloc\u00a0Dus Clients\u00a0de l\u2019onglet Caisse\u00a0: La fen\u00eatre affiche par ordre alphab\u00e9tique la liste des factures pour le lequel il subsiste un d\u00fb (Que ce soit une part Tiers Payant ou une part client) &hellip; <a href=\"https:\/\/prooptic.axess.fr\/?page_id=3543\" class=\"more-link\">Continuer la lecture de <span class=\"screen-reader-text\">Liste des dus clients<\/span><\/a><\/p>\n","protected":false},"author":1,"featured_media":0,"parent":0,"menu_order":0,"comment_status":"closed","ping_status":"closed","template":"","meta":[],"_links":{"self":[{"href":"https:\/\/prooptic.axess.fr\/index.php?rest_route=\/wp\/v2\/pages\/3543"}],"collection":[{"href":"https:\/\/prooptic.axess.fr\/index.php?rest_route=\/wp\/v2\/pages"}],"about":[{"href":"https:\/\/prooptic.axess.fr\/index.php?rest_route=\/wp\/v2\/types\/page"}],"author":[{"embeddable":true,"href":"https:\/\/prooptic.axess.fr\/index.php?rest_route=\/wp\/v2\/users\/1"}],"replies":[{"embeddable":true,"href":"https:\/\/prooptic.axess.fr\/index.php?rest_route=%2Fwp%2Fv2%2Fcomments&post=3543"}],"version-history":[{"count":0,"href":"https:\/\/prooptic.axess.fr\/index.php?rest_route=\/wp\/v2\/pages\/3543\/revisions"}],"wp:attachment":[{"href":"https:\/\/prooptic.axess.fr\/index.php?rest_route=%2Fwp%2Fv2%2Fmedia&parent=3543"}],"curies":[{"name":"wp","href":"https:\/\/api.w.org\/{rel}","templated":true}]}}