{"id":359,"date":"2015-05-04T11:14:47","date_gmt":"2015-05-04T10:14:47","guid":{"rendered":"http:\/\/localhost\/wordpress\/?page_id=359"},"modified":"2023-07-31T11:49:17","modified_gmt":"2023-07-31T09:49:17","slug":"recycler-une-facture","status":"publish","type":"page","link":"https:\/\/prooptic.axess.fr\/?page_id=359","title":{"rendered":"Annuler une facture"},"content":{"rendered":"<p style=\"text-align: justify;\">D\u00e8s lors qu&rsquo;un dossier est factur\u00e9, ce dernier ne peut plus \u00eatre modifi\u00e9.<br \/>\nCependant, il existe une petite astuce permettant de \u00ab\u00a0recycler la facture\u00a0\u00bb, c&rsquo;est-\u00e0-dire de repasser la facture en fiche technique, ce qui permettra d&rsquo;effectuer les modifications n\u00e9cessaires.<\/p>\n<h2 id=\"acces-ecran-de-vente\" style=\"text-align: justify;\">I. Annulation de la facture<\/h2>\n<p style=\"text-align: justify;\">____________________________________________________________________________________________________________________________________________________<\/p>\n<h3>1. Fl\u00e8che bleue pour d\u00e9facturer<\/h3>\n<p style=\"text-align: justify;\">Dans un premier temps, rendez-vous sur le dossier de la facture concern\u00e9e et cliquez ensuite sur la <strong>petite fl\u00e8che bleue<\/strong>\u00a0:<\/p>\n<p><img decoding=\"async\" loading=\"lazy\" src=\"http:\/\/prooptic.axess.fr\/wp-content\/uploads\/2018\/06\/fiche.png\" alt=\"\" width=\"626\" height=\"594\" \/><\/p>\n<p style=\"text-align: justify;\">Un message vous demande de confirmer l\u2019annulation de cette facture :<\/p>\n<p style=\"text-align: justify;\"><img decoding=\"async\" loading=\"lazy\" src=\"http:\/\/prooptic.axess.fr\/wp-content\/uploads\/2015\/05\/popup-avoir.png\" alt=\"\" width=\"384\" height=\"154\" \/><\/p>\n<p style=\"text-align: justify;\">Cliquez sur <strong><em>Oui<\/em><\/strong> et une ligne d\u2019avoir (chiffre d\u2019affaire n\u00e9gatif) va \u00eatre g\u00e9n\u00e9r\u00e9e dans votre journal de caisse du jour.<\/p>\n<p style=\"text-align: justify;\">La fen\u00eatre suivante vous permet d\u2019imprimer le ticket d\u2019avoir g\u00e9n\u00e9r\u00e9 par cette annulation :<\/p>\n<p style=\"text-align: justify;\"><strong><img decoding=\"async\" loading=\"lazy\" src=\"http:\/\/prooptic.axess.fr\/wp-content\/uploads\/2018\/06\/imprimer-ticket-annulation.png\" alt=\"\" width=\"332\" height=\"615\" \/><\/strong><\/p>\n<p style=\"text-align: justify;\"><strong>\u00a0<\/strong><\/p>\n<p style=\"text-align: justify;\"><strong>Ensuite, 2 Cas sont possibles\u00a0:<\/strong><\/p>\n<h3 style=\"text-align: justify;\"><strong>2. Aucun r\u00e8glement n\u2019a \u00e9t\u00e9 per\u00e7u pour ce dossier <\/strong><\/h3>\n<p style=\"text-align: justify;\"><strong>(Que ce soit une part client, un TP RO ou un TP RC) <\/strong><\/p>\n<p style=\"text-align: justify;\">Une fen\u00eatre vous informe que votre facture a \u00e9t\u00e9 annul\u00e9e, que les produits factur\u00e9s sont remis en stock et votre dossier repasse \u00e0 l\u2019\u00e9tat de fiche technique.<\/p>\n<p style=\"text-align: justify;\">Dans le cas ou un acompte aurait \u00e9t\u00e9 per\u00e7u, celui-ci restera rattach\u00e9 \u00e0 la fiche technique.<\/p>\n<p style=\"text-align: justify;\"><strong><img decoding=\"async\" loading=\"lazy\" src=\"http:\/\/prooptic.axess.fr\/wp-content\/uploads\/2018\/06\/annulation-sans-reglement.png\" alt=\"\" width=\"455\" height=\"161\" \/><\/strong><\/p>\n<h3 style=\"text-align: justify;\"><strong>3. Un r\u00e8glement a \u00e9t\u00e9 per\u00e7u pour ce dossier <\/strong><\/h3>\n<p style=\"text-align: justify;\"><strong>(Que ce soit une part client, un TP RO ou un TP RC) <\/strong><\/p>\n<p style=\"text-align: justify;\">Une fen\u00eatre vous informe du montant d\u00e9j\u00e0 per\u00e7u pour ce dossier et vous demande si vous voulez rembourser le client :<\/p>\n<p style=\"text-align: justify;\"><img decoding=\"async\" loading=\"lazy\" src=\"http:\/\/prooptic.axess.fr\/wp-content\/uploads\/2018\/06\/remboursement.png\" alt=\"\" width=\"298\" height=\"143\" \/><\/p>\n<p style=\"text-align: justify;\">Cliquez sur <strong><em>Non <\/em><\/strong>(\u00e9tant donn\u00e9 qu\u2019on consid\u00e8re que l\u2019on va refacturer le dossier apr\u00e8s l\u2019avoir modifi\u00e9).<br \/>\nLa fen\u00eatre suivante va g\u00e9n\u00e9rer un avoir du montant d\u00e9j\u00e0 r\u00e9gl\u00e9 sur la facture qui servira de mode de r\u00e8glement pour la nouvelle facture.<\/p>\n<p style=\"text-align: justify;\">Vous devez renseigner sur cette fen\u00eatre le motif de l\u2019avoir dans le liste de choix<\/p>\n<p style=\"text-align: justify;\">(Par exemple <strong><em>Refacturation<\/em><\/strong>)<\/p>\n<p style=\"text-align: justify;\"><img decoding=\"async\" loading=\"lazy\" src=\"http:\/\/prooptic.axess.fr\/wp-content\/uploads\/2018\/06\/saisie-dun-avoir.png\" alt=\"\" width=\"751\" height=\"653\" \/><\/p>\n<p style=\"text-align: justify;\">Valider ensuite en cliquant sur <em><strong>Enregistrer<\/strong><\/em>.<\/p>\n<p style=\"text-align: justify;\">On peut d\u00e8s lors constater que le <em><strong>dossier a bien \u00e9t\u00e9 d\u00e9factur\u00e9<\/strong><\/em> puisque la ligne correspondante est redevenue blanche et qu\u2019il n\u2019y pas de num\u00e9ro de facture associ\u00e9\u00a0:<\/p>\n<p style=\"text-align: justify;\"><img decoding=\"async\" loading=\"lazy\" src=\"http:\/\/prooptic.axess.fr\/wp-content\/uploads\/2018\/06\/fiche-apres-defacturation.png\" alt=\"\" width=\"746\" height=\"292\" \/><\/p>\n<h2 id=\"acces-ecran-de-vente\">II. Refacturation<\/h2>\n<p>____________________________________________________________________________________________________________________________________________________<\/p>\n<p style=\"text-align: justify;\">Apr\u00e8s avoir modifi\u00e9 votre fiche technique, vous allez pouvoir refacturer votre dossier de la m\u00eame mani\u00e8re que la premi\u00e8re fois. (Cette nouvelle facture prendra un autre num\u00e9ro et sera dat\u00e9e du jour).<\/p>\n<h2 id=\"acces-ecran-de-vente\">III. R\u00e9-encaissement de la nouvelle facture<\/h2>\n<p>____________________________________________________________________________________________________________________________________________________<\/p>\n<p style=\"text-align: justify;\">Si des sommes avaient \u00e9t\u00e9 per\u00e7ues sur le dossier d\u00e9factur\u00e9, il faut reporter ces r\u00e8glements sur la nouvelle facture g\u00e9n\u00e9r\u00e9e.<\/p>\n<p style=\"text-align: justify;\">Allez dans l\u2019onglet <strong><em>Caisse <\/em><\/strong>de la fiche de votre client et cliquez sur <strong><em>Encaisser.<\/em><\/strong><\/p>\n<p style=\"text-align: justify;\">Dans la fen\u00eatre d\u2019encaissement, cliquez sur le bouton <strong><em>Avoir<\/em><\/strong><em> qui <\/em>appara\u00eet en plus des modes de r\u00e8glements habituels.<\/p>\n<p style=\"text-align: justify;\"><strong>Attention\u00a0: <\/strong>Si le bouton <strong>Avoir<\/strong> n\u2019appara\u00eet pas, il est probable que la date de validit\u00e9 de ce dernier soit d\u00e9pass\u00e9e dans le cas o\u00f9 Il s\u2019est \u00e9coul\u00e9 plus d\u2019un mois entre la d\u00e9facturation et la refacturation. Dans ce cas il faudra repousser la date de validit\u00e9 de l\u2019avoir.<\/p>\n<p><img decoding=\"async\" loading=\"lazy\" src=\"http:\/\/prooptic.axess.fr\/wp-content\/uploads\/2018\/06\/btn-avoir-refact-1030x775.png\" alt=\"\" width=\"661\" height=\"497\" \/><\/p>\n<p style=\"text-align: justify;\">La liste des avoirs en cours de validit\u00e9 pour le client appara\u00eet.<\/p>\n<p style=\"text-align: justify;\">On s\u00e9lectionne l\u2019avoir en cliquant sur <em><strong>Cette Fiche<\/strong><\/em>\u00a0:<\/p>\n<p style=\"text-align: justify;\"><img decoding=\"async\" loading=\"lazy\" src=\"http:\/\/prooptic.axess.fr\/wp-content\/uploads\/2018\/06\/liste-des-avoirs-1030x778.png\" alt=\"\" width=\"653\" height=\"493\" \/><\/p>\n<p style=\"text-align: justify;\">Une fois l\u2019avoir s\u00e9lectionn\u00e9, celui-ci remplira automatiquement les champs avec le solde correspondant. Il ne reste plus qu\u2019\u00e0 valider l\u2019encaissement\u00a0:<\/p>\n<p style=\"text-align: justify;\"><img decoding=\"async\" loading=\"lazy\" src=\"http:\/\/prooptic.axess.fr\/wp-content\/uploads\/2018\/06\/reencaissement-1030x778.png\" alt=\"\" width=\"678\" height=\"512\" \/><\/p>\n<table style=\"border-collapse: collapse; width: 100%;\" border=\"1\">\n<tbody>\n<tr>\n<td style=\"width: 100%;\"><strong><u>ATTENTION<\/u><\/strong><\/p>\n<p><strong>Si un ou plusieurs tiers-payant de votre dossier \u00e9taient r\u00e9gl\u00e9s avant la d\u00e9facturation,<\/strong><\/p>\n<p><strong>Il faut basculer ces tiers-payant en part client de mani\u00e8re \u00e0 pouvoir les solder au moyen de l\u2019avoir.<\/strong><\/p>\n<p><strong><u>Exemple\u00a0: <\/u><\/strong>Si vous avez un TP mutuelle de 200 \u20ac qui \u00e9tait d\u00e9j\u00e0 r\u00e9gl\u00e9 avant la d\u00e9facturation, il faut aller dans le Menu <strong>Sant\u00e9<\/strong>\u2026<strong>Pointage T.P.<\/strong><\/p>\n<p>S\u00e9lectionnez la ligne de Tiers Payant et cochez la case <strong>Pointer <\/strong>et cliquez sur<strong> Solder les lignes point\u00e9es sans rapprochement en caisse <\/strong>ce qui aura pour effet de basculer ce tiers-payant dans la caisse du client.<\/p>\n<p>(C\u2019est le m\u00eame principe pour un tiers-payant RO)<\/p>\n<p>Vous pourrez ensuite r\u00e9-encaisser cette part au moyen de l\u2019avoir :<\/p>\n<p><img decoding=\"async\" loading=\"lazy\" class=\"alignnone wp-image-4751 size-full\" src=\"https:\/\/prooptic.axess.fr\/wp-content\/uploads\/2023\/07\/solde-TP-sans-rapprochement.jpg\" alt=\"\" width=\"1020\" height=\"775\" srcset=\"https:\/\/prooptic.axess.fr\/wp-content\/uploads\/2023\/07\/solde-TP-sans-rapprochement.jpg 1020w, https:\/\/prooptic.axess.fr\/wp-content\/uploads\/2023\/07\/solde-TP-sans-rapprochement-300x228.jpg 300w, https:\/\/prooptic.axess.fr\/wp-content\/uploads\/2023\/07\/solde-TP-sans-rapprochement-768x584.jpg 768w\" sizes=\"(max-width: 1020px) 100vw, 1020px\" \/><\/td>\n<\/tr>\n<\/tbody>\n<\/table>\n<p style=\"text-align: justify;\">Dans l\u2019onglet <strong>CA R\u00e9alis\u00e9 <\/strong>du journal quotidien, appara\u00eetra\u00a0:<\/p>\n<ul style=\"text-align: justify;\">\n<li>La ligne de facture initiale<\/li>\n<li>La ligne d\u2019avoir issue de la d\u00e9facturation qui annule la premi\u00e8re facture<\/li>\n<li>La ligne de la nouvelle facture g\u00e9n\u00e9r\u00e9e<\/li>\n<\/ul>\n<p><img decoding=\"async\" loading=\"lazy\" src=\"http:\/\/prooptic.axess.fr\/wp-content\/uploads\/2018\/06\/journal-quotidien-1030x774.png\" alt=\"\" width=\"677\" height=\"509\" \/><\/p>\n<p style=\"text-align: justify;\">Dans l\u2019onglet <strong>Encaissement <\/strong>du journal quotidien, appara\u00eetra\u00a0:<\/p>\n<ul style=\"text-align: justify;\">\n<li>Les \u00e9ventuels r\u00e8glements d\u00e9j\u00e0 per\u00e7us avant d\u00e9facturation<\/li>\n<li>Le r\u00e8glement en mode <strong>Avoir<\/strong> ayant servi a report\u00e9 les montant d\u00e9j\u00e0 per\u00e7u avant d\u00e9facturation sur la nouvelle facture g\u00e9n\u00e9r\u00e9e.<\/li>\n<\/ul>\n<p style=\"text-align: justify;\">Le montant du r\u00e8glement en mode <strong>Avoir <\/strong>n\u2019est \u00e9videmment pas inclus dans le total des recettes du jour.<\/p>\n<p style=\"text-align: justify;\"><img decoding=\"async\" loading=\"lazy\" src=\"http:\/\/prooptic.axess.fr\/wp-content\/uploads\/2018\/06\/encaissements.png\" alt=\"\" width=\"665\" height=\"353\" \/><\/p>\n","protected":false},"excerpt":{"rendered":"<p>D\u00e8s lors qu&rsquo;un dossier est factur\u00e9, ce dernier ne peut plus \u00eatre modifi\u00e9. Cependant, il existe une petite astuce permettant de \u00ab\u00a0recycler la facture\u00a0\u00bb, c&rsquo;est-\u00e0-dire de repasser la facture en fiche technique, ce qui permettra d&rsquo;effectuer les modifications n\u00e9cessaires. I. Annulation de la facture ____________________________________________________________________________________________________________________________________________________ 1. Fl\u00e8che bleue pour d\u00e9facturer Dans un premier temps, rendez-vous &hellip; <a href=\"https:\/\/prooptic.axess.fr\/?page_id=359\" class=\"more-link\">Continuer la lecture de <span class=\"screen-reader-text\">Annuler une facture<\/span><\/a><\/p>\n","protected":false},"author":1,"featured_media":0,"parent":0,"menu_order":0,"comment_status":"closed","ping_status":"open","template":"","meta":[],"_links":{"self":[{"href":"https:\/\/prooptic.axess.fr\/index.php?rest_route=\/wp\/v2\/pages\/359"}],"collection":[{"href":"https:\/\/prooptic.axess.fr\/index.php?rest_route=\/wp\/v2\/pages"}],"about":[{"href":"https:\/\/prooptic.axess.fr\/index.php?rest_route=\/wp\/v2\/types\/page"}],"author":[{"embeddable":true,"href":"https:\/\/prooptic.axess.fr\/index.php?rest_route=\/wp\/v2\/users\/1"}],"replies":[{"embeddable":true,"href":"https:\/\/prooptic.axess.fr\/index.php?rest_route=%2Fwp%2Fv2%2Fcomments&post=359"}],"version-history":[{"count":3,"href":"https:\/\/prooptic.axess.fr\/index.php?rest_route=\/wp\/v2\/pages\/359\/revisions"}],"predecessor-version":[{"id":4753,"href":"https:\/\/prooptic.axess.fr\/index.php?rest_route=\/wp\/v2\/pages\/359\/revisions\/4753"}],"wp:attachment":[{"href":"https:\/\/prooptic.axess.fr\/index.php?rest_route=%2Fwp%2Fv2%2Fmedia&parent=359"}],"curies":[{"name":"wp","href":"https:\/\/api.w.org\/{rel}","templated":true}]}}