{"id":361,"date":"2015-05-04T11:15:20","date_gmt":"2015-05-04T10:15:20","guid":{"rendered":"http:\/\/localhost\/wordpress\/?page_id=361"},"modified":"2015-05-04T11:15:20","modified_gmt":"2015-05-04T10:15:20","slug":"aide-a-la-recherche-dun-verre","status":"publish","type":"page","link":"https:\/\/prooptic.axess.fr\/?page_id=361","title":{"rendered":"Aide \u00e0 la recherche d&rsquo;un verre"},"content":{"rendered":"<p style=\"text-align: justify;\">Il peut s\u2019av\u00e9rer important de pouvoir recherche rapidement un verre lors d&rsquo;une discussion avec un client. La liste des verres disponibles peut en effet \u00eatre longue et il est utile d&rsquo;utiliser les diff\u00e9rents filtres propos\u00e9s.<br \/> Plusieurs filtres existent pour faire appara\u00eetre un verre de fa\u00e7on rapide\u00a0:<\/p>\n<ul style=\"text-align: justify;\">\n<li>Le premier filtre se fait avant la recherche d&rsquo;un verre, puisqu&rsquo;il est possible d&rsquo;acc\u00e9l\u00e9rer le processus de recherche en indiquant la <em><strong>mati\u00e8re<\/strong><\/em>, le <strong><em>diam\u00e8tre<\/em> <\/strong>et l&rsquo;<strong><em>indice<\/em><\/strong>\u00a0:<\/li>\n<\/ul>\n<p><center>\u00a0<a href=\"http:\/\/www.prooptic-idm.com\/wiki\/wp-content\/uploads\/sites\/3\/2015\/05\/pre-chargement-liste.png\"><img decoding=\"async\" loading=\"lazy\" src=\"http:\/\/www.prooptic-idm.com\/wiki\/wp-content\/uploads\/sites\/3\/2015\/05\/pre-chargement-liste.png\" alt=\"pre-chargement-liste\" width=\"700\" height=\"163\" \/><\/a><\/center><\/p>\n<p style=\"text-align: justify;\"> Si la liste de verres reste toujours importante, il est possible d&rsquo;utiliser le second filtre\u00a0:<\/p>\n<p><center><a href=\"http:\/\/www.prooptic-idm.com\/wiki\/wp-content\/uploads\/sites\/3\/2015\/05\/liste-longue-filtre.png\"><img decoding=\"async\" loading=\"lazy\" src=\"http:\/\/www.prooptic-idm.com\/wiki\/wp-content\/uploads\/sites\/3\/2015\/05\/liste-longue-filtre.png\" alt=\"liste-longue-filtre\" width=\"800\" height=\"605\" \/><\/a><\/center><\/p>\n<p style=\"text-align: justify;\"> Positionnez vous sur le champ <strong><em>Filtre\u00a0<\/em><\/strong>:<\/p>\n<p><center><a href=\"http:\/\/www.prooptic-idm.com\/wiki\/wp-content\/uploads\/sites\/3\/2015\/05\/zone-filtre.png\"><img decoding=\"async\" loading=\"lazy\" src=\"http:\/\/www.prooptic-idm.com\/wiki\/wp-content\/uploads\/sites\/3\/2015\/05\/zone-filtre.png\" alt=\"zone-filtre\" width=\"800\" height=\"148\" \/><\/a><\/center><\/p>\n<p style=\"text-align: justify;\"> Plusieurs mots cl\u00e9s peuvent \u00eatre rentr\u00e9s dans cette zone, deux solutions\u00a0:<\/p>\n<ul style=\"text-align: justify;\">\n<li><strong><em>Premi\u00e8re solution<\/em><\/strong>\u00a0: en entrant le libell\u00e9 exact du verre, par exemple Ormix Trio\u00a0:<\/li>\n<\/ul>\n<p><center><a href=\"http:\/\/www.prooptic-idm.com\/wiki\/wp-content\/uploads\/sites\/3\/2015\/05\/filtre-exact.png\"><img decoding=\"async\" loading=\"lazy\" src=\"http:\/\/www.prooptic-idm.com\/wiki\/wp-content\/uploads\/sites\/3\/2015\/05\/filtre-exact.png\" alt=\"filtre-exact\" width=\"800\" height=\"244\" \/><\/a><\/center><\/p>\n<p style=\"text-align: justify;\"> Le d\u00e9but du nom du verre dans le catalogue doit correspondre au nom entr\u00e9 dans le filtre de recherche.<\/p>\n<ul style=\"text-align: justify;\">\n<li><strong><em>Deuxi\u00e8me solution<\/em><\/strong>\u00a0: en entrant une partie du nom du verre si l&rsquo;on ne connait pas le terme exact dans le catalogue fournisseur.<\/li>\n<\/ul>\n<p style=\"text-align: justify;\">Pour cela, \u00e9crivez un <strong><em>mot cl\u00e9<\/em><\/strong> puis rajouter <b><i>*<\/i><\/b>\u00a0avant et apr\u00e8s le mot, par exemple *<strong><em>supra*<\/em><\/strong>\u00a0(cela signifie que le mot supra est compris dans le libell\u00e9 du verre, peu importe ce qu&rsquo;il y a avant ou apr\u00e8s)\u00a0:<\/p>\n<p><center><a href=\"http:\/\/www.prooptic-idm.com\/wiki\/wp-content\/uploads\/sites\/3\/2015\/05\/filtre-pourcent.png\"><img decoding=\"async\" loading=\"lazy\" src=\"http:\/\/www.prooptic-idm.com\/wiki\/wp-content\/uploads\/sites\/3\/2015\/05\/filtre-pourcent.png\" alt=\"filtre-pourcent\" width=\"800\" height=\"594\" \/><\/a><\/center><\/p>\n<p style=\"text-align: justify;\">\u00a0<\/p>\n","protected":false},"excerpt":{"rendered":"<p>Il peut s\u2019av\u00e9rer important de pouvoir recherche rapidement un verre lors d&rsquo;une discussion avec un client. La liste des verres disponibles peut en effet \u00eatre longue et il est utile d&rsquo;utiliser les diff\u00e9rents filtres propos\u00e9s. Plusieurs filtres existent pour faire appara\u00eetre un verre de fa\u00e7on rapide\u00a0: Le premier filtre se fait avant la recherche d&rsquo;un &hellip; <a href=\"https:\/\/prooptic.axess.fr\/?page_id=361\" class=\"more-link\">Continuer la lecture de <span class=\"screen-reader-text\">Aide \u00e0 la recherche d&rsquo;un verre<\/span><\/a><\/p>\n","protected":false},"author":1,"featured_media":0,"parent":0,"menu_order":0,"comment_status":"closed","ping_status":"open","template":"","meta":[],"_links":{"self":[{"href":"https:\/\/prooptic.axess.fr\/index.php?rest_route=\/wp\/v2\/pages\/361"}],"collection":[{"href":"https:\/\/prooptic.axess.fr\/index.php?rest_route=\/wp\/v2\/pages"}],"about":[{"href":"https:\/\/prooptic.axess.fr\/index.php?rest_route=\/wp\/v2\/types\/page"}],"author":[{"embeddable":true,"href":"https:\/\/prooptic.axess.fr\/index.php?rest_route=\/wp\/v2\/users\/1"}],"replies":[{"embeddable":true,"href":"https:\/\/prooptic.axess.fr\/index.php?rest_route=%2Fwp%2Fv2%2Fcomments&post=361"}],"version-history":[{"count":0,"href":"https:\/\/prooptic.axess.fr\/index.php?rest_route=\/wp\/v2\/pages\/361\/revisions"}],"wp:attachment":[{"href":"https:\/\/prooptic.axess.fr\/index.php?rest_route=%2Fwp%2Fv2%2Fmedia&parent=361"}],"curies":[{"name":"wp","href":"https:\/\/api.w.org\/{rel}","templated":true}]}}