{"id":363,"date":"2015-05-04T11:15:42","date_gmt":"2015-05-04T10:15:42","guid":{"rendered":"http:\/\/localhost\/wordpress\/?page_id=363"},"modified":"2015-05-04T11:15:42","modified_gmt":"2015-05-04T10:15:42","slug":"enregistrement-de-la-vente","status":"publish","type":"page","link":"https:\/\/prooptic.axess.fr\/?page_id=363","title":{"rendered":"Encaissement de la vente"},"content":{"rendered":"<h2>I. Encaissement facture<\/h2>\n<p style=\"text-align: justify;\">Une fois que le dossier client a \u00e9t\u00e9 factur\u00e9, vous pourrez proc\u00e9der \u00e0 l\u2019enregistrement des r\u00e8glements correspondants.<\/p>\n<p style=\"text-align: justify;\">Pour saisir les r\u00e8glements, cliquer sur l\u2019<strong><em>onglet Caisse<\/em><\/strong>&nbsp;:<\/p>\n<p><center><img decoding=\"async\" loading=\"lazy\" src=\"http:\/\/prooptic.axess.fr\/wp-content\/uploads\/2019\/02\/fenetre-1-1030x778.png\" alt=\"\" width=\"734\" height=\"554\"><\/center><\/p>\n<p style=\"text-align: justify;\">L\u2019\u00e9cran de caisse appara\u00eet avec le ticket correspondant au dossier. En <strong><em>double-cliquant sur la ligne du ticket<\/em><\/strong>, on acc\u00e8de aux d\u00e9tails, r\u00e9sumant les <strong><em>diff\u00e9rents articles<\/em><\/strong> achet\u00e9s par le client et pour chacun d\u2019eux le <strong><em>prix<\/em><\/strong>, la <strong><em>cat\u00e9gorie<\/em> <\/strong>de l\u2019article, les <strong><em>montants des tiers-payants s\u00e9curit\u00e9 sociale et compl\u00e9mentaire<\/em><\/strong> (lorsque celle-ci a \u00e9t\u00e9 renseign\u00e9e) et les \u00e9ventuels r\u00e8glements d\u00e9j\u00e0 per\u00e7us pour ce dossier :<\/p>\n<p><center><img decoding=\"async\" loading=\"lazy\" src=\"http:\/\/prooptic.axess.fr\/wp-content\/uploads\/2019\/02\/fenetre-2.png\" alt=\"\" width=\"301\" height=\"579\"><\/center><\/p>\n<p>L\u2019enregistrement d\u2019un paiement se fait \u00e0 l\u2019aide du bouton <a style=\"color: #000000;\" href=\"http:\/\/www.prooptic-idm.com\/wiki\/wp-content\/uploads\/sites\/3\/2015\/05\/btn-encaisser-dossier.png\"><img decoding=\"async\" loading=\"lazy\" src=\"http:\/\/www.prooptic-idm.com\/wiki\/wp-content\/uploads\/sites\/3\/2015\/05\/btn-encaisser-dossier.png\" alt=\"btn-encaisser-dossier\" width=\"144\" height=\"66\"><\/a>&nbsp;. L\u2019\u00e9cran suivant permet de sp\u00e9cifier le montant et le mode de r\u00e8glement&nbsp;:<\/p>\n<p><center><img decoding=\"async\" loading=\"lazy\" src=\"http:\/\/prooptic.axess.fr\/wp-content\/uploads\/2019\/02\/fenetre-3-1030x775.png\" alt=\"\" width=\"734\" height=\"552\"><\/center><\/p>\n<p style=\"text-align: justify;\">Dans le cas d\u2019un r\u00e8glement par ch\u00e8ques, on saisit chaque ch\u00e8que individuellement en pr\u00e9cisant le montant ainsi que la date de remise et en validant \u00e0 chaque mode de paiement. Le montant restant d\u00fb se met \u00e0 jour \u00e0 chaque saisie pour indiquer que le paiement a \u00e9t\u00e9 pris en compte.<br \/>\n<strong><em>Astuce<\/em><\/strong>&nbsp;: Il est possible de valider une vente sans encaisser d\u2019argent. Le solde pourra d\u00e8s lors \u00eatre encaiss\u00e9 lors du retour du client.<\/p>\n<p style=\"text-align: justify;\">La validation de la vente a les cons\u00e9quences suivantes&nbsp;:<\/p>\n<ul style=\"text-align: justify;\">\n<li>Les ventes r\u00e9alis\u00e9es sont ajout\u00e9es dans le tableau du chiffre d\u2019affaires r\u00e9alis\u00e9.<\/li>\n<li>Les articles vendus dont la r\u00e9f\u00e9rence est connue sont d\u00e9compt\u00e9s du stock. Le stock est donc mis \u00e0 jour de mani\u00e8re permanente. Le journal quotidien est \u00e9galement mis \u00e0 jour selon les donn\u00e9es saisies dans l\u2019\u00e9cran de caisse.<\/li>\n<\/ul>\n<p style=\"text-align: justify;\">Tant que l\u2019enti\u00e8ret\u00e9 du montant d\u00fb n\u2019a pas \u00e9t\u00e9 encaiss\u00e9e, le client appara\u00eet dans la liste des impay\u00e9s (accessible depuis le <strong><em>bloc de couleur Liste des d\u00fbs clients<\/em><\/strong>).&nbsp;Le solde pourra \u00eatre encaiss\u00e9 ult\u00e9rieurement, en tout ou en partie en s\u00e9lectionnant \u00e0 nouveau l\u2019<strong><em>onglet Caisse<\/em><\/strong> de la <strong><em>fiche du client<\/em><\/strong>.<\/p>\n<h2>II. Versement d&rsquo;un acompte<\/h2>\n<p>Il est possible d\u2019<strong><em>enregistrer un acompte<\/em><\/strong>&nbsp;vers\u00e9 par le client avant facturation en cliquant sur le&nbsp;<strong><em>bouton Acompte<\/em><\/strong>&nbsp;:<\/p>\n<p><img decoding=\"async\" loading=\"lazy\" src=\"http:\/\/prooptic.axess.fr\/wp-content\/uploads\/2020\/10\/Bouton-acompte.png\" alt=\"\" width=\"260\" height=\"766\"><\/p>\n<p>Dans un premier temps, il faut&nbsp;<strong><em>s\u00e9lectionner le mode de paiement<\/em><\/strong>, puis&nbsp;<strong><em>entrer le montant correspondant<\/em><\/strong>&nbsp;et enfin&nbsp;<strong><em>valider avec le bouton vert<\/em><\/strong>&nbsp;:<\/p>\n<p><img decoding=\"async\" loading=\"lazy\" src=\"http:\/\/prooptic.axess.fr\/wp-content\/uploads\/2020\/10\/Saisie-dacompte.png\" alt=\"\" width=\"710\" height=\"639\"><\/p>\n<p>Un message appara\u00eet alors demandant si le re\u00e7u doit \u00eatre imprim\u00e9 ou non. Le re\u00e7u sera imprim\u00e9 sur l\u2019imprimante de ticket de caisse, sinon il sortira sur une feuille A4.<\/p>\n<p><img decoding=\"async\" loading=\"lazy\" src=\"http:\/\/prooptic.axess.fr\/wp-content\/uploads\/2020\/10\/Imp-recu-acompte.png\" alt=\"\" width=\"468\" height=\"285\"><\/p>\n<p>Une fois l\u2019acompte valid\u00e9, la fen\u00eatre se ferme automatiquement, et il est possible de voir l\u2019acompte enregistr\u00e9 dans la partie&nbsp;<strong><em>Financier<\/em>&nbsp;<\/strong>de la fiche technique&nbsp;:<\/p>\n<p><img decoding=\"async\" loading=\"lazy\" src=\"http:\/\/prooptic.axess.fr\/wp-content\/uploads\/2020\/10\/Acompte-enregistre.png\" alt=\"\" width=\"943\" height=\"454\"><\/p>\n<p>Celui-ci sera automatiquement d\u00e9duit lors de l\u2019encaissement client. C&rsquo;est \u00e0 dire que cet acompte passera en r\u00e8glement \u00e0 la facturation du dossier.<\/p>\n","protected":false},"excerpt":{"rendered":"<p>I. Encaissement facture Une fois que le dossier client a \u00e9t\u00e9 factur\u00e9, vous pourrez proc\u00e9der \u00e0 l\u2019enregistrement des r\u00e8glements correspondants. Pour saisir les r\u00e8glements, cliquer sur l\u2019onglet Caisse&nbsp;: L\u2019\u00e9cran de caisse appara\u00eet avec le ticket correspondant au dossier. En double-cliquant sur la ligne du ticket, on acc\u00e8de aux d\u00e9tails, r\u00e9sumant les diff\u00e9rents articles achet\u00e9s par &hellip; <a href=\"https:\/\/prooptic.axess.fr\/?page_id=363\" class=\"more-link\">Continuer la lecture de <span class=\"screen-reader-text\">Encaissement de la vente<\/span><\/a><\/p>\n","protected":false},"author":1,"featured_media":0,"parent":0,"menu_order":0,"comment_status":"closed","ping_status":"open","template":"","meta":[],"_links":{"self":[{"href":"https:\/\/prooptic.axess.fr\/index.php?rest_route=\/wp\/v2\/pages\/363"}],"collection":[{"href":"https:\/\/prooptic.axess.fr\/index.php?rest_route=\/wp\/v2\/pages"}],"about":[{"href":"https:\/\/prooptic.axess.fr\/index.php?rest_route=\/wp\/v2\/types\/page"}],"author":[{"embeddable":true,"href":"https:\/\/prooptic.axess.fr\/index.php?rest_route=\/wp\/v2\/users\/1"}],"replies":[{"embeddable":true,"href":"https:\/\/prooptic.axess.fr\/index.php?rest_route=%2Fwp%2Fv2%2Fcomments&post=363"}],"version-history":[{"count":0,"href":"https:\/\/prooptic.axess.fr\/index.php?rest_route=\/wp\/v2\/pages\/363\/revisions"}],"wp:attachment":[{"href":"https:\/\/prooptic.axess.fr\/index.php?rest_route=%2Fwp%2Fv2%2Fmedia&parent=363"}],"curies":[{"name":"wp","href":"https:\/\/api.w.org\/{rel}","templated":true}]}}