{"id":3815,"date":"2020-05-15T08:45:47","date_gmt":"2020-05-15T07:45:47","guid":{"rendered":"http:\/\/www.prooptic-idm.com\/wiki\/wiki15\/?page_id=3815"},"modified":"2020-05-15T08:45:47","modified_gmt":"2020-05-15T07:45:47","slug":"notes","status":"publish","type":"page","link":"https:\/\/prooptic.axess.fr\/?page_id=3815","title":{"rendered":"Notes"},"content":{"rendered":"<p>Il est possible de noter des \u00e9l\u00e9ments \u00e0 chaque \u00e9tape de suivi d\u2019un client :<\/p>\n<ul>\n<li>Dans sa fiche identit\u00e9<\/li>\n<li>Sur l\u2019\u00e9tablissement d\u2019un devis<\/li>\n<li>Sur une commande en cours,<\/li>\n<li>Sur un SAV<\/li>\n<li>Etc \u2026.<\/li>\n<\/ul>\n<h2><strong><u>I-PARAMETRAGE<\/u><\/strong><\/h2>\n<p>____________________________________________________________________________________________________________________________________________________<\/p>\n<h3><strong>1.\u00a0<u>Du type de notes<\/u><\/strong><\/h3>\n<p><u><img decoding=\"async\" loading=\"lazy\" src=\"http:\/\/www.prooptic-idm.com\/wiki\/audio\/wp-content\/uploads\/sites\/4\/2020\/05\/1-Param%C3%A9trage-type-de-notes.png\" sizes=\"(max-width: 801px) 100vw, 801px\" srcset=\"http:\/\/www.prooptic-idm.com\/wiki\/audio\/wp-content\/uploads\/sites\/4\/2020\/05\/1-Param\u00e9trage-type-de-notes.png 801w, http:\/\/www.prooptic-idm.com\/wiki\/audio\/wp-content\/uploads\/sites\/4\/2020\/05\/1-Param\u00e9trage-type-de-notes-300x49.png 300w, http:\/\/www.prooptic-idm.com\/wiki\/audio\/wp-content\/uploads\/sites\/4\/2020\/05\/1-Param\u00e9trage-type-de-notes-768x125.png 768w\" alt=\"\" width=\"801\" height=\"130\" \/><\/u><\/p>\n<p>Le param\u00e9trage du type de notes se fait \u00e0 partir de l\u2019onglet \u00ab\u00a0<strong>Agenda \/ Bloc- notes<\/strong>\u00a0\u00bb puis l\u2019ic\u00f4ne \u00ab\u00a0<strong>Type de Notes<\/strong>\u00a0\u00bb\u00a0:<\/p>\n<p><img decoding=\"async\" loading=\"lazy\" src=\"http:\/\/prooptic.axess.fr\/wp-content\/uploads\/2020\/05\/2-OPTIQUE.png\" alt=\"\" width=\"560\" height=\"179\" \/><\/p>\n<p>Une fen\u00eatre s\u2019affiche dans laquelle on peut\u00a0ajouter, modifier et supprimer un type de note.<\/p>\n<p>Vous pouvez cr\u00e9er autant de type de notes que vous le souhaiter.<\/p>\n<p>Lorsque l\u2019on clique sur\u00a0<img decoding=\"async\" loading=\"lazy\" src=\"http:\/\/www.prooptic-idm.com\/wiki\/audio\/wp-content\/uploads\/sites\/4\/2020\/05\/3-Ajouter.png\" alt=\"\" width=\"63\" height=\"32\" \/>\u00a0 un type de note, voici les champs \u00e0 remplir :<\/p>\n<p><img decoding=\"async\" loading=\"lazy\" src=\"http:\/\/www.prooptic-idm.com\/wiki\/audio\/wp-content\/uploads\/sites\/4\/2020\/05\/4-Champs-%C3%A0-remplir-type-de-note.png\" sizes=\"(max-width: 514px) 100vw, 514px\" srcset=\"http:\/\/www.prooptic-idm.com\/wiki\/audio\/wp-content\/uploads\/sites\/4\/2020\/05\/4-Champs-\u00e0-remplir-type-de-note.png 514w, http:\/\/www.prooptic-idm.com\/wiki\/audio\/wp-content\/uploads\/sites\/4\/2020\/05\/4-Champs-\u00e0-remplir-type-de-note-300x100.png 300w\" alt=\"\" width=\"514\" height=\"172\" \/><\/p>\n<ul>\n<li>Un code court et un libell\u00e9 plus long (par exemple : ORDO pour la demande de l&rsquo;ordonnance).<\/li>\n<li>Une couleur \u00e0 choisir avec les\u00a0<img decoding=\"async\" loading=\"lazy\" src=\"http:\/\/www.prooptic-idm.com\/wiki\/audio\/wp-content\/uploads\/sites\/4\/2020\/05\/unnamed-file.png\" alt=\"\" width=\"30\" height=\"22\" \/>\u00a0pour que les diff\u00e9rents types de note soient rep\u00e9rables.<\/li>\n<li>Et enfin indiquer si cette note servira pour le SAV.<\/li>\n<\/ul>\n<p>\u00a0<\/p>\n<h3><strong>2.\u00a0<u>De l\u2019acc\u00e8s aux notes<\/u><\/strong><\/h3>\n<p>Il est possible d\u2019indiquer selon les profils (administrateur \/ responsable \/ vendeur) les actions r\u00e9alisables sur les notes.<\/p>\n<p>Par exemple, la modification ou suppression de note peut \u00eatre impossible sur certains profils pour \u00e9viter les erreurs.<\/p>\n<p>De m\u00eame, il est possible d\u2019indiquer sur une note quel est la personne qui l\u2019a inscrite pour un meilleur suivi client.<\/p>\n<p>Ce param\u00e9trage se fait dans l\u2019onglet \u00ab\u00a0<strong>R\u00e9glages logiciel<\/strong>\u00a0\u00bb puis l\u2019ic\u00f4ne \u00ab\u00a0<strong>Vendeurs<\/strong>\u00a0\u00bb\u00a0:<\/p>\n<p><img decoding=\"async\" loading=\"lazy\" src=\"http:\/\/www.prooptic-idm.com\/wiki\/audio\/wp-content\/uploads\/sites\/4\/2020\/05\/6-Reglages-logiciel-vendeurs.png\" sizes=\"(max-width: 908px) 100vw, 908px\" srcset=\"http:\/\/www.prooptic-idm.com\/wiki\/audio\/wp-content\/uploads\/sites\/4\/2020\/05\/6-Reglages-logiciel-vendeurs.png 908w, http:\/\/www.prooptic-idm.com\/wiki\/audio\/wp-content\/uploads\/sites\/4\/2020\/05\/6-Reglages-logiciel-vendeurs-300x38.png 300w, http:\/\/www.prooptic-idm.com\/wiki\/audio\/wp-content\/uploads\/sites\/4\/2020\/05\/6-Reglages-logiciel-vendeurs-768x96.png 768w\" alt=\"\" width=\"908\" height=\"114\" \/><\/p>\n<p>Il faut choisir le profil \u00e0 modifier\u00a0:<\/p>\n<p><img decoding=\"async\" loading=\"lazy\" src=\"http:\/\/www.prooptic-idm.com\/wiki\/audio\/wp-content\/uploads\/sites\/4\/2020\/05\/7-Modif-vendeurs.png\" sizes=\"(max-width: 618px) 100vw, 618px\" srcset=\"http:\/\/www.prooptic-idm.com\/wiki\/audio\/wp-content\/uploads\/sites\/4\/2020\/05\/7-Modif-vendeurs.png 618w, http:\/\/www.prooptic-idm.com\/wiki\/audio\/wp-content\/uploads\/sites\/4\/2020\/05\/7-Modif-vendeurs-300x94.png 300w\" alt=\"\" width=\"618\" height=\"193\" \/><\/p>\n<p>Et sur chaque profil vous pouvez cocher s\u2019il peut effacer et modifier les notes.<\/p>\n<p><strong><img decoding=\"async\" loading=\"lazy\" src=\"http:\/\/www.prooptic-idm.com\/wiki\/audio\/wp-content\/uploads\/sites\/4\/2020\/05\/8-Cocher-droit-effacer-ou-modifier-des-notes.png\" sizes=\"(max-width: 869px) 100vw, 869px\" srcset=\"http:\/\/www.prooptic-idm.com\/wiki\/audio\/wp-content\/uploads\/sites\/4\/2020\/05\/8-Cocher-droit-effacer-ou-modifier-des-notes.png 869w, http:\/\/www.prooptic-idm.com\/wiki\/audio\/wp-content\/uploads\/sites\/4\/2020\/05\/8-Cocher-droit-effacer-ou-modifier-des-notes-300x258.png 300w, http:\/\/www.prooptic-idm.com\/wiki\/audio\/wp-content\/uploads\/sites\/4\/2020\/05\/8-Cocher-droit-effacer-ou-modifier-des-notes-768x660.png 768w\" alt=\"\" width=\"869\" height=\"747\" \/><\/strong><\/p>\n<p>\u00a0<\/p>\n<h2><strong><u>II- CREATION D\u2019UNE NOUVELLE NOTE<\/u><\/strong><\/h2>\n<p>____________________________________________________________________________________________________________________________________________________<\/p>\n<p>L\u2019acc\u00e8s \u00e0 la cr\u00e9ation de notes se fait dans l\u2019onglet \u00ab Notes \u00bb sur une fiche client mais \u00e9galement \u00e0 n\u2019importe quel moment pendant l\u2019\u00e9laboration de son dossier.<\/p>\n<p>Dans l\u2019onglet \u00ab Notes \u00bb de votre fiche client, vous pouvez donc visualiser toutes les notes qui lui sont rattach\u00e9es et faire le tri par type de notes que vous aurez cr\u00e9\u00e9es.<\/p>\n<p><img decoding=\"async\" loading=\"lazy\" src=\"http:\/\/www.prooptic-idm.com\/wiki\/audio\/wp-content\/uploads\/sites\/4\/2020\/05\/9-Nouvelle-note.png\" sizes=\"(max-width: 1011px) 100vw, 1011px\" srcset=\"http:\/\/www.prooptic-idm.com\/wiki\/audio\/wp-content\/uploads\/sites\/4\/2020\/05\/9-Nouvelle-note.png 1011w, http:\/\/www.prooptic-idm.com\/wiki\/audio\/wp-content\/uploads\/sites\/4\/2020\/05\/9-Nouvelle-note-300x67.png 300w, http:\/\/www.prooptic-idm.com\/wiki\/audio\/wp-content\/uploads\/sites\/4\/2020\/05\/9-Nouvelle-note-768x172.png 768w\" alt=\"\" width=\"1011\" height=\"227\" \/><\/p>\n<p>Le bouton Nouvelle Note permet donc d\u2019en saisir une nouvelle\u00a0:<\/p>\n<p><img decoding=\"async\" loading=\"lazy\" src=\"http:\/\/www.prooptic-idm.com\/wiki\/audio\/wp-content\/uploads\/sites\/4\/2020\/05\/10-Nvelle-note.png\" sizes=\"(max-width: 1009px) 100vw, 1009px\" srcset=\"http:\/\/www.prooptic-idm.com\/wiki\/audio\/wp-content\/uploads\/sites\/4\/2020\/05\/10-Nvelle-note.png 1009w, http:\/\/www.prooptic-idm.com\/wiki\/audio\/wp-content\/uploads\/sites\/4\/2020\/05\/10-Nvelle-note-300x223.png 300w, http:\/\/www.prooptic-idm.com\/wiki\/audio\/wp-content\/uploads\/sites\/4\/2020\/05\/10-Nvelle-note-768x571.png 768w\" alt=\"\" width=\"1009\" height=\"750\" \/><\/p>\n<p><strong><u>Saisie de la note\u00a0:<\/u><\/strong><\/p>\n<p>\u2013\u00a0<strong>choisir une date<\/strong>\u00a0: par exemple si vous saisissez une note seulement le lendemain pour un suivi qui a \u00e9t\u00e9 effectu\u00e9 la veille.<\/p>\n<p>\u2013 lorsque vous choisissez un type de note (pr\u00e9- \u00e9tablies par vos soins), la\u00a0<strong>couleur associ\u00e9e<\/strong> se met en fond d\u2019\u00e9cran (par exemple ci- dessous rose pour la demande de l&rsquo;ordonnance).<\/p>\n<p>\u2013 vous pouvez\u00a0<strong>demander \u00e0 ce que cette note s\u2019affiche \u00e0 l\u2019ouverture de la fiche client<\/strong> pour ne pas oublier une action \u00e0 faire. Une fois la note lue \u00e0 l\u2019ouverture de la fiche client, vous pourrez indiquez de ne plus vouloir que cette note apparaisse avec le bouton <img decoding=\"async\" loading=\"lazy\" src=\"http:\/\/www.prooptic-idm.com\/wiki\/audio\/wp-content\/uploads\/sites\/4\/2020\/05\/11-Ne-plus-afficher-cette-note.png\" alt=\"\" width=\"174\" height=\"36\" \/><\/p>\n<p>\u2013\u00a0<strong>changer le vendeur qui renseigne la note<\/strong>\u00a0(par exemple si le vendeur est sur le profil de session d\u2019un de ces coll\u00e8gues).<\/p>\n<p><img decoding=\"async\" loading=\"lazy\" src=\"http:\/\/prooptic.axess.fr\/wp-content\/uploads\/2020\/05\/12-optique.png\" alt=\"\" width=\"640\" height=\"583\" \/><\/p>\n<p>Une fois la note enregistr\u00e9e, vous la retrouvez dans le tableau global des notes du client avec le code couleur, le code de la personne qui la saisie, le nom du type de note et le d\u00e9but de la note en rappel.<\/p>\n<p><strong>Les notes sont effa\u00e7ables ou modifiables sauf si le profil de session ne le permet pas.<\/strong><\/p>\n<p><strong>Vous pouvez cr\u00e9er autant de lignes de notes que n\u00e9cessaire, la derni\u00e8re saisie appara\u00eetra en haut<\/strong>.<\/p>\n<p><img decoding=\"async\" loading=\"lazy\" src=\"http:\/\/www.prooptic-idm.com\/wiki\/audio\/wp-content\/uploads\/sites\/4\/2020\/05\/13-Plusieurs-lignes-de-notes.png\" sizes=\"(max-width: 1008px) 100vw, 1008px\" srcset=\"http:\/\/www.prooptic-idm.com\/wiki\/audio\/wp-content\/uploads\/sites\/4\/2020\/05\/13-Plusieurs-lignes-de-notes.png 1008w, http:\/\/www.prooptic-idm.com\/wiki\/audio\/wp-content\/uploads\/sites\/4\/2020\/05\/13-Plusieurs-lignes-de-notes-300x95.png 300w, http:\/\/www.prooptic-idm.com\/wiki\/audio\/wp-content\/uploads\/sites\/4\/2020\/05\/13-Plusieurs-lignes-de-notes-768x244.png 768w\" alt=\"\" width=\"1008\" height=\"320\" \/><\/p>\n","protected":false},"excerpt":{"rendered":"<p>Il est possible de noter des \u00e9l\u00e9ments \u00e0 chaque \u00e9tape de suivi d\u2019un client : Dans sa fiche identit\u00e9 Sur l\u2019\u00e9tablissement d\u2019un devis Sur une commande en cours, Sur un SAV Etc \u2026. I-PARAMETRAGE ____________________________________________________________________________________________________________________________________________________ 1.\u00a0Du type de notes Le param\u00e9trage du type de notes se fait \u00e0 partir de l\u2019onglet \u00ab\u00a0Agenda \/ Bloc- notes\u00a0\u00bb &hellip; <a href=\"https:\/\/prooptic.axess.fr\/?page_id=3815\" class=\"more-link\">Continuer la lecture de <span class=\"screen-reader-text\">Notes<\/span><\/a><\/p>\n","protected":false},"author":1,"featured_media":0,"parent":0,"menu_order":0,"comment_status":"closed","ping_status":"closed","template":"","meta":[],"_links":{"self":[{"href":"https:\/\/prooptic.axess.fr\/index.php?rest_route=\/wp\/v2\/pages\/3815"}],"collection":[{"href":"https:\/\/prooptic.axess.fr\/index.php?rest_route=\/wp\/v2\/pages"}],"about":[{"href":"https:\/\/prooptic.axess.fr\/index.php?rest_route=\/wp\/v2\/types\/page"}],"author":[{"embeddable":true,"href":"https:\/\/prooptic.axess.fr\/index.php?rest_route=\/wp\/v2\/users\/1"}],"replies":[{"embeddable":true,"href":"https:\/\/prooptic.axess.fr\/index.php?rest_route=%2Fwp%2Fv2%2Fcomments&post=3815"}],"version-history":[{"count":0,"href":"https:\/\/prooptic.axess.fr\/index.php?rest_route=\/wp\/v2\/pages\/3815\/revisions"}],"wp:attachment":[{"href":"https:\/\/prooptic.axess.fr\/index.php?rest_route=%2Fwp%2Fv2%2Fmedia&parent=3815"}],"curies":[{"name":"wp","href":"https:\/\/api.w.org\/{rel}","templated":true}]}}