{"id":3825,"date":"2020-05-15T09:12:30","date_gmt":"2020-05-15T08:12:30","guid":{"rendered":"http:\/\/www.prooptic-idm.com\/wiki\/wiki15\/?page_id=3825"},"modified":"2020-05-15T09:12:30","modified_gmt":"2020-05-15T08:12:30","slug":"tablette-de-signature","status":"publish","type":"page","link":"https:\/\/prooptic.axess.fr\/?page_id=3825","title":{"rendered":"Tablette de signature"},"content":{"rendered":"<p><strong><u>La tablette de signature Wacom permet de :\u00a0<\/u><\/strong><\/p>\n<ul>\n<li>Signer le consentement RGPD<\/li>\n<li>Signer les devis<\/li>\n<li>Signer les accords de prises en charges \u00e9lectroniques via OptoAMC<\/li>\n<li>Signer des documents que vous auriez pu associer au dossier du client comme un accord de prise en charge en format PDF re\u00e7u par email par exemple.<\/li>\n<\/ul>\n<p>Voici les visuels des tablettes de signatures.<\/p>\n<p><img decoding=\"async\" loading=\"lazy\" src=\"http:\/\/prooptic.axess.fr\/wp-content\/uploads\/2020\/05\/tablette-wacom-1.jpg\" alt=\"\" width=\"336\" height=\"291\" \/><\/p>\n<p><img decoding=\"async\" loading=\"lazy\" src=\"http:\/\/prooptic.axess.fr\/wp-content\/uploads\/2020\/05\/tablette-sign-wacom-2.jpg\" alt=\"\" width=\"336\" height=\"316\" \/><\/p>\n<p>Si vous souhaitez recevoir une proposition commerciale personnalis\u00e9e, n&rsquo;h\u00e9sitez pas \u00e0 nous contacter.<\/p>\n<p>\u00a0<\/p>\n<p>\u00a0<\/p>\n","protected":false},"excerpt":{"rendered":"<p>La tablette de signature Wacom permet de :\u00a0 Signer le consentement RGPD Signer les devis Signer les accords de prises en charges \u00e9lectroniques via OptoAMC Signer des documents que vous auriez pu associer au dossier du client comme un accord de prise en charge en format PDF re\u00e7u par email par exemple. Voici les visuels &hellip; <a href=\"https:\/\/prooptic.axess.fr\/?page_id=3825\" class=\"more-link\">Continuer la lecture de <span class=\"screen-reader-text\">Tablette de signature<\/span><\/a><\/p>\n","protected":false},"author":1,"featured_media":0,"parent":0,"menu_order":0,"comment_status":"closed","ping_status":"closed","template":"","meta":[],"_links":{"self":[{"href":"https:\/\/prooptic.axess.fr\/index.php?rest_route=\/wp\/v2\/pages\/3825"}],"collection":[{"href":"https:\/\/prooptic.axess.fr\/index.php?rest_route=\/wp\/v2\/pages"}],"about":[{"href":"https:\/\/prooptic.axess.fr\/index.php?rest_route=\/wp\/v2\/types\/page"}],"author":[{"embeddable":true,"href":"https:\/\/prooptic.axess.fr\/index.php?rest_route=\/wp\/v2\/users\/1"}],"replies":[{"embeddable":true,"href":"https:\/\/prooptic.axess.fr\/index.php?rest_route=%2Fwp%2Fv2%2Fcomments&post=3825"}],"version-history":[{"count":0,"href":"https:\/\/prooptic.axess.fr\/index.php?rest_route=\/wp\/v2\/pages\/3825\/revisions"}],"wp:attachment":[{"href":"https:\/\/prooptic.axess.fr\/index.php?rest_route=%2Fwp%2Fv2%2Fmedia&parent=3825"}],"curies":[{"name":"wp","href":"https:\/\/api.w.org\/{rel}","templated":true}]}}